{"id":1581,"date":"2019-06-20T08:29:50","date_gmt":"2019-06-20T06:29:50","guid":{"rendered":"https:\/\/dogpride1.wpengine.com\/?post_type=product&#038;p=1581"},"modified":"2025-10-31T09:27:59","modified_gmt":"2025-10-31T08:27:59","slug":"pride-tactisch-surveillance-harnas-standaard","status":"publish","type":"product","link":"https:\/\/dogpride.nl\/de\/pride-tactisch-surveillance-harnas-standaard\/","title":{"rendered":"PRIDE Taktischer \u00dcberwachungsgurt Standard"},"content":{"rendered":"<h4>PRIDE Taktischer \u00dcberwachungsgurt Standard<\/h4>\n<div>\n<p>PRIDE Taktischer \u00dcberwachungsgurt Standard<\/p>\n<\/div>\n<div><\/div>\n<div>PRIDE Tactical Surveillance Harness Standard ist ein abriebfestes, verstellbares Nylongeschirr mit Griff \u2013 3 Ringe: 1 oben und 1 auf jeder Seite, verstellbar, Gurte 50 mm, gepolstertes Dreieck auf der Brust f\u00fcr Hundekomfort. Alle Ringe, Schnallen und Verschl\u00fcsse sind aus Stahl.<\/div>\n<div>PRIDE Tactisch surveillance harnas Standaard harnas Standaard is uw redding voor het gemakkelijk uitlaten van uw koppige huisdier!<br \/>\nSterk en licht nylon hondentuig is een comfortabel en betrouwbaar hulpmiddel om een groot en klein hondenras te hanteren. Als je hond trekt tijdens het dagelijks wandelen en het vreselijk maakt, probeer dan dit niet-trekkende hondentuig en je zult het verschil zien! Geschikt voor de opleiding van IPO\/SchH, FRENCH RING, MONDIORING, KNPV, REAL\/POLICE WORK.<\/div>\n<div>Modell: H-017<br \/>\nMaterial: starkes Nylon<br \/>\nKleur: zwart Stevige metalen sluiting en sterk gelaste D-ring<\/div>\n<div><\/div>\n<div>Oberweite:<\/div>\n<div><span style=\"color: #000000;\">S 70cm-90cm<\/span><\/div>\n<div><span style=\"color: #000000;\">M 75cm-100cm<\/span><\/div>\n<div>\n<p><span style=\"color: #000000;\">L 85cm-105cm<br \/>\n<\/span><span style=\"color: #000000;\">XL 95cm-115cm<\/span><\/p>\n<p><span style=\"font-size: 13px;\"><strong><span style=\"color: #000000; background-color: #ffffff; text-align: left; display: inline !important; float: none; text-decoration: none;\">Wenn Sie die gew\u00fcnschte Gr\u00f6\u00dfe nicht gefunden haben oder andere spezifische Anforderungen haben, z\u00f6gern Sie nicht, uns zu kontaktieren und wir fertigen eine f\u00fcr Sie an.<\/span><\/strong><\/span><\/p>\n<\/div>\n<p><a href=\"https:\/\/www.dogpride.eu\/\" target=\"_blank\" rel=\"noopener\"><img loading=\"lazy\" decoding=\"async\" class=\"alignnone wp-image-71202 size-medium\" src=\"https:\/\/dogpride.nl\/wp-content\/uploads\/Logo-Pride2-2-300x96.png\" alt=\"\" width=\"300\" height=\"96\" srcset=\"https:\/\/dogpride.nl\/wp-content\/uploads\/Logo-Pride2-2-300x96.png 300w, https:\/\/dogpride.nl\/wp-content\/uploads\/Logo-Pride2-2-250x80.png 250w, https:\/\/dogpride.nl\/wp-content\/uploads\/Logo-Pride2-2-200x64.png 200w, https:\/\/dogpride.nl\/wp-content\/uploads\/Logo-Pride2-2.png 327w\" sizes=\"auto, (max-width: 300px) 100vw, 300px\" \/><\/a><\/p>\n<p><a href=\"https:\/\/dogpride.nl\/de\/lijnen-en-tuigjes-voor-honden\/pride-hondenharnassen\/\"><img loading=\"lazy\" decoding=\"async\" class=\"alignnone wp-image-136377 size-thumbnail\" title=\"PRIDE Taktischer \u00dcberwachungsgurt Standard\" src=\"https:\/\/dogpride.nl\/wp-content\/uploads\/PRIDE-Tatisch-sucrveillance-harnas-Standaard-150x150.jpg\" alt=\"PRIDE Tactisch surveillance harnas Standaard\" width=\"150\" height=\"150\" srcset=\"https:\/\/dogpride.nl\/wp-content\/uploads\/PRIDE-Tatisch-sucrveillance-harnas-Standaard-150x150.jpg 150w, https:\/\/dogpride.nl\/wp-content\/uploads\/PRIDE-Tatisch-sucrveillance-harnas-Standaard-100x100.jpg 100w\" sizes=\"auto, (max-width: 150px) 100vw, 150px\" \/><\/a><\/p>\n<p>&nbsp;<\/p>","protected":false},"excerpt":{"rendered":"<p>PRIDE Taktischer \u00dcberwachungsgurt Standard. Dieses taktische \u00dcberwachungsgeschirr Standard ist ein strapazierf\u00e4higes, verstellbares Nylongeschirr mit Griff \u2013 3 Ringe.<\/p>","protected":false},"featured_media":20009,"template":"","meta":[],"product_brand":[],"product_cat":[1908],"product_tag":[4606,4865,3039,7743,5457],"class_list":{"0":"post-1581","1":"product","2":"type-product","3":"status-publish","4":"has-post-thumbnail","6":"product_cat-pride-hondenharnassen","7":"product_tag-harnas","8":"product_tag-pride","9":"product_tag-standaard","10":"product_tag-surveillance","11":"product_tag-tactisch","13":"first","14":"instock","15":"taxable","16":"shipping-taxable","17":"purchasable","18":"product-type-variable"},"mb":[],"mfb_rest_fields":["title"],"_links":{"self":[{"href":"https:\/\/dogpride.nl\/de\/wp-json\/wp\/v2\/product\/1581","targetHints":{"allow":["GET"]}}],"collection":[{"href":"https:\/\/dogpride.nl\/de\/wp-json\/wp\/v2\/product"}],"about":[{"href":"https:\/\/dogpride.nl\/de\/wp-json\/wp\/v2\/types\/product"}],"wp:featuredmedia":[{"embeddable":true,"href":"https:\/\/dogpride.nl\/de\/wp-json\/wp\/v2\/media\/20009"}],"wp:attachment":[{"href":"https:\/\/dogpride.nl\/de\/wp-json\/wp\/v2\/media?parent=1581"}],"wp:term":[{"taxonomy":"product_brand","embeddable":true,"href":"https:\/\/dogpride.nl\/de\/wp-json\/wp\/v2\/product_brand?post=1581"},{"taxonomy":"product_cat","embeddable":true,"href":"https:\/\/dogpride.nl\/de\/wp-json\/wp\/v2\/product_cat?post=1581"},{"taxonomy":"product_tag","embeddable":true,"href":"https:\/\/dogpride.nl\/de\/wp-json\/wp\/v2\/product_tag?post=1581"}],"curies":[{"name":"wp","href":"https:\/\/api.w.org\/{rel}","templated":true}]}}