{"id":1580,"date":"2019-06-20T08:16:40","date_gmt":"2019-06-20T06:16:40","guid":{"rendered":"https:\/\/dogpride1.wpengine.com\/?post_type=product&#038;p=1580"},"modified":"2025-12-16T14:27:56","modified_gmt":"2025-12-16T13:27:56","slug":"pride-universeel-harnas-master","status":"publish","type":"product","link":"https:\/\/dogpride.nl\/de\/pride-universeel-harnas-master\/","title":{"rendered":"PRIDE Universal Harness Master"},"content":{"rendered":"<h4>PRIDE Universal Harness Master<\/h4>\n<p>PRIDE Universal Harness Master<\/p>\n<div>\n<p>PRIDE Universeel harnas Master voor honden is het beste nylon trekharnas voor politie, service, redding en sport. Het kan worden gebruikt voor alles, van speuren tot carting.<br \/>\nJeder Aspekt dieses Hundegeschirrs ist auf optimalen Komfort und Haltbarkeit ausgelegt.<br \/>\nPRIDE Universeel harnas Master is gemaakt van supersterk nylon van hoge kwaliteit.<br \/>\nDas Geschirr l\u00e4sst sich an zwei Stellen verstellen und passt so perfekt zu jedem Diensthund. Dank der 50-mm-Schnalle l\u00e4sst sich der Gurt vom Begleiter sehr schnell mit einer Hand an- und ausziehen.<br \/>\nDas Geschirr hat einen stabilen, gen\u00e4hten Griff.<\/p>\n<p><img loading=\"lazy\" decoding=\"async\" class=\"alignnone\" title=\"PRIDE Universal Harness Master\" src=\"https:\/\/dogpride.nl\/wp-content\/uploads\/master.jpg\" alt=\"PRIDE Universeel harnas Master\" width=\"263\" height=\"186\" \/><\/p>\n<p>Unser Nylon-Zuggeschirr f\u00fcr Hunde ist ideal zum Karren oder F\u00e4hrtenfahren bei N\u00e4sse.<\/p>\n<\/div>\n<div>\n<p>PRIDE Universeel harnas Master is uw redding voor het gemakkelijk laten lopen van uw koppige huisdier!<br \/>\nDieses aus starkem und leichtem Nylon gefertigte Hundegeschirr ist ein komfortables und zuverl\u00e4ssiges Hilfsmittel zur Kontrolle von Hunden gro\u00dfer und kleiner Rassen.<\/p>\n<p>Wenn das t\u00e4gliche Gehen f\u00fcr Sie eine Katastrophe ist, probieren Sie dieses Zuggeschirr aus und Sie werden den Unterschied sehen!<\/p>\n<\/div>\n<div>\n<p>Steuern Sie Ihren Hund einfach und bequem.<\/p>\n<p>Modell: H-035<br \/>\nMaterial: Weiches und starkes Nylon<\/p>\n<p>* Die Farben variieren je nach aktueller Farbcharge.<br \/>\n**Sehr einfach an- und auszuziehen!!!<\/p>\n<p>Stabiler Metallverschluss und stark verschwei\u00dfter D-Ring<\/p>\n<h4>Brustumfang (cm)<\/h4>\n<ul>\n<li>S 65cm-75cm<\/li>\n<li>M 75cm-84cm<\/li>\n<li>L 81cm - 98cm<\/li>\n<\/ul>\n<\/div>\n<p><a href=\"https:\/\/dogpride.nl\/de\/pride-universeel-harnas-master\/\"><img loading=\"lazy\" decoding=\"async\" class=\"alignnone wp-image-136379\" title=\"PRIDE Universal Harness Master\" src=\"https:\/\/dogpride.nl\/wp-content\/uploads\/PRIDE-Universeel-harnas-Master.jpg\" alt=\"PRIDE Universeel harnas Master\" width=\"253\" height=\"190\" srcset=\"https:\/\/dogpride.nl\/wp-content\/uploads\/PRIDE-Universeel-harnas-Master.jpg 640w, https:\/\/dogpride.nl\/wp-content\/uploads\/PRIDE-Universeel-harnas-Master-300x225.jpg 300w, https:\/\/dogpride.nl\/wp-content\/uploads\/PRIDE-Universeel-harnas-Master-16x12.jpg 16w, https:\/\/dogpride.nl\/wp-content\/uploads\/PRIDE-Universeel-harnas-Master-250x188.jpg 250w, https:\/\/dogpride.nl\/wp-content\/uploads\/PRIDE-Universeel-harnas-Master-400x300.jpg 400w\" sizes=\"auto, (max-width: 253px) 100vw, 253px\" \/><\/a><\/p>\n<p>&nbsp;<\/p>\n<p><a href=\"https:\/\/www.dogpride.eu\/\" target=\"_blank\" rel=\"noopener\"><img loading=\"lazy\" decoding=\"async\" class=\"alignnone wp-image-71202 size-medium\" title=\"PRIDE Universal Harness Master\" src=\"https:\/\/dogpride.nl\/wp-content\/uploads\/Logo-Pride2-2-300x96.png\" alt=\"Logo Pride\" width=\"300\" height=\"96\" srcset=\"https:\/\/dogpride.nl\/wp-content\/uploads\/Logo-Pride2-2-300x96.png 300w, https:\/\/dogpride.nl\/wp-content\/uploads\/Logo-Pride2-2-250x80.png 250w, https:\/\/dogpride.nl\/wp-content\/uploads\/Logo-Pride2-2-200x64.png 200w, https:\/\/dogpride.nl\/wp-content\/uploads\/Logo-Pride2-2.png 327w\" sizes=\"auto, (max-width: 300px) 100vw, 300px\" \/><\/a><\/p>\n<p>&nbsp;<\/p>","protected":false},"excerpt":{"rendered":"<p>PRIDE Universeel harnas Master is uw redding voor het gemakkelijk laten lopen van uw koppige huisdier! Gemaakt van sterk en licht nylon is dit hondenharnas een comfortabel en betrouwbaar hulpmiddel voor het controleren van grote en kleine hondenrassen.<\/p>","protected":false},"featured_media":23342,"template":"","meta":[],"product_brand":[],"product_cat":[1908],"product_tag":[4712,4606,6980,4608,8606,4865,9476,9475],"class_list":{"0":"post-1580","1":"product","2":"type-product","3":"status-publish","4":"has-post-thumbnail","6":"product_cat-pride-hondenharnassen","7":"product_tag-dog","8":"product_tag-harnas","9":"product_tag-harness","10":"product_tag-hondenharnas","11":"product_tag-master","12":"product_tag-pride","13":"product_tag-trekharnas","14":"product_tag-universeel","16":"first","17":"instock","18":"taxable","19":"shipping-taxable","20":"purchasable","21":"product-type-variable"},"mb":[],"mfb_rest_fields":["title"],"_links":{"self":[{"href":"https:\/\/dogpride.nl\/de\/wp-json\/wp\/v2\/product\/1580","targetHints":{"allow":["GET"]}}],"collection":[{"href":"https:\/\/dogpride.nl\/de\/wp-json\/wp\/v2\/product"}],"about":[{"href":"https:\/\/dogpride.nl\/de\/wp-json\/wp\/v2\/types\/product"}],"wp:featuredmedia":[{"embeddable":true,"href":"https:\/\/dogpride.nl\/de\/wp-json\/wp\/v2\/media\/23342"}],"wp:attachment":[{"href":"https:\/\/dogpride.nl\/de\/wp-json\/wp\/v2\/media?parent=1580"}],"wp:term":[{"taxonomy":"product_brand","embeddable":true,"href":"https:\/\/dogpride.nl\/de\/wp-json\/wp\/v2\/product_brand?post=1580"},{"taxonomy":"product_cat","embeddable":true,"href":"https:\/\/dogpride.nl\/de\/wp-json\/wp\/v2\/product_cat?post=1580"},{"taxonomy":"product_tag","embeddable":true,"href":"https:\/\/dogpride.nl\/de\/wp-json\/wp\/v2\/product_tag?post=1580"}],"curies":[{"name":"wp","href":"https:\/\/api.w.org\/{rel}","templated":true}]}}