{"id":1579,"date":"2019-06-20T08:01:18","date_gmt":"2019-06-20T06:01:18","guid":{"rendered":"https:\/\/dogpride1.wpengine.com\/?post_type=product&#038;p=1579"},"modified":"2025-10-31T09:30:07","modified_gmt":"2025-10-31T08:30:07","slug":"pride-professioneel-tactisch-hondenharnas","status":"publish","type":"product","link":"https:\/\/dogpride.nl\/de\/pride-professioneel-tactisch-hondenharnas\/","title":{"rendered":"PRIDE Professionelles taktisches Hundegeschirr"},"content":{"rendered":"<h4>PRIDE Professionelles taktisches Hundegeschirr<\/h4>\n<div>\n<p>Het hondenharnas is een professioneel tactisch verstelbaar hondenharnas met handvat gemaakt van sterk nylon. Voor alle rassen en leeftijd.<br \/>\nGeschikt voor alle soorten werk K9, hondenunits, hondenuitlaten, training en servicehonden.<\/p>\n<p>Het\u00a0 hondenharnas voor ALLE K9-services Honden.<\/p>\n<p><strong>PRIDE Professioneel tactisch hondenharnas\u00a0 is gemaakt voor kracht en comfort. Het harnas is vakkundig vervaardigd om maximale duurzaamheid te bieden.<\/strong><\/p>\n<\/div>\n<div>Het PRIDE Professioneel tactisch hondenharnas\u00a0 ontworpen borstplaat is bekleed met sterk nylon en biedt ultiem comfort voor uw hond en om de schok van een sterke hond tijdens het bijten te absorberen.<br \/>\nOntworpen zodat de weerstand op de schouders zit en niet op de keel, ons agitatie harnas laat honden vrij blaffen en volgen en nog steeds beperkt.<\/div>\n<div>\n<p>Het PRIDE Professioneel tactisch hondenharnas is ontworpen voor bijna elke grote werkhond.<\/p>\n<\/div>\n<div>\n<p>W\u00e4hlen Sie dieses Geschirr mit einem starken Griff f\u00fcr Ihren Komfort beim Training.<\/p>\n<p>Ook leverbaar met Cobra sluitingen.<\/p>\n<p>Modell: H-042<br \/>\nFarbe schwarz<\/p>\n<h3>Oberweite:<\/h3>\n<ul>\n<li>S\u00a0 \u00a065 cm &#8211; 80 cm\u00a0 (25.6 &#8211; 31.5 inches)<\/li>\n<li><em>M\u00a0\u00a0 78 cm &#8211; 90 cm \u00a0 ( 30.7 &#8211; 35.4 inches)<\/em><\/li>\n<li><em>L\u00a0\u00a0\u00a0 82 cm &#8211; 100 cm ( 32.3 &#8211; 39.3 inches)<\/em><\/li>\n<li><em>XL 95 cm &#8211; 110 cm (37.4 &#8211; 43.3 inches)<\/em><\/li>\n<\/ul>\n<div><strong>Wenn Sie die gew\u00fcnschte Gr\u00f6\u00dfe nicht gefunden haben oder andere spezifische Anforderungen haben, z\u00f6gern Sie nicht, uns zu kontaktieren und wir fertigen eine f\u00fcr Sie an.<\/strong><\/div>\n<\/div>\n<div><\/div>\n<div><a href=\"https:\/\/www.dogpride.eu\/\" target=\"_blank\" rel=\"noopener\"><img loading=\"lazy\" decoding=\"async\" class=\"alignnone wp-image-71202 size-medium\" src=\"https:\/\/dogpride.nl\/wp-content\/uploads\/Logo-Pride2-2-300x96.png\" alt=\"\" width=\"300\" height=\"96\" srcset=\"https:\/\/dogpride.nl\/wp-content\/uploads\/Logo-Pride2-2-300x96.png 300w, https:\/\/dogpride.nl\/wp-content\/uploads\/Logo-Pride2-2-250x80.png 250w, https:\/\/dogpride.nl\/wp-content\/uploads\/Logo-Pride2-2-200x64.png 200w, https:\/\/dogpride.nl\/wp-content\/uploads\/Logo-Pride2-2.png 327w\" sizes=\"auto, (max-width: 300px) 100vw, 300px\" \/><\/a><\/div>\n<div><\/div>\n<div><a href=\"https:\/\/dogpride.nl\/de\/lijnen-en-tuigjes-voor-honden\/pride-hondenharnassen\/\"><img loading=\"lazy\" decoding=\"async\" class=\"alignnone wp-image-136348 size-thumbnail\" title=\"Het PRIDE Professioneel tactisch hondenharnas\" src=\"https:\/\/dogpride.nl\/wp-content\/uploads\/Het-PRIDE-Professioneel-tactisch-hondenharnas-150x150.jpg\" alt=\"Het PRIDE Professioneel tactisch hondenharnas\" width=\"150\" height=\"150\" srcset=\"https:\/\/dogpride.nl\/wp-content\/uploads\/Het-PRIDE-Professioneel-tactisch-hondenharnas-150x150.jpg 150w, https:\/\/dogpride.nl\/wp-content\/uploads\/Het-PRIDE-Professioneel-tactisch-hondenharnas-100x100.jpg 100w\" sizes=\"auto, (max-width: 150px) 100vw, 150px\" \/><\/a><\/div>\n<div><\/div>\n<div>\n<p>&nbsp;<\/p>\n<\/div>","protected":false},"excerpt":{"rendered":"<p>PRIDE Professionelles taktisches Hundegeschirr. Professionelles, taktisch verstellbares Hundegeschirr mit Griff aus starkem Nylon. F\u00fcr alle Rassen und Altersgruppen.<\/p>","protected":false},"featured_media":23340,"template":"","meta":[],"product_brand":[],"product_cat":[1908],"product_tag":[],"class_list":{"0":"post-1579","1":"product","2":"type-product","3":"status-publish","4":"has-post-thumbnail","6":"product_cat-pride-hondenharnassen","8":"first","9":"instock","10":"taxable","11":"shipping-taxable","12":"purchasable","13":"product-type-variable"},"exclude_global_add_ons":[],"addons":[],"mb":[],"mfb_rest_fields":["title","exclude_global_add_ons","addons"],"_links":{"self":[{"href":"https:\/\/dogpride.nl\/de\/wp-json\/wp\/v2\/product\/1579","targetHints":{"allow":["GET"]}}],"collection":[{"href":"https:\/\/dogpride.nl\/de\/wp-json\/wp\/v2\/product"}],"about":[{"href":"https:\/\/dogpride.nl\/de\/wp-json\/wp\/v2\/types\/product"}],"wp:featuredmedia":[{"embeddable":true,"href":"https:\/\/dogpride.nl\/de\/wp-json\/wp\/v2\/media\/23340"}],"wp:attachment":[{"href":"https:\/\/dogpride.nl\/de\/wp-json\/wp\/v2\/media?parent=1579"}],"wp:term":[{"taxonomy":"product_brand","embeddable":true,"href":"https:\/\/dogpride.nl\/de\/wp-json\/wp\/v2\/product_brand?post=1579"},{"taxonomy":"product_cat","embeddable":true,"href":"https:\/\/dogpride.nl\/de\/wp-json\/wp\/v2\/product_cat?post=1579"},{"taxonomy":"product_tag","embeddable":true,"href":"https:\/\/dogpride.nl\/de\/wp-json\/wp\/v2\/product_tag?post=1579"}],"curies":[{"name":"wp","href":"https:\/\/api.w.org\/{rel}","templated":true}]}}