{"id":1576,"date":"2019-06-19T15:49:01","date_gmt":"2019-06-19T13:49:01","guid":{"rendered":"https:\/\/dogpride1.wpengine.com\/?post_type=product&#038;p=1576"},"modified":"2025-10-31T09:35:56","modified_gmt":"2025-10-31T08:35:56","slug":"pride-prof-werkharnas-vero-plus-cobrasluiting","status":"publish","type":"product","link":"https:\/\/dogpride.nl\/de\/pride-prof-werkharnas-vero-plus-cobrasluiting\/","title":{"rendered":"PRIDE Prof werkharnas VERO plus COBRAsluiting"},"content":{"rendered":"<h4>PRIDE Prof werkharnas VERO plus COBRAsluiting<\/h4>\n<p>PRIDE Prof werkharnas VERO plus COBRAsluiting<\/p>\n<p style=\"color: #000000; font-size: 13px; text-align: left; text-decoration: none;\">Vergeleken met harnas Vero+ heeft het PRIDE Prof werkharnas VERO-plus-COBRAsluiting\u00a0 een metalen COBRA sluiting.<\/p>\n<p>Professioneel werkharnas &#8211; PRIDE Prof werkharnas VERO-plus-COBRAsluiting.\u00a0 Verstelbaar harnas met handvat van sterk nylon. Voor alle rassen en leeftijd.<br \/>\nGeeignet f\u00fcr Spazierg\u00e4nge mit dem Hund, Training (Sport, IPO, Mondioring, echte Arbeit) und Diensthunde.<\/p>\n<h4><span style=\"color: #000000; background-color: #ffffff; font-size: 13px; text-align: left; display: inline; float: none; text-decoration: none;\">Professioneller Arbeitsgurt<\/span>\u00a0f\u00fcr ALLE Hunderassen.<\/h4>\n<p>PRIDE Prof werkharnas VERO plus COBRAsluiting is gemaakt voor kracht en comfort. Het hondentuig is vakkundig vervaardigd om maximale duurzaamheid te bieden.<br \/>\nDie pr\u00e4zise gestaltete Brustplatte ist mit starkem Nylon gef\u00fcttert, um Ihrem Hund ultimativen Komfort zu bieten und den Sto\u00df eines starken Hundes beim Bei\u00dfen zu absorbieren.<br \/>\nSo konzipiert, dass der Widerstand auf den Schultern und nicht auf der Kehle liegt. Unser Agitationsgeschirr erm\u00f6glicht es Hunden, frei zu bellen und aufzusp\u00fcren.<\/p>\n<div style=\"color: #000000; font-size: 13px; text-align: left; text-decoration: none;\">Dieses neue Hundetrainingsgeschirr wurde speziell f\u00fcr den Stress durch Unruhe entwickelt. Das Hundegeschirr ist f\u00fcr fast jeden gro\u00dfen Arbeitshund konzipiert. Es handelt sich um ein verstellbares Geschirr. Zum schnellen An- und Ausziehen mit nur einer Schnalle und einem Riemen.<\/div>\n<div style=\"color: #000000; font-size: 13px; text-align: left; text-decoration: none;\"><\/div>\n<div style=\"color: #000000; font-size: 13px; text-align: left; text-decoration: none;\">W\u00e4hlen Sie dieses Hundegeschirr mit starkem Griff f\u00fcr Ihren Komfort beim Training.<\/div>\n<div><\/div>\n<div style=\"color: #000000; font-size: 13px; text-align: left; text-decoration: none;\">*\u00a0 \u00a0 \u00a0 Patch niet inbegrepen<br \/>\n**\u00a0 \u00a0Sluitingkleuren vari\u00ebren afhankelijk van de huidige kleurstofpartij.<br \/>\n*** Erh\u00e4ltlich als Austri Alpin Cobra-Verschluss aus Metall oder Kunststoff.<\/div>\n<div><\/div>\n<div style=\"color: #000000; font-size: 13px; text-align: left; text-decoration: none;\"><span style=\"color: #000000; font-size: 10pt;\">Model:\u00a0<span style=\"background-color: #ffffff; text-align: left; display: inline; float: none; text-decoration: none;\">H-044<br \/>\nMaterial: starkes Nylon<br \/>\nFarbe: Schwarz mit kontrastierenden Kanten. OA: rot, blau, gelb, gr\u00fcn<\/span><\/span><\/div>\n<div style=\"color: #000000; font-size: 13px; text-align: left; text-decoration: none;\">\n<h4>Brustumfang (cm)<\/h4>\n<ul>\n<li>XS 62cm-68cm<\/li>\n<li>S 72cm-80cm<\/li>\n<li>M 78cm-90cm<\/li>\n<li>L 82cm-100cm<\/li>\n<li>XL 94cm-110cm<\/li>\n<\/ul>\n<\/div>\n<p>&nbsp;<\/p>\n<p><a href=\"https:\/\/www.dogpride.eu\/\" target=\"_blank\" rel=\"noopener\"><img loading=\"lazy\" decoding=\"async\" class=\"alignnone wp-image-71202 size-medium\" title=\"PRIDE Prof werkharnas VERO plus COBRAsluiting\" src=\"https:\/\/dogpride.nl\/wp-content\/uploads\/Logo-Pride2-2-300x96.png\" alt=\"Logo Pride\" width=\"300\" height=\"96\" srcset=\"https:\/\/dogpride.nl\/wp-content\/uploads\/Logo-Pride2-2-300x96.png 300w, https:\/\/dogpride.nl\/wp-content\/uploads\/Logo-Pride2-2-250x80.png 250w, https:\/\/dogpride.nl\/wp-content\/uploads\/Logo-Pride2-2-200x64.png 200w, https:\/\/dogpride.nl\/wp-content\/uploads\/Logo-Pride2-2.png 327w\" sizes=\"auto, (max-width: 300px) 100vw, 300px\" \/><\/a><\/p>\n<p><a href=\"https:\/\/dogpride.nl\/de\/pride-prof-werkharnas-vero-plus-cobrasluiting\/\"><img loading=\"lazy\" decoding=\"async\" class=\"alignnone wp-image-136353 size-thumbnail\" title=\"PRIDE Prof werkharnas VERO plus COBRAsluiting\" src=\"https:\/\/dogpride.nl\/wp-content\/uploads\/PRIDE-Prof-werkharnas-VERO-plus-COBRAsluiting-150x150.jpg\" alt=\"PRIDE Prof werkharnas VERO plus COBRAsluiting\" width=\"150\" height=\"150\" srcset=\"https:\/\/dogpride.nl\/wp-content\/uploads\/PRIDE-Prof-werkharnas-VERO-plus-COBRAsluiting-150x150.jpg 150w, https:\/\/dogpride.nl\/wp-content\/uploads\/PRIDE-Prof-werkharnas-VERO-plus-COBRAsluiting-100x100.jpg 100w\" sizes=\"auto, (max-width: 150px) 100vw, 150px\" \/><\/a><\/p>\n<p>&nbsp;<\/p>","protected":false},"excerpt":{"rendered":"<p>PRIDE Prof werkharnas VERO plus COBRAsluiting. Vergeleken met harnas Vero+ heeft de Vero plus COBRA een metalen COBRA sluiting. Kies dit hondentuig met sterk handvat voor uw comfort tijdens het trainen.<\/p>","protected":false},"featured_media":23324,"template":"","meta":[],"product_brand":[],"product_cat":[1908],"product_tag":[3004,4609,9472,4608,4865,9053],"class_list":{"0":"post-1576","1":"product","2":"type-product","3":"status-publish","4":"has-post-thumbnail","6":"product_cat-pride-hondenharnassen","7":"product_tag-cobra","8":"product_tag-cobrasluiting","9":"product_tag-dogharness","10":"product_tag-hondenharnas","11":"product_tag-pride","12":"product_tag-vero","14":"first","15":"instock","16":"taxable","17":"shipping-taxable","18":"purchasable","19":"product-type-variable"},"mb":[],"mfb_rest_fields":["title"],"_links":{"self":[{"href":"https:\/\/dogpride.nl\/de\/wp-json\/wp\/v2\/product\/1576","targetHints":{"allow":["GET"]}}],"collection":[{"href":"https:\/\/dogpride.nl\/de\/wp-json\/wp\/v2\/product"}],"about":[{"href":"https:\/\/dogpride.nl\/de\/wp-json\/wp\/v2\/types\/product"}],"wp:featuredmedia":[{"embeddable":true,"href":"https:\/\/dogpride.nl\/de\/wp-json\/wp\/v2\/media\/23324"}],"wp:attachment":[{"href":"https:\/\/dogpride.nl\/de\/wp-json\/wp\/v2\/media?parent=1576"}],"wp:term":[{"taxonomy":"product_brand","embeddable":true,"href":"https:\/\/dogpride.nl\/de\/wp-json\/wp\/v2\/product_brand?post=1576"},{"taxonomy":"product_cat","embeddable":true,"href":"https:\/\/dogpride.nl\/de\/wp-json\/wp\/v2\/product_cat?post=1576"},{"taxonomy":"product_tag","embeddable":true,"href":"https:\/\/dogpride.nl\/de\/wp-json\/wp\/v2\/product_tag?post=1576"}],"curies":[{"name":"wp","href":"https:\/\/api.w.org\/{rel}","templated":true}]}}