{"id":1573,"date":"2019-06-19T14:51:59","date_gmt":"2019-06-19T12:51:59","guid":{"rendered":"https:\/\/dogpride1.wpengine.com\/?post_type=product&#038;p=1573"},"modified":"2025-10-31T09:38:31","modified_gmt":"2025-10-31T08:38:31","slug":"pride-puppy-harnas-mafia-voor-alle-rassen","status":"publish","type":"product","link":"https:\/\/dogpride.nl\/de\/pride-puppy-harnas-mafia-voor-alle-rassen\/","title":{"rendered":"PRIDE Welpengeschirr MAFIA f\u00fcr alle Rassen"},"content":{"rendered":"<h4>PRIDE Welpengeschirr MAFIA f\u00fcr alle Rassen<\/h4>\n<div>\n<p>Voor alle rassen is een mooi harnas voor puppies en kleine rassen.<\/p>\n<p>PRIDE Puppy harnas MAFIA voor alle rassen is gemaakt voor kracht en comfort. Het harnas is vakkundig vervaardigd om maximale duurzaamheid te bieden.<\/p>\n<\/div>\n<div>\n<p>Die pr\u00e4zise gestaltete Brustplatte ist mit starkem Nylon gef\u00fcttert, um Ihrem Hund ultimativen Komfort zu bieten und die St\u00f6\u00dfe eines starken Hundes w\u00e4hrend des Trainings zu absorbieren. Unser Aufregungsgeschirr ist so konzipiert, dass der Widerstand auf den Schultern und nicht auf der Kehle liegt und erm\u00f6glicht es Hunden, ungehindert zu bellen und zu verfolgen.<\/p>\n<p>PRIDE Puppy harnas MAFIA voor alle rassen is verstelbaar. Voor snel aan- en uittrekken met slechts \u00e9\u00e9n gesp en riem.<\/p>\n<p>W\u00e4hlen Sie dieses Hundegeschirr f\u00fcr Ihren Komfort beim Training.<\/p>\n<\/div>\n<div>\n<p>Brustumfang (cm)<\/p>\n<p><span style=\"color: #000000; background-color: #ffffff; font-size: 13px; text-align: left; display: inline !important; float: none; text-decoration: none;\">XS 58cm-65cm<\/span><br \/>\nS 62cm-70cm<\/p>\n<\/div>\n<div><\/div>\n<div><a href=\"https:\/\/www.dogpride.eu\/\" target=\"_blank\" rel=\"noopener\"><img loading=\"lazy\" decoding=\"async\" class=\"alignnone wp-image-71202 size-medium\" src=\"https:\/\/dogpride.nl\/wp-content\/uploads\/Logo-Pride2-2-300x96.png\" alt=\"\" width=\"300\" height=\"96\" srcset=\"https:\/\/dogpride.nl\/wp-content\/uploads\/Logo-Pride2-2-300x96.png 300w, https:\/\/dogpride.nl\/wp-content\/uploads\/Logo-Pride2-2-250x80.png 250w, https:\/\/dogpride.nl\/wp-content\/uploads\/Logo-Pride2-2-200x64.png 200w, https:\/\/dogpride.nl\/wp-content\/uploads\/Logo-Pride2-2.png 327w\" sizes=\"auto, (max-width: 300px) 100vw, 300px\" \/><\/a><\/div>\n<div><a href=\"https:\/\/dogpride.nl\/de\/lijnen-en-tuigjes-voor-honden\/pride-hondenharnassen\/\"><img loading=\"lazy\" decoding=\"async\" class=\"alignnone wp-image-136360 size-thumbnail\" title=\"PRIDE Welpengeschirr MAFIA f\u00fcr alle Rassen\" src=\"https:\/\/dogpride.nl\/wp-content\/uploads\/PRIDE-Puppy-harnas-MAFIA-voor-alle-rassen-150x150.jpg\" alt=\"PRIDE Puppy harnas MAFIA voor alle rassen\" width=\"150\" height=\"150\" srcset=\"https:\/\/dogpride.nl\/wp-content\/uploads\/PRIDE-Puppy-harnas-MAFIA-voor-alle-rassen-150x150.jpg 150w, https:\/\/dogpride.nl\/wp-content\/uploads\/PRIDE-Puppy-harnas-MAFIA-voor-alle-rassen-100x100.jpg 100w\" sizes=\"auto, (max-width: 150px) 100vw, 150px\" \/><\/a><\/div>\n<div>\n<p>&nbsp;<\/p>\n<\/div>","protected":false},"excerpt":{"rendered":"<p>PRIDE Welpengeschirr \u201eMAFIA\u201c f\u00fcr alle Rassen. Sch\u00f6nes Geschirr f\u00fcr Welpen und kleine Rassen.<\/p>","protected":false},"featured_media":23300,"template":"","meta":[],"product_brand":[],"product_cat":[1908],"product_tag":[],"class_list":{"0":"post-1573","1":"product","2":"type-product","3":"status-publish","4":"has-post-thumbnail","6":"product_cat-pride-hondenharnassen","8":"first","9":"instock","10":"taxable","11":"shipping-taxable","12":"purchasable","13":"product-type-variable"},"mb":[],"mfb_rest_fields":["title"],"_links":{"self":[{"href":"https:\/\/dogpride.nl\/de\/wp-json\/wp\/v2\/product\/1573","targetHints":{"allow":["GET"]}}],"collection":[{"href":"https:\/\/dogpride.nl\/de\/wp-json\/wp\/v2\/product"}],"about":[{"href":"https:\/\/dogpride.nl\/de\/wp-json\/wp\/v2\/types\/product"}],"wp:featuredmedia":[{"embeddable":true,"href":"https:\/\/dogpride.nl\/de\/wp-json\/wp\/v2\/media\/23300"}],"wp:attachment":[{"href":"https:\/\/dogpride.nl\/de\/wp-json\/wp\/v2\/media?parent=1573"}],"wp:term":[{"taxonomy":"product_brand","embeddable":true,"href":"https:\/\/dogpride.nl\/de\/wp-json\/wp\/v2\/product_brand?post=1573"},{"taxonomy":"product_cat","embeddable":true,"href":"https:\/\/dogpride.nl\/de\/wp-json\/wp\/v2\/product_cat?post=1573"},{"taxonomy":"product_tag","embeddable":true,"href":"https:\/\/dogpride.nl\/de\/wp-json\/wp\/v2\/product_tag?post=1573"}],"curies":[{"name":"wp","href":"https:\/\/api.w.org\/{rel}","templated":true}]}}