{"id":1569,"date":"2019-06-19T14:09:02","date_gmt":"2019-06-19T12:09:02","guid":{"rendered":"https:\/\/dogpride1.wpengine.com\/?post_type=product&#038;p=1569"},"modified":"2025-10-31T09:42:12","modified_gmt":"2025-10-31T08:42:12","slug":"pride-lederen-harnas-attack-voor-honden-maat-l","status":"publish","type":"product","link":"https:\/\/dogpride.nl\/de\/pride-lederen-harnas-attack-voor-honden-maat-l\/","title":{"rendered":"PRIDE Ledergeschirr Attack f\u00fcr Hunde Gr\u00f6\u00dfe L"},"content":{"rendered":"<h4>PRIDE Ledergeschirr Attack f\u00fcr Hunde Gr\u00f6\u00dfe L<\/h4>\n<p style=\"color: #000000; font-size: 13px; text-align: left; text-decoration: none;\">PRIDE Lederen harnas Attack voor honden maat L is bedoeld voor kleine en middelgrote hondenrassen. Gemaakt van bruin sterk leer.<\/p>\n<div style=\"color: #000000; font-size: 13px; text-align: left; text-decoration: none;\">Dieses Trainingsgeschirr ist auf Kraft und Komfort ausgelegt. Das Geschirr ist fachm\u00e4nnisch gefertigt, um maximale Haltbarkeit zu gew\u00e4hrleisten.<\/div>\n<div style=\"color: #000000; font-size: 13px; text-align: left; text-decoration: none;\">Die pr\u00e4zise gestaltete Brustplatte ist mit starkem Leder \u00fcberzogen und bietet Ihrem Hund ultimativen Komfort und absorbiert die St\u00f6\u00dfe eines starken Hundes bei der T\u00e4uschungsarbeit. Treffer.<br \/>\nSo konzipiert, dass der Widerstand auf den Schultern und nicht auf der Kehle liegt. Unser Agitationsgeschirr erm\u00f6glicht es Hunden, frei zu bellen und aufzusp\u00fcren.<\/div>\n<div style=\"color: #000000; font-size: 13px; text-align: left; text-decoration: none;\">Dit PRIDE Lederen harnas Attack voor honden maat L. voor honden is speciaal gemaakt voor de sress van agitatie. Het harnas is ontworpen voor bijna elke grote werkhond.<br \/>\nHet PRIDE Lederen harnas Attack voor honden maat L. is op vier plaatsen verstelbaar, zodat u het kunt aanpassen aan de afmetingen van uw hond.<br \/>\nSobald alle Gurte eingestellt sind, l\u00e4sst sich das Hundetrainingsgeschirr mit nur einer Schnalle und einem Gurt schnell an- und ausziehen.<\/div>\n<div style=\"color: #000000; font-size: 13px; text-align: left; text-decoration: none;\">W\u00e4hlen Sie dieses Hundegeschirr mit starkem Griff f\u00fcr Ihren Komfort beim Training.<\/div>\n<div style=\"color: #000000; font-size: 13px; text-align: left; text-decoration: none;\">\n<p>Modell: H-001<br \/>\nMaterial: Starkes Leder<br \/>\nFarbe schwarz<\/p>\n<p>Gr\u00f6\u00dfe L<br \/>\nBrustumfang: 84\u201393 cm<\/p>\n<\/div>\n<p><a href=\"https:\/\/www.dogpride.eu\/\" target=\"_blank\" rel=\"noopener\"><img loading=\"lazy\" decoding=\"async\" class=\"alignnone wp-image-71202 size-medium\" src=\"https:\/\/dogpride.nl\/wp-content\/uploads\/Logo-Pride2-2-300x96.png\" alt=\"\" width=\"300\" height=\"96\" srcset=\"https:\/\/dogpride.nl\/wp-content\/uploads\/Logo-Pride2-2-300x96.png 300w, https:\/\/dogpride.nl\/wp-content\/uploads\/Logo-Pride2-2-250x80.png 250w, https:\/\/dogpride.nl\/wp-content\/uploads\/Logo-Pride2-2-200x64.png 200w, https:\/\/dogpride.nl\/wp-content\/uploads\/Logo-Pride2-2.png 327w\" sizes=\"auto, (max-width: 300px) 100vw, 300px\" \/><\/a><\/p>\n<p><a href=\"https:\/\/dogpride.nl\/de\/lijnen-en-tuigjes-voor-honden\/pride-hondenharnassen\/\"><img loading=\"lazy\" decoding=\"async\" class=\"alignnone wp-image-136382 size-medium\" title=\"PRIDE Lederen harnas Attack voor honden maat L.\" src=\"https:\/\/dogpride.nl\/wp-content\/uploads\/PRIDE-Lederen-harnas-Attack-voor-honden-maat-L-300x200.jpg\" alt=\"PRIDE Lederen harnas Attack voor honden maat L.\" width=\"300\" height=\"200\" srcset=\"https:\/\/dogpride.nl\/wp-content\/uploads\/PRIDE-Lederen-harnas-Attack-voor-honden-maat-L-300x200.jpg 300w, https:\/\/dogpride.nl\/wp-content\/uploads\/PRIDE-Lederen-harnas-Attack-voor-honden-maat-L-18x12.jpg 18w, https:\/\/dogpride.nl\/wp-content\/uploads\/PRIDE-Lederen-harnas-Attack-voor-honden-maat-L-250x167.jpg 250w, https:\/\/dogpride.nl\/wp-content\/uploads\/PRIDE-Lederen-harnas-Attack-voor-honden-maat-L-400x267.jpg 400w, https:\/\/dogpride.nl\/wp-content\/uploads\/PRIDE-Lederen-harnas-Attack-voor-honden-maat-L.jpg 600w\" sizes=\"auto, (max-width: 300px) 100vw, 300px\" \/><\/a><\/p>\n<p>&nbsp;<\/p>","protected":false},"excerpt":{"rendered":"<p>PRIDE Ledergeschirr Attack f\u00fcr Hunde der Gr\u00f6\u00dfe L. Dieses Hundegeschirr ist f\u00fcr kleine und mittelgro\u00dfe Hunderassen gedacht. Aus braunem, kr\u00e4ftigem Leder.<\/p>","protected":false},"featured_media":23291,"template":"","meta":[],"product_brand":[],"product_cat":[1908],"product_tag":[],"class_list":{"0":"post-1569","1":"product","2":"type-product","3":"status-publish","4":"has-post-thumbnail","6":"product_cat-pride-hondenharnassen","8":"first","9":"instock","10":"taxable","11":"shipping-taxable","12":"purchasable","13":"product-type-simple"},"mb":[],"mfb_rest_fields":["title"],"_links":{"self":[{"href":"https:\/\/dogpride.nl\/de\/wp-json\/wp\/v2\/product\/1569","targetHints":{"allow":["GET"]}}],"collection":[{"href":"https:\/\/dogpride.nl\/de\/wp-json\/wp\/v2\/product"}],"about":[{"href":"https:\/\/dogpride.nl\/de\/wp-json\/wp\/v2\/types\/product"}],"wp:featuredmedia":[{"embeddable":true,"href":"https:\/\/dogpride.nl\/de\/wp-json\/wp\/v2\/media\/23291"}],"wp:attachment":[{"href":"https:\/\/dogpride.nl\/de\/wp-json\/wp\/v2\/media?parent=1569"}],"wp:term":[{"taxonomy":"product_brand","embeddable":true,"href":"https:\/\/dogpride.nl\/de\/wp-json\/wp\/v2\/product_brand?post=1569"},{"taxonomy":"product_cat","embeddable":true,"href":"https:\/\/dogpride.nl\/de\/wp-json\/wp\/v2\/product_cat?post=1569"},{"taxonomy":"product_tag","embeddable":true,"href":"https:\/\/dogpride.nl\/de\/wp-json\/wp\/v2\/product_tag?post=1569"}],"curies":[{"name":"wp","href":"https:\/\/api.w.org\/{rel}","templated":true}]}}