{"id":1568,"date":"2019-06-19T14:07:06","date_gmt":"2019-06-19T12:07:06","guid":{"rendered":"https:\/\/dogpride1.wpengine.com\/?post_type=product&#038;p=1568"},"modified":"2025-10-31T09:42:33","modified_gmt":"2025-10-31T08:42:33","slug":"pride-lederen-harnas-attack-voor-honden-maat-m","status":"publish","type":"product","link":"https:\/\/dogpride.nl\/de\/pride-lederen-harnas-attack-voor-honden-maat-m\/","title":{"rendered":"PRIDE Ledergeschirr Attack f\u00fcr Hunde Gr\u00f6\u00dfe M"},"content":{"rendered":"<h4>PRIDE Ledergeschirr Attack f\u00fcr Hunde Gr\u00f6\u00dfe M<\/h4>\n<p style=\"color: #000000; font-size: 13px; text-align: left; text-decoration: none;\">Dit hondenarnas is bedoeld voor kleine en middelgrote hondenrassen. Gemaakt van bruin sterk leer.<\/p>\n<div style=\"color: #000000; font-size: 13px; text-align: left; text-decoration: none;\">Dieses Trainingsgeschirr ist auf Kraft und Komfort ausgelegt. Das Geschirr ist fachm\u00e4nnisch gefertigt, um maximale Haltbarkeit zu gew\u00e4hrleisten.<\/div>\n<div style=\"color: #000000; font-size: 13px; text-align: left; text-decoration: none;\">Die pr\u00e4zise gestaltete Brustplatte ist mit starkem Leder \u00fcberzogen und bietet Ihrem Hund ultimativen Komfort und absorbiert die St\u00f6\u00dfe eines starken Hundes bei der T\u00e4uschungsarbeit. Treffer.<br \/>\nSo konzipiert, dass der Widerstand auf den Schultern und nicht auf der Kehle liegt. Unser Agitationsgeschirr erm\u00f6glicht es Hunden, frei zu bellen und aufzusp\u00fcren.<\/div>\n<div style=\"color: #000000; font-size: 13px; text-align: left; text-decoration: none;\">Dieses neue Hundetrainingsgeschirr ist speziell f\u00fcr den Stress durch Unruhe konzipiert. Das Geschirr ist f\u00fcr fast jeden gro\u00dfen Arbeitshund konzipiert.<br \/>\nDas Geschirr ist an vier Stellen verstellbar, sodass Sie es an die Gr\u00f6\u00dfe Ihres Hundes anpassen k\u00f6nnen.<br \/>\nSobald alle Gurte eingestellt sind, l\u00e4sst sich das Hundetrainingsgeschirr mit nur einer Schnalle und einem Gurt schnell an- und ausziehen.<\/div>\n<div style=\"color: #000000; font-size: 13px; text-align: left; text-decoration: none;\">W\u00e4hlen Sie dieses Hundegeschirr mit starkem Griff f\u00fcr Ihren Komfort beim Training.<\/div>\n<div><\/div>\n<div style=\"color: #000000; font-size: 13px; text-align: left; text-decoration: none;\">\n<ul>\n<li>Modell: H-001<\/li>\n<li>Material: Starkes Leder<\/li>\n<li>Farbe schwarz<\/li>\n<li>Gr\u00f6\u00dfe M<\/li>\n<li>Brustumfang: 76\u201388 cm<\/li>\n<\/ul>\n<\/div>\n<p><a href=\"https:\/\/www.dogpride.eu\/\" target=\"_blank\" rel=\"noopener\"><img loading=\"lazy\" decoding=\"async\" class=\"alignnone wp-image-78427 size-full\" src=\"https:\/\/dogpride.nl\/wp-content\/uploads\/Logo-Pride2-3.png\" alt=\"Logo Pride\" width=\"327\" height=\"105\" srcset=\"https:\/\/dogpride.nl\/wp-content\/uploads\/Logo-Pride2-3.png 327w, https:\/\/dogpride.nl\/wp-content\/uploads\/Logo-Pride2-3-250x80.png 250w, https:\/\/dogpride.nl\/wp-content\/uploads\/Logo-Pride2-3-300x96.png 300w, https:\/\/dogpride.nl\/wp-content\/uploads\/Logo-Pride2-3-200x64.png 200w\" sizes=\"auto, (max-width: 327px) 100vw, 327px\" \/><\/a><\/p>\n<p><a href=\"https:\/\/dogpride.nl\/de\/lijnen-en-tuigjes-voor-honden\/pride-hondenharnassen\/\"><img loading=\"lazy\" decoding=\"async\" class=\"alignnone wp-image-136383 size-medium\" title=\"PRIDE Ledergeschirr Attack f\u00fcr Hunde Gr\u00f6\u00dfe M\" src=\"https:\/\/dogpride.nl\/wp-content\/uploads\/PRIDE-Lederen-harnas-Attack-voor-honden-maat-M-300x104.jpg\" alt=\"PRIDE Lederen harnas Attack voor honden maat M\" width=\"300\" height=\"104\" srcset=\"https:\/\/dogpride.nl\/wp-content\/uploads\/PRIDE-Lederen-harnas-Attack-voor-honden-maat-M-300x104.jpg 300w, https:\/\/dogpride.nl\/wp-content\/uploads\/PRIDE-Lederen-harnas-Attack-voor-honden-maat-M-768x266.jpg 768w, https:\/\/dogpride.nl\/wp-content\/uploads\/PRIDE-Lederen-harnas-Attack-voor-honden-maat-M-18x6.jpg 18w, https:\/\/dogpride.nl\/wp-content\/uploads\/PRIDE-Lederen-harnas-Attack-voor-honden-maat-M-250x87.jpg 250w, https:\/\/dogpride.nl\/wp-content\/uploads\/PRIDE-Lederen-harnas-Attack-voor-honden-maat-M-400x139.jpg 400w, https:\/\/dogpride.nl\/wp-content\/uploads\/PRIDE-Lederen-harnas-Attack-voor-honden-maat-M.jpg 986w\" sizes=\"auto, (max-width: 300px) 100vw, 300px\" \/><\/a><\/p>\n<p>&nbsp;<\/p>","protected":false},"excerpt":{"rendered":"<p>PRIDE Ledergeschirr Attack f\u00fcr Hunde der Gr\u00f6\u00dfe M. W\u00e4hlen Sie dieses Hundetrainingsgeschirr mit starkem Griff f\u00fcr Ihren Komfort beim Training.<\/p>","protected":false},"featured_media":23287,"template":"","meta":[],"product_brand":[],"product_cat":[1908],"product_tag":[],"class_list":{"0":"post-1568","1":"product","2":"type-product","3":"status-publish","4":"has-post-thumbnail","6":"product_cat-pride-hondenharnassen","8":"first","9":"instock","10":"taxable","11":"shipping-taxable","12":"purchasable","13":"product-type-simple"},"mb":[],"mfb_rest_fields":["title"],"_links":{"self":[{"href":"https:\/\/dogpride.nl\/de\/wp-json\/wp\/v2\/product\/1568","targetHints":{"allow":["GET"]}}],"collection":[{"href":"https:\/\/dogpride.nl\/de\/wp-json\/wp\/v2\/product"}],"about":[{"href":"https:\/\/dogpride.nl\/de\/wp-json\/wp\/v2\/types\/product"}],"wp:featuredmedia":[{"embeddable":true,"href":"https:\/\/dogpride.nl\/de\/wp-json\/wp\/v2\/media\/23287"}],"wp:attachment":[{"href":"https:\/\/dogpride.nl\/de\/wp-json\/wp\/v2\/media?parent=1568"}],"wp:term":[{"taxonomy":"product_brand","embeddable":true,"href":"https:\/\/dogpride.nl\/de\/wp-json\/wp\/v2\/product_brand?post=1568"},{"taxonomy":"product_cat","embeddable":true,"href":"https:\/\/dogpride.nl\/de\/wp-json\/wp\/v2\/product_cat?post=1568"},{"taxonomy":"product_tag","embeddable":true,"href":"https:\/\/dogpride.nl\/de\/wp-json\/wp\/v2\/product_tag?post=1568"}],"curies":[{"name":"wp","href":"https:\/\/api.w.org\/{rel}","templated":true}]}}