{"id":1567,"date":"2019-06-19T14:04:49","date_gmt":"2019-06-19T12:04:49","guid":{"rendered":"https:\/\/dogpride1.wpengine.com\/?post_type=product&#038;p=1567"},"modified":"2025-10-31T09:42:47","modified_gmt":"2025-10-31T08:42:47","slug":"pride-lederen-harnas-attack-voor-honden-maat-s","status":"publish","type":"product","link":"https:\/\/dogpride.nl\/de\/pride-lederen-harnas-attack-voor-honden-maat-s\/","title":{"rendered":"PRIDE Ledergeschirr Attack f\u00fcr Hunde Gr\u00f6\u00dfe S"},"content":{"rendered":"<h4>PRIDE Ledergeschirr Attack f\u00fcr Hunde Gr\u00f6\u00dfe S<\/h4>\n<p>PRIDE Lederen harnas Attack voor honden maat S.<\/p>\n<p>Dit hondenarnas is bedoeld voor kleine en middelgrote hondenrassen. Gemaakt van bruin sterk leer.<\/p>\n<div>Dieses Trainingsgeschirr ist auf Kraft und Komfort ausgelegt. Das Geschirr ist fachm\u00e4nnisch gefertigt, um maximale Haltbarkeit zu gew\u00e4hrleisten.<\/div>\n<div>Die pr\u00e4zise gestaltete Brustplatte ist mit starkem Leder \u00fcberzogen und bietet Ihrem Hund ultimativen Komfort und absorbiert die St\u00f6\u00dfe eines starken Hundes bei der T\u00e4uschungsarbeit. Treffer.<br \/>\nSo konzipiert, dass der Widerstand auf den Schultern und nicht auf der Kehle liegt. Unser Agitationsgeschirr erm\u00f6glicht es Hunden, frei zu bellen und aufzusp\u00fcren.<\/div>\n<div>Dit PRIDE Lederen harnas Attack voor honden maat S. voor honden is speciaal gemaakt voor de stress van agitatie. Het harnas is ontworpen voor bijna elke grote werkhond.<br \/>\nHet PRIDE Lederen harnas Attack voor honden maat S. is op vier plaatsen verstelbaar, zodat u het kunt aanpassen aan de afmetingen van uw hond.<br \/>\nSobald alle Gurte eingestellt sind, l\u00e4sst sich das Hundetrainingsgeschirr mit nur einer Schnalle und einem Gurt schnell an- und ausziehen.<\/div>\n<div>W\u00e4hlen Sie dieses Hundegeschirr mit starkem Griff f\u00fcr Ihren Komfort beim Training.<\/div>\n<div>\n<p>Modell: H-001<br \/>\nMaterial: Starkes Leder<br \/>\nFarbe schwarz<\/p>\n<p>Gr\u00f6\u00dfe: S<br \/>\nBrustumfang: 75\u201383 cm<\/p>\n<\/div>\n<p>&nbsp;<\/p>\n<p><a href=\"https:\/\/www.dogpride.eu\/\" target=\"_blank\" rel=\"noopener\"><img loading=\"lazy\" decoding=\"async\" class=\"alignnone wp-image-71202 size-medium\" src=\"https:\/\/dogpride.nl\/wp-content\/uploads\/Logo-Pride2-2-300x96.png\" alt=\"\" width=\"300\" height=\"96\" srcset=\"https:\/\/dogpride.nl\/wp-content\/uploads\/Logo-Pride2-2-300x96.png 300w, https:\/\/dogpride.nl\/wp-content\/uploads\/Logo-Pride2-2-250x80.png 250w, https:\/\/dogpride.nl\/wp-content\/uploads\/Logo-Pride2-2-200x64.png 200w, https:\/\/dogpride.nl\/wp-content\/uploads\/Logo-Pride2-2.png 327w\" sizes=\"auto, (max-width: 300px) 100vw, 300px\" \/><\/a><\/p>\n<h4><a href=\"https:\/\/dogpride.nl\/de\/lederen-harnas-attack-voor-honden-maat-s\/\"><img loading=\"lazy\" decoding=\"async\" class=\"alignnone wp-image-136384 size-full\" src=\"https:\/\/dogpride.nl\/wp-content\/uploads\/PRIDE-Lederen-harnas-Attack-voor-honden-maat-S.jpg\" alt=\"PRIDE Lederen harnas Attack voor honden maat S\" width=\"337\" height=\"300\" srcset=\"https:\/\/dogpride.nl\/wp-content\/uploads\/PRIDE-Lederen-harnas-Attack-voor-honden-maat-S.jpg 337w, https:\/\/dogpride.nl\/wp-content\/uploads\/PRIDE-Lederen-harnas-Attack-voor-honden-maat-S-300x267.jpg 300w, https:\/\/dogpride.nl\/wp-content\/uploads\/PRIDE-Lederen-harnas-Attack-voor-honden-maat-S-13x12.jpg 13w, https:\/\/dogpride.nl\/wp-content\/uploads\/PRIDE-Lederen-harnas-Attack-voor-honden-maat-S-250x223.jpg 250w\" sizes=\"auto, (max-width: 337px) 100vw, 337px\" \/><\/a><\/h4>\n<h4><\/h4>","protected":false},"excerpt":{"rendered":"<p>PRIDE Ledergeschirr Attack f\u00fcr Hunde Gr\u00f6\u00dfe S<\/p>","protected":false},"featured_media":23283,"template":"","meta":[],"product_brand":[],"product_cat":[1908],"product_tag":[],"class_list":{"0":"post-1567","1":"product","2":"type-product","3":"status-publish","4":"has-post-thumbnail","6":"product_cat-pride-hondenharnassen","8":"first","9":"instock","10":"taxable","11":"shipping-taxable","12":"purchasable","13":"product-type-simple"},"mb":[],"mfb_rest_fields":["title"],"_links":{"self":[{"href":"https:\/\/dogpride.nl\/de\/wp-json\/wp\/v2\/product\/1567","targetHints":{"allow":["GET"]}}],"collection":[{"href":"https:\/\/dogpride.nl\/de\/wp-json\/wp\/v2\/product"}],"about":[{"href":"https:\/\/dogpride.nl\/de\/wp-json\/wp\/v2\/types\/product"}],"wp:featuredmedia":[{"embeddable":true,"href":"https:\/\/dogpride.nl\/de\/wp-json\/wp\/v2\/media\/23283"}],"wp:attachment":[{"href":"https:\/\/dogpride.nl\/de\/wp-json\/wp\/v2\/media?parent=1567"}],"wp:term":[{"taxonomy":"product_brand","embeddable":true,"href":"https:\/\/dogpride.nl\/de\/wp-json\/wp\/v2\/product_brand?post=1567"},{"taxonomy":"product_cat","embeddable":true,"href":"https:\/\/dogpride.nl\/de\/wp-json\/wp\/v2\/product_cat?post=1567"},{"taxonomy":"product_tag","embeddable":true,"href":"https:\/\/dogpride.nl\/de\/wp-json\/wp\/v2\/product_tag?post=1567"}],"curies":[{"name":"wp","href":"https:\/\/api.w.org\/{rel}","templated":true}]}}