{"id":1564,"date":"2019-06-19T13:43:57","date_gmt":"2019-06-19T11:43:57","guid":{"rendered":"https:\/\/dogpride1.wpengine.com\/?post_type=product&#038;p=1564"},"modified":"2025-10-31T09:44:34","modified_gmt":"2025-10-31T08:44:34","slug":"pride-gevoerde-lederen-hondenharnas-maat-s","status":"publish","type":"product","link":"https:\/\/dogpride.nl\/de\/pride-gevoerde-lederen-hondenharnas-maat-s\/","title":{"rendered":"PRIDE gepolstertes Hundegeschirr aus Leder, Gr\u00f6\u00dfe S"},"content":{"rendered":"<h4>PRIDE gepolstertes Hundegeschirr aus Leder, Gr\u00f6\u00dfe S<\/h4>\n<div>Hundegeschirr f\u00fcr kleine, mittlere und gro\u00dfe Hunderassen.<\/div>\n<div>Dieses neue Hundegeschirr aus gestepptem Leder ist ein wirklich sch\u00f6nes St\u00fcck handgefertigter Arbeitshundeausr\u00fcstung. Wir haben dieses Leder-Hundegeschirr speziell entwickelt, um allen Anforderungen der professionellen K9-Aufgaben gerecht zu werden und ihm einen beeindruckenden Luxus-Look zu verleihen.<br \/>\nDieses robuste Agitationsgeschirr ist f\u00fcr alle mittelgro\u00dfen und gro\u00dfen Rassen geeignet, um den Strapazen des Trainings standzuhalten, und wurde speziell f\u00fcr die Belastungen bei Agitationsarbeiten und Spazierg\u00e4ngen entwickelt.<\/div>\n<div>Dieses Ledergeschirr besteht aus weichem und starkem Leder bester Qualit\u00e4t. Es ist mit hochwertigen Metallschnallen ausgestattet, die einen widerstandsf\u00e4higen und robusten Gurt ergeben, der \u00fcber Jahre hinweg Komfort und Haltbarkeit gew\u00e4hrleistet.<\/div>\n<div>Das Geschirr ist f\u00fcnffach verstellbar und so konzipiert, dass es an Arbeitshunde jeder Gr\u00f6\u00dfe passt, sodass Sie es einfach an die Ma\u00dfe Ihres Hundes anpassen k\u00f6nnen.<\/div>\n<p>Modell: H-034<br \/>\nMaterial: Leder<br \/>\nFarbe schwarz<\/p>\n<p>Gr\u00f6\u00dfe: S<br \/>\nBrustumfang: 75 cm \u2013 86 cm<\/p>\n<p>&nbsp;<\/p>\n<p><a href=\"https:\/\/www.dogpride.eu\/\" target=\"_blank\" rel=\"noopener\"><img loading=\"lazy\" decoding=\"async\" class=\"alignnone wp-image-71202 size-medium\" src=\"https:\/\/dogpride.nl\/wp-content\/uploads\/Logo-Pride2-2-300x96.png\" alt=\"\" width=\"300\" height=\"96\" srcset=\"https:\/\/dogpride.nl\/wp-content\/uploads\/Logo-Pride2-2-300x96.png 300w, https:\/\/dogpride.nl\/wp-content\/uploads\/Logo-Pride2-2-250x80.png 250w, https:\/\/dogpride.nl\/wp-content\/uploads\/Logo-Pride2-2-200x64.png 200w, https:\/\/dogpride.nl\/wp-content\/uploads\/Logo-Pride2-2.png 327w\" sizes=\"auto, (max-width: 300px) 100vw, 300px\" \/><\/a><\/p>\n<p><a href=\"https:\/\/dogpride.nl\/de\/lijnen-en-tuigjes-voor-honden\/pride-hondenharnassen\/\"><img loading=\"lazy\" decoding=\"async\" class=\"alignnone wp-image-136389 size-full\" title=\"PRIDE gepolstertes Hundegeschirr aus Leder, Gr\u00f6\u00dfe S\" src=\"https:\/\/dogpride.nl\/wp-content\/uploads\/PRIDE-Gevoerde-lederen-hondenharnas-maat-S.jpg\" alt=\"PRIDE Gevoerde lederen hondenharnas maat S\" width=\"533\" height=\"400\" srcset=\"https:\/\/dogpride.nl\/wp-content\/uploads\/PRIDE-Gevoerde-lederen-hondenharnas-maat-S.jpg 533w, https:\/\/dogpride.nl\/wp-content\/uploads\/PRIDE-Gevoerde-lederen-hondenharnas-maat-S-300x225.jpg 300w, https:\/\/dogpride.nl\/wp-content\/uploads\/PRIDE-Gevoerde-lederen-hondenharnas-maat-S-16x12.jpg 16w, https:\/\/dogpride.nl\/wp-content\/uploads\/PRIDE-Gevoerde-lederen-hondenharnas-maat-S-250x188.jpg 250w, https:\/\/dogpride.nl\/wp-content\/uploads\/PRIDE-Gevoerde-lederen-hondenharnas-maat-S-400x300.jpg 400w\" sizes=\"auto, (max-width: 533px) 100vw, 533px\" \/><\/a><\/p>\n<p>&nbsp;<\/p>","protected":false},"excerpt":{"rendered":"<p>PRIDE Gepolstertes Hundegeschirr aus Leder, Gr\u00f6\u00dfe S. Hundegeschirr f\u00fcr kleine, mittlere und gro\u00dfe Hunderassen.<\/p>","protected":false},"featured_media":23258,"template":"","meta":[],"product_brand":[],"product_cat":[1908],"product_tag":[],"class_list":{"0":"post-1564","1":"product","2":"type-product","3":"status-publish","4":"has-post-thumbnail","6":"product_cat-pride-hondenharnassen","8":"first","9":"instock","10":"taxable","11":"shipping-taxable","12":"purchasable","13":"product-type-simple"},"mb":[],"mfb_rest_fields":["title"],"_links":{"self":[{"href":"https:\/\/dogpride.nl\/de\/wp-json\/wp\/v2\/product\/1564","targetHints":{"allow":["GET"]}}],"collection":[{"href":"https:\/\/dogpride.nl\/de\/wp-json\/wp\/v2\/product"}],"about":[{"href":"https:\/\/dogpride.nl\/de\/wp-json\/wp\/v2\/types\/product"}],"wp:featuredmedia":[{"embeddable":true,"href":"https:\/\/dogpride.nl\/de\/wp-json\/wp\/v2\/media\/23258"}],"wp:attachment":[{"href":"https:\/\/dogpride.nl\/de\/wp-json\/wp\/v2\/media?parent=1564"}],"wp:term":[{"taxonomy":"product_brand","embeddable":true,"href":"https:\/\/dogpride.nl\/de\/wp-json\/wp\/v2\/product_brand?post=1564"},{"taxonomy":"product_cat","embeddable":true,"href":"https:\/\/dogpride.nl\/de\/wp-json\/wp\/v2\/product_cat?post=1564"},{"taxonomy":"product_tag","embeddable":true,"href":"https:\/\/dogpride.nl\/de\/wp-json\/wp\/v2\/product_tag?post=1564"}],"curies":[{"name":"wp","href":"https:\/\/api.w.org\/{rel}","templated":true}]}}