{"id":1563,"date":"2019-06-19T12:41:13","date_gmt":"2019-06-19T10:41:13","guid":{"rendered":"https:\/\/dogpride1.wpengine.com\/?post_type=product&#038;p=1563"},"modified":"2025-10-28T12:52:27","modified_gmt":"2025-10-28T11:52:27","slug":"pride-biothane-twee-in-een-lijn","status":"publish","type":"product","link":"https:\/\/dogpride.nl\/de\/pride-biothane-twee-in-een-lijn\/","title":{"rendered":"PRIDE BIOTHANE zwei in einer Linie"},"content":{"rendered":"<h4>PRIDE BIOTHANE zwei in einer Linie<\/h4>\n<p>Diese Trainingsleine mit Griff besteht aus einem revolution\u00e4ren Biothane\u00ae-Material, das 100% wasserdicht ist, weich bleibt, in Sekundenschnelle abgewischt werden kann und leicht zu handhaben ist (auch wenn es nass ist).<br \/>\nUnsere All-Weather-Biothane-Sortimente haben das Aussehen und die Haptik von Leder, sind jedoch \u00e4u\u00dferst robust und wartungsfrei. Der Messingkarabiner rostet nicht.<br \/>\nMit seiner un\u00fcbertroffenen Allwetterleistung ist dieser G\u00fcrtel ein Favorit von Polizei-, Milit\u00e4r- und Sportbegeisterten.<\/p>\n<p><strong>**Diese Leine mit integriertem Halsband k\u00f6nnen wir nach Ihren W\u00fcnschen anfertigen. Geben Sie einfach die gew\u00fcnschte Farbe und Gr\u00f6\u00dfe\/L\u00e4nge an.**<\/strong><\/p>\n<p>Material: Biothane<\/p>\n<p>Breite: 19 mm<\/p>\n<p>Verf\u00fcgbare Farben: Gelb, Gr\u00fcn, Rot und Blau<\/p>\n<p>Halsbandl\u00e4nge: jede Gr\u00f6\u00dfe bis 75 cm (Ma\u00dfanfertigung)<\/p>\n<p>Leinenl\u00e4nge: jede Gr\u00f6\u00dfe bis 2 Meter L\u00e4nge (ma\u00dfgefertigt)<\/p>\n<p>Karabiner und Ringe aus Messing.<\/p>\n<p><a href=\"https:\/\/dogpride.nl\/de\/lijnen-en-tuigjes-voor-honden\/pride-hondenlijnen\/\"><img loading=\"lazy\" decoding=\"async\" class=\"alignnone wp-image-136415 size-thumbnail\" src=\"https:\/\/dogpride.nl\/wp-content\/uploads\/PRIDE-BIOTHANE-twee-in-een-lijn-150x150.jpg\" alt=\"PRIDE BIOTHANE twee in \u00e9\u00e9n lijn\" width=\"150\" height=\"150\" srcset=\"https:\/\/dogpride.nl\/wp-content\/uploads\/PRIDE-BIOTHANE-twee-in-een-lijn-150x150.jpg 150w, https:\/\/dogpride.nl\/wp-content\/uploads\/PRIDE-BIOTHANE-twee-in-een-lijn-100x100.jpg 100w\" sizes=\"auto, (max-width: 150px) 100vw, 150px\" \/><\/a><\/p>\n<p>&nbsp;<\/p>\n<p><a href=\"https:\/\/www.dogpride.eu\/\" target=\"_blank\" rel=\"noopener\"><img loading=\"lazy\" decoding=\"async\" class=\"alignnone wp-image-70657 size-medium\" src=\"https:\/\/dogpride.nl\/wp-content\/uploads\/Logo-Pride2-1-300x96.png\" alt=\"\" width=\"300\" height=\"96\" srcset=\"https:\/\/dogpride.nl\/wp-content\/uploads\/Logo-Pride2-1-300x96.png 300w, https:\/\/dogpride.nl\/wp-content\/uploads\/Logo-Pride2-1-250x80.png 250w, https:\/\/dogpride.nl\/wp-content\/uploads\/Logo-Pride2-1-200x64.png 200w, https:\/\/dogpride.nl\/wp-content\/uploads\/Logo-Pride2-1.png 327w\" sizes=\"auto, (max-width: 300px) 100vw, 300px\" \/><\/a><\/p>","protected":false},"excerpt":{"rendered":"<p>PRIDE BIOTHANE zwei in einer Linie. Diese Trainingsleine mit Griff besteht aus einem revolution\u00e4ren Biothane\u00ae-Material, das 100% wasserdicht ist.<\/p>","protected":false},"featured_media":23255,"template":"","meta":[],"product_brand":[],"product_cat":[192],"product_tag":[],"class_list":{"0":"post-1563","1":"product","2":"type-product","3":"status-publish","4":"has-post-thumbnail","6":"product_cat-pride-hondenlijnen","8":"first","9":"instock","10":"taxable","11":"shipping-taxable","12":"purchasable","13":"product-type-variable"},"mb":[],"mfb_rest_fields":["title"],"_links":{"self":[{"href":"https:\/\/dogpride.nl\/de\/wp-json\/wp\/v2\/product\/1563","targetHints":{"allow":["GET"]}}],"collection":[{"href":"https:\/\/dogpride.nl\/de\/wp-json\/wp\/v2\/product"}],"about":[{"href":"https:\/\/dogpride.nl\/de\/wp-json\/wp\/v2\/types\/product"}],"wp:featuredmedia":[{"embeddable":true,"href":"https:\/\/dogpride.nl\/de\/wp-json\/wp\/v2\/media\/23255"}],"wp:attachment":[{"href":"https:\/\/dogpride.nl\/de\/wp-json\/wp\/v2\/media?parent=1563"}],"wp:term":[{"taxonomy":"product_brand","embeddable":true,"href":"https:\/\/dogpride.nl\/de\/wp-json\/wp\/v2\/product_brand?post=1563"},{"taxonomy":"product_cat","embeddable":true,"href":"https:\/\/dogpride.nl\/de\/wp-json\/wp\/v2\/product_cat?post=1563"},{"taxonomy":"product_tag","embeddable":true,"href":"https:\/\/dogpride.nl\/de\/wp-json\/wp\/v2\/product_tag?post=1563"}],"curies":[{"name":"wp","href":"https:\/\/api.w.org\/{rel}","templated":true}]}}