{"id":1560,"date":"2019-06-19T12:07:58","date_gmt":"2019-06-19T10:07:58","guid":{"rendered":"https:\/\/dogpride1.wpengine.com\/?post_type=product&#038;p=1560"},"modified":"2025-10-28T12:57:41","modified_gmt":"2025-10-28T11:57:41","slug":"pride-zwarte-biothane-lijn-met-ring-in-handvat","status":"publish","type":"product","link":"https:\/\/dogpride.nl\/de\/pride-zwarte-biothane-lijn-met-ring-in-handvat\/","title":{"rendered":"PRIDE Schwarze BIOTHANE-Leine mit Ring im Griff"},"content":{"rendered":"<h4>PRIDE Schwarze BIOTHANE-Leine mit Ring im Griff<\/h4>\n<p style=\"color: #000000; font-size: 13px; text-align: left; text-decoration: none;\">Diese Trainingsleine mit Griff besteht aus einem revolution\u00e4ren Biothane\u00ae-Material, das 100% wasserdicht ist, weich bleibt, in Sekundenschnelle abgewischt werden kann und leicht zu handhaben ist (auch wenn es nass ist).<br \/>\nUnsere All-Weather-Biothane-Sortimente haben das Aussehen und die Haptik von Leder, sind jedoch \u00e4u\u00dferst robust und wartungsfrei. Der Messingkarabiner rostet nicht.<\/p>\n<p style=\"color: #000000; font-size: 13px; text-align: left; text-decoration: none;\">Mit seiner un\u00fcbertroffenen Allwetterleistung ist dieser G\u00fcrtel ein Favorit von Polizei-, Milit\u00e4r- und Sportbegeisterten.<\/p>\n<p style=\"color: #000000; font-size: 13px; text-align: left; text-decoration: none;\">Material: BioThane<br \/>\nFarbe schwarz<br \/>\nBreite: 19 mm<\/p>\n<p>L\u00e4ngen: 150 cm<\/p>\n<p><a href=\"https:\/\/dogpride.nl\/de\/lijnen-en-tuigjes-voor-honden\/pride-hondenlijnen\/\"><img loading=\"lazy\" decoding=\"async\" class=\"alignnone wp-image-136421 size-medium\" src=\"https:\/\/dogpride.nl\/wp-content\/uploads\/PRIDE-Zwarte-BIOTHANE-lijn-met-ring-in-handvat-300x300.jpg\" alt=\"PRIDE Zwarte BIOTHANE lijn met ring in handvat\" width=\"300\" height=\"300\" srcset=\"https:\/\/dogpride.nl\/wp-content\/uploads\/PRIDE-Zwarte-BIOTHANE-lijn-met-ring-in-handvat-300x300.jpg 300w, https:\/\/dogpride.nl\/wp-content\/uploads\/PRIDE-Zwarte-BIOTHANE-lijn-met-ring-in-handvat-150x150.jpg 150w, https:\/\/dogpride.nl\/wp-content\/uploads\/PRIDE-Zwarte-BIOTHANE-lijn-met-ring-in-handvat-12x12.jpg 12w, https:\/\/dogpride.nl\/wp-content\/uploads\/PRIDE-Zwarte-BIOTHANE-lijn-met-ring-in-handvat-250x250.jpg 250w, https:\/\/dogpride.nl\/wp-content\/uploads\/PRIDE-Zwarte-BIOTHANE-lijn-met-ring-in-handvat-400x400.jpg 400w, https:\/\/dogpride.nl\/wp-content\/uploads\/PRIDE-Zwarte-BIOTHANE-lijn-met-ring-in-handvat-100x100.jpg 100w, https:\/\/dogpride.nl\/wp-content\/uploads\/PRIDE-Zwarte-BIOTHANE-lijn-met-ring-in-handvat.jpg 500w\" sizes=\"auto, (max-width: 300px) 100vw, 300px\" \/><\/a><\/p>\n<p style=\"color: #000000; font-size: 13px; text-align: left; text-decoration: none;\"><a href=\"https:\/\/www.dogpride.eu\/\" target=\"_blank\" rel=\"noopener\"><img loading=\"lazy\" decoding=\"async\" class=\"alignnone wp-image-70657 size-medium\" src=\"https:\/\/dogpride.nl\/wp-content\/uploads\/Logo-Pride2-1-300x96.png\" alt=\"\" width=\"300\" height=\"96\" srcset=\"https:\/\/dogpride.nl\/wp-content\/uploads\/Logo-Pride2-1-300x96.png 300w, https:\/\/dogpride.nl\/wp-content\/uploads\/Logo-Pride2-1-250x80.png 250w, https:\/\/dogpride.nl\/wp-content\/uploads\/Logo-Pride2-1-200x64.png 200w, https:\/\/dogpride.nl\/wp-content\/uploads\/Logo-Pride2-1.png 327w\" sizes=\"auto, (max-width: 300px) 100vw, 300px\" \/><\/a><\/p>\n<p>&nbsp;<\/p>","protected":false},"excerpt":{"rendered":"<p>PRIDE Schwarze BIOTHANE-Leine mit Ring im Griff. Diese Trainingsleine mit Griff besteht aus einem revolution\u00e4ren Biothane\u00ae-Material, das 100% wasserdicht ist.<\/p>","protected":false},"featured_media":20005,"template":"","meta":[],"product_brand":[],"product_cat":[192],"product_tag":[5110,4867,6976,4865,7166,5256],"class_list":{"0":"post-1560","1":"product","2":"type-product","3":"status-publish","4":"has-post-thumbnail","6":"product_cat-pride-hondenlijnen","7":"product_tag-biothane","8":"product_tag-handvat","9":"product_tag-hondenlijn","10":"product_tag-pride","11":"product_tag-ring","12":"product_tag-zwarte","14":"first","15":"instock","16":"taxable","17":"shipping-taxable","18":"purchasable","19":"product-type-simple"},"mb":[],"mfb_rest_fields":["title"],"_links":{"self":[{"href":"https:\/\/dogpride.nl\/de\/wp-json\/wp\/v2\/product\/1560","targetHints":{"allow":["GET"]}}],"collection":[{"href":"https:\/\/dogpride.nl\/de\/wp-json\/wp\/v2\/product"}],"about":[{"href":"https:\/\/dogpride.nl\/de\/wp-json\/wp\/v2\/types\/product"}],"wp:featuredmedia":[{"embeddable":true,"href":"https:\/\/dogpride.nl\/de\/wp-json\/wp\/v2\/media\/20005"}],"wp:attachment":[{"href":"https:\/\/dogpride.nl\/de\/wp-json\/wp\/v2\/media?parent=1560"}],"wp:term":[{"taxonomy":"product_brand","embeddable":true,"href":"https:\/\/dogpride.nl\/de\/wp-json\/wp\/v2\/product_brand?post=1560"},{"taxonomy":"product_cat","embeddable":true,"href":"https:\/\/dogpride.nl\/de\/wp-json\/wp\/v2\/product_cat?post=1560"},{"taxonomy":"product_tag","embeddable":true,"href":"https:\/\/dogpride.nl\/de\/wp-json\/wp\/v2\/product_tag?post=1560"}],"curies":[{"name":"wp","href":"https:\/\/api.w.org\/{rel}","templated":true}]}}