{"id":1552,"date":"2019-06-19T10:06:49","date_gmt":"2019-06-19T08:06:49","guid":{"rendered":"https:\/\/dogpride1.wpengine.com\/?post_type=product&#038;p=1552"},"modified":"2025-10-28T13:27:08","modified_gmt":"2025-10-28T12:27:08","slug":"pride-lederen-politielijn","status":"publish","type":"product","link":"https:\/\/dogpride.nl\/de\/pride-lederen-politielijn\/","title":{"rendered":"PRIDE Polizeileine aus Leder"},"content":{"rendered":"<h4>PRIDE Polizeileine aus Leder<\/h4>\n<p>PRIDE Polizeileine aus Leder<\/p>\n<p>Diese sogenannte Polizei-Trainingsleine aus bestem Zaumleder mit Messingkarabinern und \u00d6sen<br \/>\nEs gibt mehrere Ringe an dieser Linie, so dass Sie die L\u00e4nge variieren k\u00f6nnen.<\/p>\n<div>Dies ist die Art von Anf\u00fchrer, die von Polizei- und Sicherheitsfirmen, Hundeverb\u00e4nden und dem Milit\u00e4r bevorzugt wird. Es ist auch die von Hundetrainern empfohlene Leine.<\/div>\n<div>\n<p>So verwenden Sie diese Hundeleine:<\/p>\n<p>- \u00dcber die Schulter:<br \/>\nF\u00fchren Sie das Griffende \u00fcber Ihre Schulter gegen\u00fcber der Seite, auf der Sie Ihren Hund f\u00fchren m\u00f6chten, \u00fcber Ihren R\u00fccken und nach oben unter Ihren Arm.<br \/>\nBefestigen Sie den Karabiner am schwebenden \u201eO\u201c-Ring, um eine Schlaufe um Ihren Oberk\u00f6rper zu bilden.<br \/>\nBefestigen Sie Ihren Hund am anderen Ende und los geht\u2019s!<\/p>\n<p>\u2013 Spaziergang mit 2 Hunden: Befestigen Sie einfach einen Hund an jedem Karabiner und halten Sie die Leine in der Mitte.<\/p>\n<p>Modell: L-012<br \/>\nMaterial: Leder<br \/>\nDie Farbe: schwarz<br \/>\nBreite: 20 mm<\/p>\n<\/div>\n<p><a href=\"https:\/\/www.dogpride.eu\/\" target=\"_blank\" rel=\"noopener\"><img loading=\"lazy\" decoding=\"async\" class=\"alignnone wp-image-70657 size-medium\" src=\"https:\/\/dogpride.nl\/wp-content\/uploads\/Logo-Pride2-1-300x96.png\" alt=\"\" width=\"300\" height=\"96\" srcset=\"https:\/\/dogpride.nl\/wp-content\/uploads\/Logo-Pride2-1-300x96.png 300w, https:\/\/dogpride.nl\/wp-content\/uploads\/Logo-Pride2-1-250x80.png 250w, https:\/\/dogpride.nl\/wp-content\/uploads\/Logo-Pride2-1-200x64.png 200w, https:\/\/dogpride.nl\/wp-content\/uploads\/Logo-Pride2-1.png 327w\" sizes=\"auto, (max-width: 300px) 100vw, 300px\" \/><\/a><\/p>\n<p><a href=\"https:\/\/dogpride.nl\/de\/pride-lederen-politielijn\/\"><img loading=\"lazy\" decoding=\"async\" class=\"alignnone wp-image-136431 size-medium\" src=\"https:\/\/dogpride.nl\/wp-content\/uploads\/PRIDE-Lederen-Politielijn-300x300.jpg\" alt=\"PRIDE Lederen Politielijn\" width=\"300\" height=\"300\" srcset=\"https:\/\/dogpride.nl\/wp-content\/uploads\/PRIDE-Lederen-Politielijn-300x300.jpg 300w, https:\/\/dogpride.nl\/wp-content\/uploads\/PRIDE-Lederen-Politielijn-150x150.jpg 150w, https:\/\/dogpride.nl\/wp-content\/uploads\/PRIDE-Lederen-Politielijn-12x12.jpg 12w, https:\/\/dogpride.nl\/wp-content\/uploads\/PRIDE-Lederen-Politielijn-250x250.jpg 250w, https:\/\/dogpride.nl\/wp-content\/uploads\/PRIDE-Lederen-Politielijn-100x100.jpg 100w, https:\/\/dogpride.nl\/wp-content\/uploads\/PRIDE-Lederen-Politielijn.jpg 400w\" sizes=\"auto, (max-width: 300px) 100vw, 300px\" \/><\/a><\/p>\n<p>&nbsp;<\/p>\n<p>&nbsp;<\/p>","protected":false},"excerpt":{"rendered":"<p>PRIDE Polizeileine aus Leder. Diese sogenannte Polizei-Trainingsleine aus bestem Zaumleder mit Messingkarabinern und \u00d6sen<\/p>","protected":false},"featured_media":20000,"template":"","meta":[],"product_brand":[],"product_cat":[192],"product_tag":[8907,10983,10976,10986,7782,7784,10984,10985,10987,10981,10982,7865,5110,10972,10970,6554,7445,10989,10971,10966,5226,10990,4979,10969,10977,5161,5727,5505,8570,10975,8504,10967,10980,10973,8834,10979,10968,7524,5034,3157,10991,10974,10988,10978,4121,2969],"class_list":{"0":"post-1552","1":"product","2":"type-product","3":"status-publish","4":"has-post-thumbnail","6":"product_cat-pride-hondenlijnen","7":"product_tag-1-m","8":"product_tag-1-5-m","9":"product_tag-100-waterdicht","10":"product_tag-15-m","11":"product_tag-2-m","12":"product_tag-20-mm","13":"product_tag-3-m","14":"product_tag-300-cm","15":"product_tag-45-ft","16":"product_tag-50-cm","17":"product_tag-70-cm","18":"product_tag-anti-slip","19":"product_tag-biothane","20":"product_tag-bite-work","21":"product_tag-brass-fittings","22":"product_tag-diverse-kleuren","23":"product_tag-extra-handvat","24":"product_tag-hands-free","25":"product_tag-k9-services","26":"product_tag-katoen","27":"product_tag-kong-frog","28":"product_tag-leash-collar-in-one","29":"product_tag-leer","30":"product_tag-messing-snap-hook","31":"product_tag-neemt-geen-water-op","32":"product_tag-nylon","33":"product_tag-patrol","34":"product_tag-police","35":"product_tag-protection","36":"product_tag-quick-release","37":"product_tag-rope","38":"product_tag-rubberised","39":"product_tag-secure-grip","40":"product_tag-show","41":"product_tag-soft","42":"product_tag-soft-leather","43":"product_tag-super-grip","44":"product_tag-touw","45":"product_tag-tracking","46":"product_tag-training","47":"product_tag-two-dog-coupler","48":"product_tag-walking","49":"product_tag-walking-loop","50":"product_tag-wasbaar","51":"product_tag-waterproof","52":"product_tag-zwart","54":"first","55":"instock","56":"taxable","57":"shipping-taxable","58":"purchasable","59":"product-type-simple"},"mb":[],"mfb_rest_fields":["title"],"_links":{"self":[{"href":"https:\/\/dogpride.nl\/de\/wp-json\/wp\/v2\/product\/1552","targetHints":{"allow":["GET"]}}],"collection":[{"href":"https:\/\/dogpride.nl\/de\/wp-json\/wp\/v2\/product"}],"about":[{"href":"https:\/\/dogpride.nl\/de\/wp-json\/wp\/v2\/types\/product"}],"wp:featuredmedia":[{"embeddable":true,"href":"https:\/\/dogpride.nl\/de\/wp-json\/wp\/v2\/media\/20000"}],"wp:attachment":[{"href":"https:\/\/dogpride.nl\/de\/wp-json\/wp\/v2\/media?parent=1552"}],"wp:term":[{"taxonomy":"product_brand","embeddable":true,"href":"https:\/\/dogpride.nl\/de\/wp-json\/wp\/v2\/product_brand?post=1552"},{"taxonomy":"product_cat","embeddable":true,"href":"https:\/\/dogpride.nl\/de\/wp-json\/wp\/v2\/product_cat?post=1552"},{"taxonomy":"product_tag","embeddable":true,"href":"https:\/\/dogpride.nl\/de\/wp-json\/wp\/v2\/product_tag?post=1552"}],"curies":[{"name":"wp","href":"https:\/\/api.w.org\/{rel}","templated":true}]}}