{"id":155058,"date":"2026-02-25T15:08:20","date_gmt":"2026-02-25T14:08:20","guid":{"rendered":"https:\/\/dogpride.nl\/?post_type=product&#038;p=155058"},"modified":"2026-04-17T10:39:24","modified_gmt":"2026-04-17T08:39:24","slug":"goughnuts-buster-ring-heavy-duty","status":"publish","type":"product","link":"https:\/\/dogpride.nl\/de\/goughnuts-buster-ring-heavy-duty\/","title":{"rendered":"GoughNuts Buster Ring Heavy Duty"},"content":{"rendered":"<p data-start=\"694\" data-end=\"974\">Der <strong data-start=\"697\" data-end=\"733\">Goughnuts Buster Ring Heavy Duty<\/strong> is ontwikkeld voor <strong data-start=\"753\" data-end=\"789\">zeer grote honden boven de 40 kg<\/strong> die bekendstaan om hun extreme kauwkracht. Dit is de grootste en meest duurzame ring binnen het Goughnuts-assortiment en speciaal bedoeld voor uitzonderlijk sterke, agressieve kauwers.<\/p>\n<p data-start=\"976\" data-end=\"1308\">Zoals alle Goughnuts-producten wordt ook de <strong data-start=\"1020\" data-end=\"1056\">Goughnuts Buster Ring Heavy Duty<\/strong> geleverd met een <strong data-start=\"1074\" data-end=\"1098\">levenslange garantie<\/strong>. Wordt het product beschadigd of acht je het niet langer veilig voor gebruik, dan kan het volgens de garantievoorwaarden worden vervangen. Dat geeft maximale zekerheid bij aankoop van deze heavy duty kauwring.<\/p>\n<hr data-start=\"1310\" data-end=\"1313\" \/>\n<h4 data-start=\"1315\" data-end=\"1354\">Ontwikkeld voor honden boven 40 kg<\/h4>\n<p data-start=\"1356\" data-end=\"1414\">Der <strong data-start=\"1359\" data-end=\"1395\">Goughnuts Buster Ring Heavy Duty<\/strong> is ontworpen voor:<\/p>\n<ul data-start=\"1416\" data-end=\"1523\">\n<li data-start=\"1416\" data-end=\"1443\">\n<p data-start=\"1418\" data-end=\"1443\">Zeer grote hondenrassen<\/p>\n<\/li>\n<li data-start=\"1444\" data-end=\"1466\">\n<p data-start=\"1446\" data-end=\"1466\">Honden boven 40 kg<\/p>\n<\/li>\n<li data-start=\"1467\" data-end=\"1491\">\n<p data-start=\"1469\" data-end=\"1491\">Werk- en sporthonden<\/p>\n<\/li>\n<li data-start=\"1492\" data-end=\"1523\">\n<p data-start=\"1494\" data-end=\"1523\">Extreme, agressieve kauwers<\/p>\n<\/li>\n<\/ul>\n<p data-start=\"1525\" data-end=\"1690\">Dit model is bewust <strong data-start=\"1545\" data-end=\"1579\">te groot voor de meeste honden<\/strong>. Het formaat en de rubbersamenstelling maken deze ring geschikt voor alleen de grootste en krachtigste honden.<\/p>\n<p data-start=\"606\" data-end=\"916\"><a href=\"https:\/\/dogpride.nl\/de\/speelgoed\/goughnuts-speelgoed\/\"><img loading=\"lazy\" decoding=\"async\" class=\"alignnone wp-image-155059 size-thumbnail\" title=\"GoughNuts Buster Ring Heavy Duty\" src=\"https:\/\/dogpride.nl\/wp-content\/uploads\/GoughNuts-Buster-Ring-Heavy-Duty-150x150.jpg\" alt=\"GoughNuts Buster Ring Heavy Duty\" width=\"150\" height=\"150\" srcset=\"https:\/\/dogpride.nl\/wp-content\/uploads\/GoughNuts-Buster-Ring-Heavy-Duty-150x150.jpg 150w, https:\/\/dogpride.nl\/wp-content\/uploads\/GoughNuts-Buster-Ring-Heavy-Duty-300x300.jpg 300w, https:\/\/dogpride.nl\/wp-content\/uploads\/GoughNuts-Buster-Ring-Heavy-Duty-1024x1024.jpg 1024w, https:\/\/dogpride.nl\/wp-content\/uploads\/GoughNuts-Buster-Ring-Heavy-Duty-768x768.jpg 768w, https:\/\/dogpride.nl\/wp-content\/uploads\/GoughNuts-Buster-Ring-Heavy-Duty-1536x1536.jpg 1536w, https:\/\/dogpride.nl\/wp-content\/uploads\/GoughNuts-Buster-Ring-Heavy-Duty-2048x2048.jpg 2048w, https:\/\/dogpride.nl\/wp-content\/uploads\/GoughNuts-Buster-Ring-Heavy-Duty-12x12.jpg 12w, https:\/\/dogpride.nl\/wp-content\/uploads\/GoughNuts-Buster-Ring-Heavy-Duty-250x250.jpg 250w, https:\/\/dogpride.nl\/wp-content\/uploads\/GoughNuts-Buster-Ring-Heavy-Duty-400x400.jpg 400w, https:\/\/dogpride.nl\/wp-content\/uploads\/GoughNuts-Buster-Ring-Heavy-Duty-100x100.jpg 100w\" sizes=\"auto, (max-width: 150px) 100vw, 150px\" \/><\/a><\/p>\n<h4 data-start=\"1697\" data-end=\"1742\">Meest duurzame formaat en rubbercompound<\/h4>\n<p data-start=\"1744\" data-end=\"1917\">Binnen het Goughnuts-assortiment is dit de zwaarste combinatie van formaat \u00e9n materiaal. De <strong data-start=\"1836\" data-end=\"1859\">Heavy Duty-compound<\/strong> is de sterkste rubbersamenstelling die het merk aanbiedt.<\/p>\n<p data-start=\"1919\" data-end=\"1951\">Eigenschappen van het materiaal:<\/p>\n<ul data-start=\"1953\" data-end=\"2086\">\n<li data-start=\"1953\" data-end=\"1974\">\n<p data-start=\"1955\" data-end=\"1974\">Extreem slijtvast<\/p>\n<\/li>\n<li data-start=\"1975\" data-end=\"2013\">\n<p data-start=\"1977\" data-end=\"2013\">Ontwikkeld voor maximale weerstand<\/p>\n<\/li>\n<li data-start=\"2014\" data-end=\"2051\">\n<p data-start=\"2016\" data-end=\"2051\">Bestand tegen langdurige bijtdruk<\/p>\n<\/li>\n<li data-start=\"2052\" data-end=\"2086\">\n<p data-start=\"2054\" data-end=\"2086\">Vormvast bij intensief gebruik<\/p>\n<\/li>\n<\/ul>\n<p data-start=\"2088\" data-end=\"2251\">Hoewel geen enkel hondenspeelgoed volledig onverwoestbaar is, behoort de <strong data-start=\"2161\" data-end=\"2197\">Goughnuts Buster Ring Heavy Duty<\/strong> tot de sterkste kauwproducten in het premium segment.<\/p>\n<hr data-start=\"2253\" data-end=\"2256\" \/>\n<h4 data-start=\"2258\" data-end=\"2307\">Geen rode veiligheidskern \u2013 maximale sterkte<\/h4>\n<p data-start=\"2309\" data-end=\"2464\">Der <strong data-start=\"2312\" data-end=\"2338\">Buster Ring Heavy Duty<\/strong> heeft g\u00e9\u00e9n rode veiligheidsindicator. Dit model is ontwikkeld met \u00e9\u00e9n prioriteit: maximale duurzaamheid voor extreme kauwers.<\/p>\n<p data-start=\"2466\" data-end=\"2489\">Belangrijk om te weten:<\/p>\n<ul data-start=\"2491\" data-end=\"2588\">\n<li data-start=\"2491\" data-end=\"2515\">\n<p data-start=\"2493\" data-end=\"2515\">Geen rode binnenkern<\/p>\n<\/li>\n<li data-start=\"2516\" data-end=\"2551\">\n<p data-start=\"2518\" data-end=\"2551\">Ontworpen voor maximale sterkte<\/p>\n<\/li>\n<li data-start=\"2552\" data-end=\"2588\">\n<p data-start=\"2554\" data-end=\"2588\">Gericht op zeer krachtige honden<\/p>\n<\/li>\n<\/ul>\n<p data-start=\"2590\" data-end=\"2690\">Ondanks het ontbreken van een veiligheidskern valt deze ring volledig onder de levenslange garantie.<\/p>\n<hr data-start=\"2692\" data-end=\"2695\" \/>\n<h4 data-start=\"2697\" data-end=\"2737\">Ideaal voor zeer agressieve kauwers<\/h4>\n<p data-start=\"2739\" data-end=\"2790\">Deze ring is een uitstekende keuze voor honden die:<\/p>\n<ul data-start=\"2792\" data-end=\"2948\">\n<li data-start=\"2792\" data-end=\"2840\">\n<p data-start=\"2794\" data-end=\"2840\">Andere heavy duty speeltjes hebben versleten<\/p>\n<\/li>\n<li data-start=\"2841\" data-end=\"2874\">\n<p data-start=\"2843\" data-end=\"2874\">Langdurig en intensief kauwen<\/p>\n<\/li>\n<li data-start=\"2875\" data-end=\"2918\">\n<p data-start=\"2877\" data-end=\"2918\">Uitzonderlijk sterke kaakspieren hebben<\/p>\n<\/li>\n<li data-start=\"2919\" data-end=\"2948\">\n<p data-start=\"2921\" data-end=\"2948\">Hard en volhardend bijten<\/p>\n<\/li>\n<\/ul>\n<p data-start=\"2950\" data-end=\"3058\">Voor veel honden is dit model simpelweg te groot en te zwaar. Dat maakt hem perfect voor de grootste rassen.<\/p>\n<hr data-start=\"3060\" data-end=\"3063\" \/>\n<h4 data-start=\"3065\" data-end=\"3114\">Geschikt voor interactief spel en apporteren<\/h4>\n<p data-start=\"3116\" data-end=\"3200\">Naast intensief kauwen is de <strong data-start=\"3145\" data-end=\"3181\">Goughnuts Buster Ring Heavy Duty<\/strong> ook geschikt voor:<\/p>\n<ul data-start=\"3202\" data-end=\"3306\">\n<li data-start=\"3202\" data-end=\"3226\">\n<p data-start=\"3204\" data-end=\"3226\">Interactief trekspel<\/p>\n<\/li>\n<li data-start=\"3227\" data-end=\"3257\">\n<p data-start=\"3229\" data-end=\"3257\">Apporteren op open terrein<\/p>\n<\/li>\n<li data-start=\"3258\" data-end=\"3281\">\n<p data-start=\"3260\" data-end=\"3281\">Trainingsbeloningen<\/p>\n<\/li>\n<li data-start=\"3282\" data-end=\"3306\">\n<p data-start=\"3284\" data-end=\"3306\">Actieve speelsessies<\/p>\n<\/li>\n<\/ul>\n<p data-start=\"3308\" data-end=\"3420\">De ringvorm zorgt voor een gelijkmatige drukverdeling en is prettig vast te pakken voor zowel hond als eigenaar.<\/p>\n<hr data-start=\"3422\" data-end=\"3425\" \/>\n<h4 data-start=\"3427\" data-end=\"3460\">Stimuleert gezond kauwgedrag<\/h4>\n<p data-start=\"3462\" data-end=\"3479\">Kauwen helpt bij:<\/p>\n<ul data-start=\"3481\" data-end=\"3607\">\n<li data-start=\"3481\" data-end=\"3503\">\n<p data-start=\"3483\" data-end=\"3503\">Stressvermindering<\/p>\n<\/li>\n<li data-start=\"3504\" data-end=\"3527\">\n<p data-start=\"3506\" data-end=\"3527\">Mentale ontspanning<\/p>\n<\/li>\n<li data-start=\"3528\" data-end=\"3567\">\n<p data-start=\"3530\" data-end=\"3567\">Ontwikkeling van sterke kaakspieren<\/p>\n<\/li>\n<li data-start=\"3568\" data-end=\"3607\">\n<p data-start=\"3570\" data-end=\"3607\">Vermindering van destructief gedrag<\/p>\n<\/li>\n<\/ul>\n<p data-start=\"3609\" data-end=\"3722\">Door een extreem duurzame kauwring aan te bieden, voorkom je dat je hond zich richt op minder geschikte objecten.<\/p>\n<hr data-start=\"3724\" data-end=\"3727\" \/>\n<h4 data-start=\"3729\" data-end=\"3775\">Levenslange garantie \u2013 maximale zekerheid<\/h4>\n<p data-start=\"3777\" data-end=\"3863\">Der <strong data-start=\"3780\" data-end=\"3816\">Goughnuts Buster Ring Heavy Duty<\/strong> wordt geleverd met een <strong data-start=\"3840\" data-end=\"3862\">Lifetime Guarantee<\/strong>.<\/p>\n<p data-start=\"3865\" data-end=\"3944\">Wanneer het product beschadigd raakt of je vindt dat het niet langer veilig is:<\/p>\n<ul data-start=\"3946\" data-end=\"4068\">\n<li data-start=\"3946\" data-end=\"3971\">\n<p data-start=\"3948\" data-end=\"3971\">Neem het speeltje weg<\/p>\n<\/li>\n<li data-start=\"3972\" data-end=\"4022\">\n<p data-start=\"3974\" data-end=\"4022\">Retourneer het volgens de garantie-instructies<\/p>\n<\/li>\n<li data-start=\"4023\" data-end=\"4068\">\n<p data-start=\"4025\" data-end=\"4068\">Ontvang vervanging conform de voorwaarden<\/p>\n<\/li>\n<\/ul>\n<p data-start=\"4070\" data-end=\"4180\">Bij alle Goughnuts-producten vermelden wij standaard de levenslange garantie als belangrijk kwaliteitskenmerk.<\/p>\n<h4 data-start=\"1147\" data-end=\"1187\"><img loading=\"lazy\" decoding=\"async\" class=\"alignnone wp-image-155059 size-thumbnail\" title=\"GoughNuts Buster Ring Heavy Duty\" src=\"https:\/\/dogpride.nl\/wp-content\/uploads\/GoughNuts-Buster-Ring-Heavy-Duty-150x150.jpg\" alt=\"GoughNuts Buster Ring Heavy Duty\" width=\"150\" height=\"150\" srcset=\"https:\/\/dogpride.nl\/wp-content\/uploads\/GoughNuts-Buster-Ring-Heavy-Duty-150x150.jpg 150w, https:\/\/dogpride.nl\/wp-content\/uploads\/GoughNuts-Buster-Ring-Heavy-Duty-300x300.jpg 300w, https:\/\/dogpride.nl\/wp-content\/uploads\/GoughNuts-Buster-Ring-Heavy-Duty-1024x1024.jpg 1024w, https:\/\/dogpride.nl\/wp-content\/uploads\/GoughNuts-Buster-Ring-Heavy-Duty-768x768.jpg 768w, https:\/\/dogpride.nl\/wp-content\/uploads\/GoughNuts-Buster-Ring-Heavy-Duty-1536x1536.jpg 1536w, https:\/\/dogpride.nl\/wp-content\/uploads\/GoughNuts-Buster-Ring-Heavy-Duty-2048x2048.jpg 2048w, https:\/\/dogpride.nl\/wp-content\/uploads\/GoughNuts-Buster-Ring-Heavy-Duty-12x12.jpg 12w, https:\/\/dogpride.nl\/wp-content\/uploads\/GoughNuts-Buster-Ring-Heavy-Duty-250x250.jpg 250w, https:\/\/dogpride.nl\/wp-content\/uploads\/GoughNuts-Buster-Ring-Heavy-Duty-400x400.jpg 400w, https:\/\/dogpride.nl\/wp-content\/uploads\/GoughNuts-Buster-Ring-Heavy-Duty-100x100.jpg 100w\" sizes=\"auto, (max-width: 150px) 100vw, 150px\" \/><\/h4>\n<h4 data-start=\"4187\" data-end=\"4213\">Eenvoudig te reinigen<\/h4>\n<p data-start=\"4215\" data-end=\"4265\">Na een intensieve speeldag is onderhoud eenvoudig:<\/p>\n<ul data-start=\"4267\" data-end=\"4342\">\n<li data-start=\"4267\" data-end=\"4295\">\n<p data-start=\"4269\" data-end=\"4295\">Afspoelen met warm water<\/p>\n<\/li>\n<li data-start=\"4296\" data-end=\"4320\">\n<p data-start=\"4298\" data-end=\"4320\">Afnemen met een doek<\/p>\n<\/li>\n<li data-start=\"4321\" data-end=\"4342\">\n<p data-start=\"4323\" data-end=\"4342\">Goed laten drogen<\/p>\n<\/li>\n<\/ul>\n<p data-start=\"4344\" data-end=\"4415\">Regelmatige controle op slijtage blijft belangrijk bij extreme kauwers.<\/p>\n<hr data-start=\"4417\" data-end=\"4420\" \/>\n<h4 data-start=\"4422\" data-end=\"4456\">Specificaties &amp; eigenschappen<\/h4>\n<ul data-start=\"4458\" data-end=\"4847\">\n<li data-start=\"4458\" data-end=\"4507\">\n<p data-start=\"4460\" data-end=\"4507\">Productnaam: Goughnuts Buster Ring Heavy Duty<\/p>\n<\/li>\n<li data-start=\"4508\" data-end=\"4545\">\n<p data-start=\"4510\" data-end=\"4545\">Geschikt voor: Honden boven 40 kg<\/p>\n<\/li>\n<li data-start=\"4546\" data-end=\"4576\">\n<p data-start=\"4548\" data-end=\"4576\">Type: Extra zware kauwring<\/p>\n<\/li>\n<li data-start=\"4577\" data-end=\"4620\">\n<p data-start=\"4579\" data-end=\"4620\">Materiaal: Heavy Duty natuurlijk rubber<\/p>\n<\/li>\n<li data-start=\"4621\" data-end=\"4675\">\n<p data-start=\"4623\" data-end=\"4675\">Veiligheid: Geen rode kern (Heavy Duty uitvoering)<\/p>\n<\/li>\n<li data-start=\"4676\" data-end=\"4725\">\n<p data-start=\"4678\" data-end=\"4725\">Gebruik: Intensief kauwen en interactief spel<\/p>\n<\/li>\n<li data-start=\"4726\" data-end=\"4791\">\n<p data-start=\"4728\" data-end=\"4791\">Garantie: Levenslange garantie (volgens fabrikantvoorwaarden)<\/p>\n<\/li>\n<li data-start=\"4792\" data-end=\"4847\">\n<p data-start=\"4794\" data-end=\"4847\">Doelgroep: Zeer grote en extreem agressieve kauwers<\/p>\n<\/li>\n<\/ul>\n<hr data-start=\"4849\" data-end=\"4852\" \/>\n<p data-start=\"4854\" data-end=\"5108\">Der <strong data-start=\"4857\" data-end=\"4893\">Goughnuts Buster Ring Heavy Duty<\/strong> is d\u00e9 ultieme keuze voor zeer grote honden met uitzonderlijke kauwkracht. Dankzij de zwaarste compound, het extra grote formaat en de levenslange garantie kies je voor maximale duurzaamheid en langdurige zekerheid.<\/p>\n<h4 data-start=\"4242\" data-end=\"4276\"><a href=\"https:\/\/nl.wikipedia.org\/wiki\/Hondenspeelgoed\" target=\"_blank\" rel=\"noopener\"><img loading=\"lazy\" decoding=\"async\" class=\"alignnone wp-image-154981 size-full\" src=\"https:\/\/dogpride.nl\/wp-content\/uploads\/Logo-Goughnuts.jpg\" alt=\"\" width=\"134\" height=\"99\" srcset=\"https:\/\/dogpride.nl\/wp-content\/uploads\/Logo-Goughnuts.jpg 134w, https:\/\/dogpride.nl\/wp-content\/uploads\/Logo-Goughnuts-16x12.jpg 16w\" sizes=\"auto, (max-width: 134px) 100vw, 134px\" \/><\/a><\/h4>\n<p><span style=\"color: #ffffff;\">https:\/\/www.goughnuts.com\/<\/span><\/p>","protected":false},"excerpt":{"rendered":"<p data-start=\"4442\" data-end=\"4679\">Der <strong data-start=\"4857\" data-end=\"4893\">Goughnuts Buster Ring Heavy Duty<\/strong> is d\u00e9 ultieme keuze voor zeer grote honden met uitzonderlijke kauwkracht. Dankzij de zwaarste compound, het extra grote formaat en de levenslange garantie kies je voor maximale duurzaamheid en langdurige zekerheid.<\/p>\n<p style=\"text-align: center;\">","protected":false},"featured_media":155059,"template":"","meta":[],"product_brand":[],"product_cat":[24710],"product_tag":[24717,24784,24757,24776,7528,24720,24785,24713,24740,24786],"class_list":{"0":"post-155058","1":"product","2":"type-product","3":"status-publish","4":"has-post-thumbnail","6":"product_cat-goughnuts-speelgoed","7":"product_tag-agressieve-kauwer-hond","8":"product_tag-buster-ring-heavy-duty","9":"product_tag-duurzaam-rubber-hondenspeelgoed","10":"product_tag-extreme-chewer-hond","11":"product_tag-goughnuts","12":"product_tag-heavy-duty-hondenspeelgoed","13":"product_tag-kauwring-grote-hond-40kg","14":"product_tag-levenslange-garantie-hondenspeelgoed","15":"product_tag-sterkste-kauwring-hond","16":"product_tag-xxl-hondenspeelgoed","18":"first","19":"instock","20":"taxable","21":"shipping-taxable","22":"purchasable","23":"product-type-simple"},"mb":[],"mfb_rest_fields":["title"],"_links":{"self":[{"href":"https:\/\/dogpride.nl\/de\/wp-json\/wp\/v2\/product\/155058","targetHints":{"allow":["GET"]}}],"collection":[{"href":"https:\/\/dogpride.nl\/de\/wp-json\/wp\/v2\/product"}],"about":[{"href":"https:\/\/dogpride.nl\/de\/wp-json\/wp\/v2\/types\/product"}],"wp:featuredmedia":[{"embeddable":true,"href":"https:\/\/dogpride.nl\/de\/wp-json\/wp\/v2\/media\/155059"}],"wp:attachment":[{"href":"https:\/\/dogpride.nl\/de\/wp-json\/wp\/v2\/media?parent=155058"}],"wp:term":[{"taxonomy":"product_brand","embeddable":true,"href":"https:\/\/dogpride.nl\/de\/wp-json\/wp\/v2\/product_brand?post=155058"},{"taxonomy":"product_cat","embeddable":true,"href":"https:\/\/dogpride.nl\/de\/wp-json\/wp\/v2\/product_cat?post=155058"},{"taxonomy":"product_tag","embeddable":true,"href":"https:\/\/dogpride.nl\/de\/wp-json\/wp\/v2\/product_tag?post=155058"}],"curies":[{"name":"wp","href":"https:\/\/api.w.org\/{rel}","templated":true}]}}