{"id":1550,"date":"2019-06-19T09:49:43","date_gmt":"2019-06-19T07:49:43","guid":{"rendered":"https:\/\/dogpride1.wpengine.com\/?post_type=product&#038;p=1550"},"modified":"2025-10-28T13:31:26","modified_gmt":"2025-10-28T12:31:26","slug":"pride-lederen-koppellijn","status":"publish","type":"product","link":"https:\/\/dogpride.nl\/de\/pride-lederen-koppellijn\/","title":{"rendered":"PRIDE Koppelleine aus Leder"},"content":{"rendered":"<h4>PRIDE Koppelleine aus Leder<\/h4>\n<p>Diese 2er-Hundeleine ist aus weichem Leder gefertigt und verf\u00fcgt \u00fcber Messingkarabiner und \u00d6sen von bester Qualit\u00e4t.<br \/>\nWenn Sie 2 Hunde haben, werden Sie mit dieser Lederleine beim Gassigehen angenehm \u00fcberrascht sein. Jetzt m\u00fcssen Sie nicht mehr viel Geld f\u00fcr den Kauf von Leinen f\u00fcr jeden Ihrer Hunde ausgeben. Dar\u00fcber hinaus l\u00f6st diese Koppelleine das Problem der Leinenverhedderung.<\/p>\n<p>Modell: SL-054<br \/>\nMaterial: Leder<br \/>\nFarbe braun<br \/>\nBreite: 11 mm<br \/>\nL\u00e4nge: ca. 38 cm<\/p>\n<p><a href=\"https:\/\/dogpride.nl\/de\/pride-lederen-koppellijn\/\"><img loading=\"lazy\" decoding=\"async\" class=\"alignnone wp-image-136434 size-medium\" src=\"https:\/\/dogpride.nl\/wp-content\/uploads\/PRIDE-Lederen-koppellijn-300x200.jpg\" alt=\"PRIDE Lederen koppellijn\" width=\"300\" height=\"200\" srcset=\"https:\/\/dogpride.nl\/wp-content\/uploads\/PRIDE-Lederen-koppellijn-300x200.jpg 300w, https:\/\/dogpride.nl\/wp-content\/uploads\/PRIDE-Lederen-koppellijn-768x512.jpg 768w, https:\/\/dogpride.nl\/wp-content\/uploads\/PRIDE-Lederen-koppellijn-18x12.jpg 18w, https:\/\/dogpride.nl\/wp-content\/uploads\/PRIDE-Lederen-koppellijn-250x167.jpg 250w, https:\/\/dogpride.nl\/wp-content\/uploads\/PRIDE-Lederen-koppellijn-400x267.jpg 400w, https:\/\/dogpride.nl\/wp-content\/uploads\/PRIDE-Lederen-koppellijn.jpg 900w\" sizes=\"auto, (max-width: 300px) 100vw, 300px\" \/><\/a><\/p>\n<p>&nbsp;<\/p>\n<p><a href=\"https:\/\/www.dogpride.eu\/\" target=\"_blank\" rel=\"noopener\"><img loading=\"lazy\" decoding=\"async\" class=\"alignnone wp-image-70657 size-medium\" src=\"https:\/\/dogpride.nl\/wp-content\/uploads\/Logo-Pride2-1-300x96.png\" alt=\"\" width=\"300\" height=\"96\" srcset=\"https:\/\/dogpride.nl\/wp-content\/uploads\/Logo-Pride2-1-300x96.png 300w, https:\/\/dogpride.nl\/wp-content\/uploads\/Logo-Pride2-1-250x80.png 250w, https:\/\/dogpride.nl\/wp-content\/uploads\/Logo-Pride2-1-200x64.png 200w, https:\/\/dogpride.nl\/wp-content\/uploads\/Logo-Pride2-1.png 327w\" sizes=\"auto, (max-width: 300px) 100vw, 300px\" \/><\/a><\/p>\n<p>&nbsp;<\/p>","protected":false},"excerpt":{"rendered":"<p>PRIDE Koppelleine aus Leder. Diese 2er-Hundeleine ist aus weichem Leder gefertigt und verf\u00fcgt \u00fcber Messingkarabiner und \u00d6sen von bester Qualit\u00e4t.<\/p>","protected":false},"featured_media":19998,"template":"","meta":[],"product_brand":[],"product_cat":[192],"product_tag":[8907,10983,10976,10986,7782,7784,10984,10985,10987,10981,10982,7865,5110,10972,10970,6554,7445,10989,10971,10966,5226,10990,4979,10969,10977,5161,5727,5505,8570,10975,8504,10967,10980,10973,8834,10979,10968,7524,5034,3157,10991,10974,10988,10978,4121,2969],"class_list":{"0":"post-1550","1":"product","2":"type-product","3":"status-publish","4":"has-post-thumbnail","6":"product_cat-pride-hondenlijnen","7":"product_tag-1-m","8":"product_tag-1-5-m","9":"product_tag-100-waterdicht","10":"product_tag-15-m","11":"product_tag-2-m","12":"product_tag-20-mm","13":"product_tag-3-m","14":"product_tag-300-cm","15":"product_tag-45-ft","16":"product_tag-50-cm","17":"product_tag-70-cm","18":"product_tag-anti-slip","19":"product_tag-biothane","20":"product_tag-bite-work","21":"product_tag-brass-fittings","22":"product_tag-diverse-kleuren","23":"product_tag-extra-handvat","24":"product_tag-hands-free","25":"product_tag-k9-services","26":"product_tag-katoen","27":"product_tag-kong-frog","28":"product_tag-leash-collar-in-one","29":"product_tag-leer","30":"product_tag-messing-snap-hook","31":"product_tag-neemt-geen-water-op","32":"product_tag-nylon","33":"product_tag-patrol","34":"product_tag-police","35":"product_tag-protection","36":"product_tag-quick-release","37":"product_tag-rope","38":"product_tag-rubberised","39":"product_tag-secure-grip","40":"product_tag-show","41":"product_tag-soft","42":"product_tag-soft-leather","43":"product_tag-super-grip","44":"product_tag-touw","45":"product_tag-tracking","46":"product_tag-training","47":"product_tag-two-dog-coupler","48":"product_tag-walking","49":"product_tag-walking-loop","50":"product_tag-wasbaar","51":"product_tag-waterproof","52":"product_tag-zwart","54":"first","55":"instock","56":"taxable","57":"shipping-taxable","58":"purchasable","59":"product-type-simple"},"mb":[],"mfb_rest_fields":["title"],"_links":{"self":[{"href":"https:\/\/dogpride.nl\/de\/wp-json\/wp\/v2\/product\/1550","targetHints":{"allow":["GET"]}}],"collection":[{"href":"https:\/\/dogpride.nl\/de\/wp-json\/wp\/v2\/product"}],"about":[{"href":"https:\/\/dogpride.nl\/de\/wp-json\/wp\/v2\/types\/product"}],"wp:featuredmedia":[{"embeddable":true,"href":"https:\/\/dogpride.nl\/de\/wp-json\/wp\/v2\/media\/19998"}],"wp:attachment":[{"href":"https:\/\/dogpride.nl\/de\/wp-json\/wp\/v2\/media?parent=1550"}],"wp:term":[{"taxonomy":"product_brand","embeddable":true,"href":"https:\/\/dogpride.nl\/de\/wp-json\/wp\/v2\/product_brand?post=1550"},{"taxonomy":"product_cat","embeddable":true,"href":"https:\/\/dogpride.nl\/de\/wp-json\/wp\/v2\/product_cat?post=1550"},{"taxonomy":"product_tag","embeddable":true,"href":"https:\/\/dogpride.nl\/de\/wp-json\/wp\/v2\/product_tag?post=1550"}],"curies":[{"name":"wp","href":"https:\/\/api.w.org\/{rel}","templated":true}]}}