{"id":15426,"date":"2020-03-04T11:56:48","date_gmt":"2020-03-04T10:56:48","guid":{"rendered":"https:\/\/dogpride1.wpengine.com\/product\/slanghalsband-hond-usb-oranje-65-cm-2\/"},"modified":"2025-11-17T16:28:30","modified_gmt":"2025-11-17T15:28:30","slug":"trixie-slanghalsband-hond-usb-oranje","status":"publish","type":"product","link":"https:\/\/dogpride.nl\/de\/trixie-slanghalsband-hond-usb-oranje\/","title":{"rendered":"TRIXIE Slanghalsband Hond USB Oranje"},"content":{"rendered":"<h4>TRIXIE Slanghalsband Hond USB Oranje<\/h4>\n<p>TRIXIE Schlangenhalsband Hund USB Orange 65 cm<\/p>\n<p><span style=\"color: #000000; font-size: 13.33px;\">Mit diesem leuchtenden Halsband um den Hals ist Ihr Hund im Dunkeln gut sichtbar.<\/span><\/p>\n<div style=\"color: #000000; font-size: 13.33px; text-align: left; text-decoration: none;\">\n<div><\/div>\n<div>Das Halsband funktioniert nicht mit Batterien, Sie k\u00f6nnen es jedoch \u00fcber das mitgelieferte USB-Kabel aufladen. Sollte das Halsband f\u00fcr Ihren Hund zu gro\u00df sein, k\u00f6nnen Sie es schnell anpassen, indem Sie ein St\u00fcck vom Halsband abschneiden.<\/div>\n<div><\/div>\n<div>Da das Halsband spritzwassergesch\u00fctzt ist, kann Ihr Hund es auch bei einem Regenschauer tragen, ohne dass es kaputt geht.<\/div>\n<\/div>\n<div style=\"color: #000000; font-size: 13.33px; text-align: left; text-decoration: none;\"><\/div>\n<div style=\"color: #000000; font-size: 13.33px; text-align: left; text-decoration: none;\">Material: TPU\/Nylon<\/div>\n<div style=\"color: #000000; font-size: 13.33px; text-align: left; text-decoration: none;\">Farbe orange<\/div>\n<div style=\"color: #000000; font-size: 13.33px; text-align: left; text-decoration: none;\">Gr\u00f6\u00dfe: 65 cm<\/div>\n<div style=\"color: #000000; font-size: 13.33px; text-align: left; text-decoration: none;\">Akkulaufzeit: 8 Stunden Blinken, 5 Stunden Dauerlicht<\/div>\n<div style=\"color: #000000; font-size: 13.33px; text-align: left; text-decoration: none;\"><\/div>\n<div style=\"color: #000000; font-size: 13.33px; text-align: left; text-decoration: none;\">Dieses Halsband ist in mehreren Farben erh\u00e4ltlich und wird mit einem USB-Kabel und einem Schraubendreher geliefert.<\/div>\n<div><\/div>\n<div><a href=\"https:\/\/dogpride.nl\/de\/hondenhalsbanden\/led-hondenhalsbanden\/\"><img loading=\"lazy\" decoding=\"async\" class=\"alignnone\" title=\"TRIXIE Slanghalsband Hond USB Oranje\" src=\"https:\/\/dogpride.nl\/wp-content\/uploads\/slanghalsband-hond-usb-oranje-65-cm-4-150x148.png\" alt=\"TRIXIE Slanghalsband Hond USB Oranje\" width=\"150\" height=\"148\" \/><\/a><\/div>\n<div><\/div>\n<div><a href=\"https:\/\/www.trixie.de\/nl\" target=\"_blank\" rel=\"noopener\"><img loading=\"lazy\" decoding=\"async\" class=\"alignnone wp-image-143101 size-medium\" src=\"https:\/\/dogpride.nl\/wp-content\/uploads\/TRIXIE-LOGO-300x159.webp\" alt=\"TRIXIE LOGO\" width=\"300\" height=\"159\" srcset=\"https:\/\/dogpride.nl\/wp-content\/uploads\/TRIXIE-LOGO-300x159.webp 300w, https:\/\/dogpride.nl\/wp-content\/uploads\/TRIXIE-LOGO-18x10.webp 18w, https:\/\/dogpride.nl\/wp-content\/uploads\/TRIXIE-LOGO-250x132.webp 250w, https:\/\/dogpride.nl\/wp-content\/uploads\/TRIXIE-LOGO-400x211.webp 400w, https:\/\/dogpride.nl\/wp-content\/uploads\/TRIXIE-LOGO.webp 600w\" sizes=\"auto, (max-width: 300px) 100vw, 300px\" \/><\/a><\/div>\n<div><\/div>","protected":false},"excerpt":{"rendered":"<p>TRIXIE Schlangenhalsband Hund USB Orange 65 cm<\/p>","protected":false},"featured_media":21212,"template":"","meta":[],"product_brand":[],"product_cat":[393],"product_tag":[3006,5238,3368,3286,13722,6121,7893],"class_list":{"0":"post-15426","1":"product","2":"type-product","3":"status-publish","4":"has-post-thumbnail","6":"product_cat-led-hondenhalsbanden","7":"product_tag-groen","8":"product_tag-halsband","9":"product_tag-hond","10":"product_tag-oranje","11":"product_tag-slang","12":"product_tag-trixie","13":"product_tag-usb","15":"first","16":"instock","17":"taxable","18":"shipping-taxable","19":"purchasable","20":"product-type-simple"},"mb":[],"mfb_rest_fields":["title"],"_links":{"self":[{"href":"https:\/\/dogpride.nl\/de\/wp-json\/wp\/v2\/product\/15426","targetHints":{"allow":["GET"]}}],"collection":[{"href":"https:\/\/dogpride.nl\/de\/wp-json\/wp\/v2\/product"}],"about":[{"href":"https:\/\/dogpride.nl\/de\/wp-json\/wp\/v2\/types\/product"}],"wp:featuredmedia":[{"embeddable":true,"href":"https:\/\/dogpride.nl\/de\/wp-json\/wp\/v2\/media\/21212"}],"wp:attachment":[{"href":"https:\/\/dogpride.nl\/de\/wp-json\/wp\/v2\/media?parent=15426"}],"wp:term":[{"taxonomy":"product_brand","embeddable":true,"href":"https:\/\/dogpride.nl\/de\/wp-json\/wp\/v2\/product_brand?post=15426"},{"taxonomy":"product_cat","embeddable":true,"href":"https:\/\/dogpride.nl\/de\/wp-json\/wp\/v2\/product_cat?post=15426"},{"taxonomy":"product_tag","embeddable":true,"href":"https:\/\/dogpride.nl\/de\/wp-json\/wp\/v2\/product_tag?post=15426"}],"curies":[{"name":"wp","href":"https:\/\/api.w.org\/{rel}","templated":true}]}}