{"id":1536,"date":"2019-06-19T07:56:16","date_gmt":"2019-06-19T05:56:16","guid":{"rendered":"https:\/\/dogpride1.wpengine.com\/?post_type=product&#038;p=1536"},"modified":"2025-12-12T07:10:29","modified_gmt":"2025-12-12T06:10:29","slug":"pride-prikhalsband-metaal-maat-s","status":"publish","type":"product","link":"https:\/\/dogpride.nl\/de\/pride-prikhalsband-metaal-maat-s\/","title":{"rendered":"PRIDE Metallkragen, Gr\u00f6\u00dfe S"},"content":{"rendered":"<h4>PRIDE Metallkragen, Gr\u00f6\u00dfe S<\/h4>\n<p>PRIDE Metallkragen, Gr\u00f6\u00dfe S<\/p>\n<ul>\n<li style=\"color: #666666; text-align: left; text-decoration: none;\"><span style=\"color: #000000;\">L\u00e4nge: 50 cm<\/span><\/li>\n<li style=\"color: #666666; text-align: left; text-decoration: none;\"><span style=\"color: #000000;\">Breite: 20 mm<\/span><\/li>\n<li style=\"color: #666666; text-align: left; text-decoration: none;\"><span style=\"color: #000000;\">Stiftdurchmesser: 2,5 mm<\/span><\/li>\n<\/ul>\n<p><a href=\"https:\/\/dogpride.nl\/de\/pride-prikhalsband-metaal-maat-s\/\"><img loading=\"lazy\" decoding=\"async\" class=\"alignnone wp-image-136971\" src=\"https:\/\/dogpride.nl\/wp-content\/uploads\/PRIDE-Prikhalsband-metaal-maat-L.jpg\" alt=\"PRIDE Prikhalsband metaal maat S\" width=\"144\" height=\"108\" srcset=\"https:\/\/dogpride.nl\/wp-content\/uploads\/PRIDE-Prikhalsband-metaal-maat-L.jpg 350w, https:\/\/dogpride.nl\/wp-content\/uploads\/PRIDE-Prikhalsband-metaal-maat-L-300x225.jpg 300w, https:\/\/dogpride.nl\/wp-content\/uploads\/PRIDE-Prikhalsband-metaal-maat-L-16x12.jpg 16w, https:\/\/dogpride.nl\/wp-content\/uploads\/PRIDE-Prikhalsband-metaal-maat-L-250x187.jpg 250w\" sizes=\"auto, (max-width: 144px) 100vw, 144px\" \/><\/a><\/p>\n<div>De PRIDE Prikhalsband metaal maat S\u00a0 metaal is een buitengewoon effectief alternatief voor een slipketting voor het begeleiden van uw hond tijdens het wandelen. Het is ideaal voor eigenaren van honden die aan de riem trekken.<br \/>\nDe PRIDE Prikhalsband metaal maat S is een zachte methode om te voorkomen dat uw honden zichzelf gaan stikken en onnodige druk uitoefenen op de nek.<br \/>\nBei richtiger Anwendung bietet das Stechband fantastische und sofort sp\u00fcrbare Ergebnisse.<\/div>\n<div><\/div>\n<div>Wir empfehlen Ihnen dringend, das Halsband mit Bedacht zu verwenden, um Ihren Hund nicht zu verletzen. Wenn Sie Zweifel haben, halten Sie an und wenden Sie sich an einen qualifizierten Trainer.<br \/>\nDas Stachelhalsband wird am besten mit einer kurzen Leine verwendet, um Ihren Hund in der N\u00e4he zu halten.<\/div>\n<div><\/div>\n<div>Die Annahme, dass dieses Halsband \u201equetscht\u201c, wenn Druck auf den Hund ausge\u00fcbt wird, ist nicht wahr. Der Klappgurt klemmt nicht so, dass es zu Verletzungen kommen kann.<\/div>\n<h3>Denken Sie daran, diese Art von Stachelhalsb\u00e4ndern NIEMALS \u00fcber den Kopf Ihres Hundes zu ziehen.<\/h3>\n<div>Der Klappstecker sollte so angesetzt werden, dass die Stifte nach innen zeigen. Das Halsband sollte abgenommen werden, wenn der Hund nicht an der Leine ist und Platz zum Laufen oder Spielen hat.<br \/>\nDas Stachelhalsband ist kein Ersatz f\u00fcr das \u00fcbliche Halsband Ihres Hundes und kann mit fast jedem Halsband verwendet werden, das Ihr Hund t\u00e4glich tr\u00e4gt.<\/div>\n<div>Achten Sie darauf, den Hals Ihres Hundes richtig zu messen, bevor Sie das Halsband anlegen.<\/div>\n<div><\/div>\n<div>Der Zinkenriemen l\u00e4sst sich sehr einfach durch Hinzuf\u00fcgen oder Entfernen von Gliedern anpassen.<\/div>\n<p><a href=\"https:\/\/www.dogpride.eu\/\" target=\"_blank\" rel=\"noopener\"><img loading=\"lazy\" decoding=\"async\" class=\"alignnone wp-image-70657 size-medium\" src=\"https:\/\/dogpride.nl\/wp-content\/uploads\/Logo-Pride2-1-300x96.png\" alt=\"PRIDE\" width=\"300\" height=\"96\" srcset=\"https:\/\/dogpride.nl\/wp-content\/uploads\/Logo-Pride2-1-300x96.png 300w, https:\/\/dogpride.nl\/wp-content\/uploads\/Logo-Pride2-1-250x80.png 250w, https:\/\/dogpride.nl\/wp-content\/uploads\/Logo-Pride2-1-200x64.png 200w, https:\/\/dogpride.nl\/wp-content\/uploads\/Logo-Pride2-1.png 327w\" sizes=\"auto, (max-width: 300px) 100vw, 300px\" \/><\/a><\/p>\n<p><a href=\"https:\/\/dogpride.nl\/de\/pride-prikhalsband-metaal-maat-s\/\"><img loading=\"lazy\" decoding=\"async\" class=\"alignnone wp-image-136971\" src=\"https:\/\/dogpride.nl\/wp-content\/uploads\/PRIDE-Prikhalsband-metaal-maat-L.jpg\" alt=\"PRIDE Prikhalsband metaal maat S\" width=\"216\" height=\"162\" srcset=\"https:\/\/dogpride.nl\/wp-content\/uploads\/PRIDE-Prikhalsband-metaal-maat-L.jpg 350w, https:\/\/dogpride.nl\/wp-content\/uploads\/PRIDE-Prikhalsband-metaal-maat-L-300x225.jpg 300w, https:\/\/dogpride.nl\/wp-content\/uploads\/PRIDE-Prikhalsband-metaal-maat-L-16x12.jpg 16w, https:\/\/dogpride.nl\/wp-content\/uploads\/PRIDE-Prikhalsband-metaal-maat-L-250x187.jpg 250w\" sizes=\"auto, (max-width: 216px) 100vw, 216px\" \/><\/a><\/p>\n<p>&nbsp;<\/p>","protected":false},"excerpt":{"rendered":"<p>Das Metallzackenhalsband ist eine \u00e4u\u00dferst effektive Alternative zu einer Rutschkette zum F\u00fchren Ihres Hundes auf Spazierg\u00e4ngen. Es ist ideal f\u00fcr Besitzer von Hunden, die an der Leine ziehen.<\/p>","protected":false},"featured_media":19990,"template":"","meta":[],"product_brand":[],"product_cat":[90],"product_tag":[8486,8254,6349,3332,10823,5123,4210,4865,10759,10780,5122,10824,4866,10825,3157,7444,3389],"class_list":{"0":"post-1536","1":"product","2":"type-product","3":"status-publish","4":"has-post-thumbnail","6":"product_cat-pride-hondenhalsbanden","7":"product_tag-comfortabel","8":"product_tag-duurzaam","9":"product_tag-hondenhalsband","10":"product_tag-hondensport","11":"product_tag-luxe-accessoire","12":"product_tag-maat-s","13":"product_tag-metaal","14":"product_tag-pride","15":"product_tag-pride-collectie","16":"product_tag-pride-halsband","17":"product_tag-prikhalsband","18":"product_tag-robuust","19":"product_tag-sterke-halsband","20":"product_tag-stijlvol","21":"product_tag-training","22":"product_tag-verstelbaar","23":"product_tag-werkhond","25":"first","26":"instock","27":"taxable","28":"shipping-taxable","29":"purchasable","30":"product-type-simple"},"mb":[],"mfb_rest_fields":["title"],"_links":{"self":[{"href":"https:\/\/dogpride.nl\/de\/wp-json\/wp\/v2\/product\/1536","targetHints":{"allow":["GET"]}}],"collection":[{"href":"https:\/\/dogpride.nl\/de\/wp-json\/wp\/v2\/product"}],"about":[{"href":"https:\/\/dogpride.nl\/de\/wp-json\/wp\/v2\/types\/product"}],"wp:featuredmedia":[{"embeddable":true,"href":"https:\/\/dogpride.nl\/de\/wp-json\/wp\/v2\/media\/19990"}],"wp:attachment":[{"href":"https:\/\/dogpride.nl\/de\/wp-json\/wp\/v2\/media?parent=1536"}],"wp:term":[{"taxonomy":"product_brand","embeddable":true,"href":"https:\/\/dogpride.nl\/de\/wp-json\/wp\/v2\/product_brand?post=1536"},{"taxonomy":"product_cat","embeddable":true,"href":"https:\/\/dogpride.nl\/de\/wp-json\/wp\/v2\/product_cat?post=1536"},{"taxonomy":"product_tag","embeddable":true,"href":"https:\/\/dogpride.nl\/de\/wp-json\/wp\/v2\/product_tag?post=1536"}],"curies":[{"name":"wp","href":"https:\/\/api.w.org\/{rel}","templated":true}]}}