{"id":153274,"date":"2026-02-06T11:34:02","date_gmt":"2026-02-06T10:34:02","guid":{"rendered":"https:\/\/dogpride.nl\/?post_type=product&#038;p=153274"},"modified":"2026-02-06T11:35:41","modified_gmt":"2026-02-06T10:35:41","slug":"demanet-dijbeenbescherming-2","status":"publish","type":"product","link":"https:\/\/dogpride.nl\/de\/demanet-dijbeenbescherming-2\/","title":{"rendered":"Demanet-Oberschenkelschutz"},"content":{"rendered":"<h4>Demanet-Oberschenkelschutz<\/h4>\n<p>Demanet-Oberschenkelschutz<\/p>\n<p>1 Paar Oberschenkelpolster<\/p>\n<p>Verst\u00e4rkung unter dem Anzug f\u00fcr zus\u00e4tzlichen Schutz.<br \/>\nUni kleur, zwart.<br \/>\nEinheitsgr\u00f6\u00dfe: Klettverschluss-Verstellsystem.<\/p>\n<p>Hergestellt in Europa.<\/p>\n<p><a href=\"https:\/\/dogpride.nl\/de\/bijtpakken\/demanet-bijtpakken\/?product-page=1\"><img loading=\"lazy\" decoding=\"async\" class=\"alignnone\" title=\"Demanet-Oberschenkelschutz\" src=\"https:\/\/dogpride.nl\/wp-content\/uploads\/pc2-protection-cuisses-2-1-1-150x150.jpg\" alt=\"Demanet Dijbeenbescherming\" width=\"150\" height=\"150\" \/><\/a><\/p>\n<h4 data-start=\"411\" data-end=\"502\">Demanet Dijbeenbescherming \u2013 Professionele Veiligheid met Maximale Bewegingsvrijheid<\/h4>\n<p data-start=\"504\" data-end=\"873\">Der <strong data-start=\"507\" data-end=\"537\">Demanet-Oberschenkelschutz<\/strong> is speciaal ontworpen voor hondentrainers, pakwerkers en hondensporters die behoefte hebben aan extra bescherming van het bovenbeen tijdens intensieve trainingen.<br data-start=\"700\" data-end=\"703\" \/>Handgemaakt in <strong data-start=\"718\" data-end=\"728\">Spanje<\/strong>, combineert dit product het <strong data-start=\"757\" data-end=\"788\">bekende Demanet-vakmanschap<\/strong> von <strong data-start=\"793\" data-end=\"820\">hochwertige Materialien<\/strong> voor optimale veiligheid, comfort en duurzaamheid.<\/p>\n<p data-start=\"875\" data-end=\"1222\">Of je nu werkt binnen de <strong data-start=\"900\" data-end=\"908\">KNPV<\/strong>, <strong data-start=\"910\" data-end=\"917\">IGP<\/strong>, <strong data-start=\"919\" data-end=\"926\">IPO<\/strong> of politie- en defensietraining, de <strong data-start=\"963\" data-end=\"993\">Demanet-Oberschenkelschutz<\/strong> biedt de perfecte balans tussen <strong data-start=\"1026\" data-end=\"1062\">bewegingsvrijheid en bescherming<\/strong>.<br data-start=\"1063\" data-end=\"1066\" \/>Het ontwerp is bedoeld om te beschermen tegen krachtige beten zonder dat dit ten koste gaat van de natuurlijke beweeglijkheid die een trainer nodig heeft.<\/p>\n<hr data-start=\"1224\" data-end=\"1227\" \/>\n<h3 data-start=\"1229\" data-end=\"1267\">Gemaakt voor Intensieve Training<\/h3>\n<p data-start=\"1269\" data-end=\"1666\">Tijdens pakwerk of bijttraining is het dijbeen \u00e9\u00e9n van de meest kwetsbare zones voor beten of schokken.<br data-start=\"1372\" data-end=\"1375\" \/>Daarom heeft Demanet deze <strong data-start=\"1401\" data-end=\"1423\">Dijbeenbescherming<\/strong> ontwikkeld met een slimme, anatomische pasvorm die zich vormt naar het been.<br data-start=\"1500\" data-end=\"1503\" \/>Der <strong data-start=\"1506\" data-end=\"1550\">strategisch geplaatste beschermingslagen<\/strong> absorberen impact, terwijl de flexibele buitenstof voldoende meebeweegt om te kunnen rennen, draaien en reageren.<\/p>\n<p data-start=\"1668\" data-end=\"1895\">De zachte binnenvoering biedt comfort, zelfs tijdens lange sessies, en voorkomt wrijving of drukpunten.<br data-start=\"1771\" data-end=\"1774\" \/>Door de <strong data-start=\"1782\" data-end=\"1804\">lichte constructie<\/strong> blijft het dragen van de bescherming comfortabel, zonder overbodig gewicht of stijfheid.<\/p>\n<p data-start=\"1668\" data-end=\"1895\"><a href=\"https:\/\/dogpride.nl\/de\/bijtpakken\/demanet-bijtpakken\/?product-page=1\"><img loading=\"lazy\" decoding=\"async\" class=\"alignnone\" title=\"Demanet-Oberschenkelschutz\" src=\"https:\/\/dogpride.nl\/wp-content\/uploads\/pc2-protection-cuisses-2-1-1-150x150.jpg\" alt=\"Demanet Dijbeenbescherming\" width=\"150\" height=\"150\" \/><\/a><\/p>\n<p data-start=\"1897\" data-end=\"2088\">Der <strong data-start=\"1900\" data-end=\"1930\">Demanet-Oberschenkelschutz<\/strong> is geschikt voor trainingen met jonge honden \u00e9n ervaren werkhonden en past perfect binnen het Demanet-assortiment van professionele beschermingsuitrusting.<\/p>\n<hr data-start=\"2090\" data-end=\"2093\" \/>\n<h3 data-start=\"2095\" data-end=\"2150\">Spaans Vakmanschap \u2013 Betrouwbaarheid die je Voelt<\/h3>\n<p data-start=\"2152\" data-end=\"2416\">Zoals alle producten van Demanet wordt ook de <strong data-start=\"2198\" data-end=\"2220\">Dijbeenbescherming<\/strong> volledig met de hand gemaakt in Spanje.<br data-start=\"2260\" data-end=\"2263\" \/>De ervaren ambachtslieden van Demanet gebruiken alleen <strong data-start=\"2318\" data-end=\"2354\">hoogwaardige Europese materialen<\/strong> die bestand zijn tegen scheuren, druk en intensief gebruik.<\/p>\n<p data-start=\"2418\" data-end=\"2659\">Elk detail \u2013 van de stiksels tot de sluitingen \u2013 is ontworpen met precisie en duurzaamheid in gedachten.<br data-start=\"2522\" data-end=\"2525\" \/>Deze aandacht voor detail zorgt voor een product dat jarenlang meegaat, ook bij dagelijks gebruik in veeleisende trainingssituaties.<\/p>\n<p data-start=\"2661\" data-end=\"2922\">De buitenlaag is slijtvast en bestand tegen tandimpact, terwijl de binnenvoering ademend is en zorgt voor ventilatie.<br data-start=\"2778\" data-end=\"2781\" \/>Het resultaat is een dijbeenbeschermer die comfort en bescherming biedt zonder compromis \u2013 precies wat professionele trainers nodig hebben.<\/p>\n<hr data-start=\"2924\" data-end=\"2927\" \/>\n<h3 data-start=\"2929\" data-end=\"2963\">Comfort en Bewegingsvrijheid<\/h3>\n<p data-start=\"2965\" data-end=\"3236\">Der <strong data-start=\"2968\" data-end=\"2998\">Demanet-Oberschenkelschutz<\/strong> onderscheidt zich door zijn <strong data-start=\"3027\" data-end=\"3048\">ergonomische vorm<\/strong> Und <strong data-start=\"3052\" data-end=\"3075\">verstelbare pasvorm<\/strong>.<br data-start=\"3076\" data-end=\"3079\" \/>Dankzij de stevige riemen en klittenbandsluitingen blijft de beschermer goed op zijn plaats, zelfs tijdens explosieve bewegingen of snelle draaibewegingen.<\/p>\n<p data-start=\"3238\" data-end=\"3489\">De flexibele constructie maakt het mogelijk om met vertrouwen te bewegen, te lopen en te reageren tijdens bijtoefeningen.<br data-start=\"3359\" data-end=\"3362\" \/>Het beschermingsmateriaal is dik genoeg om schokken te absorberen, maar niet zo stijf dat het de bewegingsvrijheid belemmert.<\/p>\n<p data-start=\"3491\" data-end=\"3653\">Dit maakt de <strong data-start=\"3504\" data-end=\"3534\">Demanet-Oberschenkelschutz<\/strong> perfect geschikt voor zowel beginners als ervaren pakwerkers die maximale controle en bescherming willen combineren.<\/p>\n<hr data-start=\"3655\" data-end=\"3658\" \/>\n<h3 data-start=\"3660\" data-end=\"3709\">Ideaal voor Professionele Trainers en Clubs<\/h3>\n<p data-start=\"3711\" data-end=\"4027\">Der <strong data-start=\"3714\" data-end=\"3744\">Demanet-Oberschenkelschutz<\/strong> is een essentieel onderdeel van de professionele uitrusting voor iedereen die actief is in hondensport, politiehondentraining of beveiligingswerk.<br data-start=\"3891\" data-end=\"3894\" \/>Het biedt niet alleen bescherming, maar ook vertrouwen \u2013 de zekerheid dat je veilig kunt trainen, ook met sterke en ervaren honden.<\/p>\n<p data-start=\"4029\" data-end=\"4342\">De beschermer kan eenvoudig worden gecombineerd met andere Demanet-producten, zoals de <strong data-start=\"4116\" data-end=\"4135\">Beinsch\u00fctzer<\/strong>, <strong data-start=\"4137\" data-end=\"4159\">beschermingsvesten<\/strong> oder <strong data-start=\"4163\" data-end=\"4177\">bijtpakken<\/strong>, voor een complete beschermingsset.<br data-start=\"4213\" data-end=\"4216\" \/>Dankzij de hoogwaardige afwerking en het stijlvolle ontwerp is het een product dat zowel functioneel als professioneel oogt.<\/p>\n<hr data-start=\"4344\" data-end=\"4347\" \/>\n<h3 data-start=\"4349\" data-end=\"4391\">Duurzaam, Functioneel en Betrouwbaar<\/h3>\n<p data-start=\"4393\" data-end=\"4732\">Demanet staat wereldwijd bekend om zijn <strong data-start=\"4433\" data-end=\"4483\">duurzame en betrouwbare beschermingsmaterialen<\/strong>, en deze dijbeenbeschermer is daarop geen uitzondering.<br data-start=\"4539\" data-end=\"4542\" \/>De combinatie van sterke stoffen, precieze afwerking en een doordacht ontwerp maakt dit een product dat niet alleen functioneel is, maar ook jarenlang meegaat zonder verlies van kwaliteit.<\/p>\n<p data-start=\"4734\" data-end=\"5003\">Der <strong data-start=\"4737\" data-end=\"4767\">Demanet-Oberschenkelschutz<\/strong> is eenvoudig schoon te maken met een vochtige doek en behoudt zijn vorm en stevigheid, zelfs bij intensief gebruik.<br data-start=\"4883\" data-end=\"4886\" \/>Het is een investering in <strong data-start=\"4912\" data-end=\"4966\">veiligheid, kwaliteit en professioneel vakmanschap<\/strong> \u2013 precies waar Demanet voor staat.<\/p>\n<hr data-start=\"5005\" data-end=\"5008\" \/>\n<h3 data-start=\"5010\" data-end=\"5025\">Conclusie<\/h3>\n<p data-start=\"5027\" data-end=\"5242\">Der <strong data-start=\"5030\" data-end=\"5060\">Demanet-Oberschenkelschutz<\/strong> biedt <strong data-start=\"5067\" data-end=\"5126\">maximale bescherming, draagcomfort en Spaanse kwaliteit<\/strong> in \u00e9\u00e9n product.<br data-start=\"5142\" data-end=\"5145\" \/>Perfect voor trainers en hondensporters die hun uitrusting naar een hoger niveau willen tillen.<\/p>\n<p data-start=\"5244\" data-end=\"5566\">Met zijn lichte, flexibele ontwerp en handgemaakte afwerking is dit een betrouwbare keuze voor iedereen die werkt met jonge of volwassen honden in training.<br data-start=\"5400\" data-end=\"5403\" \/>Kies voor <strong data-start=\"5413\" data-end=\"5424\">Demanet<\/strong> en ervaar de ultieme combinatie van <strong data-start=\"5461\" data-end=\"5510\">veiligheid, duurzaamheid en bewegingsvrijheid<\/strong> \u2013 precies wat elke professionele trainer nodig heeft.<\/p>\n<p><a href=\"https:\/\/www.demanet-international.com\/\" target=\"_blank\" rel=\"noopener\"><img loading=\"lazy\" decoding=\"async\" class=\"alignnone wp-image-71387 size-full\" src=\"https:\/\/dogpride.nl\/wp-content\/uploads\/Logo-Demanet-1.png\" alt=\"\" width=\"227\" height=\"72\" srcset=\"https:\/\/dogpride.nl\/wp-content\/uploads\/Logo-Demanet-1.png 227w, https:\/\/dogpride.nl\/wp-content\/uploads\/Logo-Demanet-1-200x63.png 200w\" sizes=\"auto, (max-width: 227px) 100vw, 227px\" \/><\/a><\/p>\n<p>&nbsp;<\/p>\n<p>&nbsp;<\/p>","protected":false},"excerpt":{"rendered":"<p><strong data-start=\"446\" data-end=\"476\">DEMANET Dijbeenbescherming<\/strong> is ontwikkeld voor intensieve en gecontroleerde hondentraining waarbij fysieke druk, stoten en gerichte aanvallen op het onderlichaam voorkomen.<\/p>","protected":false},"featured_media":45020,"template":"","meta":[],"product_brand":[],"product_cat":[1448,2878],"product_tag":[8011,11192,11196,11197,6535,11199,11202,11201,11198,11200],"class_list":{"0":"post-153274","1":"product","2":"type-product","3":"status-publish","4":"has-post-thumbnail","6":"product_cat-demanet-bijtpakken","7":"product_cat-demanet-costumes-cynotechnische-eenheden","8":"product_tag-demanet","9":"product_tag-demanet-bescherming-spanje","10":"product_tag-demanet-dijbeenbescherming","11":"product_tag-dijbeenbeschermer-hondensport","12":"product_tag-dijbeenbescherming","13":"product_tag-hondentraining-dijbeenbeschermer","14":"product_tag-igp-training-bescherming","15":"product_tag-knpv-dijbeenbescherming","16":"product_tag-pakwerk-bescherming","17":"product_tag-professionele-hondensport-bescherming","18":"product_shipping_class-bijzondere-verzending","20":"first","21":"instock","22":"taxable","23":"shipping-taxable","24":"purchasable","25":"product-type-simple"},"mb":[],"mfb_rest_fields":["title"],"_links":{"self":[{"href":"https:\/\/dogpride.nl\/de\/wp-json\/wp\/v2\/product\/153274","targetHints":{"allow":["GET"]}}],"collection":[{"href":"https:\/\/dogpride.nl\/de\/wp-json\/wp\/v2\/product"}],"about":[{"href":"https:\/\/dogpride.nl\/de\/wp-json\/wp\/v2\/types\/product"}],"wp:featuredmedia":[{"embeddable":true,"href":"https:\/\/dogpride.nl\/de\/wp-json\/wp\/v2\/media\/45020"}],"wp:attachment":[{"href":"https:\/\/dogpride.nl\/de\/wp-json\/wp\/v2\/media?parent=153274"}],"wp:term":[{"taxonomy":"product_brand","embeddable":true,"href":"https:\/\/dogpride.nl\/de\/wp-json\/wp\/v2\/product_brand?post=153274"},{"taxonomy":"product_cat","embeddable":true,"href":"https:\/\/dogpride.nl\/de\/wp-json\/wp\/v2\/product_cat?post=153274"},{"taxonomy":"product_tag","embeddable":true,"href":"https:\/\/dogpride.nl\/de\/wp-json\/wp\/v2\/product_tag?post=153274"}],"curies":[{"name":"wp","href":"https:\/\/api.w.org\/{rel}","templated":true}]}}