{"id":15310,"date":"2020-02-26T10:11:42","date_gmt":"2020-02-26T09:11:42","guid":{"rendered":"https:\/\/dogpride1.wpengine.com\/product\/performance-pants-men-oliv-3\/"},"modified":"2026-02-19T13:17:44","modified_gmt":"2026-02-19T12:17:44","slug":"arrak-performance-pants-men-oliv-3","status":"publish","type":"product","link":"https:\/\/dogpride.nl\/de\/arrak-performance-pants-men-oliv-3\/","title":{"rendered":"Arrak Performance Hose Herren Oliv"},"content":{"rendered":"<h4>Arrak Performance Hose Herren Oliv<\/h4>\n<p>Arrak Performance Hose Herren Oliv. Die Arrak Performance-Hose ist ein d\u00fcnneres Modell aus 4-Wege-Stretch.<\/p>\n<p>Es hat wasserabweisende (best\u00e4ndige) Eigenschaften.<br \/>\nEs hat Taschen entlang der Oberschenkel und auch Taschen f\u00fcr Ihre H\u00e4nde, beide mit Rei\u00dfverschl\u00fcssen.<br \/>\nDie Weite der Kn\u00f6chel l\u00e4sst sich mit Druckkn\u00f6pfen verstellen.<br \/>\nEntlang der Beine befindet sich au\u00dferdem ein Rei\u00dfverschluss zum einfachen An- und Ausziehen.<br \/>\nDie Hose besteht aus 91%-Polyester, 9%-Spandex und die verst\u00e4rkten Bereiche sind aus 100%-Polyester f\u00fcr beste Haltbarkeit.<br \/>\nDies ist ein Modell f\u00fcr Personen, die eine strapazierf\u00e4hige und dennoch praktische Hose suchen.<\/p>\n<div><\/div>\n<div style=\"color: #000000; font-size: 13px; text-align: left; text-decoration: none;\"><img loading=\"lazy\" decoding=\"async\" class=\"alignnone wp-image-69331 size-full\" src=\"https:\/\/www.dogpride.nl\/wp-content\/uploads\/Maattabel-AO-New-pants-men-9.jpg\" alt=\"\" width=\"644\" height=\"853\" srcset=\"https:\/\/dogpride.nl\/wp-content\/uploads\/Maattabel-AO-New-pants-men-9.jpg 644w, https:\/\/dogpride.nl\/wp-content\/uploads\/Maattabel-AO-New-pants-men-9-250x331.jpg 250w, https:\/\/dogpride.nl\/wp-content\/uploads\/Maattabel-AO-New-pants-men-9-400x530.jpg 400w, https:\/\/dogpride.nl\/wp-content\/uploads\/Maattabel-AO-New-pants-men-9-226x300.jpg 226w, https:\/\/dogpride.nl\/wp-content\/uploads\/Maattabel-AO-New-pants-men-9-200x265.jpg 200w, https:\/\/dogpride.nl\/wp-content\/uploads\/Maattabel-AO-New-pants-men-9-600x795.jpg 600w\" sizes=\"auto, (max-width: 644px) 100vw, 644px\" \/><\/div>\n<div><a href=\"https:\/\/arrakoutdoor.com\/\" target=\"_blank\" rel=\"noopener\"><img loading=\"lazy\" decoding=\"async\" class=\"alignnone wp-image-139301 size-medium\" src=\"https:\/\/dogpride.nl\/wp-content\/uploads\/Arrak-300x118.jpeg\" alt=\"Logo\" width=\"300\" height=\"118\" srcset=\"https:\/\/dogpride.nl\/wp-content\/uploads\/Arrak-300x118.jpeg 300w, https:\/\/dogpride.nl\/wp-content\/uploads\/Arrak-768x303.jpeg 768w, https:\/\/dogpride.nl\/wp-content\/uploads\/Arrak-18x7.jpeg 18w, https:\/\/dogpride.nl\/wp-content\/uploads\/Arrak-250x99.jpeg 250w, https:\/\/dogpride.nl\/wp-content\/uploads\/Arrak-400x158.jpeg 400w, https:\/\/dogpride.nl\/wp-content\/uploads\/Arrak.jpeg 916w\" sizes=\"auto, (max-width: 300px) 100vw, 300px\" \/><\/a><\/div>\n<div><a href=\"https:\/\/dogpride.nl\/de\/?s=performance&amp;post_type=product\"><img loading=\"lazy\" decoding=\"async\" class=\"alignnone\" title=\"Arrak Performance Hose Herren Oliv\" src=\"https:\/\/dogpride.nl\/wp-content\/uploads\/23028olivefront1.jpg\" alt=\"Arrak Performance Pants Men Oliv\" width=\"118\" height=\"118\" \/><\/a><\/div>\n<div><\/div>\n<div><\/div>\n<div><span style=\"color: #ffffff;\"><a style=\"color: #ffffff;\" href=\"https:\/\/arrakoutdoor.com\/\" target=\"_blank\" rel=\"noopener\">https:\/\/arrakoutdoor.com\/<\/a><\/span><\/div>","protected":false},"excerpt":{"rendered":"<p>Die Arrak Performance-Hose ist ein d\u00fcnneres Modell aus 4-Wege-Stretch. Es hat wasserabweisende (best\u00e4ndige) Eigenschaften. Es hat Taschen entlang der Oberschenkel und auch Taschen f\u00fcr Ihre H\u00e4nde, beide mit Rei\u00dfverschl\u00fcssen.<\/p>","protected":false},"featured_media":25985,"template":"","meta":[],"product_brand":[],"product_cat":[24458],"product_tag":[],"class_list":{"0":"post-15310","1":"product","2":"type-product","3":"status-publish","4":"has-post-thumbnail","6":"product_cat-arrak-outdoor-heren-broeken","8":"first","9":"instock","10":"taxable","11":"shipping-taxable","12":"purchasable","13":"product-type-variable"},"mb":[],"mfb_rest_fields":["title"],"_links":{"self":[{"href":"https:\/\/dogpride.nl\/de\/wp-json\/wp\/v2\/product\/15310","targetHints":{"allow":["GET"]}}],"collection":[{"href":"https:\/\/dogpride.nl\/de\/wp-json\/wp\/v2\/product"}],"about":[{"href":"https:\/\/dogpride.nl\/de\/wp-json\/wp\/v2\/types\/product"}],"wp:featuredmedia":[{"embeddable":true,"href":"https:\/\/dogpride.nl\/de\/wp-json\/wp\/v2\/media\/25985"}],"wp:attachment":[{"href":"https:\/\/dogpride.nl\/de\/wp-json\/wp\/v2\/media?parent=15310"}],"wp:term":[{"taxonomy":"product_brand","embeddable":true,"href":"https:\/\/dogpride.nl\/de\/wp-json\/wp\/v2\/product_brand?post=15310"},{"taxonomy":"product_cat","embeddable":true,"href":"https:\/\/dogpride.nl\/de\/wp-json\/wp\/v2\/product_cat?post=15310"},{"taxonomy":"product_tag","embeddable":true,"href":"https:\/\/dogpride.nl\/de\/wp-json\/wp\/v2\/product_tag?post=15310"}],"curies":[{"name":"wp","href":"https:\/\/api.w.org\/{rel}","templated":true}]}}