{"id":15303,"date":"2020-02-26T09:24:34","date_gmt":"2020-02-26T08:24:34","guid":{"rendered":"https:\/\/dogpride1.wpengine.com\/product\/power-fleece-vest-lady-black-3\/"},"modified":"2025-10-29T07:44:42","modified_gmt":"2025-10-29T06:44:42","slug":"arrak-power-fleece-vest-lady-black-3","status":"publish","type":"product","link":"https:\/\/dogpride.nl\/de\/arrak-power-fleece-vest-lady-black-3\/","title":{"rendered":"ARRAK Power Fleece Weste Lady Schwarz"},"content":{"rendered":"<h4>ARRAK Power Fleece Weste Lady Schwarz<\/h4>\n<p>ARRAK Power Fleece Weste Lady Schwarz<\/p>\n<p>Een zachte en heerlijke hoodie met een moderne pasvorm in stretch materiaal. 91% polyester\/9 spandex. Geborstelde zachte binnenkant.<br \/>\nDe trui heeft steekzakken aan de voorkant met een rits en een slimme en praktische achterzak, ook met een rits. De trui heeft stevige duimgrepen bij de manchetten. Gewicht in maat M 522g.<\/p>\n<p>Strakkere pasvorm en iets ingesnoerd in de taille.<\/p>\n<ul>\n<li>91% Polyester\/9% Spandex<\/li>\n<li>Geborstelde zachte binnenkant<\/li>\n<li>Ges\u00e4\u00dftasche mit Rei\u00dfverschluss<\/li>\n<li>Steekzakken met rits<\/li>\n<li>Duim grip<\/li>\n<li>Capuchon verstelbaar met trekkoord<\/li>\n<li>Hoher Kragen<\/li>\n<li>Gewicht in maat M 522g<\/li>\n<\/ul>\n<h3>GR\u00d6SSENTABELLE:<\/h3>\n<p><img loading=\"lazy\" decoding=\"async\" class=\"alignnone wp-image-122122 size-large\" src=\"https:\/\/dogpride.nl\/wp-content\/uploads\/27009Maattabel-Dames-1024x819.jpg\" alt=\"Maattabel Dames\" width=\"1024\" height=\"819\" srcset=\"https:\/\/dogpride.nl\/wp-content\/uploads\/27009Maattabel-Dames-1024x819.jpg 1024w, https:\/\/dogpride.nl\/wp-content\/uploads\/27009Maattabel-Dames-300x240.jpg 300w, https:\/\/dogpride.nl\/wp-content\/uploads\/27009Maattabel-Dames-768x614.jpg 768w, https:\/\/dogpride.nl\/wp-content\/uploads\/27009Maattabel-Dames-15x12.jpg 15w, https:\/\/dogpride.nl\/wp-content\/uploads\/27009Maattabel-Dames-250x200.jpg 250w, https:\/\/dogpride.nl\/wp-content\/uploads\/27009Maattabel-Dames-400x320.jpg 400w, https:\/\/dogpride.nl\/wp-content\/uploads\/27009Maattabel-Dames.jpg 1500w\" sizes=\"auto, (max-width: 1024px) 100vw, 1024px\" \/><\/p>\n<div style=\"color: #000000; font-size: 13px; text-align: left; text-decoration: none;\"><\/div>\n<div style=\"color: #000000; font-size: 13px; text-align: left; text-decoration: none;\"><a href=\"https:\/\/arrakoutdoor.com\/\" target=\"_blank\" rel=\"noopener\"><img loading=\"lazy\" decoding=\"async\" class=\"alignnone wp-image-139301 size-medium\" src=\"https:\/\/dogpride.nl\/wp-content\/uploads\/Arrak-300x118.jpeg\" alt=\"Logo\" width=\"300\" height=\"118\" srcset=\"https:\/\/dogpride.nl\/wp-content\/uploads\/Arrak-300x118.jpeg 300w, https:\/\/dogpride.nl\/wp-content\/uploads\/Arrak-768x303.jpeg 768w, https:\/\/dogpride.nl\/wp-content\/uploads\/Arrak-18x7.jpeg 18w, https:\/\/dogpride.nl\/wp-content\/uploads\/Arrak-250x99.jpeg 250w, https:\/\/dogpride.nl\/wp-content\/uploads\/Arrak-400x158.jpeg 400w, https:\/\/dogpride.nl\/wp-content\/uploads\/Arrak.jpeg 916w\" sizes=\"auto, (max-width: 300px) 100vw, 300px\" \/><\/a><\/div>\n<div><a href=\"https:\/\/dogpride.nl\/de\/kleding\/vesten\/arrak-outdoor-vesten\/?product-page=2\"><img loading=\"lazy\" decoding=\"async\" class=\"alignnone\" title=\"ARRAK Power Fleece Weste Lady Schwarz\" src=\"https:\/\/dogpride.nl\/wp-content\/uploads\/27009-99front-5-150x150.jpg\" alt=\"ARRAK Power Fleece Vest Lady Black\" width=\"150\" height=\"150\" \/><\/a><\/div>","protected":false},"excerpt":{"rendered":"<p>Der Power Fleece Vest Lady Black von Arrak ist ein weicher Kapuzenpullover mit enger Passform aus Stretchmaterial. Der Pullover hat Seitentaschen mit Rei\u00dfverschluss und eine schicke und praktische Ges\u00e4\u00dftasche.<\/p>","protected":false},"featured_media":25935,"template":"","meta":[],"product_brand":[],"product_cat":[3867],"product_tag":[11061,11076,3335,11074,11056,11075,9487,11073,11055,11070,11072,9497,9488,11077,11047,5396,11054,11071,11052,9489,11068],"class_list":{"0":"post-15303","1":"product","2":"type-product","3":"status-publish","4":"has-post-thumbnail","6":"product_cat-arrak-outdoor-vesten","7":"product_tag-ademend-fleece","8":"product_tag-allseason-vest","9":"product_tag-arrak","10":"product_tag-comfortabele-fleece","11":"product_tag-dames-fleece","12":"product_tag-duurzame-kleding","13":"product_tag-fleece-vest","14":"product_tag-functionele-kleding","15":"product_tag-heren-fleece","16":"product_tag-hiking-kleding","17":"product_tag-lichtgewicht-vest","18":"product_tag-outdoor-kleding","19":"product_tag-outdoor-vest","20":"product_tag-power-fleece-vest","21":"product_tag-scandinavisch-design","22":"product_tag-softshell-vest","23":"product_tag-sport-fleece","24":"product_tag-thermovest","25":"product_tag-unisex-fleece","26":"product_tag-wandelvest","27":"product_tag-warme-fleece","29":"first","30":"instock","31":"taxable","32":"shipping-taxable","33":"purchasable","34":"product-type-variable"},"mb":[],"mfb_rest_fields":["title"],"_links":{"self":[{"href":"https:\/\/dogpride.nl\/de\/wp-json\/wp\/v2\/product\/15303","targetHints":{"allow":["GET"]}}],"collection":[{"href":"https:\/\/dogpride.nl\/de\/wp-json\/wp\/v2\/product"}],"about":[{"href":"https:\/\/dogpride.nl\/de\/wp-json\/wp\/v2\/types\/product"}],"wp:featuredmedia":[{"embeddable":true,"href":"https:\/\/dogpride.nl\/de\/wp-json\/wp\/v2\/media\/25935"}],"wp:attachment":[{"href":"https:\/\/dogpride.nl\/de\/wp-json\/wp\/v2\/media?parent=15303"}],"wp:term":[{"taxonomy":"product_brand","embeddable":true,"href":"https:\/\/dogpride.nl\/de\/wp-json\/wp\/v2\/product_brand?post=15303"},{"taxonomy":"product_cat","embeddable":true,"href":"https:\/\/dogpride.nl\/de\/wp-json\/wp\/v2\/product_cat?post=15303"},{"taxonomy":"product_tag","embeddable":true,"href":"https:\/\/dogpride.nl\/de\/wp-json\/wp\/v2\/product_tag?post=15303"}],"curies":[{"name":"wp","href":"https:\/\/api.w.org\/{rel}","templated":true}]}}