{"id":15299,"date":"2020-02-26T08:44:19","date_gmt":"2020-02-26T07:44:19","guid":{"rendered":"https:\/\/dogpride1.wpengine.com\/product\/stormy-fleece-vest-men-grey-3\/"},"modified":"2025-10-29T07:46:11","modified_gmt":"2025-10-29T06:46:11","slug":"arrak-stormy-fleece-vest-men-grey-3","status":"publish","type":"product","link":"https:\/\/dogpride.nl\/de\/arrak-stormy-fleece-vest-men-grey-3\/","title":{"rendered":"ARRAK Stormy Fleece Weste Herren Grau"},"content":{"rendered":"<h4>ARRAK Stormy Fleece Weste Herren Grau<\/h4>\n<p>Die ARRAK Stormy Fleece Vest Men Grey ist eine wind- und wasserabweisende 3-Lagen-Fleeceweste, die Sie sowohl trocken als auch warm h\u00e4lt.<br \/>\nPerfekt als Oberbekleidung oder als Zwischenschicht an k\u00e4lteren Tagen.<\/p>\n<ul>\n<li>2-Wege-Frontrei\u00dfverschluss.<\/li>\n<\/ul>\n<p>Gro\u00dfe Brusttasche mit Rei\u00dfverschluss, Seitentaschen mit Rei\u00dfverschluss vorne und nat\u00fcrlich die praktische Ges\u00e4\u00dftasche hinten.<\/p>\n<p><strong>Gr\u00f6\u00dfentabelle:<\/strong><\/p>\n<div><\/div>\n<div style=\"color: #000000; font-size: 13px; text-align: left; text-decoration: none;\"><img loading=\"lazy\" decoding=\"async\" class=\"alignnone wp-image-70336 size-large\" src=\"https:\/\/www.dogpride.nl\/wp-content\/uploads\/men_s_tops_-711x1024.jpg\" alt=\"Maattabel\" width=\"711\" height=\"1024\" srcset=\"https:\/\/dogpride.nl\/wp-content\/uploads\/men_s_tops_-711x1024.jpg 711w, https:\/\/dogpride.nl\/wp-content\/uploads\/men_s_tops_-250x360.jpg 250w, https:\/\/dogpride.nl\/wp-content\/uploads\/men_s_tops_-400x576.jpg 400w, https:\/\/dogpride.nl\/wp-content\/uploads\/men_s_tops_-208x300.jpg 208w, https:\/\/dogpride.nl\/wp-content\/uploads\/men_s_tops_-768x1106.jpg 768w, https:\/\/dogpride.nl\/wp-content\/uploads\/men_s_tops_-200x288.jpg 200w, https:\/\/dogpride.nl\/wp-content\/uploads\/men_s_tops_-600x864.jpg 600w, https:\/\/dogpride.nl\/wp-content\/uploads\/men_s_tops_-800x1152.jpg 800w, https:\/\/dogpride.nl\/wp-content\/uploads\/men_s_tops_.jpg 833w\" sizes=\"auto, (max-width: 711px) 100vw, 711px\" \/><\/div>\n<div><a href=\"https:\/\/arrakoutdoor.com\/\" target=\"_blank\" rel=\"noopener\"><img loading=\"lazy\" decoding=\"async\" class=\"alignnone wp-image-139301 size-medium\" src=\"https:\/\/dogpride.nl\/wp-content\/uploads\/Arrak-300x118.jpeg\" alt=\"Logo\" width=\"300\" height=\"118\" srcset=\"https:\/\/dogpride.nl\/wp-content\/uploads\/Arrak-300x118.jpeg 300w, https:\/\/dogpride.nl\/wp-content\/uploads\/Arrak-768x303.jpeg 768w, https:\/\/dogpride.nl\/wp-content\/uploads\/Arrak-18x7.jpeg 18w, https:\/\/dogpride.nl\/wp-content\/uploads\/Arrak-250x99.jpeg 250w, https:\/\/dogpride.nl\/wp-content\/uploads\/Arrak-400x158.jpeg 400w, https:\/\/dogpride.nl\/wp-content\/uploads\/Arrak.jpeg 916w\" sizes=\"auto, (max-width: 300px) 100vw, 300px\" \/><\/a><\/div>\n<div><a href=\"https:\/\/dogpride.nl\/de\/kleding\/vesten\/arrak-outdoor-vesten\/?product-page=2\"><img loading=\"lazy\" decoding=\"async\" class=\"alignnone\" title=\"ARRAK Stormy Fleece Weste Herren Grau\" src=\"https:\/\/dogpride.nl\/wp-content\/uploads\/27020-95front1-4-150x150.jpg\" alt=\"ARRAK Stormy Fleece Vest Men Grey\" width=\"150\" height=\"150\" \/><\/a><\/div>","protected":false},"excerpt":{"rendered":"<p>Die Stormy Fleece Vest Men Grey von Arrak ist eine wind- und wasserabweisende 3-Lagen-Fleeceweste, die Sie sowohl trocken als auch warm h\u00e4lt. Perfekt als Oberbekleidung oder als Mittelschicht an k\u00e4lteren Tagen.<\/p>","protected":false},"featured_media":25904,"template":"","meta":[],"product_brand":[],"product_cat":[3867],"product_tag":[11061,11076,3335,11074,11056,11075,9487,11073,11055,11070,11072,9497,9488,11047,11063,11069,11067,11071,11052,9489,11068],"class_list":{"0":"post-15299","1":"product","2":"type-product","3":"status-publish","4":"has-post-thumbnail","6":"product_cat-arrak-outdoor-vesten","7":"product_tag-ademend-fleece","8":"product_tag-allseason-vest","9":"product_tag-arrak","10":"product_tag-comfortabele-fleece","11":"product_tag-dames-fleece","12":"product_tag-duurzame-kleding","13":"product_tag-fleece-vest","14":"product_tag-functionele-kleding","15":"product_tag-heren-fleece","16":"product_tag-hiking-kleding","17":"product_tag-lichtgewicht-vest","18":"product_tag-outdoor-kleding","19":"product_tag-outdoor-vest","20":"product_tag-scandinavisch-design","21":"product_tag-softshell-fleece","22":"product_tag-sport-vest","23":"product_tag-stormy-fleece-vest","24":"product_tag-thermovest","25":"product_tag-unisex-fleece","26":"product_tag-wandelvest","27":"product_tag-warme-fleece","29":"first","30":"instock","31":"taxable","32":"shipping-taxable","33":"purchasable","34":"product-type-variable"},"mb":[],"mfb_rest_fields":["title"],"_links":{"self":[{"href":"https:\/\/dogpride.nl\/de\/wp-json\/wp\/v2\/product\/15299","targetHints":{"allow":["GET"]}}],"collection":[{"href":"https:\/\/dogpride.nl\/de\/wp-json\/wp\/v2\/product"}],"about":[{"href":"https:\/\/dogpride.nl\/de\/wp-json\/wp\/v2\/types\/product"}],"wp:featuredmedia":[{"embeddable":true,"href":"https:\/\/dogpride.nl\/de\/wp-json\/wp\/v2\/media\/25904"}],"wp:attachment":[{"href":"https:\/\/dogpride.nl\/de\/wp-json\/wp\/v2\/media?parent=15299"}],"wp:term":[{"taxonomy":"product_brand","embeddable":true,"href":"https:\/\/dogpride.nl\/de\/wp-json\/wp\/v2\/product_brand?post=15299"},{"taxonomy":"product_cat","embeddable":true,"href":"https:\/\/dogpride.nl\/de\/wp-json\/wp\/v2\/product_cat?post=15299"},{"taxonomy":"product_tag","embeddable":true,"href":"https:\/\/dogpride.nl\/de\/wp-json\/wp\/v2\/product_tag?post=15299"}],"curies":[{"name":"wp","href":"https:\/\/api.w.org\/{rel}","templated":true}]}}