{"id":15276,"date":"2020-02-25T14:11:15","date_gmt":"2020-02-25T13:11:15","guid":{"rendered":"https:\/\/dogpride1.wpengine.com\/product\/pro-99-function-t-shirt-women-yellow-2\/"},"modified":"2025-11-07T10:47:39","modified_gmt":"2025-11-07T09:47:39","slug":"arrak-function-t-shirt-women-yellow","status":"publish","type":"product","link":"https:\/\/dogpride.nl\/de\/arrak-function-t-shirt-women-yellow\/","title":{"rendered":"ARRAK Funktions-T-Shirt Damen Gelb"},"content":{"rendered":"<h4>ARRAK Funktions-T-Shirt Damen Gelb<\/h4>\n<p>ARRAK Funktions-T-Shirt Damen Gelb<\/p>\n<p style=\"color: #000000; font-size: 13px; text-align: left; text-decoration: none;\">Arrak Outdoors Funktions-T-Shirt Damen folgt Ihren Bewegungen bei jeder Geschwindigkeit.<br \/>\nDas Shirt ist in verschiedenen Farben erh\u00e4ltlich und hat einen Damenschnitt f\u00fcr die beste Passform.<br \/>\nDas Shirt besteht aus 100%-Polyester, was bedeutet, dass das Shirt Feuchtigkeit vom K\u00f6rper wegtransportiert und Sie trocken und k\u00fchl h\u00e4lt.<\/p>\n<p style=\"color: #000000; font-size: 13px; text-align: left; text-decoration: none;\">Benutzen Sie das T-Shirt im Alltag, wenn Sie spazieren gehen, laufen, ins Fitnessstudio gehen, spazieren gehen, Hundesport betreiben oder im Stall arbeiten.<br \/>\nWenn Sie jemand sind, der ein aktives Leben f\u00fchrt, ist dieses Shirt ein Muss f\u00fcr Sie.<\/p>\n<ul>\n<li style=\"color: #000000; font-size: 13px; text-align: left; text-decoration: none;\">100%-Polyester<\/li>\n<li style=\"color: #000000; font-size: 13px; text-align: left; text-decoration: none;\">Verschiedene Farben<\/li>\n<\/ul>\n<p style=\"color: #000000; font-size: 13px; text-align: left; text-decoration: none;\"><img loading=\"lazy\" decoding=\"async\" class=\"alignnone wp-image-70501 size-large\" src=\"https:\/\/www.dogpride.nl\/wp-content\/uploads\/women_s_tops_-1-738x1024.jpg\" alt=\"Maattabel\" width=\"738\" height=\"1024\" srcset=\"https:\/\/dogpride.nl\/wp-content\/uploads\/women_s_tops_-1-738x1024.jpg 738w, https:\/\/dogpride.nl\/wp-content\/uploads\/women_s_tops_-1-250x347.jpg 250w, https:\/\/dogpride.nl\/wp-content\/uploads\/women_s_tops_-1-400x555.jpg 400w, https:\/\/dogpride.nl\/wp-content\/uploads\/women_s_tops_-1-216x300.jpg 216w, https:\/\/dogpride.nl\/wp-content\/uploads\/women_s_tops_-1-768x1065.jpg 768w, https:\/\/dogpride.nl\/wp-content\/uploads\/women_s_tops_-1-200x277.jpg 200w, https:\/\/dogpride.nl\/wp-content\/uploads\/women_s_tops_-1-600x832.jpg 600w, https:\/\/dogpride.nl\/wp-content\/uploads\/women_s_tops_-1-800x1110.jpg 800w, https:\/\/dogpride.nl\/wp-content\/uploads\/women_s_tops_-1.jpg 865w\" sizes=\"auto, (max-width: 738px) 100vw, 738px\" \/><\/p>\n<p><span style=\"color: #ffffff;\"><a href=\"https:\/\/arrakoutdoor.com\/\" target=\"_blank\" rel=\"noopener\"><img loading=\"lazy\" decoding=\"async\" class=\"alignnone wp-image-141950 size-medium\" src=\"https:\/\/dogpride.nl\/wp-content\/uploads\/Arrak-1-300x118.jpeg\" alt=\"\" width=\"300\" height=\"118\" srcset=\"https:\/\/dogpride.nl\/wp-content\/uploads\/Arrak-1-300x118.jpeg 300w, https:\/\/dogpride.nl\/wp-content\/uploads\/Arrak-1-768x303.jpeg 768w, https:\/\/dogpride.nl\/wp-content\/uploads\/Arrak-1-18x7.jpeg 18w, https:\/\/dogpride.nl\/wp-content\/uploads\/Arrak-1-250x99.jpeg 250w, https:\/\/dogpride.nl\/wp-content\/uploads\/Arrak-1-400x158.jpeg 400w, https:\/\/dogpride.nl\/wp-content\/uploads\/Arrak-1.jpeg 916w\" sizes=\"auto, (max-width: 300px) 100vw, 300px\" \/><\/a><\/span><\/p>\n<p><a href=\"https:\/\/dogpride.nl\/de\/kleding\/t-shirts-en-polos\/arrak-t-shirts-en-polos\/\"><img loading=\"lazy\" decoding=\"async\" class=\"alignnone\" title=\"ARRAK Funktions-T-Shirt Damen Gelb\" src=\"https:\/\/dogpride.nl\/wp-content\/uploads\/function-tshirt-yellow-women02.jpg\" alt=\"ARRAK Function T-shirt Women Yellow\" width=\"194\" height=\"194\" \/><\/a><\/p>","protected":false},"excerpt":{"rendered":"<p>Benutzen Sie das T-Shirt im Alltag, wenn Sie spazieren gehen, laufen, ins Fitnessstudio gehen, spazieren gehen, Hundesport betreiben oder im Stall arbeiten.<\/p>","protected":false},"featured_media":21145,"template":"","meta":[],"product_brand":[],"product_cat":[3893],"product_tag":[],"class_list":{"0":"post-15276","1":"product","2":"type-product","3":"status-publish","4":"has-post-thumbnail","6":"product_cat-arrak-t-shirts-polos","8":"first","9":"instock","10":"taxable","11":"shipping-taxable","12":"purchasable","13":"product-type-variable"},"mb":[],"mfb_rest_fields":["title"],"_links":{"self":[{"href":"https:\/\/dogpride.nl\/de\/wp-json\/wp\/v2\/product\/15276","targetHints":{"allow":["GET"]}}],"collection":[{"href":"https:\/\/dogpride.nl\/de\/wp-json\/wp\/v2\/product"}],"about":[{"href":"https:\/\/dogpride.nl\/de\/wp-json\/wp\/v2\/types\/product"}],"wp:featuredmedia":[{"embeddable":true,"href":"https:\/\/dogpride.nl\/de\/wp-json\/wp\/v2\/media\/21145"}],"wp:attachment":[{"href":"https:\/\/dogpride.nl\/de\/wp-json\/wp\/v2\/media?parent=15276"}],"wp:term":[{"taxonomy":"product_brand","embeddable":true,"href":"https:\/\/dogpride.nl\/de\/wp-json\/wp\/v2\/product_brand?post=15276"},{"taxonomy":"product_cat","embeddable":true,"href":"https:\/\/dogpride.nl\/de\/wp-json\/wp\/v2\/product_cat?post=15276"},{"taxonomy":"product_tag","embeddable":true,"href":"https:\/\/dogpride.nl\/de\/wp-json\/wp\/v2\/product_tag?post=15276"}],"curies":[{"name":"wp","href":"https:\/\/api.w.org\/{rel}","templated":true}]}}