{"id":15238,"date":"2020-02-25T13:00:57","date_gmt":"2020-02-25T12:00:57","guid":{"rendered":"https:\/\/dogpride1.wpengine.com\/product\/pro-99-function-shirt-turquoise-unisex-3\/"},"modified":"2025-11-07T11:44:09","modified_gmt":"2025-11-07T10:44:09","slug":"arrak-function-shirt-turquoise-unisex-3","status":"publish","type":"product","link":"https:\/\/dogpride.nl\/de\/arrak-function-shirt-turquoise-unisex-3\/","title":{"rendered":"ARRAK Funktionsshirt T\u00fcrkis Unisex"},"content":{"rendered":"<h4>ARRAK Funktionsshirt T\u00fcrkis Unisex<\/h4>\n<p>ARRAK Funktionsshirt T\u00fcrkis Unisex.<\/p>\n<p>Ein funktionelles Langarmshirt ist ein Muss, wenn es beim Laufen oder beim Hundesport etwas k\u00e4lter ist.<br \/>\nDas Shirt leitet Feuchtigkeit vom K\u00f6rper weg und h\u00e4lt Sie trocken und warm.<br \/>\nVerwenden Sie dieses Shirt, wenn Sie mit Ihrem Hund trainieren oder Agility oder Obedience trainieren.<br \/>\nAuch wenn Sie gerne spazieren gehen oder mit Ihrem Hund laufen m\u00f6chten, ist dieses Shirt ein Muss.<\/p>\n<ul>\n<li>100%-Polyester<\/li>\n<li>atmungsaktiv<\/li>\n<li>Lange \u00c4rmel<\/li>\n<li>Trainingsshirt<\/li>\n<li>Unisex<\/li>\n<\/ul>\n<p style=\"color: #000000; font-size: 13px; text-align: left; text-decoration: none;\"><img loading=\"lazy\" decoding=\"async\" class=\"alignnone wp-image-70338 size-full\" src=\"https:\/\/www.dogpride.nl\/wp-content\/uploads\/Maattabel-Unisex-tops-1.jpg\" alt=\"Maattabel\" width=\"647\" height=\"813\" srcset=\"https:\/\/dogpride.nl\/wp-content\/uploads\/Maattabel-Unisex-tops-1.jpg 647w, https:\/\/dogpride.nl\/wp-content\/uploads\/Maattabel-Unisex-tops-1-250x314.jpg 250w, https:\/\/dogpride.nl\/wp-content\/uploads\/Maattabel-Unisex-tops-1-400x503.jpg 400w, https:\/\/dogpride.nl\/wp-content\/uploads\/Maattabel-Unisex-tops-1-239x300.jpg 239w, https:\/\/dogpride.nl\/wp-content\/uploads\/Maattabel-Unisex-tops-1-200x251.jpg 200w, https:\/\/dogpride.nl\/wp-content\/uploads\/Maattabel-Unisex-tops-1-600x754.jpg 600w\" sizes=\"auto, (max-width: 647px) 100vw, 647px\" \/><\/p>\n<p><a href=\"https:\/\/arrakoutdoor.com\/\" target=\"_blank\" rel=\"noopener\"><img loading=\"lazy\" decoding=\"async\" class=\"alignnone wp-image-141950 size-medium\" src=\"https:\/\/dogpride.nl\/wp-content\/uploads\/Arrak-1-300x118.jpeg\" alt=\"\" width=\"300\" height=\"118\" srcset=\"https:\/\/dogpride.nl\/wp-content\/uploads\/Arrak-1-300x118.jpeg 300w, https:\/\/dogpride.nl\/wp-content\/uploads\/Arrak-1-768x303.jpeg 768w, https:\/\/dogpride.nl\/wp-content\/uploads\/Arrak-1-18x7.jpeg 18w, https:\/\/dogpride.nl\/wp-content\/uploads\/Arrak-1-250x99.jpeg 250w, https:\/\/dogpride.nl\/wp-content\/uploads\/Arrak-1-400x158.jpeg 400w, https:\/\/dogpride.nl\/wp-content\/uploads\/Arrak-1.jpeg 916w\" sizes=\"auto, (max-width: 300px) 100vw, 300px\" \/><\/a><\/p>\n<p><a href=\"https:\/\/dogpride.nl\/de\/kleding\/t-shirts-en-polos\/arrak-t-shirts-en-polos\/?product-page=3\"><img loading=\"lazy\" decoding=\"async\" class=\"alignnone\" title=\"ARRAK Funktionsshirt T\u00fcrkis Unisex.\" src=\"https:\/\/dogpride.nl\/wp-content\/uploads\/12004-turkos-1.jpg\" alt=\"ARRAK Function Shirt Turquoise Unisex.\" width=\"283\" height=\"283\" \/><\/a><\/p>\n<p>&nbsp;<\/p>","protected":false},"excerpt":{"rendered":"<p>Ein funktionelles Langarmshirt ist ein Muss, wenn es beim Laufen oder beim Hundesport etwas k\u00e4lter ist. Das Shirt leitet Feuchtigkeit vom K\u00f6rper weg und h\u00e4lt Sie trocken und warm.<\/p>","protected":false},"featured_media":15239,"template":"","meta":[],"product_brand":[],"product_cat":[3893],"product_tag":[],"class_list":{"0":"post-15238","1":"product","2":"type-product","3":"status-publish","4":"has-post-thumbnail","6":"product_cat-arrak-t-shirts-polos","8":"first","9":"instock","10":"taxable","11":"shipping-taxable","12":"purchasable","13":"product-type-variable"},"mb":[],"mfb_rest_fields":["title"],"_links":{"self":[{"href":"https:\/\/dogpride.nl\/de\/wp-json\/wp\/v2\/product\/15238","targetHints":{"allow":["GET"]}}],"collection":[{"href":"https:\/\/dogpride.nl\/de\/wp-json\/wp\/v2\/product"}],"about":[{"href":"https:\/\/dogpride.nl\/de\/wp-json\/wp\/v2\/types\/product"}],"wp:featuredmedia":[{"embeddable":true,"href":"https:\/\/dogpride.nl\/de\/wp-json\/wp\/v2\/media\/15239"}],"wp:attachment":[{"href":"https:\/\/dogpride.nl\/de\/wp-json\/wp\/v2\/media?parent=15238"}],"wp:term":[{"taxonomy":"product_brand","embeddable":true,"href":"https:\/\/dogpride.nl\/de\/wp-json\/wp\/v2\/product_brand?post=15238"},{"taxonomy":"product_cat","embeddable":true,"href":"https:\/\/dogpride.nl\/de\/wp-json\/wp\/v2\/product_cat?post=15238"},{"taxonomy":"product_tag","embeddable":true,"href":"https:\/\/dogpride.nl\/de\/wp-json\/wp\/v2\/product_tag?post=15238"}],"curies":[{"name":"wp","href":"https:\/\/api.w.org\/{rel}","templated":true}]}}