{"id":15170,"date":"2020-02-24T14:45:30","date_gmt":"2020-02-24T13:45:30","guid":{"rendered":"https:\/\/dogpride1.wpengine.com\/product\/acadia-softshell-vest-women-pink-black-3\/"},"modified":"2025-11-27T17:10:56","modified_gmt":"2025-11-27T16:10:56","slug":"arrak-acadia-softshell-vest-women-pink-black-3","status":"publish","type":"product","link":"https:\/\/dogpride.nl\/de\/arrak-acadia-softshell-vest-women-pink-black-3\/","title":{"rendered":"ARRAK Acadia Softshell Weste Damen Rosa\/Schwarz"},"content":{"rendered":"<h4>ARRAK Acadia Softshell Weste Damen Rosa\/Schwarz<\/h4>\n<p>Het ARRAK Acadia Softshell Vest Women Pink\/Black.<\/p>\n<p>Die Softshellweste Acadia ist eine funktionelle und stylische Weste f\u00fcr mehrere Einsatzbereiche.<br \/>\nWenn Sie gerne Sport treiben oder mit Hunden wandern, ist diese Weste die perfekte Erg\u00e4nzung zu unserer Softshelljacke Akka, die diese Weste inspiriert hat.<br \/>\nDie Weste verf\u00fcgt \u00fcber sechs Vordertaschen, davon vier mit Rei\u00dfverschluss und eine gro\u00dfe Ges\u00e4\u00dftasche ohne Rei\u00dfverschluss.<\/p>\n<p>Bei Namensaufdrucken ist die R\u00fcckgabe oder der Umtausch von Gr\u00f6\u00dfen nicht m\u00f6glich. Schauen Sie sich daher bitte die Gr\u00f6\u00dfentabelle an.<\/p>\n<ul>\n<li>Gro\u00dfe Ges\u00e4\u00dftasche<\/li>\n<li>Hergestellt aus 100%-Polyester<\/li>\n<li>Sechs Vordertaschen, davon vier mit Rei\u00dfverschl\u00fcssen<\/li>\n<li>Verstellbare Taille<\/li>\n<li>Hoher Kragen<\/li>\n<li>Karabiner f\u00fcr Trinkflasche, Hundeleine oder Fischernetz<\/li>\n<\/ul>\n<p><strong>Gr\u00f6\u00dfentabelle:<\/strong><\/p>\n<p style=\"color: #000000; font-size: 13px; text-align: left; text-decoration: none;\"><a href=\"https:\/\/arrakoutdoor.com\/\" target=\"_blank\" rel=\"noopener\"><img loading=\"lazy\" decoding=\"async\" class=\"alignnone wp-image-70294 size-large\" src=\"https:\/\/dogpride.nl\/wp-content\/uploads\/women_s_tops_-738x1024.jpg\" alt=\"Maattabel\" width=\"738\" height=\"1024\" srcset=\"https:\/\/dogpride.nl\/wp-content\/uploads\/women_s_tops_-738x1024.jpg 738w, https:\/\/dogpride.nl\/wp-content\/uploads\/women_s_tops_-250x347.jpg 250w, https:\/\/dogpride.nl\/wp-content\/uploads\/women_s_tops_-400x555.jpg 400w, https:\/\/dogpride.nl\/wp-content\/uploads\/women_s_tops_-216x300.jpg 216w, https:\/\/dogpride.nl\/wp-content\/uploads\/women_s_tops_-768x1065.jpg 768w, https:\/\/dogpride.nl\/wp-content\/uploads\/women_s_tops_-200x277.jpg 200w, https:\/\/dogpride.nl\/wp-content\/uploads\/women_s_tops_-600x832.jpg 600w, https:\/\/dogpride.nl\/wp-content\/uploads\/women_s_tops_-800x1110.jpg 800w, https:\/\/dogpride.nl\/wp-content\/uploads\/women_s_tops_.jpg 865w\" sizes=\"auto, (max-width: 738px) 100vw, 738px\" \/><\/a><\/p>\n<p><a href=\"https:\/\/dogpride.nl\/de\/kleding\/trainingsvesten\/arrak-outdoor-trainingsvesten\/?product-page=3\"><img loading=\"lazy\" decoding=\"async\" class=\"alignnone\" title=\"Arrak Acadia Softshell Vest Woman Black\/Pink\" src=\"https:\/\/dogpride.nl\/wp-content\/uploads\/22012-32_front1_model-150x150.jpg\" alt=\"Arrak Acadia Softshell Vest Woman Black\/Pink\" width=\"150\" height=\"150\" \/><img loading=\"lazy\" decoding=\"async\" class=\"alignnone\" src=\"https:\/\/dogpride.nl\/wp-content\/uploads\/22012-32front-3-150x150.jpg\" alt=\"\" width=\"150\" height=\"150\" \/><\/a><\/p>\n<p><a href=\"https:\/\/arrakoutdoor.com\/?gad_source=1&amp;gad_campaignid=17831368039&amp;gbraid=0AAAAADMpsjTjxSYI2mZf6V1fkFItM3rbI&amp;gclid=CjwKCAjw04HIBhB8EiwA8jGNbTSr_IrZliX_1ll-eRCGY88bPjxKvRAx4fBVTE8nCv4BRbxzY3V8bhoCVJkQAvD_BwE\" target=\"_blank\" rel=\"noopener\"><img loading=\"lazy\" decoding=\"async\" class=\"alignnone wp-image-139301 size-medium\" src=\"https:\/\/dogpride.nl\/wp-content\/uploads\/Arrak-300x118.jpeg\" alt=\"Logo\" width=\"300\" height=\"118\" srcset=\"https:\/\/dogpride.nl\/wp-content\/uploads\/Arrak-300x118.jpeg 300w, https:\/\/dogpride.nl\/wp-content\/uploads\/Arrak-768x303.jpeg 768w, https:\/\/dogpride.nl\/wp-content\/uploads\/Arrak-18x7.jpeg 18w, https:\/\/dogpride.nl\/wp-content\/uploads\/Arrak-250x99.jpeg 250w, https:\/\/dogpride.nl\/wp-content\/uploads\/Arrak-400x158.jpeg 400w, https:\/\/dogpride.nl\/wp-content\/uploads\/Arrak.jpeg 916w\" sizes=\"auto, (max-width: 300px) 100vw, 300px\" \/><\/a><\/p>","protected":false},"excerpt":{"rendered":"<p>Die Softshellweste Acadia ist eine funktionelle und stylische Weste f\u00fcr mehrere Einsatzbereiche. Wenn Sie gerne Sport treiben oder mit Hunden wandern, ist diese Weste die perfekte Erg\u00e4nzung zu unserer Softshelljacke Akka, die diese Weste inspiriert hat.<\/p>","protected":false},"featured_media":25589,"template":"","meta":[],"product_brand":[],"product_cat":[3870],"product_tag":[],"class_list":{"0":"post-15170","1":"product","2":"type-product","3":"status-publish","4":"has-post-thumbnail","6":"product_cat-arrak-outdoor-dames-trainingsvesten","8":"first","9":"instock","10":"taxable","11":"shipping-taxable","12":"purchasable","13":"product-type-variable"},"mb":[],"mfb_rest_fields":["title"],"_links":{"self":[{"href":"https:\/\/dogpride.nl\/de\/wp-json\/wp\/v2\/product\/15170","targetHints":{"allow":["GET"]}}],"collection":[{"href":"https:\/\/dogpride.nl\/de\/wp-json\/wp\/v2\/product"}],"about":[{"href":"https:\/\/dogpride.nl\/de\/wp-json\/wp\/v2\/types\/product"}],"wp:featuredmedia":[{"embeddable":true,"href":"https:\/\/dogpride.nl\/de\/wp-json\/wp\/v2\/media\/25589"}],"wp:attachment":[{"href":"https:\/\/dogpride.nl\/de\/wp-json\/wp\/v2\/media?parent=15170"}],"wp:term":[{"taxonomy":"product_brand","embeddable":true,"href":"https:\/\/dogpride.nl\/de\/wp-json\/wp\/v2\/product_brand?post=15170"},{"taxonomy":"product_cat","embeddable":true,"href":"https:\/\/dogpride.nl\/de\/wp-json\/wp\/v2\/product_cat?post=15170"},{"taxonomy":"product_tag","embeddable":true,"href":"https:\/\/dogpride.nl\/de\/wp-json\/wp\/v2\/product_tag?post=15170"}],"curies":[{"name":"wp","href":"https:\/\/api.w.org\/{rel}","templated":true}]}}