{"id":1515,"date":"2019-06-18T10:51:33","date_gmt":"2019-06-18T08:51:33","guid":{"rendered":"https:\/\/dogpride1.wpengine.com\/?post_type=product&#038;p=1515"},"modified":"2025-10-28T14:04:00","modified_gmt":"2025-10-28T13:04:00","slug":"pride-biothane-trainingslijn-voor-honden","status":"publish","type":"product","link":"https:\/\/dogpride.nl\/de\/pride-biothane-trainingslijn-voor-honden\/","title":{"rendered":"PRIDE BIOTHANE Trainingsleine f\u00fcr Hunde"},"content":{"rendered":"<h4>PRIDE BIOTHANE Trainingsleine f\u00fcr Hunde<\/h4>\n<div>Diese Trainingsleine besteht aus einem revolution\u00e4ren Biothane\u00ae-Material, das 100% wasserdicht ist, weich bleibt, in Sekundenschnelle abwischbar ist und leicht zu handhaben ist (auch wenn es nass ist).<br \/>\nUnsere All-Weather-Biothane-Sortimente haben das Aussehen und die Haptik von Leder, sind jedoch \u00e4u\u00dferst robust und wartungsfrei.<br \/>\nDie Messingbeschl\u00e4ge rosten nicht.<\/div>\n<div>Mit seiner un\u00fcbertroffenen Allwetterleistung ist dieser G\u00fcrtel ein Favorit von Polizei-, Milit\u00e4r- und Sportbegeisterten.<\/div>\n<div>Modell: 056<br \/>\nMaterial: Biothane<br \/>\nFarbe schwarz<br \/>\nBreedte: 19 mmAfmetingen: 50 cm<br \/>\n100 cm<br \/>\n150 cm<\/div>\n<div><\/div>\n<div><a href=\"https:\/\/dogpride.nl\/de\/pride-biothane-trainingslijn-voor-honden\/\"><img loading=\"lazy\" decoding=\"async\" class=\"alignnone wp-image-136462 size-medium\" src=\"https:\/\/dogpride.nl\/wp-content\/uploads\/PRIDE-BIOTHANE-Trainingslijn-voor-honden-300x200.jpg\" alt=\"PRIDE BIOTHANE Trainingslijn voor honden\" width=\"300\" height=\"200\" srcset=\"https:\/\/dogpride.nl\/wp-content\/uploads\/PRIDE-BIOTHANE-Trainingslijn-voor-honden-300x200.jpg 300w, https:\/\/dogpride.nl\/wp-content\/uploads\/PRIDE-BIOTHANE-Trainingslijn-voor-honden-768x512.jpg 768w, https:\/\/dogpride.nl\/wp-content\/uploads\/PRIDE-BIOTHANE-Trainingslijn-voor-honden-18x12.jpg 18w, https:\/\/dogpride.nl\/wp-content\/uploads\/PRIDE-BIOTHANE-Trainingslijn-voor-honden-250x167.jpg 250w, https:\/\/dogpride.nl\/wp-content\/uploads\/PRIDE-BIOTHANE-Trainingslijn-voor-honden-400x267.jpg 400w, https:\/\/dogpride.nl\/wp-content\/uploads\/PRIDE-BIOTHANE-Trainingslijn-voor-honden.jpg 900w\" sizes=\"auto, (max-width: 300px) 100vw, 300px\" \/><\/a><\/div>\n<p>&nbsp;<\/p>\n<div><a href=\"https:\/\/www.dogpride.eu\/\" target=\"_blank\" rel=\"noopener\"><img loading=\"lazy\" decoding=\"async\" class=\"alignnone wp-image-70657 size-medium\" src=\"https:\/\/dogpride.nl\/wp-content\/uploads\/Logo-Pride2-1-300x96.png\" alt=\"\" width=\"300\" height=\"96\" srcset=\"https:\/\/dogpride.nl\/wp-content\/uploads\/Logo-Pride2-1-300x96.png 300w, https:\/\/dogpride.nl\/wp-content\/uploads\/Logo-Pride2-1-250x80.png 250w, https:\/\/dogpride.nl\/wp-content\/uploads\/Logo-Pride2-1-200x64.png 200w, https:\/\/dogpride.nl\/wp-content\/uploads\/Logo-Pride2-1.png 327w\" sizes=\"auto, (max-width: 300px) 100vw, 300px\" \/><\/a><\/div>\n<div>\n<p>&nbsp;<\/p>\n<\/div>","protected":false},"excerpt":{"rendered":"<p>PRIDE BIOTHANE Trainingsleine f\u00fcr Hunde. Diese Trainingsleine besteht aus einem revolution\u00e4ren Biothane\u00ae-Material, das 100% wasserdicht ist.<\/p>","protected":false},"featured_media":19982,"template":"","meta":[],"product_brand":[],"product_cat":[192],"product_tag":[7433,10992,10993,5863,10994,7865,5110,8254,10995,10425,4867,4566,5226,4979,6215,5717,10975,8834,10968,5034,3157,10978,4121,2969],"class_list":{"0":"post-1515","1":"product","2":"type-product","3":"status-publish","4":"has-post-thumbnail","6":"product_cat-pride-hondenlijnen","7":"product_tag-10m","8":"product_tag-1m","9":"product_tag-2m","10":"product_tag-3m","11":"product_tag-5m","12":"product_tag-anti-slip","13":"product_tag-biothane","14":"product_tag-duurzaam","15":"product_tag-gekleurd","16":"product_tag-handgemaakt","17":"product_tag-handvat","18":"product_tag-k9","19":"product_tag-kong-frog","20":"product_tag-leer","21":"product_tag-messing","22":"product_tag-politie","23":"product_tag-quick-release","24":"product_tag-soft","25":"product_tag-super-grip","26":"product_tag-tracking","27":"product_tag-training","28":"product_tag-wasbaar","29":"product_tag-waterproof","30":"product_tag-zwart","32":"first","33":"instock","34":"taxable","35":"shipping-taxable","36":"purchasable","37":"product-type-variable"},"mb":[],"mfb_rest_fields":["title"],"_links":{"self":[{"href":"https:\/\/dogpride.nl\/de\/wp-json\/wp\/v2\/product\/1515","targetHints":{"allow":["GET"]}}],"collection":[{"href":"https:\/\/dogpride.nl\/de\/wp-json\/wp\/v2\/product"}],"about":[{"href":"https:\/\/dogpride.nl\/de\/wp-json\/wp\/v2\/types\/product"}],"wp:featuredmedia":[{"embeddable":true,"href":"https:\/\/dogpride.nl\/de\/wp-json\/wp\/v2\/media\/19982"}],"wp:attachment":[{"href":"https:\/\/dogpride.nl\/de\/wp-json\/wp\/v2\/media?parent=1515"}],"wp:term":[{"taxonomy":"product_brand","embeddable":true,"href":"https:\/\/dogpride.nl\/de\/wp-json\/wp\/v2\/product_brand?post=1515"},{"taxonomy":"product_cat","embeddable":true,"href":"https:\/\/dogpride.nl\/de\/wp-json\/wp\/v2\/product_cat?post=1515"},{"taxonomy":"product_tag","embeddable":true,"href":"https:\/\/dogpride.nl\/de\/wp-json\/wp\/v2\/product_tag?post=1515"}],"curies":[{"name":"wp","href":"https:\/\/api.w.org\/{rel}","templated":true}]}}