{"id":1504,"date":"2019-06-18T08:21:44","date_gmt":"2019-06-18T06:21:44","guid":{"rendered":"https:\/\/dogpride1.wpengine.com\/?post_type=product&#038;p=1504"},"modified":"2025-10-28T14:31:32","modified_gmt":"2025-10-28T13:31:32","slug":"pride-nylon-antislipwerklijn-police","status":"publish","type":"product","link":"https:\/\/dogpride.nl\/de\/pride-nylon-antislipwerklijn-police\/","title":{"rendered":"PRIDE Nylon antislipwerklijn Police"},"content":{"rendered":"<h4>PRIDE Nylon antislipwerklijn Police<\/h4>\n<ul>\n<li style=\"color: #000000; font-size: 13px; text-align: left; text-decoration: none;\">Nylon-Antirutschleine \u201ePolizei\u201c<\/li>\n<li style=\"color: #000000; font-size: 13px; text-align: left; text-decoration: none;\">Material: Nylon<\/li>\n<li style=\"color: #000000; font-size: 13px; text-align: left; text-decoration: none;\">Modell: L-042N<\/li>\n<li style=\"color: #000000; font-size: 13px; text-align: left; text-decoration: none;\">Breite: 20 mm<\/li>\n<\/ul>\n<p style=\"color: #000000; font-size: 13px; text-align: left; text-decoration: none;\">F\u00fcr Hunde bis 40 kg.<\/p>\n<p>Rutschfeste Polizei-Trainingsleine aus bestem, starkem Nylon! An der Leine befinden sich mehrere Ringe, sodass Sie die L\u00e4nge variieren k\u00f6nnen.<\/p>\n<div style=\"color: #000000; font-size: 13px; text-align: left; text-decoration: none;\">Dies ist die Art der Leine, die von Polizei- und Sicherheitsfirmen, Hundeverb\u00e4nden und dem Milit\u00e4r bevorzugt wird. Es ist auch die von Hundetrainern empfohlene Leine.<\/div>\n<div style=\"color: #000000; font-size: 13px; text-align: left; text-decoration: none;\">Ideal f\u00fcr verschwitzte H\u00e4nde<br \/>\nIdeal bei nassem Wetter<br \/>\nIdeal zum Spielen im Wasser<br \/>\nSicherer Halt<\/div>\n<div style=\"color: #000000; font-size: 13px; text-align: left; text-decoration: none;\"><\/div>\n<div style=\"color: #000000; font-size: 13px; text-align: left; text-decoration: none;\">\n<p>Farben: Schwarz-<span style=\"color: #000000; background-color: #ffffff; font-size: 10pt; text-align: left; display: inline; float: none; text-decoration: none;\">Blau<br \/>\nKarabiner und Ringe aus Messing<\/span><\/p>\n<p>So verwenden Sie diese Hundeleine:<\/p>\n<p>\u2013 \u00dcber der Schulterleine:<br \/>\nF\u00fchren Sie das Griffende \u00fcber Ihre Schulter gegen\u00fcber der Seite, auf der Sie Ihren Hund ausf\u00fchren m\u00f6chten, \u00fcber Ihren R\u00fccken und nach oben unter Ihren Arm.<br \/>\nBefestigen Sie den G\u00fcrtelclip am schwebenden \u201eO\u201c-Ring, um eine Schlaufe um Ihren Oberk\u00f6rper zu bilden.<br \/>\nBefestigen Sie Ihren Hund am anderen Ende und los geht\u2019s!<\/p>\n<p>\u2013 Spaziergang mit 2 Hunden: Befestigen Sie einfach einen Hund an jeder Leinenh\u00fclle und halten Sie die Leine in der Mitte.<\/p>\n<p><a href=\"https:\/\/dogpride.nl\/de\/pride-nylon-antislipwerklijn-police\/\"><img loading=\"lazy\" decoding=\"async\" class=\"alignnone wp-image-136547 size-medium\" title=\"PRIDE Nylon antislipwerklijn Police\" src=\"https:\/\/dogpride.nl\/wp-content\/uploads\/PRIDE-Nylon-antislipwerklijn-Police-300x225.jpg\" alt=\"PRIDE Nylon antislipwerklijn Police\" width=\"300\" height=\"225\" srcset=\"https:\/\/dogpride.nl\/wp-content\/uploads\/PRIDE-Nylon-antislipwerklijn-Police-300x225.jpg 300w, https:\/\/dogpride.nl\/wp-content\/uploads\/PRIDE-Nylon-antislipwerklijn-Police-16x12.jpg 16w, https:\/\/dogpride.nl\/wp-content\/uploads\/PRIDE-Nylon-antislipwerklijn-Police-250x188.jpg 250w, https:\/\/dogpride.nl\/wp-content\/uploads\/PRIDE-Nylon-antislipwerklijn-Police-400x300.jpg 400w, https:\/\/dogpride.nl\/wp-content\/uploads\/PRIDE-Nylon-antislipwerklijn-Police.jpg 640w\" sizes=\"auto, (max-width: 300px) 100vw, 300px\" \/><\/a><\/p>\n<\/div>\n<p>&nbsp;<\/p>\n<p><a href=\"https:\/\/www.dogpride.eu\/\" target=\"_blank\" rel=\"noopener\"><img loading=\"lazy\" decoding=\"async\" class=\"alignnone wp-image-70657 size-medium\" src=\"https:\/\/dogpride.nl\/wp-content\/uploads\/Logo-Pride2-1-300x96.png\" alt=\"PRIDE\" width=\"300\" height=\"96\" srcset=\"https:\/\/dogpride.nl\/wp-content\/uploads\/Logo-Pride2-1-300x96.png 300w, https:\/\/dogpride.nl\/wp-content\/uploads\/Logo-Pride2-1-250x80.png 250w, https:\/\/dogpride.nl\/wp-content\/uploads\/Logo-Pride2-1-200x64.png 200w, https:\/\/dogpride.nl\/wp-content\/uploads\/Logo-Pride2-1.png 327w\" sizes=\"auto, (max-width: 300px) 100vw, 300px\" \/><\/a><\/p>\n<p>&nbsp;<\/p>\n<p>&nbsp;<\/p>\n<p>&nbsp;<\/p>","protected":false},"excerpt":{"rendered":"<p>PRIDE Nylon antislipwerklijn Police. Type politietraining antisliplijn gemaakt van het beste sterke nylon! Er zijn verschillende ringen aan de lijn, zodat je de lengte kunt vari\u00ebren.<\/p>","protected":false},"featured_media":23143,"template":"","meta":[],"product_brand":[],"product_cat":[192],"product_tag":[7433,10992,10993,5863,10994,7865,5110,8254,10995,10425,4867,4566,5226,4979,6215,5717,10975,8834,10968,5034,3157,10978,4121,2969],"class_list":{"0":"post-1504","1":"product","2":"type-product","3":"status-publish","4":"has-post-thumbnail","6":"product_cat-pride-hondenlijnen","7":"product_tag-10m","8":"product_tag-1m","9":"product_tag-2m","10":"product_tag-3m","11":"product_tag-5m","12":"product_tag-anti-slip","13":"product_tag-biothane","14":"product_tag-duurzaam","15":"product_tag-gekleurd","16":"product_tag-handgemaakt","17":"product_tag-handvat","18":"product_tag-k9","19":"product_tag-kong-frog","20":"product_tag-leer","21":"product_tag-messing","22":"product_tag-politie","23":"product_tag-quick-release","24":"product_tag-soft","25":"product_tag-super-grip","26":"product_tag-tracking","27":"product_tag-training","28":"product_tag-wasbaar","29":"product_tag-waterproof","30":"product_tag-zwart","32":"first","33":"instock","34":"taxable","35":"shipping-taxable","36":"purchasable","37":"product-type-simple"},"mb":[],"mfb_rest_fields":["title"],"_links":{"self":[{"href":"https:\/\/dogpride.nl\/de\/wp-json\/wp\/v2\/product\/1504","targetHints":{"allow":["GET"]}}],"collection":[{"href":"https:\/\/dogpride.nl\/de\/wp-json\/wp\/v2\/product"}],"about":[{"href":"https:\/\/dogpride.nl\/de\/wp-json\/wp\/v2\/types\/product"}],"wp:featuredmedia":[{"embeddable":true,"href":"https:\/\/dogpride.nl\/de\/wp-json\/wp\/v2\/media\/23143"}],"wp:attachment":[{"href":"https:\/\/dogpride.nl\/de\/wp-json\/wp\/v2\/media?parent=1504"}],"wp:term":[{"taxonomy":"product_brand","embeddable":true,"href":"https:\/\/dogpride.nl\/de\/wp-json\/wp\/v2\/product_brand?post=1504"},{"taxonomy":"product_cat","embeddable":true,"href":"https:\/\/dogpride.nl\/de\/wp-json\/wp\/v2\/product_cat?post=1504"},{"taxonomy":"product_tag","embeddable":true,"href":"https:\/\/dogpride.nl\/de\/wp-json\/wp\/v2\/product_tag?post=1504"}],"curies":[{"name":"wp","href":"https:\/\/api.w.org\/{rel}","templated":true}]}}