{"id":150370,"date":"2025-12-31T13:15:24","date_gmt":"2025-12-31T12:15:24","guid":{"rendered":"https:\/\/dogpride.nl\/?post_type=product&#038;p=150370"},"modified":"2026-04-07T10:10:33","modified_gmt":"2026-04-07T08:10:33","slug":"kong-met-handvat-van-touw-l","status":"publish","type":"product","link":"https:\/\/dogpride.nl\/de\/kong-met-handvat-van-touw-l\/","title":{"rendered":"KONG met handvat van touw L"},"content":{"rendered":"<h4>KONG met handvat van touw L<\/h4>\n<p>KONG met handvat van touw L<\/p>\n<p>KONG\u00ae is legendarisch vanwege zijn sterkte en duurzaamheid en omdat het &#8217;s werelds sterkste rubberen hondenspeelgoed is.<\/p>\n<p>Dit speelgoed voldoet aan grote, vasthoudende krachtkauwers en wordt wereldwijd gebruikt door Police K-9, Drug Enforcement en Military K-9 teams, evenals Schutzhund en AKC Competition Trainers.<br \/>\nZe zijn super veerkrachtig en onweerstaanbaar voor de meeste honden. De KONG\u00ae is gemaakt van een zelfherstellend, duurzaam, natuurlijk rubber dat een unieke combinatie biedt van treksterkte, superieure rek en lekbestendigheid.<br \/>\nGebruik onder toezicht wordt aanbevolen voor krachtkauwers.<\/p>\n<ul>\n<li>Grote KONG\u00ae <strong>7 x 7 x 10 cm<\/strong><\/li>\n<\/ul>\n<h4>Leverbaar in de kleuren: Rood en Zwart<\/h4>\n<p>&nbsp;<\/p>\n<p><a href=\"https:\/\/dogpride.nl\/de\/kong-met-handvat-van-touw-l\/\"><img loading=\"lazy\" decoding=\"async\" class=\"alignnone wp-image-136942 size-thumbnail\" title=\"KONG met handvat van touw L\" src=\"https:\/\/dogpride.nl\/wp-content\/uploads\/KG03R-350-1-150x150.jpg\" alt=\"KONG met handvat van touw L\" width=\"150\" height=\"150\" srcset=\"https:\/\/dogpride.nl\/wp-content\/uploads\/KG03R-350-1-150x150.jpg 150w, https:\/\/dogpride.nl\/wp-content\/uploads\/KG03R-350-1-300x300.jpg 300w, https:\/\/dogpride.nl\/wp-content\/uploads\/KG03R-350-1-12x12.jpg 12w, https:\/\/dogpride.nl\/wp-content\/uploads\/KG03R-350-1-250x250.jpg 250w, https:\/\/dogpride.nl\/wp-content\/uploads\/KG03R-350-1-100x100.jpg 100w, https:\/\/dogpride.nl\/wp-content\/uploads\/KG03R-350-1.jpg 350w\" sizes=\"auto, (max-width: 150px) 100vw, 150px\" \/><\/a><\/p>\n<h4 data-start=\"153\" data-end=\"220\">KONG hondenspeelgoed \u2013 het ultieme speelplezier voor jouw hond<\/h4>\n<p data-start=\"222\" data-end=\"681\">Wanneer je op zoek bent naar duurzaam, veilig en uitdagend speelgoed voor jouw hond, dan is <strong data-start=\"314\" data-end=\"338\">KONG hondenspeelgoed<\/strong> al jarenlang d\u00e9 nummer \u00e9\u00e9n keuze van hondenbezitters, trainers en dierenartsen wereldwijd.<br \/>\nDit iconische merk staat bekend om zijn innovatieve ontwerpen en robuuste materialen die zelfs de meest enthousiaste kauwers aankunnen. Of je hond nu graag speelt, kauwt, apporteert of mentaal uitgedaagd wil worden: KONG heeft het perfecte speeltje.<\/p>\n<h4 data-start=\"683\" data-end=\"707\">Duurzaam en veilig<\/h4>\n<p data-start=\"708\" data-end=\"1157\">Honden staan erom bekend dat ze hun speelgoed vaak niet zachtzinnig behandelen. KONG hondenspeelgoed wordt gemaakt van speciaal, natuurlijk rubber dat stevig genoeg is voor krachtige kaken en tegelijkertijd vriendelijk voor het gebit.<br \/>\nDit maakt het niet alleen veilig, maar ook duurzaam: een KONG gaat vaak maanden, zo niet jaren, mee. Zo heb je als baasje de zekerheid dat jouw hond eindeloos kan spelen zonder dat het speelgoed meteen kapotgaat.<\/p>\n<h4 data-start=\"1159\" data-end=\"1183\">Mentale stimulatie<\/h4>\n<p data-start=\"1184\" data-end=\"1655\">Naast fysiek bezig zijn, heeft een hond ook mentale uitdaging nodig. Veel KONG speeltjes zijn hol van binnen, waardoor je ze kunt vullen met brokjes, pasta\u2019s of zelfs pindakaas. Dit zorgt voor uren speelplezier \u00e9n stimuleert het natuurlijke jacht- en kauwinstinct.<br \/>\nHet is bewezen dat honden die mentaal worden beziggehouden, rustiger en gelukkiger zijn. Met een gevulde KONG voorkom je verveling, stress en ongewenst gedrag zoals overmatig blaffen of kauwen op meubels.<\/p>\n<h4 data-start=\"1657\" data-end=\"1695\">Voor elke hond een passende KONG <span style=\"color: #ffffff;\">KONG met handvat van touw L<\/span><\/h4>\n<p data-start=\"1696\" data-end=\"1799\">Een van de sterke punten van KONG is dat er voor elke hond een geschikt speeltje bestaat. Zo zijn er:<\/p>\n<ul data-start=\"1800\" data-end=\"2414\">\n<li data-start=\"1800\" data-end=\"1931\">\n<p data-start=\"1802\" data-end=\"1931\"><strong data-start=\"1802\" data-end=\"1816\">KONG Puppy<\/strong> \u2013 speciaal ontwikkeld voor jonge honden, gemaakt van zachter rubber om het doorkomen van tanden te ondersteunen.<\/p>\n<\/li>\n<li data-start=\"1932\" data-end=\"2037\">\n<p data-start=\"1934\" data-end=\"2037\"><strong data-start=\"1934\" data-end=\"1950\">KONG Classic<\/strong> \u2013 de meest bekende variant, ideaal voor volwassen honden die graag kauwen en spelen.<\/p>\n<\/li>\n<li data-start=\"2038\" data-end=\"2172\">\n<p data-start=\"2040\" data-end=\"2172\"><strong data-start=\"2040\" data-end=\"2056\">KONG Extreme<\/strong> \u2013 extra stevig rubber, speciaal voor sterke kauwers zoals Rottweilers, Duitse Herders en andere krachtige rassen.<\/p>\n<\/li>\n<li data-start=\"2173\" data-end=\"2414\">\n<p data-start=\"2175\" data-end=\"2414\"><strong data-start=\"2175\" data-end=\"2190\">KONG Senior<\/strong> \u2013 ontworpen voor oudere honden, met een zachtere structuur die vriendelijker is voor tanden en tandvlees.<br data-start=\"2296\" data-end=\"2299\" \/>Daarnaast zijn er ook KONG ballen, frisbees en pluche speeltjes, zodat je eindeloos kunt vari\u00ebren in speelvormen.<\/p>\n<\/li>\n<\/ul>\n<h4 data-start=\"2416\" data-end=\"2443\">Spelenderwijs trainen<\/h4>\n<p data-start=\"2444\" data-end=\"2849\">KONG hondenspeelgoed is niet alleen leuk, maar ook een handig hulpmiddel bij de training. Het helpt bijvoorbeeld bij het aanleren van alleen zijn: een gevulde KONG leidt je hond af en voorkomt dat hij zich verveelt als jij even weg bent.<br \/>\nOok kan het apporteren met een KONG zorgen voor extra motivatie tijdens het buitenspelen. Zo maak je van iedere training een spel dat jouw hond met plezier herhaalt.<\/p>\n<p data-start=\"2444\" data-end=\"2849\"><a href=\"https:\/\/dogpride.nl\/de\/kong-met-handvat-van-touw-l\/\"><img loading=\"lazy\" decoding=\"async\" class=\"alignnone wp-image-136942 size-thumbnail\" title=\"KONG met handvat van touw L\" src=\"https:\/\/dogpride.nl\/wp-content\/uploads\/KG03R-350-1-150x150.jpg\" alt=\"KONG met handvat van touw L\" width=\"150\" height=\"150\" srcset=\"https:\/\/dogpride.nl\/wp-content\/uploads\/KG03R-350-1-150x150.jpg 150w, https:\/\/dogpride.nl\/wp-content\/uploads\/KG03R-350-1-300x300.jpg 300w, https:\/\/dogpride.nl\/wp-content\/uploads\/KG03R-350-1-12x12.jpg 12w, https:\/\/dogpride.nl\/wp-content\/uploads\/KG03R-350-1-250x250.jpg 250w, https:\/\/dogpride.nl\/wp-content\/uploads\/KG03R-350-1-100x100.jpg 100w, https:\/\/dogpride.nl\/wp-content\/uploads\/KG03R-350-1.jpg 350w\" sizes=\"auto, (max-width: 150px) 100vw, 150px\" \/><\/a><\/p>\n<h4 data-start=\"2851\" data-end=\"2881\">Waarom kiezen voor KONG met handvat van touw L? <span style=\"color: #ffffff;\">KONG met handvat van touw L<\/span><\/h4>\n<ul data-start=\"2882\" data-end=\"3120\">\n<li data-start=\"2882\" data-end=\"2926\">\n<p data-start=\"2884\" data-end=\"2926\">Gemaakt van natuurlijk, duurzaam rubber.<\/p>\n<\/li>\n<li data-start=\"2927\" data-end=\"2970\">\n<p data-start=\"2929\" data-end=\"2970\">Bevordert mentale en fysieke uitdaging.<\/p>\n<\/li>\n<li data-start=\"2971\" data-end=\"3020\">\n<p data-start=\"2973\" data-end=\"3020\">Geschikt voor elke leeftijd en elk hondenras.<\/p>\n<\/li>\n<li data-start=\"3021\" data-end=\"3057\">\n<p data-start=\"3023\" data-end=\"3057\">Veilig voor tanden en tandvlees.<\/p>\n<\/li>\n<li data-start=\"3058\" data-end=\"3120\">\n<p data-start=\"3060\" data-end=\"3120\">Aanbevolen door dierenartsen en hondentrainers wereldwijd.<\/p>\n<\/li>\n<\/ul>\n<h4 data-start=\"3122\" data-end=\"3137\">Conclusie<\/h4>\n<p data-start=\"3138\" data-end=\"3552\">Von <strong data-start=\"3142\" data-end=\"3166\">KONG hondenspeelgoed<\/strong> haal je niet zomaar een speeltje in huis, maar een investering in het welzijn van jouw hond. Het combineert plezier, veiligheid en duurzaamheid in \u00e9\u00e9n product. Of je nu een pup hebt die nog alles wil ontdekken, een volwassen hond die vol energie zit of een oudere viervoeter die wat rustiger speelt: er is altijd een KONG die perfect aansluit bij de behoeften van jouw trouwe vriend.<\/p>\n<p data-start=\"3554\" data-end=\"3685\">Bestel vandaag nog de ideale KONG met handvat van touw L en ontdek waarom miljoenen honden en hun baasjes er wereldwijd enthousiast over zijn!<\/p>\n<p data-start=\"3554\" data-end=\"3685\"><a href=\"https:\/\/www.kongcompany.com\/nl\/\" target=\"_blank\" rel=\"noopener\"><img loading=\"lazy\" decoding=\"async\" class=\"alignnone wp-image-136961 size-full\" title=\"KONG met handvat van touw L\" src=\"https:\/\/dogpride.nl\/wp-content\/uploads\/kong_solid_logo_red-thumb-7.jpg\" alt=\"KONG met handvat van touw L\" width=\"150\" height=\"150\" srcset=\"https:\/\/dogpride.nl\/wp-content\/uploads\/kong_solid_logo_red-thumb-7.jpg 150w, https:\/\/dogpride.nl\/wp-content\/uploads\/kong_solid_logo_red-thumb-7-12x12.jpg 12w, https:\/\/dogpride.nl\/wp-content\/uploads\/kong_solid_logo_red-thumb-7-100x100.jpg 100w\" sizes=\"auto, (max-width: 150px) 100vw, 150px\" \/><\/a><\/p>","protected":false},"excerpt":{"rendered":"<p>KONG met handvat van touw L. Dit speelgoed voldoet aan grote, vasthoudende krachtkauwers en wordt wereldwijd gebruikt door Police K-9, Drug Enforcement en Military K-9 teams, evenals Schutzhund en AKC Competition Trainers.<\/p>","protected":false},"featured_media":136942,"template":"","meta":[],"product_brand":[],"product_cat":[22512],"product_tag":[4867,7298,5126,2995,7524,2969],"class_list":{"0":"post-150370","1":"product","2":"type-product","3":"status-publish","4":"has-post-thumbnail","6":"product_cat-kong-speelgoed","7":"product_tag-handvat","8":"product_tag-kong","9":"product_tag-maat-l","10":"product_tag-rood","11":"product_tag-touw","12":"product_tag-zwart","14":"first","15":"instock","16":"taxable","17":"shipping-taxable","18":"purchasable","19":"product-type-variable"},"mb":[],"mfb_rest_fields":["title"],"_links":{"self":[{"href":"https:\/\/dogpride.nl\/de\/wp-json\/wp\/v2\/product\/150370","targetHints":{"allow":["GET"]}}],"collection":[{"href":"https:\/\/dogpride.nl\/de\/wp-json\/wp\/v2\/product"}],"about":[{"href":"https:\/\/dogpride.nl\/de\/wp-json\/wp\/v2\/types\/product"}],"wp:featuredmedia":[{"embeddable":true,"href":"https:\/\/dogpride.nl\/de\/wp-json\/wp\/v2\/media\/136942"}],"wp:attachment":[{"href":"https:\/\/dogpride.nl\/de\/wp-json\/wp\/v2\/media?parent=150370"}],"wp:term":[{"taxonomy":"product_brand","embeddable":true,"href":"https:\/\/dogpride.nl\/de\/wp-json\/wp\/v2\/product_brand?post=150370"},{"taxonomy":"product_cat","embeddable":true,"href":"https:\/\/dogpride.nl\/de\/wp-json\/wp\/v2\/product_cat?post=150370"},{"taxonomy":"product_tag","embeddable":true,"href":"https:\/\/dogpride.nl\/de\/wp-json\/wp\/v2\/product_tag?post=150370"}],"curies":[{"name":"wp","href":"https:\/\/api.w.org\/{rel}","templated":true}]}}