{"id":1500,"date":"2019-06-17T16:29:52","date_gmt":"2019-06-17T14:29:52","guid":{"rendered":"https:\/\/dogpride1.wpengine.com\/?post_type=product&#038;p=1500"},"modified":"2025-10-28T14:35:55","modified_gmt":"2025-10-28T13:35:55","slug":"pride-nylon-werklijn-police","status":"publish","type":"product","link":"https:\/\/dogpride.nl\/de\/pride-nylon-werklijn-police\/","title":{"rendered":"PRIDE Nylon-Arbeitsleine Polizei"},"content":{"rendered":"<h4>PRIDE Nylon-Arbeitsleine Polizei<\/h4>\n<p>PRIDE Nylon-Arbeitsleine Polizei<\/p>\n<div>Typische Polizei-Trainingsleine aus bestem, starkem Nylon! An der Leine befinden sich mehrere Ringe, sodass Sie die L\u00e4nge variieren k\u00f6nnen.<\/div>\n<div>Dies ist die Art der Leine, die von Polizei- und Sicherheitsfirmen, Hundeverb\u00e4nden und dem Milit\u00e4r bevorzugt wird. Es ist auch die von Hundetrainern empfohlene Leine.<\/div>\n<div>\n<p>Ideal f\u00fcr verschwitzte H\u00e4nde<br \/>\nIdeal bei nassem Wetter<br \/>\nIdeal zum Spielen im Wasser<br \/>\nSicherer Halt<\/p>\n<p>So verwenden Sie diese Hundeleine:<\/p>\n<p>\u2013 \u00dcber der Schulterleine:<br \/>\nF\u00fchren Sie das Griffende \u00fcber Ihre Schulter gegen\u00fcber der Seite, auf der Sie Ihren Hund ausf\u00fchren m\u00f6chten, \u00fcber Ihren R\u00fccken und nach oben unter Ihren Arm.<br \/>\nBefestigen Sie den G\u00fcrtelclip am schwebenden \u201eO\u201c-Ring, um eine Schlaufe um Ihren Oberk\u00f6rper zu bilden.<br \/>\nBefestigen Sie Ihren Hund am anderen Ende und los geht\u2019s!<\/p>\n<p>\u2013 Spaziergang mit 2 Hunden: Befestigen Sie einfach einen Hund an jeder Leinenh\u00fclle und halten Sie die Leine in der Mitte.<\/p>\n<\/div>\n<div>Verf\u00fcgbare Farben; Rot, Blau, Lila, Rosa, Gelb, Orange<\/div>\n<div>Breite: 20 mm<\/div>\n<div><\/div>\n<div>Geeignet f\u00fcr Hunde bis 40 kg.<\/div>\n<div><\/div>\n<div><a href=\"https:\/\/www.dogpride.eu\/\" target=\"_blank\" rel=\"noopener\"><img loading=\"lazy\" decoding=\"async\" class=\"alignnone wp-image-70657 size-medium\" src=\"https:\/\/dogpride.nl\/wp-content\/uploads\/Logo-Pride2-1-300x96.png\" alt=\"PRIDE\" width=\"300\" height=\"96\" srcset=\"https:\/\/dogpride.nl\/wp-content\/uploads\/Logo-Pride2-1-300x96.png 300w, https:\/\/dogpride.nl\/wp-content\/uploads\/Logo-Pride2-1-250x80.png 250w, https:\/\/dogpride.nl\/wp-content\/uploads\/Logo-Pride2-1-200x64.png 200w, https:\/\/dogpride.nl\/wp-content\/uploads\/Logo-Pride2-1.png 327w\" sizes=\"auto, (max-width: 300px) 100vw, 300px\" \/><\/a><\/div>\n<div><a href=\"https:\/\/dogpride.nl\/de\/pride-nylon-werklijn-police\/\"><img loading=\"lazy\" decoding=\"async\" class=\"alignnone wp-image-136551 size-medium\" src=\"https:\/\/dogpride.nl\/wp-content\/uploads\/PRIDE-nylon-werklijn-Police-2-300x225.jpg\" alt=\"PRIDE nylon werklijn Police\" width=\"300\" height=\"225\" srcset=\"https:\/\/dogpride.nl\/wp-content\/uploads\/PRIDE-nylon-werklijn-Police-2-300x225.jpg 300w, https:\/\/dogpride.nl\/wp-content\/uploads\/PRIDE-nylon-werklijn-Police-2-1024x768.jpg 1024w, https:\/\/dogpride.nl\/wp-content\/uploads\/PRIDE-nylon-werklijn-Police-2-768x576.jpg 768w, https:\/\/dogpride.nl\/wp-content\/uploads\/PRIDE-nylon-werklijn-Police-2-1536x1152.jpg 1536w, https:\/\/dogpride.nl\/wp-content\/uploads\/PRIDE-nylon-werklijn-Police-2-16x12.jpg 16w, https:\/\/dogpride.nl\/wp-content\/uploads\/PRIDE-nylon-werklijn-Police-2-250x187.jpg 250w, https:\/\/dogpride.nl\/wp-content\/uploads\/PRIDE-nylon-werklijn-Police-2-400x300.jpg 400w, https:\/\/dogpride.nl\/wp-content\/uploads\/PRIDE-nylon-werklijn-Police-2.jpg 1707w\" sizes=\"auto, (max-width: 300px) 100vw, 300px\" \/><\/a><\/div>\n<p>&nbsp;<\/p>\n<div>\n<p>&nbsp;<\/p>\n<\/div>","protected":false},"excerpt":{"rendered":"<p>PRIDE-Arbeitslinie \u201ePolizei\u201c. Typische Polizei-Trainingsleine aus bestem, starkem Nylon! An der Leine befinden sich mehrere Ringe, sodass Sie die L\u00e4nge variieren k\u00f6nnen.<\/p>","protected":false},"featured_media":19975,"template":"","meta":[],"product_brand":[],"product_cat":[192],"product_tag":[7433,10992,10993,5863,10994,7865,5110,8254,10995,10425,4867,4566,5226,4979,6215,5717,10975,8834,10968,5034,3157,10978,4121,2969],"class_list":{"0":"post-1500","1":"product","2":"type-product","3":"status-publish","4":"has-post-thumbnail","6":"product_cat-pride-hondenlijnen","7":"product_tag-10m","8":"product_tag-1m","9":"product_tag-2m","10":"product_tag-3m","11":"product_tag-5m","12":"product_tag-anti-slip","13":"product_tag-biothane","14":"product_tag-duurzaam","15":"product_tag-gekleurd","16":"product_tag-handgemaakt","17":"product_tag-handvat","18":"product_tag-k9","19":"product_tag-kong-frog","20":"product_tag-leer","21":"product_tag-messing","22":"product_tag-politie","23":"product_tag-quick-release","24":"product_tag-soft","25":"product_tag-super-grip","26":"product_tag-tracking","27":"product_tag-training","28":"product_tag-wasbaar","29":"product_tag-waterproof","30":"product_tag-zwart","32":"first","33":"instock","34":"taxable","35":"shipping-taxable","36":"purchasable","37":"product-type-variable"},"mb":[],"mfb_rest_fields":["title"],"_links":{"self":[{"href":"https:\/\/dogpride.nl\/de\/wp-json\/wp\/v2\/product\/1500","targetHints":{"allow":["GET"]}}],"collection":[{"href":"https:\/\/dogpride.nl\/de\/wp-json\/wp\/v2\/product"}],"about":[{"href":"https:\/\/dogpride.nl\/de\/wp-json\/wp\/v2\/types\/product"}],"wp:featuredmedia":[{"embeddable":true,"href":"https:\/\/dogpride.nl\/de\/wp-json\/wp\/v2\/media\/19975"}],"wp:attachment":[{"href":"https:\/\/dogpride.nl\/de\/wp-json\/wp\/v2\/media?parent=1500"}],"wp:term":[{"taxonomy":"product_brand","embeddable":true,"href":"https:\/\/dogpride.nl\/de\/wp-json\/wp\/v2\/product_brand?post=1500"},{"taxonomy":"product_cat","embeddable":true,"href":"https:\/\/dogpride.nl\/de\/wp-json\/wp\/v2\/product_cat?post=1500"},{"taxonomy":"product_tag","embeddable":true,"href":"https:\/\/dogpride.nl\/de\/wp-json\/wp\/v2\/product_tag?post=1500"}],"curies":[{"name":"wp","href":"https:\/\/api.w.org\/{rel}","templated":true}]}}