{"id":1494,"date":"2019-06-17T15:18:30","date_gmt":"2019-06-17T13:18:30","guid":{"rendered":"https:\/\/dogpride1.wpengine.com\/?post_type=product&#038;p=1494"},"modified":"2025-10-28T14:41:24","modified_gmt":"2025-10-28T13:41:24","slug":"pride-hondenlijn-met-kong-frog-connector-2-handvatten","status":"publish","type":"product","link":"https:\/\/dogpride.nl\/de\/pride-hondenlijn-met-kong-frog-connector-2-handvatten\/","title":{"rendered":"PRIDE Hundeleine mit Kong-Frog-Anschluss und 2 Griffen"},"content":{"rendered":"<h4 style=\"color: #1c1e21; background-color: #ffffff; font-size: 14px; text-align: start; display: block;\">PRIDE Hundeleine mit Kong-Frog-Anschluss und 2 Griffen<\/h4>\n<p>PRIDE Hundeleine mit Kong-Frog-Anschluss und 2 Griffen<\/p>\n<p style=\"color: #1c1e21; background-color: #ffffff; font-size: 14px; text-align: start; display: block;\"><span style=\"font-size: 10pt;\">H\u00f6he: 1,8 Meter<\/span><br \/>\n<span style=\"font-size: 10pt;\">Breite: 20 mm<\/span><br \/>\n<span style=\"font-size: 10pt;\">Farbe: schwarz-blau<\/span><\/p>\n<div class=\"text_exposed_show\" style=\"color: #1c1e21; background-color: #ffffff; font-size: 14px; text-align: start; display: inline;\">\n<p><span style=\"font-size: 10pt;\">DezePRIDE hondenlijn met Kong-Frog-connector 2 handvatten is gemaakt voor duurzaamheid. Extra handvat dichtbij de haak maakt het comfortabeler om uw hond dichtbij te houden wanneer dat nodig is.<\/span><br \/>\n<span style=\"font-size: 10pt;\">An der Leine befinden sich mehrere Ringe, sodass Sie die L\u00e4nge variieren k\u00f6nnen.<\/span><\/p>\n<p><span style=\"font-size: 10pt;\">Die Leine hat eine angenehme L\u00e4nge von ca. 180 cm, damit Sie nicht stolpern oder Ihren Hund treten, wenn er vor Ihnen l\u00e4uft.<\/span><br \/>\n<span style=\"font-size: 10pt;\">Weiches Nylonband<\/span><br \/>\n<span style=\"font-size: 10pt;\">Zus\u00e4tzlicher Griff, um den Hund in der N\u00e4he zu halten<\/span><br \/>\n<span style=\"font-size: 10pt;\">Kong Frog\u2122 Schnelltrenn-Metallstecker<\/span><br \/>\n<span style=\"font-size: 10pt;\">Sie k\u00f6nnen die L\u00e4nge variieren<\/span><br \/>\n<span style=\"font-size: 10pt;\">Diese Leine ist ideal f\u00fcr Spazierg\u00e4nge mit Hunden\/Haustieren, f\u00fcr das Training (Schutz\/Bei\u00dfarbeit) und f\u00fcr K9-Dienste.<\/span><\/p>\n<p><span style=\"font-size: 10pt;\">Das Elitemerkmal dieses G\u00fcrtels ist die Kong Frog-Schnalle. Der Frog-Karabiner wird in Italien aus einer Aluminiumlegierung auf einer CNC-Maschine hergestellt. Dieser Karabiner wurde getestet und f\u00fcr eine Widerstandsf\u00e4higkeit von 2600 Kilo Kraft ausgelegt. Der Frog ist so konzipiert, dass er schnell und sicher befestigt werden kann, um gr\u00f6\u00dftm\u00f6glichen Komfort und Sicherheit zu gew\u00e4hrleisten.\u00a0<\/span><br \/>\n<span style=\"font-size: 10pt;\">Diese Schnallen sind extrem langlebig.<\/span><\/p>\n<p>&nbsp;<\/p>\n<p><a href=\"https:\/\/www.dogpride.eu\/\" target=\"_blank\" rel=\"noopener\"><img loading=\"lazy\" decoding=\"async\" class=\"alignnone wp-image-70657 size-medium\" src=\"https:\/\/dogpride.nl\/wp-content\/uploads\/Logo-Pride2-1-300x96.png\" alt=\"PRIDE\" width=\"300\" height=\"96\" srcset=\"https:\/\/dogpride.nl\/wp-content\/uploads\/Logo-Pride2-1-300x96.png 300w, https:\/\/dogpride.nl\/wp-content\/uploads\/Logo-Pride2-1-250x80.png 250w, https:\/\/dogpride.nl\/wp-content\/uploads\/Logo-Pride2-1-200x64.png 200w, https:\/\/dogpride.nl\/wp-content\/uploads\/Logo-Pride2-1.png 327w\" sizes=\"auto, (max-width: 300px) 100vw, 300px\" \/><\/a><\/p>\n<p><a href=\"https:\/\/dogpride.nl\/de\/pride-hondenlijn-met-metalen-kong-frog-connector-2-handvatten\/\"><img loading=\"lazy\" decoding=\"async\" class=\"alignnone wp-image-136560 size-full\" src=\"https:\/\/dogpride.nl\/wp-content\/uploads\/PRIDE-hondenlijn-met-Kong-Frog-connector-2-handvatten-1.jpg\" alt=\"PRIDE hondenlijn met Kong-Frog-connector 2 handvatten\" width=\"264\" height=\"195\" srcset=\"https:\/\/dogpride.nl\/wp-content\/uploads\/PRIDE-hondenlijn-met-Kong-Frog-connector-2-handvatten-1.jpg 264w, https:\/\/dogpride.nl\/wp-content\/uploads\/PRIDE-hondenlijn-met-Kong-Frog-connector-2-handvatten-1-16x12.jpg 16w, https:\/\/dogpride.nl\/wp-content\/uploads\/PRIDE-hondenlijn-met-Kong-Frog-connector-2-handvatten-1-250x185.jpg 250w\" sizes=\"auto, (max-width: 264px) 100vw, 264px\" \/><\/a><\/p>\n<p>&nbsp;<\/p>\n<\/div>","protected":false},"excerpt":{"rendered":"<p><span style=\"font-size: 10pt;\">Diese Hundeleine ist auf Langlebigkeit ausgelegt. Durch den zus\u00e4tzlichen Griff in der N\u00e4he des Hakens k\u00f6nnen Sie Ihren Hund bei Bedarf bequemer in der N\u00e4he halten. An der Leine befinden sich mehrere Ringe, sodass Sie die L\u00e4nge variieren k\u00f6nnen.<\/span><\/p>","protected":false},"featured_media":23133,"template":"","meta":[],"product_brand":[],"product_cat":[192],"product_tag":[7433,10992,10993,5863,10994,7865,5110,8254,10995,10425,4867,4566,5226,4979,6215,5717,10975,8834,10968,5034,3157,10978,4121,2969],"class_list":{"0":"post-1494","1":"product","2":"type-product","3":"status-publish","4":"has-post-thumbnail","6":"product_cat-pride-hondenlijnen","7":"product_tag-10m","8":"product_tag-1m","9":"product_tag-2m","10":"product_tag-3m","11":"product_tag-5m","12":"product_tag-anti-slip","13":"product_tag-biothane","14":"product_tag-duurzaam","15":"product_tag-gekleurd","16":"product_tag-handgemaakt","17":"product_tag-handvat","18":"product_tag-k9","19":"product_tag-kong-frog","20":"product_tag-leer","21":"product_tag-messing","22":"product_tag-politie","23":"product_tag-quick-release","24":"product_tag-soft","25":"product_tag-super-grip","26":"product_tag-tracking","27":"product_tag-training","28":"product_tag-wasbaar","29":"product_tag-waterproof","30":"product_tag-zwart","32":"first","33":"instock","34":"taxable","35":"shipping-taxable","36":"purchasable","37":"product-type-simple"},"mb":[],"mfb_rest_fields":["title"],"_links":{"self":[{"href":"https:\/\/dogpride.nl\/de\/wp-json\/wp\/v2\/product\/1494","targetHints":{"allow":["GET"]}}],"collection":[{"href":"https:\/\/dogpride.nl\/de\/wp-json\/wp\/v2\/product"}],"about":[{"href":"https:\/\/dogpride.nl\/de\/wp-json\/wp\/v2\/types\/product"}],"wp:featuredmedia":[{"embeddable":true,"href":"https:\/\/dogpride.nl\/de\/wp-json\/wp\/v2\/media\/23133"}],"wp:attachment":[{"href":"https:\/\/dogpride.nl\/de\/wp-json\/wp\/v2\/media?parent=1494"}],"wp:term":[{"taxonomy":"product_brand","embeddable":true,"href":"https:\/\/dogpride.nl\/de\/wp-json\/wp\/v2\/product_brand?post=1494"},{"taxonomy":"product_cat","embeddable":true,"href":"https:\/\/dogpride.nl\/de\/wp-json\/wp\/v2\/product_cat?post=1494"},{"taxonomy":"product_tag","embeddable":true,"href":"https:\/\/dogpride.nl\/de\/wp-json\/wp\/v2\/product_tag?post=1494"}],"curies":[{"name":"wp","href":"https:\/\/api.w.org\/{rel}","templated":true}]}}