{"id":1492,"date":"2019-06-17T14:57:01","date_gmt":"2019-06-17T12:57:01","guid":{"rendered":"https:\/\/dogpride1.wpengine.com\/?post_type=product&#038;p=1492"},"modified":"2025-10-28T14:48:02","modified_gmt":"2025-10-28T13:48:02","slug":"pride-soepele-hondenriem-met-2-handvatten","status":"publish","type":"product","link":"https:\/\/dogpride.nl\/de\/pride-soepele-hondenriem-met-2-handvatten\/","title":{"rendered":"PRIDE Flexible Hundeleine mit 2 Griffen"},"content":{"rendered":"<h4>PRIDE Flexible Hundeleine mit 2 Griffen<\/h4>\n<p>PRIDE Flexible Hundeleine mit 2 Griffen<\/p>\n<p style=\"color: #1c1e21; background-color: #ffffff; font-size: 14px; text-align: start; display: block;\"><span style=\"font-size: 10pt;\">Diese Doppelgriffgurte sind auf Langlebigkeit ausgelegt. Der Griff ist mit Wildlederpolsterung gepolstert und sorgt f\u00fcr griffigen Komfort, denn niemand mag die billigen Nylonb\u00e4nder, die uns in die H\u00e4nde schneiden, wenn der Hund zieht.\u00a0<\/span><br \/>\n<span style=\"font-size: 10pt;\">Der zus\u00e4tzliche Griff in der N\u00e4he des Hakens macht es bequemer, Ihren Hund bei Bedarf in der N\u00e4he zu halten.<\/span><\/p>\n<div class=\"text_exposed_show\" style=\"color: #1c1e21; background-color: #ffffff; font-size: 14px; text-align: start; display: inline;\">\n<p><span style=\"font-size: 10pt;\">Die Leine hat eine angenehme L\u00e4nge von ca. 165 cm<\/span><br \/>\n<span style=\"font-size: 10pt;\">Einzelriemen aus starkem Nylon.<\/span><br \/>\n<span style=\"font-size: 10pt;\">Zus\u00e4tzlicher Griff, um den Hund in der N\u00e4he zu halten.<\/span><\/p>\n<p><span style=\"font-size: 10pt;\">Diese Leine ist ideal f\u00fcr Spazierg\u00e4nge mit dem Hund, Training (Schutz-\/Bei\u00dfarbeit) und K9-Dienste.<\/span><\/p>\n<p><span style=\"font-size: 10pt;\">Stabiler Karabiner und hochwertige N\u00e4hte.<\/span><br \/>\n<span style=\"font-size: 10pt;\">Breite 25 mm<br \/>\n<\/span>H\u00f6he: 165 cm<br \/>\n<span style=\"font-size: 10pt;\">Farbe gr\u00fcn<\/span><\/p>\n<p><span style=\"font-size: 10pt;\">Jede individuelle Anfertigung m\u00f6glich (kontaktieren Sie uns)<\/span><\/p>\n<\/div>\n<p><a href=\"https:\/\/www.dogpride.eu\/\" target=\"_blank\" rel=\"noopener\"><img loading=\"lazy\" decoding=\"async\" class=\"alignnone wp-image-70657 size-medium\" src=\"https:\/\/dogpride.nl\/wp-content\/uploads\/Logo-Pride2-1-300x96.png\" alt=\"\" width=\"300\" height=\"96\" srcset=\"https:\/\/dogpride.nl\/wp-content\/uploads\/Logo-Pride2-1-300x96.png 300w, https:\/\/dogpride.nl\/wp-content\/uploads\/Logo-Pride2-1-250x80.png 250w, https:\/\/dogpride.nl\/wp-content\/uploads\/Logo-Pride2-1-200x64.png 200w, https:\/\/dogpride.nl\/wp-content\/uploads\/Logo-Pride2-1.png 327w\" sizes=\"auto, (max-width: 300px) 100vw, 300px\" \/><\/a><\/p>\n<p><a href=\"https:\/\/dogpride.nl\/de\/soepele-hondenriem-met-dubbel-handvat\/\"><img loading=\"lazy\" decoding=\"async\" class=\"alignnone wp-image-136563 size-medium\" src=\"https:\/\/dogpride.nl\/wp-content\/uploads\/PRIDE-Soepele-hondenriem-met-2-handvatten-300x225.jpg\" alt=\"PRIDE Soepele hondenriem met 2 handvatten\" width=\"300\" height=\"225\" srcset=\"https:\/\/dogpride.nl\/wp-content\/uploads\/PRIDE-Soepele-hondenriem-met-2-handvatten-300x225.jpg 300w, https:\/\/dogpride.nl\/wp-content\/uploads\/PRIDE-Soepele-hondenriem-met-2-handvatten-16x12.jpg 16w, https:\/\/dogpride.nl\/wp-content\/uploads\/PRIDE-Soepele-hondenriem-met-2-handvatten-250x188.jpg 250w, https:\/\/dogpride.nl\/wp-content\/uploads\/PRIDE-Soepele-hondenriem-met-2-handvatten-400x300.jpg 400w, https:\/\/dogpride.nl\/wp-content\/uploads\/PRIDE-Soepele-hondenriem-met-2-handvatten.jpg 533w\" sizes=\"auto, (max-width: 300px) 100vw, 300px\" \/><\/a><\/p>\n<p>&nbsp;<\/p>\n<p>&nbsp;<\/p>","protected":false},"excerpt":{"rendered":"<p>PRIDE Flexible Hundeleine mit 2 Griffen. Diese Doppelgriffgurte sind auf Langlebigkeit ausgelegt.<\/p>","protected":false},"featured_media":23127,"template":"","meta":[],"product_brand":[],"product_cat":[192],"product_tag":[7433,10992,10993,5863,10994,7865,5110,8254,10995,10425,4867,4566,5226,4979,6215,5717,10975,8834,10968,5034,3157,10978,4121,2969],"class_list":{"0":"post-1492","1":"product","2":"type-product","3":"status-publish","4":"has-post-thumbnail","6":"product_cat-pride-hondenlijnen","7":"product_tag-10m","8":"product_tag-1m","9":"product_tag-2m","10":"product_tag-3m","11":"product_tag-5m","12":"product_tag-anti-slip","13":"product_tag-biothane","14":"product_tag-duurzaam","15":"product_tag-gekleurd","16":"product_tag-handgemaakt","17":"product_tag-handvat","18":"product_tag-k9","19":"product_tag-kong-frog","20":"product_tag-leer","21":"product_tag-messing","22":"product_tag-politie","23":"product_tag-quick-release","24":"product_tag-soft","25":"product_tag-super-grip","26":"product_tag-tracking","27":"product_tag-training","28":"product_tag-wasbaar","29":"product_tag-waterproof","30":"product_tag-zwart","32":"first","33":"instock","34":"taxable","35":"shipping-taxable","36":"purchasable","37":"product-type-simple"},"mb":[],"mfb_rest_fields":["title"],"_links":{"self":[{"href":"https:\/\/dogpride.nl\/de\/wp-json\/wp\/v2\/product\/1492","targetHints":{"allow":["GET"]}}],"collection":[{"href":"https:\/\/dogpride.nl\/de\/wp-json\/wp\/v2\/product"}],"about":[{"href":"https:\/\/dogpride.nl\/de\/wp-json\/wp\/v2\/types\/product"}],"wp:featuredmedia":[{"embeddable":true,"href":"https:\/\/dogpride.nl\/de\/wp-json\/wp\/v2\/media\/23127"}],"wp:attachment":[{"href":"https:\/\/dogpride.nl\/de\/wp-json\/wp\/v2\/media?parent=1492"}],"wp:term":[{"taxonomy":"product_brand","embeddable":true,"href":"https:\/\/dogpride.nl\/de\/wp-json\/wp\/v2\/product_brand?post=1492"},{"taxonomy":"product_cat","embeddable":true,"href":"https:\/\/dogpride.nl\/de\/wp-json\/wp\/v2\/product_cat?post=1492"},{"taxonomy":"product_tag","embeddable":true,"href":"https:\/\/dogpride.nl\/de\/wp-json\/wp\/v2\/product_tag?post=1492"}],"curies":[{"name":"wp","href":"https:\/\/api.w.org\/{rel}","templated":true}]}}