{"id":1487,"date":"2019-06-17T13:41:15","date_gmt":"2019-06-17T11:41:15","guid":{"rendered":"https:\/\/dogpride1.wpengine.com\/?post_type=product&#038;p=1487"},"modified":"2025-10-28T14:58:36","modified_gmt":"2025-10-28T13:58:36","slug":"pride-elite-series-lijn-tactical-stijl","status":"publish","type":"product","link":"https:\/\/dogpride.nl\/de\/pride-elite-series-lijn-tactical-stijl\/","title":{"rendered":"PRIDE Elite Series lijn TACTICAL STIJL"},"content":{"rendered":"<h4>PRIDE Elite Series lijn TACTICAL STIJL<\/h4>\n<p>PRIDE Elite Series lijn TACTICAL STIJL<\/p>\n<p>Dies ist eine robuste Hundeleine der ELITE-Serie, die auf Langlebigkeit ausgelegt ist.<br \/>\nZweilagiges 25 mm breites Nylonschnurmaterial f\u00fcr St\u00e4rke und Haltbarkeit<br \/>\nSchlanker Griff f\u00fcr zus\u00e4tzlichen Komfort und Benutzerfreundlichkeit<br \/>\nKong Frog\u2122-Metallverschluss f\u00fcr schnelles L\u00f6sen<\/p>\n<p>Die Leine hat eine angenehme L\u00e4nge von 70 cm.<\/p>\n<p>Ideal f\u00fcr Spazierg\u00e4nge mit Hunden\/Haustieren, Training (Schutz\/Bei\u00dfarbeit) und K9-Dienste.<\/p>\n<p>Das Markenzeichen dieses G\u00fcrtels ist der Kong Frog-Verschluss. Der Frog-Karabiner wird in Italien aus einer Aluminiumlegierung auf einer CNC-Maschine hergestellt. Dieser Karabiner wurde getestet und f\u00fcr eine Widerstandsf\u00e4higkeit von 26 Kilonewton ausgelegt.<br \/>\nDer Frog ist so konzipiert, dass er schnell und sicher befestigt werden kann, um gr\u00f6\u00dftm\u00f6glichen Komfort und Sicherheit zu gew\u00e4hrleisten. Diese Schnallen sind \u00e4u\u00dferst langlebig und erm\u00f6glichen eine schnelle Befestigung der Leine am Halsband.<\/p>\n<p><strong>Erh\u00e4ltlich in den Farben:<\/strong><\/p>\n<ul>\n<li>3-farbiger Flecktarn<\/li>\n<li>Kryptec Highlander<\/li>\n<li>Ein Tacs AU<\/li>\n<li>PenCott GreenZone<\/li>\n<li>PenCott SnowDrift<\/li>\n<\/ul>\n<p><a href=\"https:\/\/dogpride.nl\/de\/pride-elite-series-lijn-tactical-stijl\/\"><img loading=\"lazy\" decoding=\"async\" class=\"alignnone wp-image-136571 size-medium\" src=\"https:\/\/dogpride.nl\/wp-content\/uploads\/PRIDE-Elite-Series-lijn-TACTICAL-STIJL-300x200.jpg\" alt=\"PRIDE Elite Series lijn TACTICAL STIJL\" width=\"300\" height=\"200\" srcset=\"https:\/\/dogpride.nl\/wp-content\/uploads\/PRIDE-Elite-Series-lijn-TACTICAL-STIJL-300x200.jpg 300w, https:\/\/dogpride.nl\/wp-content\/uploads\/PRIDE-Elite-Series-lijn-TACTICAL-STIJL-1024x684.jpg 1024w, https:\/\/dogpride.nl\/wp-content\/uploads\/PRIDE-Elite-Series-lijn-TACTICAL-STIJL-768x513.jpg 768w, https:\/\/dogpride.nl\/wp-content\/uploads\/PRIDE-Elite-Series-lijn-TACTICAL-STIJL-1536x1025.jpg 1536w, https:\/\/dogpride.nl\/wp-content\/uploads\/PRIDE-Elite-Series-lijn-TACTICAL-STIJL-18x12.jpg 18w, https:\/\/dogpride.nl\/wp-content\/uploads\/PRIDE-Elite-Series-lijn-TACTICAL-STIJL-250x167.jpg 250w, https:\/\/dogpride.nl\/wp-content\/uploads\/PRIDE-Elite-Series-lijn-TACTICAL-STIJL-400x267.jpg 400w, https:\/\/dogpride.nl\/wp-content\/uploads\/PRIDE-Elite-Series-lijn-TACTICAL-STIJL.jpg 1820w\" sizes=\"auto, (max-width: 300px) 100vw, 300px\" \/><\/a><\/p>\n<p>&nbsp;<\/p>\n<p>&nbsp;<\/p>\n<p><a href=\"https:\/\/www.dogpride.eu\/\" target=\"_blank\" rel=\"noopener\"><img loading=\"lazy\" decoding=\"async\" class=\"alignnone wp-image-70657 size-medium\" src=\"https:\/\/dogpride.nl\/wp-content\/uploads\/Logo-Pride2-1-300x96.png\" alt=\"\" width=\"300\" height=\"96\" srcset=\"https:\/\/dogpride.nl\/wp-content\/uploads\/Logo-Pride2-1-300x96.png 300w, https:\/\/dogpride.nl\/wp-content\/uploads\/Logo-Pride2-1-250x80.png 250w, https:\/\/dogpride.nl\/wp-content\/uploads\/Logo-Pride2-1-200x64.png 200w, https:\/\/dogpride.nl\/wp-content\/uploads\/Logo-Pride2-1.png 327w\" sizes=\"auto, (max-width: 300px) 100vw, 300px\" \/><\/a><\/p>\n<p>&nbsp;<\/p>\n<p>&nbsp;<\/p>","protected":false},"excerpt":{"rendered":"<p>PRIDE Elite Series lijn TACTICAL STIJL. Dit is een sterke ELITE-serie hondenriem gemaakt voor duurzaamheid.<\/p>","protected":false},"featured_media":23100,"template":"","meta":[],"product_brand":[],"product_cat":[192],"product_tag":[7433,10992,10993,5863,10994,7865,5110,8254,10995,10425,4867,4566,5226,4979,6215,5717,10975,8834,10968,5034,3157,10978,4121,2969],"class_list":{"0":"post-1487","1":"product","2":"type-product","3":"status-publish","4":"has-post-thumbnail","6":"product_cat-pride-hondenlijnen","7":"product_tag-10m","8":"product_tag-1m","9":"product_tag-2m","10":"product_tag-3m","11":"product_tag-5m","12":"product_tag-anti-slip","13":"product_tag-biothane","14":"product_tag-duurzaam","15":"product_tag-gekleurd","16":"product_tag-handgemaakt","17":"product_tag-handvat","18":"product_tag-k9","19":"product_tag-kong-frog","20":"product_tag-leer","21":"product_tag-messing","22":"product_tag-politie","23":"product_tag-quick-release","24":"product_tag-soft","25":"product_tag-super-grip","26":"product_tag-tracking","27":"product_tag-training","28":"product_tag-wasbaar","29":"product_tag-waterproof","30":"product_tag-zwart","32":"first","33":"instock","34":"taxable","35":"shipping-taxable","36":"purchasable","37":"product-type-variable"},"mb":[],"mfb_rest_fields":["title"],"_links":{"self":[{"href":"https:\/\/dogpride.nl\/de\/wp-json\/wp\/v2\/product\/1487","targetHints":{"allow":["GET"]}}],"collection":[{"href":"https:\/\/dogpride.nl\/de\/wp-json\/wp\/v2\/product"}],"about":[{"href":"https:\/\/dogpride.nl\/de\/wp-json\/wp\/v2\/types\/product"}],"wp:featuredmedia":[{"embeddable":true,"href":"https:\/\/dogpride.nl\/de\/wp-json\/wp\/v2\/media\/23100"}],"wp:attachment":[{"href":"https:\/\/dogpride.nl\/de\/wp-json\/wp\/v2\/media?parent=1487"}],"wp:term":[{"taxonomy":"product_brand","embeddable":true,"href":"https:\/\/dogpride.nl\/de\/wp-json\/wp\/v2\/product_brand?post=1487"},{"taxonomy":"product_cat","embeddable":true,"href":"https:\/\/dogpride.nl\/de\/wp-json\/wp\/v2\/product_cat?post=1487"},{"taxonomy":"product_tag","embeddable":true,"href":"https:\/\/dogpride.nl\/de\/wp-json\/wp\/v2\/product_tag?post=1487"}],"curies":[{"name":"wp","href":"https:\/\/api.w.org\/{rel}","templated":true}]}}