{"id":14650,"date":"2020-01-10T12:41:46","date_gmt":"2020-01-10T11:41:46","guid":{"rendered":"https:\/\/dogpride1.wpengine.com\/product\/d4m-spider-thermo-dogsport-trainings-jacket-2\/"},"modified":"2025-11-02T13:42:14","modified_gmt":"2025-11-02T12:42:14","slug":"dogs4me-spider-thermo-dogsport-trainings-jacket","status":"publish","type":"product","link":"https:\/\/dogpride.nl\/de\/dogs4me-spider-thermo-dogsport-trainings-jacket\/","title":{"rendered":"DOGS4ME Spider Thermo Dogsport Trainingsjacke"},"content":{"rendered":"<h4>DOGS4ME Spider Thermo Dogsport Trainingsjacke<\/h4>\n<p>DOGS4ME Spider Thermo Dogsport Trainingsjacke.<\/p>\n<p>Teilweise wasserdicht, 100% PES<br \/>\nSehr warmer, vollst\u00e4ndig schwarzer Liner \u2013 Hohlfaser \u2013 100% PES<br \/>\nYKK-Rei\u00dfverschl\u00fcsse<\/p>\n<ul>\n<li>Die Jacke ist schwarz mit farbigem Besatz und hat Baumwollb\u00fcndchen an den \u00c4rmeln.<\/li>\n<li>Verstellbare Taille durch sogenannten Tunnel<\/li>\n<li>Streifen an der Seite der Jacke f\u00fcr G\u00fcrtel oder Belohnungsbeutel.<\/li>\n<li>2 ger\u00e4umige Vordertaschen und eine gro\u00dfe Ges\u00e4\u00dftasche \u2013 Ges\u00e4\u00dftasche kann auf Wunsch als 2 separate Taschen gen\u00e4ht werden.<\/li>\n<li>Oben an der Jacke 2 abgedeckte Taschen mit Rei\u00dfverschluss f\u00fcr Handy, Schl\u00fcssel ...<\/li>\n<li>Kapuze \u2013 geeignet f\u00fcr raue Wetterbedingungen, Kapuze kann geschlossen werden<\/li>\n<\/ul>\n<p>Die Paspelierung ist in folgenden Farben erh\u00e4ltlich: Grau, Rot, Orange, Neongr\u00fcn, Lila, T\u00fcrkis, Reflektierend<\/p>\n<ul>\n<li>Gr\u00f6\u00dfen XS bis XXL (oder angepasst an Ihre Gr\u00f6\u00dfe)<\/li>\n<\/ul>\n<p>Wir k\u00f6nnen verschiedene Bilder auf die Vorder- oder R\u00fcckseite oder auf die Taschen sticken.<br \/>\nDiese Jacken k\u00f6nnen auf Bestellung individuell gen\u00e4ht werden. F\u00fcr die Standardgr\u00f6\u00dfen sind die Spider-Therm-Reflexjacken in der Regel auf Lager.<\/p>\n<p><strong>Diese Jacke hat standardm\u00e4\u00dfig einen normalen Rei\u00dfverschluss. Die Lieferzeit f\u00fcr eine Jacke mit Zwei-Wege-Rei\u00dfverschluss betr\u00e4gt 2-3 Wochen.<\/strong><\/p>\n<p>GR\u00d6SSENTABELLE ANZEIGEN<\/p>\n<p><img loading=\"lazy\" decoding=\"async\" class=\"alignnone wp-image-69739 size-full\" src=\"https:\/\/www.dogpride.nl\/wp-content\/uploads\/Spider-Therm.jpg\" alt=\"\" width=\"583\" height=\"317\" srcset=\"https:\/\/dogpride.nl\/wp-content\/uploads\/Spider-Therm.jpg 583w, https:\/\/dogpride.nl\/wp-content\/uploads\/Spider-Therm-250x136.jpg 250w, https:\/\/dogpride.nl\/wp-content\/uploads\/Spider-Therm-400x217.jpg 400w, https:\/\/dogpride.nl\/wp-content\/uploads\/Spider-Therm-300x163.jpg 300w, https:\/\/dogpride.nl\/wp-content\/uploads\/Spider-Therm-200x109.jpg 200w\" sizes=\"auto, (max-width: 583px) 100vw, 583px\" \/><\/p>\n<p><a href=\"https:\/\/d4m.eu\/en\/\" target=\"_blank\" rel=\"noopener\"><img loading=\"lazy\" decoding=\"async\" class=\"alignnone wp-image-139645 size-thumbnail\" src=\"https:\/\/dogpride.nl\/wp-content\/uploads\/Logo-Dogs4me-150x150.jpg\" alt=\"Logo\" width=\"150\" height=\"150\" srcset=\"https:\/\/dogpride.nl\/wp-content\/uploads\/Logo-Dogs4me-150x150.jpg 150w, https:\/\/dogpride.nl\/wp-content\/uploads\/Logo-Dogs4me-100x100.jpg 100w\" sizes=\"auto, (max-width: 150px) 100vw, 150px\" \/><\/a><\/p>\n<p><a href=\"https:\/\/dogpride.nl\/de\/kleding\/jassen\/dogs4me-jassen\/\"><img loading=\"lazy\" decoding=\"async\" class=\"alignnone\" title=\"DOGS4ME Spider Thermo Dogsport Trainingsjacke\" src=\"https:\/\/dogpride.nl\/wp-content\/uploads\/spider-therm-dogsport-training-jacket.jpg\" alt=\"DOGS4ME Spider Thermo Dogsport Trainings Jacket\" width=\"202\" height=\"240\" \/><\/a><\/p>","protected":false},"excerpt":{"rendered":"<p>D4M Spider Thermo Dogsport Trainingsjacke. Die Jacke ist schwarz mit farbigem Besatz und hat Baumwollb\u00fcndchen an den \u00c4rmeln. Die Paspelierung ist in den folgenden Farben erh\u00e4ltlich: Grau, Rot, Orange, Neongr\u00fcn, Lila, T\u00fcrkis, Reflektierend.<\/p>","protected":false},"featured_media":20895,"template":"","meta":[],"product_brand":[],"product_cat":[3859],"product_tag":[],"class_list":{"0":"post-14650","1":"product","2":"type-product","3":"status-publish","4":"has-post-thumbnail","6":"product_cat-dogs4me-jassen","8":"first","9":"instock","10":"taxable","11":"shipping-taxable","12":"purchasable","13":"product-type-variable"},"mb":[],"mfb_rest_fields":["title"],"_links":{"self":[{"href":"https:\/\/dogpride.nl\/de\/wp-json\/wp\/v2\/product\/14650","targetHints":{"allow":["GET"]}}],"collection":[{"href":"https:\/\/dogpride.nl\/de\/wp-json\/wp\/v2\/product"}],"about":[{"href":"https:\/\/dogpride.nl\/de\/wp-json\/wp\/v2\/types\/product"}],"wp:featuredmedia":[{"embeddable":true,"href":"https:\/\/dogpride.nl\/de\/wp-json\/wp\/v2\/media\/20895"}],"wp:attachment":[{"href":"https:\/\/dogpride.nl\/de\/wp-json\/wp\/v2\/media?parent=14650"}],"wp:term":[{"taxonomy":"product_brand","embeddable":true,"href":"https:\/\/dogpride.nl\/de\/wp-json\/wp\/v2\/product_brand?post=14650"},{"taxonomy":"product_cat","embeddable":true,"href":"https:\/\/dogpride.nl\/de\/wp-json\/wp\/v2\/product_cat?post=14650"},{"taxonomy":"product_tag","embeddable":true,"href":"https:\/\/dogpride.nl\/de\/wp-json\/wp\/v2\/product_tag?post=14650"}],"curies":[{"name":"wp","href":"https:\/\/api.w.org\/{rel}","templated":true}]}}