{"id":14565,"date":"2019-12-30T12:36:25","date_gmt":"2019-12-30T11:36:25","guid":{"rendered":"https:\/\/dogpride1.wpengine.com\/product\/petgear-travel-drinkfles-3\/"},"modified":"2026-01-05T12:12:19","modified_gmt":"2026-01-05T11:12:19","slug":"petgear-travel-drinkfles-3","status":"publish","type":"product","link":"https:\/\/dogpride.nl\/de\/petgear-travel-drinkfles-3\/","title":{"rendered":"Petgear Reisetrinkflasche"},"content":{"rendered":"<h4>Petgear Reisetrinkflasche<\/h4>\n<p>Petgear Reisetrinkflasche<\/p>\n<p><span style=\"color: #000000; background-color: #ffffff; font-size: 13.33px; text-align: left; display: inline !important; float: none; text-decoration: none;\">Die Produkte des Pet Travel-Konzepts, bekannt als PetGear, bieten eine Reihe aufeinander abgestimmter Reiseaccessoires.<\/span><\/p>\n<p><a href=\"https:\/\/dogpride.nl\/de\/voerbakken-voor-honden\/waterflessen-voor-honden\/\"><img loading=\"lazy\" decoding=\"async\" class=\"alignnone\" title=\"Petgear Reisetrinkflasche\" src=\"https:\/\/dogpride.nl\/wp-content\/uploads\/petgear-travel-drinkfles-1.png\" alt=\"Petgear Travel Drinkfles\" width=\"268\" height=\"219\" \/><\/a><br style=\"color: #000000; font-size: 13.33px; text-align: left; text-decoration: none;\" \/><br style=\"color: #000000; font-size: 13.33px; text-align: left; text-decoration: none;\" \/><span style=\"color: #000000; background-color: #ffffff; font-size: 13.33px; text-align: left; display: inline !important; float: none; text-decoration: none;\"> F\u00fcr Hunde ist es sehr wichtig, ausreichend Fl\u00fcssigkeit zu sich zu nehmen, um einer \u00dcberhitzung oder Dehydrierung vorzubeugen. Mit der Travel-Wasserflasche von PetGear ist Ihr Hund bei einem langen Spaziergang oder an hei\u00dfen Sommertagen stets mit frischem Trinkwasser versorgt.\u00a0<\/span><br style=\"color: #000000; font-size: 13.33px; text-align: left; text-decoration: none;\" \/><br style=\"color: #000000; font-size: 13.33px; text-align: left; text-decoration: none;\" \/><span style=\"color: #000000; background-color: #ffffff; font-size: 13.33px; text-align: left; display: inline !important; float: none; text-decoration: none;\"> Die Flasche ist mit einem praktischen Clip ausgestattet, den Sie einfach an Ihrem G\u00fcrtel oder Ihrer Hosenschlaufe befestigen k\u00f6nnen.<\/span><\/p>\n<p><a href=\"https:\/\/www.google.com\/\" target=\"_blank\" rel=\"noopener\"><img loading=\"lazy\" decoding=\"async\" class=\"alignnone\" title=\"Petgear Reisetrinkflasche\" src=\"https:\/\/dogpride.nl\/wp-content\/uploads\/petgear-travel-drinkfles-1.png\" alt=\"Petgear Travel Drinkfles\" width=\"268\" height=\"219\" \/><\/a><\/p>\n<p><span style=\"color: #28124a; background-color: #ffffff; font-size: 10pt; text-align: left; display: inline !important; float: none; text-decoration: none;\">29\u00d77,5\u00d76cm<\/span><\/p>\n<p><span style=\"color: #000000; background-color: #ffffff; font-size: 13.33px; text-align: left; display: inline !important; float: none; text-decoration: none;\">Inhalt +\/- 500 ml.<\/span><\/p>","protected":false},"excerpt":{"rendered":"<p><span style=\"color: #000000; background-color: #ffffff; font-size: 13.33px; text-align: left; display: inline !important; float: none; text-decoration: none;\">F\u00fcr Hunde ist es sehr wichtig, ausreichend Fl\u00fcssigkeit zu sich zu nehmen, um einer \u00dcberhitzung oder Dehydrierung vorzubeugen. Mit der Travel-Wasserflasche von PetGear ist Ihr Hund bei einem langen Spaziergang oder an hei\u00dfen Sommertagen stets mit frischem Trinkwasser versorgt.\u00a0<\/span><\/p>","protected":false},"featured_media":14566,"template":"","meta":[],"product_brand":[],"product_cat":[9332],"product_tag":[7480,7478,7481,7479],"class_list":{"0":"post-14565","1":"product","2":"type-product","3":"status-publish","4":"has-post-thumbnail","6":"product_cat-waterflessen-voor-honden","7":"product_tag-drinkfles","8":"product_tag-petgear","9":"product_tag-reisfles","10":"product_tag-travel","12":"first","13":"instock","14":"taxable","15":"shipping-taxable","16":"purchasable","17":"product-type-simple"},"mb":[],"mfb_rest_fields":["title"],"_links":{"self":[{"href":"https:\/\/dogpride.nl\/de\/wp-json\/wp\/v2\/product\/14565","targetHints":{"allow":["GET"]}}],"collection":[{"href":"https:\/\/dogpride.nl\/de\/wp-json\/wp\/v2\/product"}],"about":[{"href":"https:\/\/dogpride.nl\/de\/wp-json\/wp\/v2\/types\/product"}],"wp:featuredmedia":[{"embeddable":true,"href":"https:\/\/dogpride.nl\/de\/wp-json\/wp\/v2\/media\/14566"}],"wp:attachment":[{"href":"https:\/\/dogpride.nl\/de\/wp-json\/wp\/v2\/media?parent=14565"}],"wp:term":[{"taxonomy":"product_brand","embeddable":true,"href":"https:\/\/dogpride.nl\/de\/wp-json\/wp\/v2\/product_brand?post=14565"},{"taxonomy":"product_cat","embeddable":true,"href":"https:\/\/dogpride.nl\/de\/wp-json\/wp\/v2\/product_cat?post=14565"},{"taxonomy":"product_tag","embeddable":true,"href":"https:\/\/dogpride.nl\/de\/wp-json\/wp\/v2\/product_tag?post=14565"}],"curies":[{"name":"wp","href":"https:\/\/api.w.org\/{rel}","templated":true}]}}