{"id":145636,"date":"2025-11-27T17:15:41","date_gmt":"2025-11-27T16:15:41","guid":{"rendered":"https:\/\/dogpride.nl\/?post_type=product&#038;p=145636"},"modified":"2025-11-27T17:20:00","modified_gmt":"2025-11-27T16:20:00","slug":"arrak-hybrid-jacket-women-black","status":"publish","type":"product","link":"https:\/\/dogpride.nl\/de\/arrak-hybrid-jacket-women-black\/","title":{"rendered":"Arrak Hybridjacke Damen Schwarz"},"content":{"rendered":"<h4>Arrak Hybridjacke Damen Schwarz<\/h4>\n<p class=\"page-title\"><span class=\"base\" data-ui-id=\"page-title-wrapper\">Het Arrak Hybrid Jacket Women Black <\/span>ist eine traumhaft bequeme und funktionelle Jacke f\u00fcr alle, die das gewisse Extra wollen.<\/p>\n<p>Material aus Polyester\/Baumwolle mit Eins\u00e4tzen aus Stretchmaterial f\u00fcr beste Passform und Bewegungsfreiheit.<br \/>\nDas <span class=\"base\" data-ui-id=\"page-title-wrapper\">Arrak Hybridjacke Damen Oliv <\/span> heeft ventilatieritsen aan de zijkant. Veel praktische zakken. Een grote achterzak, 2 borstzakken met zijzakken met rits. Aan de onderkant grote zakken met ritszakken aan de zijkant.<br \/>\nDie untere linke Tasche ist au\u00dferdem innen mit wasserdichtem Nylonfutter ausgekleidet, um die Reinigung zu erleichtern, wenn Sie Hundeleckerlis in der Tasche haben. 2 gro\u00dfe Innentaschen aus Polyesternetz<\/p>\n<p>2-Wege-Rei\u00dfverschluss vorne.<br \/>\nVerstellbare Kapuze.<br \/>\nVerstellbare Klettverschl\u00fcsse an den \u00c4rmeln.<br \/>\nPraktischer D-Ring mit Karabiner.<br \/>\nLeicht geformte Taille<\/p>\n<p><strong>Einzelheiten:<\/strong><\/p>\n<ul>\n<li>Stoff aus Polyester\/Baumwolle<\/li>\n<li>Impr\u00e4gnierte Stretcheins\u00e4tze f\u00fcr beste Passform und Bewegungsfreiheit<\/li>\n<li>Gro\u00dfe Ges\u00e4\u00dftasche mit Rei\u00dfverschluss<\/li>\n<li>2 Brusttaschen mit Rei\u00dfverschluss und Seitentaschen mit Rei\u00dfverschluss<\/li>\n<li>2 gro\u00dfe Taschen mit Deckel unten<\/li>\n<li>Rei\u00dfverschlusstaschen f\u00fcr die H\u00e4nde<\/li>\n<li>Die untere linke Tasche ist mit Nylon gef\u00fcttert. Praktisch, wenn er Hundeleckerlis hat<\/li>\n<li>2 gro\u00dfe Mesh-Innentaschen<\/li>\n<li>2-Wege-Rei\u00dfverschluss vorne<\/li>\n<li>Verstellbare Kapuze<\/li>\n<li>D-Ring mit Karabiner<\/li>\n<li>Bel\u00fcftungsrei\u00dfverschl\u00fcsse unter den Armen<\/li>\n<li>Verstellbare Manschetten<\/li>\n<\/ul>\n<p>Diese Arrak Hybrid Jacket Women ist auch in den Farben Burnt Orange, Black und Olive erh\u00e4ltlich.<\/p>\n<p>Gr\u00f6\u00dfen: XS-3XL<\/p>\n<p><strong>Gr\u00f6\u00dfentabelle:<\/strong><\/p>\n<p><img loading=\"lazy\" decoding=\"async\" class=\"alignnone size-full wp-image-91892\" src=\"https:\/\/www.dogpride.nl\/wp-content\/uploads\/women_s_tops_-2.jpg\" alt=\"Maattabel\" width=\"865\" height=\"1200\" srcset=\"https:\/\/dogpride.nl\/wp-content\/uploads\/women_s_tops_-2.jpg 865w, https:\/\/dogpride.nl\/wp-content\/uploads\/women_s_tops_-2-250x347.jpg 250w, https:\/\/dogpride.nl\/wp-content\/uploads\/women_s_tops_-2-400x555.jpg 400w, https:\/\/dogpride.nl\/wp-content\/uploads\/women_s_tops_-2-216x300.jpg 216w, https:\/\/dogpride.nl\/wp-content\/uploads\/women_s_tops_-2-738x1024.jpg 738w, https:\/\/dogpride.nl\/wp-content\/uploads\/women_s_tops_-2-768x1065.jpg 768w, https:\/\/dogpride.nl\/wp-content\/uploads\/women_s_tops_-2-200x277.jpg 200w, https:\/\/dogpride.nl\/wp-content\/uploads\/women_s_tops_-2-600x832.jpg 600w, https:\/\/dogpride.nl\/wp-content\/uploads\/women_s_tops_-2-800x1110.jpg 800w\" sizes=\"auto, (max-width: 865px) 100vw, 865px\" \/><\/p>\n<p><span style=\"color: #ffffff;\"><a href=\"https:\/\/arrakoutdoor.com\/\" target=\"_blank\" rel=\"noopener\"><img loading=\"lazy\" decoding=\"async\" class=\"alignnone wp-image-139301 size-medium\" src=\"https:\/\/dogpride.nl\/wp-content\/uploads\/Arrak-300x118.jpeg\" alt=\"Logo\" width=\"300\" height=\"118\" srcset=\"https:\/\/dogpride.nl\/wp-content\/uploads\/Arrak-300x118.jpeg 300w, https:\/\/dogpride.nl\/wp-content\/uploads\/Arrak-768x303.jpeg 768w, https:\/\/dogpride.nl\/wp-content\/uploads\/Arrak-18x7.jpeg 18w, https:\/\/dogpride.nl\/wp-content\/uploads\/Arrak-250x99.jpeg 250w, https:\/\/dogpride.nl\/wp-content\/uploads\/Arrak-400x158.jpeg 400w, https:\/\/dogpride.nl\/wp-content\/uploads\/Arrak.jpeg 916w\" sizes=\"auto, (max-width: 300px) 100vw, 300px\" \/><\/a><\/span><\/p>\n<p>&nbsp;<\/p>\n<p><a href=\"https:\/\/dogpride.nl\/de\/kleding\/jassen\/arrak-outdoor-jassen\/?product-page=1\"><img loading=\"lazy\" decoding=\"async\" class=\"alignnone\" title=\"Arrak Hybridjacke Damen Schwarz\" src=\"https:\/\/dogpride.nl\/wp-content\/uploads\/Arrak-Hybrid-Jacket-Woman-Black-150x150.jpg\" alt=\"Arrak Hybrid Jacket Women Black\" width=\"150\" height=\"150\" \/><\/a><\/p>","protected":false},"excerpt":{"rendered":"<p>Diese Hybridjacke verf\u00fcgt \u00fcber seitliche Bel\u00fcftungsrei\u00dfverschl\u00fcsse. Viele praktische Taschen. Eine gro\u00dfe Ges\u00e4\u00dftasche, 2 Brusttaschen mit seitlichen Rei\u00dfverschlusstaschen. Gro\u00dfe Taschen unten mit Rei\u00dfverschlusstaschen an der Seite.<\/p>","protected":false},"featured_media":145650,"template":"","meta":[],"product_brand":[],"product_cat":[3853],"product_tag":[],"class_list":{"0":"post-145636","1":"product","2":"type-product","3":"status-publish","4":"has-post-thumbnail","6":"product_cat-arrak-outdoor-dames-jassen","8":"first","9":"instock","10":"taxable","11":"shipping-taxable","12":"purchasable","13":"product-type-variable"},"mb":[],"mfb_rest_fields":["title"],"_links":{"self":[{"href":"https:\/\/dogpride.nl\/de\/wp-json\/wp\/v2\/product\/145636","targetHints":{"allow":["GET"]}}],"collection":[{"href":"https:\/\/dogpride.nl\/de\/wp-json\/wp\/v2\/product"}],"about":[{"href":"https:\/\/dogpride.nl\/de\/wp-json\/wp\/v2\/types\/product"}],"wp:featuredmedia":[{"embeddable":true,"href":"https:\/\/dogpride.nl\/de\/wp-json\/wp\/v2\/media\/145650"}],"wp:attachment":[{"href":"https:\/\/dogpride.nl\/de\/wp-json\/wp\/v2\/media?parent=145636"}],"wp:term":[{"taxonomy":"product_brand","embeddable":true,"href":"https:\/\/dogpride.nl\/de\/wp-json\/wp\/v2\/product_brand?post=145636"},{"taxonomy":"product_cat","embeddable":true,"href":"https:\/\/dogpride.nl\/de\/wp-json\/wp\/v2\/product_cat?post=145636"},{"taxonomy":"product_tag","embeddable":true,"href":"https:\/\/dogpride.nl\/de\/wp-json\/wp\/v2\/product_tag?post=145636"}],"curies":[{"name":"wp","href":"https:\/\/api.w.org\/{rel}","templated":true}]}}