{"id":145627,"date":"2025-11-27T17:14:20","date_gmt":"2025-11-27T16:14:20","guid":{"rendered":"https:\/\/dogpride.nl\/?post_type=product&#038;p=145627"},"modified":"2025-11-27T17:16:21","modified_gmt":"2025-11-27T16:16:21","slug":"arrak-hybrid-jacket-women-burnt-orange","status":"publish","type":"product","link":"https:\/\/dogpride.nl\/de\/arrak-hybrid-jacket-women-burnt-orange\/","title":{"rendered":"Arrak Hybridjacke Damen Burnt Orange"},"content":{"rendered":"<h4 class=\"page-title\"><span class=\"base\" data-ui-id=\"page-title-wrapper\">Arrak Hybridjacke Damen Burnt Orange<\/span><\/h4>\n<p>Diese Arrak Hybrid Jacket Women Burnt Orange ist eine fantastisch bequeme und funktionelle Jacke f\u00fcr alle, die das gewisse Extra wollen.<\/p>\n<p>Deze jas is gemaakt van een polyester \/ katoen materiaal met panelen van stretchmateriaal voor de beste pasvorm en mobiliteit. Deze\u00a0Arrak Hybrid Jacket Women Burnt Orange heeft ventilatieritsen aan de zijkant en veel praktische zakken. Een grote achterzak, 2 borstzakken met zijzakken met rits. Aan de onderkant grote zakken met ritszakken aan de zijkant. De zak linksonder is ook aan de binnenkant gevoerd met waterdichte nylon voering om het schoonmaken te vergemakkelijken als je hondensnoep in de zak hebt. 2 grote binnenzakken van polyester mesh<\/p>\n<p>2-Wege-Rei\u00dfverschluss vorne.<br \/>\nVerstellbare Kapuze.<br \/>\nVerstellbare Klettverschl\u00fcsse an den \u00c4rmeln.<br \/>\nPraktischer D-Ring mit Karabiner.<br \/>\nLeicht geformte Taille<\/p>\n<p><strong>Einzelheiten:<\/strong><\/p>\n<ul>\n<li>Stoff aus Polyester\/Baumwolle<br \/>\nImpr\u00e4gnierte Stretcheins\u00e4tze f\u00fcr beste Passform und Bewegungsfreiheit<br \/>\nGro\u00dfe Ges\u00e4\u00dftasche mit Rei\u00dfverschluss<br \/>\n2 Brusttaschen mit Rei\u00dfverschluss und Seitentaschen mit Rei\u00dfverschluss<br \/>\n2 gro\u00dfe Taschen mit Deckel unten<br \/>\nRei\u00dfverschlusstaschen f\u00fcr die H\u00e4nde<br \/>\nDie untere linke Tasche ist mit Nylon gef\u00fcttert. Praktisch, wenn er Hundeleckerlis hat<br \/>\n2 gro\u00dfe Mesh-Innentaschen<br \/>\n2-Wege-Rei\u00dfverschluss vorne<br \/>\nVerstellbare Kapuze<br \/>\nD-Ring mit Karabiner<br \/>\nBel\u00fcftungsrei\u00dfverschl\u00fcsse unter den Armen<br \/>\nVerstellbare Manschetten<\/li>\n<\/ul>\n<p><a href=\"https:\/\/dogpride.nl\/de\/produkt\/arrak-hybrid-jacket-women-black\/\">Diese Arrak Hybrid Jacket Women ist auch in der Farbe Schwarz erh\u00e4ltlich<\/a><\/p>\n<p><strong>Gr\u00f6\u00dfentabelle:<\/strong><\/p>\n<p><img loading=\"lazy\" decoding=\"async\" class=\"alignnone wp-image-70501 size-large\" src=\"https:\/\/www.dogpride.nl\/wp-content\/uploads\/women_s_tops_-1-738x1024.jpg\" alt=\"\" width=\"738\" height=\"1024\" srcset=\"https:\/\/dogpride.nl\/wp-content\/uploads\/women_s_tops_-1-738x1024.jpg 738w, https:\/\/dogpride.nl\/wp-content\/uploads\/women_s_tops_-1-250x347.jpg 250w, https:\/\/dogpride.nl\/wp-content\/uploads\/women_s_tops_-1-400x555.jpg 400w, https:\/\/dogpride.nl\/wp-content\/uploads\/women_s_tops_-1-216x300.jpg 216w, https:\/\/dogpride.nl\/wp-content\/uploads\/women_s_tops_-1-768x1065.jpg 768w, https:\/\/dogpride.nl\/wp-content\/uploads\/women_s_tops_-1-200x277.jpg 200w, https:\/\/dogpride.nl\/wp-content\/uploads\/women_s_tops_-1-600x832.jpg 600w, https:\/\/dogpride.nl\/wp-content\/uploads\/women_s_tops_-1-800x1110.jpg 800w, https:\/\/dogpride.nl\/wp-content\/uploads\/women_s_tops_-1.jpg 865w\" sizes=\"auto, (max-width: 738px) 100vw, 738px\" \/><\/p>\n<p><span style=\"color: #ffffff;\"><a href=\"https:\/\/arrakoutdoor.com\/\" target=\"_blank\" rel=\"noopener\"><img loading=\"lazy\" decoding=\"async\" class=\"alignnone wp-image-139301 size-medium\" src=\"https:\/\/dogpride.nl\/wp-content\/uploads\/Arrak-300x118.jpeg\" alt=\"Logo\" width=\"300\" height=\"118\" srcset=\"https:\/\/dogpride.nl\/wp-content\/uploads\/Arrak-300x118.jpeg 300w, https:\/\/dogpride.nl\/wp-content\/uploads\/Arrak-768x303.jpeg 768w, https:\/\/dogpride.nl\/wp-content\/uploads\/Arrak-18x7.jpeg 18w, https:\/\/dogpride.nl\/wp-content\/uploads\/Arrak-250x99.jpeg 250w, https:\/\/dogpride.nl\/wp-content\/uploads\/Arrak-400x158.jpeg 400w, https:\/\/dogpride.nl\/wp-content\/uploads\/Arrak.jpeg 916w\" sizes=\"auto, (max-width: 300px) 100vw, 300px\" \/><\/a><\/span><\/p>\n<p><a href=\"https:\/\/dogpride.nl\/de\/kleding\/jassen\/arrak-outdoor-jassen\/\"><img loading=\"lazy\" decoding=\"async\" class=\"alignnone\" title=\"Arrak Hybridjacke Damen Burnt Orange\" src=\"https:\/\/dogpride.nl\/wp-content\/uploads\/21041.hybrid_jacket_lady_front1-150x150.jpg\" alt=\"Arrak Hybrid Jacket Women Burnt Orange\" width=\"150\" height=\"150\" \/><\/a><\/p>","protected":false},"excerpt":{"rendered":"<p class=\"page-title\"><strong><span class=\"base\" data-ui-id=\"page-title-wrapper\">Arrak Hybridjacke Damen Burnt Orange.\u00a0<\/span><\/strong>Eine traumhaft bequeme und funktionelle Jacke f\u00fcr alle, die das gewisse Extra wollen.<\/p>","protected":false},"featured_media":70607,"template":"","meta":[],"product_brand":[],"product_cat":[3853],"product_tag":[],"class_list":{"0":"post-145627","1":"product","2":"type-product","3":"status-publish","4":"has-post-thumbnail","6":"product_cat-arrak-outdoor-dames-jassen","8":"first","9":"instock","10":"taxable","11":"shipping-taxable","12":"purchasable","13":"product-type-variable"},"mb":[],"mfb_rest_fields":["title"],"_links":{"self":[{"href":"https:\/\/dogpride.nl\/de\/wp-json\/wp\/v2\/product\/145627","targetHints":{"allow":["GET"]}}],"collection":[{"href":"https:\/\/dogpride.nl\/de\/wp-json\/wp\/v2\/product"}],"about":[{"href":"https:\/\/dogpride.nl\/de\/wp-json\/wp\/v2\/types\/product"}],"wp:featuredmedia":[{"embeddable":true,"href":"https:\/\/dogpride.nl\/de\/wp-json\/wp\/v2\/media\/70607"}],"wp:attachment":[{"href":"https:\/\/dogpride.nl\/de\/wp-json\/wp\/v2\/media?parent=145627"}],"wp:term":[{"taxonomy":"product_brand","embeddable":true,"href":"https:\/\/dogpride.nl\/de\/wp-json\/wp\/v2\/product_brand?post=145627"},{"taxonomy":"product_cat","embeddable":true,"href":"https:\/\/dogpride.nl\/de\/wp-json\/wp\/v2\/product_cat?post=145627"},{"taxonomy":"product_tag","embeddable":true,"href":"https:\/\/dogpride.nl\/de\/wp-json\/wp\/v2\/product_tag?post=145627"}],"curies":[{"name":"wp","href":"https:\/\/api.w.org\/{rel}","templated":true}]}}