{"id":145600,"date":"2025-11-27T17:12:03","date_gmt":"2025-11-27T16:12:03","guid":{"rendered":"https:\/\/dogpride.nl\/?post_type=product&#038;p=145600"},"modified":"2026-02-19T12:39:36","modified_gmt":"2026-02-19T11:39:36","slug":"arrak-hybrid-jacket-men-burnt-orange","status":"publish","type":"product","link":"https:\/\/dogpride.nl\/de\/arrak-hybrid-jacket-men-burnt-orange\/","title":{"rendered":"Arrak Hybrid Jacke Herren Burnt Orange"},"content":{"rendered":"<h4>Arrak Hybrid Jacke Herren Burnt Orange<\/h4>\n<p>Die Arrak Hybrid Jacket Men Burnt Orange ist eine fantastisch bequeme und funktionelle Jacke f\u00fcr alle, die das gewisse Extra wollen.<\/p>\n<p>Das Material der Hybridjacke ist Polyester\/Baumwolle mit Eins\u00e4tzen aus Stretchmaterial f\u00fcr beste Passform und Bewegungsfreiheit. Diese Hybridjacke verf\u00fcgt \u00fcber seitliche Bel\u00fcftungsrei\u00dfverschl\u00fcsse und viele praktische Taschen. Eine gro\u00dfe Ges\u00e4\u00dftasche mit Rei\u00dfverschluss und 2 Brusttaschen mit Seitentaschen mit Rei\u00dfverschluss. Gro\u00dfe Taschen unten mit Rei\u00dfverschlusstaschen an der Seite. Auch die untere linke Tasche ist innen mit einem wasserdichten Nylonfutter ausgekleidet, um die Reinigung zu erleichtern, wenn Sie beispielsweise Hundeleckerlis in der Tasche haben. Diese Jacke verf\u00fcgt au\u00dferdem \u00fcber 2 gro\u00dfe Innentaschen aus Polyesternetz.<\/p>\n<p><strong>Details zu dieser Arrak Hybrid Jacke Herren Burnt Orange:<\/strong><\/p>\n<ul>\n<li>Stoff aus Polyester\/Baumwolle<\/li>\n<li>Impr\u00e4gnierte Stretcheins\u00e4tze f\u00fcr beste Passform und Bewegungsfreiheit<\/li>\n<li>Gro\u00dfe Ges\u00e4\u00dftasche mit Rei\u00dfverschluss<\/li>\n<li>2 Brusttaschen mit Rei\u00dfverschluss und Seitentaschen mit Rei\u00dfverschluss<\/li>\n<li>2 gro\u00dfe Taschen mit Deckel unten<\/li>\n<li>Rei\u00dfverschlusstaschen f\u00fcr die H\u00e4nde<\/li>\n<li>Die untere linke Tasche ist mit Nylon gef\u00fcttert. Praktisch, wenn er Hundeleckerlis hat<\/li>\n<li>2 gro\u00dfe Mesh-Innentaschen<\/li>\n<li>2-Wege-Rei\u00dfverschluss vorne<\/li>\n<li>Verstellbare Kapuze<\/li>\n<li>D-Ring mit Karabiner<\/li>\n<li>Bel\u00fcftungsrei\u00dfverschl\u00fcsse unter den Armen<\/li>\n<li>Verstellbare Manschetten<\/li>\n<\/ul>\n<p><a href=\"https:\/\/dogpride.nl\/de\/produkt\/arrak-hybrid-jacket-men-black\/\">Diese Arrak Hybrid Jacket Men ist auch in der Farbe Schwarz erh\u00e4ltlich<\/a><\/p>\n<p><strong>Gr\u00f6\u00dfentabelle:<\/strong><\/p>\n<p><img loading=\"lazy\" decoding=\"async\" class=\"alignnone wp-image-70336 size-large\" src=\"https:\/\/www.dogpride.nl\/wp-content\/uploads\/men_s_tops_-711x1024.jpg\" alt=\"\" width=\"711\" height=\"1024\" srcset=\"https:\/\/dogpride.nl\/wp-content\/uploads\/men_s_tops_-711x1024.jpg 711w, https:\/\/dogpride.nl\/wp-content\/uploads\/men_s_tops_-250x360.jpg 250w, https:\/\/dogpride.nl\/wp-content\/uploads\/men_s_tops_-400x576.jpg 400w, https:\/\/dogpride.nl\/wp-content\/uploads\/men_s_tops_-208x300.jpg 208w, https:\/\/dogpride.nl\/wp-content\/uploads\/men_s_tops_-768x1106.jpg 768w, https:\/\/dogpride.nl\/wp-content\/uploads\/men_s_tops_-200x288.jpg 200w, https:\/\/dogpride.nl\/wp-content\/uploads\/men_s_tops_-600x864.jpg 600w, https:\/\/dogpride.nl\/wp-content\/uploads\/men_s_tops_-800x1152.jpg 800w, https:\/\/dogpride.nl\/wp-content\/uploads\/men_s_tops_.jpg 833w\" sizes=\"auto, (max-width: 711px) 100vw, 711px\" \/><\/p>\n<p><span style=\"color: #ffffff;\"><a href=\"https:\/\/arrakoutdoor.com\/\" target=\"_blank\" rel=\"noopener\"><img loading=\"lazy\" decoding=\"async\" class=\"alignnone wp-image-139301 size-medium\" src=\"https:\/\/dogpride.nl\/wp-content\/uploads\/Arrak-300x118.jpeg\" alt=\"Logo\" width=\"300\" height=\"118\" srcset=\"https:\/\/dogpride.nl\/wp-content\/uploads\/Arrak-300x118.jpeg 300w, https:\/\/dogpride.nl\/wp-content\/uploads\/Arrak-768x303.jpeg 768w, https:\/\/dogpride.nl\/wp-content\/uploads\/Arrak-18x7.jpeg 18w, https:\/\/dogpride.nl\/wp-content\/uploads\/Arrak-250x99.jpeg 250w, https:\/\/dogpride.nl\/wp-content\/uploads\/Arrak-400x158.jpeg 400w, https:\/\/dogpride.nl\/wp-content\/uploads\/Arrak.jpeg 916w\" sizes=\"auto, (max-width: 300px) 100vw, 300px\" \/><\/a><\/span><\/p>\n<p><a href=\"https:\/\/dogpride.nl\/de\/kleding\/jassen\/arrak-outdoor-jassen\/\"><img loading=\"lazy\" decoding=\"async\" class=\"alignnone\" title=\"Arrak Hybrid Jacke Herren Burnt Orange\" src=\"https:\/\/dogpride.nl\/wp-content\/uploads\/21040.hybrid_jacket_men_front1-150x150.jpg\" alt=\"Arrak Hybrid Jacket Men Burnt Orange\" width=\"150\" height=\"150\" \/><\/a><\/p>","protected":false},"excerpt":{"rendered":"<p>Arrak Hybrid Jacke Herren Burnt Orange. Eine traumhaft bequeme und funktionelle Jacke f\u00fcr alle, die das gewisse Extra wollen.<\/p>","protected":false},"featured_media":70590,"template":"","meta":[],"product_brand":[],"product_cat":[24457],"product_tag":[],"class_list":{"0":"post-145600","1":"product","2":"type-product","3":"status-publish","4":"has-post-thumbnail","6":"product_cat-arrak-outdoor-heren-jassen","8":"first","9":"instock","10":"taxable","11":"shipping-taxable","12":"purchasable","13":"product-type-variable"},"mb":[],"mfb_rest_fields":["title"],"_links":{"self":[{"href":"https:\/\/dogpride.nl\/de\/wp-json\/wp\/v2\/product\/145600","targetHints":{"allow":["GET"]}}],"collection":[{"href":"https:\/\/dogpride.nl\/de\/wp-json\/wp\/v2\/product"}],"about":[{"href":"https:\/\/dogpride.nl\/de\/wp-json\/wp\/v2\/types\/product"}],"wp:featuredmedia":[{"embeddable":true,"href":"https:\/\/dogpride.nl\/de\/wp-json\/wp\/v2\/media\/70590"}],"wp:attachment":[{"href":"https:\/\/dogpride.nl\/de\/wp-json\/wp\/v2\/media?parent=145600"}],"wp:term":[{"taxonomy":"product_brand","embeddable":true,"href":"https:\/\/dogpride.nl\/de\/wp-json\/wp\/v2\/product_brand?post=145600"},{"taxonomy":"product_cat","embeddable":true,"href":"https:\/\/dogpride.nl\/de\/wp-json\/wp\/v2\/product_cat?post=145600"},{"taxonomy":"product_tag","embeddable":true,"href":"https:\/\/dogpride.nl\/de\/wp-json\/wp\/v2\/product_tag?post=145600"}],"curies":[{"name":"wp","href":"https:\/\/api.w.org\/{rel}","templated":true}]}}