{"id":145531,"date":"2025-11-27T16:53:05","date_gmt":"2025-11-27T15:53:05","guid":{"rendered":"https:\/\/dogpride.nl\/?post_type=product&#038;p=145531"},"modified":"2026-02-19T12:42:19","modified_gmt":"2026-02-19T11:42:19","slug":"arrak-warmy-jacket-men-gold","status":"publish","type":"product","link":"https:\/\/dogpride.nl\/de\/arrak-warmy-jacket-men-gold\/","title":{"rendered":"Arrak Warmy Jacke Herren Gold"},"content":{"rendered":"<h4>Arrak Warmy Jacke Herren Gold<\/h4>\n<p>Arrak Warmy Jacke Herren Gold<\/p>\n<p>Eine weiche und bequeme leichte Jacke aus weichem Material. Gef\u00fcllt mit synthetischen Daunen.<\/p>\n<p>Vordertaschen mit Rei\u00dfverschluss und 2 verdeckte Brusttaschen mit Rei\u00dfverschluss. 2 offene Innentaschen. Tunneltasche auf der R\u00fcckseite mit Rei\u00dfverschluss. Die Kapuze ist mit einem elastischen Kordelzug und Klettverschluss verstellbar. 2-Wege-Rei\u00dfverschluss vorne.<\/p>\n<p><strong>Spezifikationen:<\/strong><\/p>\n<ul>\n<li>Oberstoff aus 100%-Nylon<\/li>\n<li>Gef\u00fcllt mit synthetischen Daunen<\/li>\n<li>Verstellbare Kapuze<\/li>\n<li>Vier Vordertaschen mit Rei\u00dfverschluss<\/li>\n<li>Zwei offene Innentaschen<\/li>\n<li>Tunneltasche auf der R\u00fcckseite mit Rei\u00dfverschluss<\/li>\n<li>2-Wege-Rei\u00dfverschluss<\/li>\n<\/ul>\n<p><strong>Gr\u00f6\u00dfentabelle:<\/strong><\/p>\n<p><img loading=\"lazy\" decoding=\"async\" class=\"alignnone size-full wp-image-95010\" src=\"https:\/\/www.dogpride.nl\/wp-content\/uploads\/men_s_tops_-9.jpg\" alt=\"Maattabel\" width=\"833\" height=\"1200\" srcset=\"https:\/\/dogpride.nl\/wp-content\/uploads\/men_s_tops_-9.jpg 833w, https:\/\/dogpride.nl\/wp-content\/uploads\/men_s_tops_-9-250x360.jpg 250w, https:\/\/dogpride.nl\/wp-content\/uploads\/men_s_tops_-9-400x576.jpg 400w, https:\/\/dogpride.nl\/wp-content\/uploads\/men_s_tops_-9-208x300.jpg 208w, https:\/\/dogpride.nl\/wp-content\/uploads\/men_s_tops_-9-711x1024.jpg 711w, https:\/\/dogpride.nl\/wp-content\/uploads\/men_s_tops_-9-768x1106.jpg 768w, https:\/\/dogpride.nl\/wp-content\/uploads\/men_s_tops_-9-200x288.jpg 200w, https:\/\/dogpride.nl\/wp-content\/uploads\/men_s_tops_-9-600x864.jpg 600w, https:\/\/dogpride.nl\/wp-content\/uploads\/men_s_tops_-9-800x1152.jpg 800w\" sizes=\"auto, (max-width: 833px) 100vw, 833px\" \/><\/p>\n<p><a href=\"https:\/\/arrakoutdoor.com\/\" target=\"_blank\" rel=\"noopener\"><img loading=\"lazy\" decoding=\"async\" class=\"alignnone wp-image-139301 size-medium\" src=\"https:\/\/dogpride.nl\/wp-content\/uploads\/Arrak-300x118.jpeg\" alt=\"Logo\" width=\"300\" height=\"118\" srcset=\"https:\/\/dogpride.nl\/wp-content\/uploads\/Arrak-300x118.jpeg 300w, https:\/\/dogpride.nl\/wp-content\/uploads\/Arrak-768x303.jpeg 768w, https:\/\/dogpride.nl\/wp-content\/uploads\/Arrak-18x7.jpeg 18w, https:\/\/dogpride.nl\/wp-content\/uploads\/Arrak-250x99.jpeg 250w, https:\/\/dogpride.nl\/wp-content\/uploads\/Arrak-400x158.jpeg 400w, https:\/\/dogpride.nl\/wp-content\/uploads\/Arrak.jpeg 916w\" sizes=\"auto, (max-width: 300px) 100vw, 300px\" \/><\/a><\/p>\n<p><a href=\"https:\/\/dogpride.nl\/de\/kleding\/jassen\/arrak-outdoor-jassen\/\"><img loading=\"lazy\" decoding=\"async\" class=\"alignnone\" title=\"Arrak Warmy Jacke Herren Gold\" src=\"https:\/\/dogpride.nl\/wp-content\/uploads\/21042_gold_back_1-150x150.jpg\" alt=\"Arrak Warmy Jacket Men Gold\" width=\"150\" height=\"150\" \/><\/a><\/p>","protected":false},"excerpt":{"rendered":"<p>Eine weiche und bequeme leichte Jacke aus weichem Material. Gef\u00fcllt mit synthetischen Daunen. Vordertaschen mit Rei\u00dfverschluss und 2 verdeckte Brusttaschen mit Rei\u00dfverschluss. 2 offene Innentaschen. Tunneltasche auf der R\u00fcckseite mit Rei\u00dfverschluss.<\/p>","protected":false},"featured_media":95011,"template":"","meta":[],"product_brand":[],"product_cat":[24457],"product_tag":[3334,3200],"class_list":{"0":"post-145531","1":"product","2":"type-product","3":"status-publish","4":"has-post-thumbnail","6":"product_cat-arrak-outdoor-heren-jassen","7":"product_tag-arrak-outdoor","8":"product_tag-winterjas","10":"first","11":"instock","12":"taxable","13":"shipping-taxable","14":"purchasable","15":"product-type-variable"},"mb":[],"mfb_rest_fields":["title"],"_links":{"self":[{"href":"https:\/\/dogpride.nl\/de\/wp-json\/wp\/v2\/product\/145531","targetHints":{"allow":["GET"]}}],"collection":[{"href":"https:\/\/dogpride.nl\/de\/wp-json\/wp\/v2\/product"}],"about":[{"href":"https:\/\/dogpride.nl\/de\/wp-json\/wp\/v2\/types\/product"}],"wp:featuredmedia":[{"embeddable":true,"href":"https:\/\/dogpride.nl\/de\/wp-json\/wp\/v2\/media\/95011"}],"wp:attachment":[{"href":"https:\/\/dogpride.nl\/de\/wp-json\/wp\/v2\/media?parent=145531"}],"wp:term":[{"taxonomy":"product_brand","embeddable":true,"href":"https:\/\/dogpride.nl\/de\/wp-json\/wp\/v2\/product_brand?post=145531"},{"taxonomy":"product_cat","embeddable":true,"href":"https:\/\/dogpride.nl\/de\/wp-json\/wp\/v2\/product_cat?post=145531"},{"taxonomy":"product_tag","embeddable":true,"href":"https:\/\/dogpride.nl\/de\/wp-json\/wp\/v2\/product_tag?post=145531"}],"curies":[{"name":"wp","href":"https:\/\/api.w.org\/{rel}","templated":true}]}}