{"id":145468,"date":"2025-11-27T15:52:58","date_gmt":"2025-11-27T14:52:58","guid":{"rendered":"https:\/\/dogpride.nl\/?post_type=product&#038;p=145468"},"modified":"2025-11-27T15:56:18","modified_gmt":"2025-11-27T14:56:18","slug":"arrak-warmy-jacket-women-gold","status":"publish","type":"product","link":"https:\/\/dogpride.nl\/de\/arrak-warmy-jacket-women-gold\/","title":{"rendered":"Arrak Warmy Jacke Damen Gold"},"content":{"rendered":"<h4>Arrak Warmy Jacke Damen Gold<\/h4>\n<p>Arrak Warmy Jacke Damen Gold<\/p>\n<p>Eine weiche und bequeme leichte Jacke aus weichem Material. Gef\u00fcllt mit synthetischen Daunen.<br \/>\nVordertaschen mit Rei\u00dfverschluss und 2 verdeckte Brusttaschen mit Rei\u00dfverschluss.<br \/>\n2 offene Innentaschen.<br \/>\nTunneltasche auf der R\u00fcckseite mit Rei\u00dfverschl\u00fcssen auf beiden Seiten.<br \/>\nDie Kapuze ist mit einem elastischen Kordelzug und Klettverschluss verstellbar.<br \/>\n2-Wege-Rei\u00dfverschluss vorne.<br \/>\nIn der Taille leicht gebogen.<\/p>\n<p><strong>Spezifikationen:<\/strong><\/p>\n<ul>\n<li>Oberstoff aus 100%-Nylon<\/li>\n<li>Gef\u00fcllt mit synthetischen Daunen<\/li>\n<li>Verstellbare Kapuze<\/li>\n<li>Vier Vordertaschen mit Rei\u00dfverschluss<\/li>\n<li>Zwei offene Innentaschen<\/li>\n<li>Tunneltasche auf der R\u00fcckseite mit Rei\u00dfverschluss<\/li>\n<li>2-Wege-Rei\u00dfverschluss<\/li>\n<li>In der Taille leicht geschwungen<\/li>\n<li>Gewicht Gr\u00f6\u00dfe M, 652g<\/li>\n<\/ul>\n<p><strong>Gr\u00f6\u00dfentabelle:<\/strong><\/p>\n<p><img loading=\"lazy\" decoding=\"async\" class=\"alignnone size-full wp-image-94968\" src=\"https:\/\/www.dogpride.nl\/wp-content\/uploads\/women_s_tops_-4.jpg\" alt=\"Maattabel\" width=\"865\" height=\"1200\" srcset=\"https:\/\/dogpride.nl\/wp-content\/uploads\/women_s_tops_-4.jpg 865w, https:\/\/dogpride.nl\/wp-content\/uploads\/women_s_tops_-4-250x347.jpg 250w, https:\/\/dogpride.nl\/wp-content\/uploads\/women_s_tops_-4-400x555.jpg 400w, https:\/\/dogpride.nl\/wp-content\/uploads\/women_s_tops_-4-216x300.jpg 216w, https:\/\/dogpride.nl\/wp-content\/uploads\/women_s_tops_-4-738x1024.jpg 738w, https:\/\/dogpride.nl\/wp-content\/uploads\/women_s_tops_-4-768x1065.jpg 768w, https:\/\/dogpride.nl\/wp-content\/uploads\/women_s_tops_-4-200x277.jpg 200w, https:\/\/dogpride.nl\/wp-content\/uploads\/women_s_tops_-4-600x832.jpg 600w, https:\/\/dogpride.nl\/wp-content\/uploads\/women_s_tops_-4-800x1110.jpg 800w\" sizes=\"auto, (max-width: 865px) 100vw, 865px\" \/><\/p>\n<p><a href=\"https:\/\/arrakoutdoor.com\/\" target=\"_blank\" rel=\"noopener\"><img loading=\"lazy\" decoding=\"async\" class=\"alignnone wp-image-139301 size-medium\" src=\"https:\/\/dogpride.nl\/wp-content\/uploads\/Arrak-300x118.jpeg\" alt=\"Logo\" width=\"300\" height=\"118\" srcset=\"https:\/\/dogpride.nl\/wp-content\/uploads\/Arrak-300x118.jpeg 300w, https:\/\/dogpride.nl\/wp-content\/uploads\/Arrak-768x303.jpeg 768w, https:\/\/dogpride.nl\/wp-content\/uploads\/Arrak-18x7.jpeg 18w, https:\/\/dogpride.nl\/wp-content\/uploads\/Arrak-250x99.jpeg 250w, https:\/\/dogpride.nl\/wp-content\/uploads\/Arrak-400x158.jpeg 400w, https:\/\/dogpride.nl\/wp-content\/uploads\/Arrak.jpeg 916w\" sizes=\"auto, (max-width: 300px) 100vw, 300px\" \/><\/a><\/p>\n<p><a href=\"https:\/\/dogpride.nl\/de\/kleding\/jassen\/arrak-outdoor-jassen\/\"><img loading=\"lazy\" decoding=\"async\" class=\"alignnone\" title=\"Arrak Warmy Jacke Damen Gold\" src=\"https:\/\/dogpride.nl\/wp-content\/uploads\/21043_gold_side_web-150x150.jpg\" alt=\"Arrak Warmy Jacket Women Gold\" width=\"150\" height=\"150\" \/><\/a><\/p>","protected":false},"excerpt":{"rendered":"<p>Eine weiche und bequeme leichte Jacke aus weichem Material. Gef\u00fcllt mit synthetischen Daunen. Vordertaschen mit Rei\u00dfverschluss und 2 verdeckte Brusttaschen mit Rei\u00dfverschluss. Tunneltasche auf der R\u00fcckseite mit Rei\u00dfverschl\u00fcssen auf beiden Seiten.<\/p>","protected":false},"featured_media":94962,"template":"","meta":[],"product_brand":[],"product_cat":[3853],"product_tag":[3334,4142,4141,4143,4140],"class_list":{"0":"post-145468","1":"product","2":"type-product","3":"status-publish","4":"has-post-thumbnail","6":"product_cat-arrak-outdoor-dames-jassen","7":"product_tag-arrak-outdoor","8":"product_tag-gold","9":"product_tag-jacket","10":"product_tag-tunnelzak-op-rug","11":"product_tag-warmy","13":"first","14":"instock","15":"taxable","16":"shipping-taxable","17":"purchasable","18":"product-type-variable"},"mb":[],"mfb_rest_fields":["title"],"_links":{"self":[{"href":"https:\/\/dogpride.nl\/de\/wp-json\/wp\/v2\/product\/145468","targetHints":{"allow":["GET"]}}],"collection":[{"href":"https:\/\/dogpride.nl\/de\/wp-json\/wp\/v2\/product"}],"about":[{"href":"https:\/\/dogpride.nl\/de\/wp-json\/wp\/v2\/types\/product"}],"wp:featuredmedia":[{"embeddable":true,"href":"https:\/\/dogpride.nl\/de\/wp-json\/wp\/v2\/media\/94962"}],"wp:attachment":[{"href":"https:\/\/dogpride.nl\/de\/wp-json\/wp\/v2\/media?parent=145468"}],"wp:term":[{"taxonomy":"product_brand","embeddable":true,"href":"https:\/\/dogpride.nl\/de\/wp-json\/wp\/v2\/product_brand?post=145468"},{"taxonomy":"product_cat","embeddable":true,"href":"https:\/\/dogpride.nl\/de\/wp-json\/wp\/v2\/product_cat?post=145468"},{"taxonomy":"product_tag","embeddable":true,"href":"https:\/\/dogpride.nl\/de\/wp-json\/wp\/v2\/product_tag?post=145468"}],"curies":[{"name":"wp","href":"https:\/\/api.w.org\/{rel}","templated":true}]}}