{"id":1429,"date":"2019-06-08T14:41:21","date_gmt":"2019-06-08T12:41:21","guid":{"rendered":"https:\/\/dogpride1.wpengine.com\/?post_type=product&#038;p=1429"},"modified":"2026-02-24T12:41:46","modified_gmt":"2026-02-24T11:41:46","slug":"chuckit-fetch-medley-s-5-cm-3-pack","status":"publish","type":"product","link":"https:\/\/dogpride.nl\/de\/chuckit-fetch-medley-s-5-cm-3-pack\/","title":{"rendered":"Chuckit Fetch Medley S 5 cm 3er Pack"},"content":{"rendered":"<h4><strong>Chuckit Fetch Medley S 5 cm 3er Pack<\/strong><\/h4>\n<p>Chuckit Fetch Medley S 5 cm 3er Pack<\/p>\n<p>Die drei beliebtesten B\u00e4lle von Chuckit wurden im Chuckit Fetch Medley vereint! In diesem Medley finden Sie einen leuchtenden Ball (ideal f\u00fcr die Dunkelheit), einen lustigen H\u00fcpfball, der in alle Richtungen fliegt, und einen Ball, der Ger\u00e4usche macht. Alle B\u00e4lle bestehen aus strapazierf\u00e4higem Gummi und passen aufgrund ihrer Gr\u00f6\u00dfe in die Chuckit-Ballwerfer in der Gr\u00f6\u00dfe Small.<\/p>\n<p><a href=\"https:\/\/www.amazon.nl\/\" target=\"_blank\" rel=\"noopener\"><img loading=\"lazy\" decoding=\"async\" class=\"alignnone\" src=\"https:\/\/dogpride.nl\/wp-content\/uploads\/Chuckit-Fetch-Medley3-5-150x150.jpg\" alt=\"Chuckit Fetch Medley S 5 cm 3 Pack\" width=\"150\" height=\"150\" \/><\/a><\/p>\n<ul>\n<li>3 verschiedene B\u00e4lle<\/li>\n<li>Aus strapazierf\u00e4higem Gummi<\/li>\n<li>Kombinierbar mit den Chuckit Ball Launchers S<\/li>\n<\/ul>\n<p><strong>Ma\u00dfe<\/strong><br \/>\nDurchmesser 5 cm<\/p>\n<p><a href=\"https:\/\/dogpride.nl\/de\/speelgoed\/ballen-apporteren\/?product-page=6\"><img loading=\"lazy\" decoding=\"async\" class=\"alignnone\" title=\"Chuckit Fetch Medley S 5 cm 3er Pack\" src=\"https:\/\/dogpride.nl\/wp-content\/uploads\/Chuckit-Fetch-Medley3-5-150x150.jpg\" alt=\"Chuckit Fetch Medley S 5 cm 3 Pack\" width=\"150\" height=\"150\" \/><\/a><\/p>\n<p>&nbsp;<\/p>","protected":false},"excerpt":{"rendered":"<p>Die drei beliebtesten B\u00e4lle von Chuckit wurden im Chuckit Fetch Medley vereint! In diesem Medley finden Sie einen leuchtenden Ball (ideal f\u00fcr die Dunkelheit), einen lustigen H\u00fcpfball, der in alle Richtungen fliegt, und einen Ball, der Ger\u00e4usche macht.<\/p>","protected":false},"featured_media":22962,"template":"","meta":[],"product_brand":[],"product_cat":[22514],"product_tag":[],"class_list":{"0":"post-1429","1":"product","2":"type-product","3":"status-publish","4":"has-post-thumbnail","6":"product_cat-chuckit","8":"first","9":"instock","10":"taxable","11":"shipping-taxable","12":"purchasable","13":"product-type-simple"},"mb":[],"mfb_rest_fields":["title"],"_links":{"self":[{"href":"https:\/\/dogpride.nl\/de\/wp-json\/wp\/v2\/product\/1429","targetHints":{"allow":["GET"]}}],"collection":[{"href":"https:\/\/dogpride.nl\/de\/wp-json\/wp\/v2\/product"}],"about":[{"href":"https:\/\/dogpride.nl\/de\/wp-json\/wp\/v2\/types\/product"}],"wp:featuredmedia":[{"embeddable":true,"href":"https:\/\/dogpride.nl\/de\/wp-json\/wp\/v2\/media\/22962"}],"wp:attachment":[{"href":"https:\/\/dogpride.nl\/de\/wp-json\/wp\/v2\/media?parent=1429"}],"wp:term":[{"taxonomy":"product_brand","embeddable":true,"href":"https:\/\/dogpride.nl\/de\/wp-json\/wp\/v2\/product_brand?post=1429"},{"taxonomy":"product_cat","embeddable":true,"href":"https:\/\/dogpride.nl\/de\/wp-json\/wp\/v2\/product_cat?post=1429"},{"taxonomy":"product_tag","embeddable":true,"href":"https:\/\/dogpride.nl\/de\/wp-json\/wp\/v2\/product_tag?post=1429"}],"curies":[{"name":"wp","href":"https:\/\/api.w.org\/{rel}","templated":true}]}}