{"id":142418,"date":"2025-11-11T14:30:57","date_gmt":"2025-11-11T13:30:57","guid":{"rendered":"https:\/\/dogpride.nl\/?post_type=product&#038;p=142418"},"modified":"2026-01-05T16:34:39","modified_gmt":"2026-01-05T15:34:39","slug":"multiline-6-parameter-doa-panel-test-1125tests","status":"publish","type":"product","link":"https:\/\/dogpride.nl\/de\/multiline-6-parameter-doa-panel-test-1125tests\/","title":{"rendered":"MultiLine 6 parameter DOA Panel Test 1125tests"},"content":{"rendered":"<h4>MultiLine 6 parameter DOA Panel Test (1125tests)<\/h4>\n<p>MultiLine 6 parameter DOA Panel Test (1125tests) (incl. pipette)<\/p>\n<table border=\"0\">\n<tbody>\n<tr>\n<td colspan=\"2\" rowspan=\"1\"><u><strong>Amphetamines, Benzodiazepines, Cocaine, Opiates\/Morphine, Methadone and THC<\/strong><\/u><\/p>\n<p>The DIMA\u00ae Rapid Drug Tests are immunochromatographic rapid tests for the qualitative detection of different types of drugs or pharmaceuticals and their major metabolites in the urine.<\/p>\n<p>Within the mould, several test strips are positioned to allow simultaneous detection of several different drugs or pharmaceuticals.<\/p>\n<p>Test results of the DIMA Rapid Drug Tests have a 95% agreement with GC \/ MS.<\/p>\n<p>The shelf-life of the tests is 24 months from date of production.<\/td>\n<\/tr>\n<\/tbody>\n<\/table>\n<p><img loading=\"lazy\" decoding=\"async\" class=\"alignnone wp-image-142422 size-thumbnail\" title=\"MultiLine 6 parameter DOA Panel Test (1125tests)\" src=\"https:\/\/dogpride.nl\/wp-content\/uploads\/multiline-6-parameter-doa-panel-test-incl-pipette-1125-tests-150x150.jpg\" alt=\"MultiLine 6 parameter DOA Panel Test (1125tests)\" width=\"150\" height=\"150\" srcset=\"https:\/\/dogpride.nl\/wp-content\/uploads\/multiline-6-parameter-doa-panel-test-incl-pipette-1125-tests-150x150.jpg 150w, https:\/\/dogpride.nl\/wp-content\/uploads\/multiline-6-parameter-doa-panel-test-incl-pipette-1125-tests-100x100.jpg 100w\" sizes=\"auto, (max-width: 150px) 100vw, 150px\" \/><\/p>\n<p>&nbsp;<\/p>\n<div dir=\"ltr\">\n<p><strong>Content: 25 Test Dropper Multi-line Cassettes per kit, 45 kits per Carton, 1125 tests total.<\/strong><\/p>\n<div><\/div>\n<\/div>\n<div><a href=\"https:\/\/shop.narcotictests.com\/\" target=\"_blank\" rel=\"noopener\"><img loading=\"lazy\" decoding=\"async\" class=\"alignnone wp-image-140132 size-full\" title=\"MultiLine 6 parameter DOA Panel Test (1125tests)\" src=\"https:\/\/dogpride.nl\/wp-content\/uploads\/logo.gif\" alt=\"MultiLine 6 parameter DOA Panel Test (1125tests)\" width=\"71\" height=\"63\" srcset=\"https:\/\/dogpride.nl\/wp-content\/uploads\/logo.gif 71w, https:\/\/dogpride.nl\/wp-content\/uploads\/logo-14x12.gif 14w\" sizes=\"auto, (max-width: 71px) 100vw, 71px\" \/><\/a><\/div>\n<div><\/div>\n<div>\n<h4 data-start=\"491\" data-end=\"598\">MultiLine 6 Parameter DOA Panel Test (1125tests) \u2013 Professionele Multidrug Urinetest met Zes Parameters<\/h4>\n<h4 data-start=\"600\" data-end=\"664\">Betrouwbare en snelle detectie van meerdere drugs tegelijk<\/h4>\n<p data-start=\"665\" data-end=\"1074\">Der <strong data-start=\"668\" data-end=\"721\">MultiLine 6 Parameter DOA Panel Test (1125tests)<\/strong> biedt een <strong data-start=\"732\" data-end=\"779\">snelle, nauwkeurige en effici\u00ebnte oplossing<\/strong> voor het gelijktijdig detecteren van zes verschillende drugs in \u00e9\u00e9n enkele urinetest. Deze professionele <strong data-start=\"885\" data-end=\"905\">multi-panel test<\/strong> is ontwikkeld voor organisaties die werken met <strong data-start=\"953\" data-end=\"1017\">drugsscreening, medische diagnostiek of forensisch onderzoek<\/strong>, en levert <strong data-start=\"1029\" data-end=\"1071\">duidelijke resultaten binnen 5 minuten<\/strong>.<\/p>\n<p data-start=\"1076\" data-end=\"1263\">Met een totaal van <strong data-start=\"1095\" data-end=\"1115\">1125 testpanelen<\/strong> is dit product ideaal voor <strong data-start=\"1143\" data-end=\"1186\">regelmatige, grootschalige toepassingen<\/strong> in onder meer ziekenhuizen, bedrijven, laboratoria, politie en reclassering.<\/p>\n<hr data-start=\"1265\" data-end=\"1268\" \/>\n<h4 data-start=\"1270\" data-end=\"1320\">Zes-in-\u00e9\u00e9n detectie: effici\u00ebnt en veelzijdig<\/h4>\n<p data-start=\"1321\" data-end=\"1573\">Der <strong data-start=\"668\" data-end=\"721\">MultiLine 6 Parameter DOA Panel Test (1125tests)<\/strong>\u00a0detecteert <strong data-start=\"1376\" data-end=\"1427\">zes van de meest voorkomende drugs van misbruik<\/strong> (Drugs of Abuse) in \u00e9\u00e9n enkele test. De samenstelling kan per testset verschillen, maar bevat doorgaans een combinatie van de volgende stoffen:<\/p>\n<ul>\n<li data-start=\"1577\" data-end=\"1596\"><strong data-start=\"1577\" data-end=\"1594\">Cocaine (COC)<\/strong><\/li>\n<li data-start=\"1599\" data-end=\"1631\"><strong data-start=\"1599\" data-end=\"1629\">Cannabis (THC \/ Marihuana)<\/strong><\/li>\n<li data-start=\"1634\" data-end=\"1657\"><strong data-start=\"1634\" data-end=\"1655\">Amphetamine (AMP)<\/strong><\/li>\n<li data-start=\"1660\" data-end=\"1694\"><strong data-start=\"1660\" data-end=\"1692\">Methamphetamine (MET \/ MAMP)<\/strong><\/li>\n<li data-start=\"1697\" data-end=\"1722\"><strong data-start=\"1697\" data-end=\"1720\">Opiates (OPI \/ MOR)<\/strong><\/li>\n<li data-start=\"1725\" data-end=\"1752\"><strong data-start=\"1725\" data-end=\"1750\">Benzodiazepines (BZO)<\/strong><\/li>\n<\/ul>\n<p data-start=\"1754\" data-end=\"1914\">Andere varianten kunnen bijvoorbeeld <strong data-start=\"1791\" data-end=\"1813\">Barbiturates (BAR)<\/strong>, <strong data-start=\"1815\" data-end=\"1838\">Buprenorphine (BUP)<\/strong> oder <strong data-start=\"1842\" data-end=\"1861\">Methadone (MTD)<\/strong> omvatten, afhankelijk van de gekozen configuratie.<\/p>\n<p data-start=\"1916\" data-end=\"2067\">Door zes analyten tegelijk te meten, bespaart deze test <strong data-start=\"1972\" data-end=\"2001\">tijd, kosten en materiaal<\/strong>, zonder concessies te doen aan nauwkeurigheid of betrouwbaarheid.<\/p>\n<hr data-start=\"2069\" data-end=\"2072\" \/>\n<h4 data-start=\"2074\" data-end=\"2126\">Gebruiksvriendelijk ontwerp \u2013 direct resultaat<\/h4>\n<p data-start=\"2127\" data-end=\"2273\">Der <strong data-start=\"2130\" data-end=\"2183\">MultiLine 6 Parameter DOA Panel Test (1125tests)<\/strong> is ontworpen voor <strong data-start=\"2202\" data-end=\"2231\">snel en eenvoudig gebruik<\/strong>, zelfs buiten een laboratoriumomgeving.<\/p>\n<p data-start=\"2275\" data-end=\"2300\"><strong data-start=\"2275\" data-end=\"2298\">Anweisungen:<\/strong><\/p>\n<ol>\n<li data-start=\"2304\" data-end=\"2359\">Verzamel een urinemonster in een schoon testbekertje.<\/li>\n<li data-start=\"2363\" data-end=\"2460\">Verwijder het paneel uit de verpakking en dompel de testzones 10\u201315 seconden onder in de urine.<\/li>\n<li data-start=\"2464\" data-end=\"2510\">Leg het paneel plat op een droge ondergrond.<\/li>\n<li data-start=\"2514\" data-end=\"2581\">Lees het resultaat af na 3\u20135 minuten (niet later dan 10 minuten).<\/li>\n<\/ol>\n<p data-start=\"2583\" data-end=\"2603\"><strong data-start=\"2583\" data-end=\"2601\">Interpretatie:<\/strong><\/p>\n<ul>\n<li data-start=\"2606\" data-end=\"2673\"><strong data-start=\"2606\" data-end=\"2634\">Twee lijnen per testveld<\/strong> \u2192 Negatief (geen drugs gedetecteerd)<\/li>\n<li data-start=\"2676\" data-end=\"2730\"><strong data-start=\"2676\" data-end=\"2701\">E\u00e9n lijn per testveld<\/strong> \u2192 Positief (drug aanwezig)<\/li>\n<li data-start=\"2733\" data-end=\"2784\"><strong data-start=\"2733\" data-end=\"2746\">Geen lijn<\/strong> \u2192 Ongeldig (test opnieuw uitvoeren)<\/li>\n<\/ul>\n<p data-start=\"2786\" data-end=\"2937\">Es <strong data-start=\"2790\" data-end=\"2816\">duidelijke testvenster<\/strong> en de <strong data-start=\"2823\" data-end=\"2848\">stabiele kleurreactie<\/strong> maken het aflezen eenvoudig en betrouwbaar, zelfs bij verschillende lichtomstandigheden.<\/p>\n<hr data-start=\"2939\" data-end=\"2942\" \/>\n<h4 data-start=\"2944\" data-end=\"2981\">Nauwkeurigheid en certificering<\/h4>\n<p data-start=\"2982\" data-end=\"3188\">Der <strong data-start=\"668\" data-end=\"721\">MultiLine 6 Parameter DOA Panel Test (1125tests)<\/strong>\u00a0is <strong data-start=\"3029\" data-end=\"3050\">CE-zertifiziert<\/strong> en geproduceerd volgens <strong data-start=\"3075\" data-end=\"3095\">ISO 13485-normen<\/strong>, wat garandeert dat het product voldoet aan de strengste eisen voor medische hulpmiddelen.<\/p>\n<p data-start=\"3190\" data-end=\"3512\">Met een <strong data-start=\"3198\" data-end=\"3233\">nauwkeurigheid van meer dan 99%<\/strong>, hoge gevoeligheid en specificiteit levert deze test betrouwbare resultaten bij zowel klinische als forensische toepassingen.<br data-start=\"3359\" data-end=\"3362\" \/>Elke batch wordt uitgebreid getest op consistentie en kwaliteit, zodat gebruikers kunnen vertrouwen op <strong data-start=\"3465\" data-end=\"3511\">stabiele prestaties en foutloze resultaten<\/strong>.<\/p>\n<hr data-start=\"3514\" data-end=\"3517\" \/>\n<h4 data-start=\"3519\" data-end=\"3561\">Breed toepasbaar in diverse sectoren<\/h4>\n<p data-start=\"3562\" data-end=\"3686\">Der <strong data-start=\"3565\" data-end=\"3618\">MultiLine 6 Parameter DOA Panel Test (1125tests)<\/strong> wordt gebruikt door een breed scala aan professionals, waaronder:<\/p>\n<ul>\n<li data-start=\"3690\" data-end=\"3769\"><strong data-start=\"3690\" data-end=\"3719\">Ziekenhuizen en klinieken<\/strong> \u2013 medische screening bij opname of behandeling.<\/li>\n<li data-start=\"3772\" data-end=\"3853\"><strong data-start=\"3772\" data-end=\"3807\">Forensische diensten en politie<\/strong> \u2013 opsporingsonderzoek en bewijsverzameling.<\/li>\n<li data-start=\"3856\" data-end=\"3940\"><strong data-start=\"3856\" data-end=\"3891\">Reclassering en verslavingszorg<\/strong> \u2013 monitoring van hersteltrajecten en naleving.<\/li>\n<li data-start=\"3943\" data-end=\"4016\"><strong data-start=\"3943\" data-end=\"3973\">Bedrijven en HR-afdelingen<\/strong> \u2013 preventieve screening op de werkvloer.<\/li>\n<li data-start=\"4019\" data-end=\"4114\"><strong data-start=\"4019\" data-end=\"4065\">Onderwijsinstellingen en sportorganisaties<\/strong> \u2013 preventie en naleving van veiligheidsregels.<\/li>\n<\/ul>\n<p data-start=\"4116\" data-end=\"4239\">De combinatie van <strong data-start=\"4134\" data-end=\"4178\">snelheid, betrouwbaarheid en effici\u00ebntie<\/strong> maakt deze test ideaal voor dagelijks professioneel gebruik.<\/p>\n<hr data-start=\"4241\" data-end=\"4244\" \/>\n<h4 data-start=\"4246\" data-end=\"4290\">Verpakking en effici\u00ebnt voorraadbeheer<\/h4>\n<p data-start=\"4291\" data-end=\"4541\">Elke verpakking bevat <strong data-start=\"4313\" data-end=\"4356\">1125 individueel verzegelde testpanelen<\/strong>, hygi\u00ebnisch verpakt in <strong data-start=\"4380\" data-end=\"4405\">vochtbestendige folie<\/strong> met een lange houdbaarheid. De verpakking is ontworpen voor <strong data-start=\"4466\" data-end=\"4486\">grootverbruikers<\/strong> die een stabiele, betrouwbare voorraad nodig hebben.<\/p>\n<p data-start=\"4543\" data-end=\"4788\">Dank an <strong data-start=\"4554\" data-end=\"4576\">compacte panelvorm<\/strong> kunnen meerdere tests snel en gelijktijdig worden uitgevoerd, wat de workflow aanzienlijk versnelt.<br data-start=\"4676\" data-end=\"4679\" \/>Dit maakt de test bijzonder geschikt voor organisaties die <strong data-start=\"4738\" data-end=\"4787\">dagelijks grote aantallen monsters analyseren<\/strong>.<\/p>\n<hr data-start=\"4790\" data-end=\"4793\" \/>\n<h4 data-start=\"4795\" data-end=\"4870\">Waarom kiezen voor MultiLine 6 Parameter DOA Panel Test (1125tests)?<\/h4>\n<ul>\n<li data-start=\"4873\" data-end=\"4935\"><strong data-start=\"4873\" data-end=\"4904\">Detecteert 6 drugs tegelijk<\/strong> \u2013 effici\u00ebnt en tijdbesparend<\/li>\n<li data-start=\"4938\" data-end=\"4973\"><strong data-start=\"4938\" data-end=\"4971\">Resultaten binnen 3\u20135 minuten<\/strong><\/li>\n<li data-start=\"4976\" data-end=\"5024\"><strong data-start=\"4976\" data-end=\"5022\">CE-gecertificeerd en ISO 13485 goedgekeurd<\/strong><\/li>\n<li data-start=\"5027\" data-end=\"5056\"><strong data-start=\"5027\" data-end=\"5054\">Meer dan 99% nauwkeurig<\/strong><\/li>\n<li data-start=\"5059\" data-end=\"5116\"><strong data-start=\"5059\" data-end=\"5114\">Gebruiksvriendelijk ontwerp \u2013 geen apparatuur nodig<\/strong><\/li>\n<li data-start=\"5119\" data-end=\"5155\"><strong data-start=\"5119\" data-end=\"5153\">Latexvrij en biologisch veilig<\/strong><\/li>\n<li data-start=\"5158\" data-end=\"5203\"><strong data-start=\"5158\" data-end=\"5201\">Hygi\u00ebnisch verpakt \u2013 1125 stuks per set<\/strong><\/li>\n<li data-start=\"5206\" data-end=\"5266\"><strong data-start=\"5206\" data-end=\"5264\">Geschikt voor klinisch, forensisch en zakelijk gebruik<\/strong><\/li>\n<li data-start=\"5269\" data-end=\"5319\"><strong data-start=\"5269\" data-end=\"5317\">Kosteneffici\u00ebnt bij grootschalige toepassing<\/strong><\/li>\n<\/ul>\n<hr data-start=\"5321\" data-end=\"5324\" \/>\n<h4 data-start=\"5326\" data-end=\"5341\">Conclusie<\/h4>\n<p data-start=\"5342\" data-end=\"5643\">Der <strong data-start=\"5345\" data-end=\"5398\">MultiLine 6 Parameter DOA Panel Test (1125 tests)<\/strong> combineert <strong data-start=\"5410\" data-end=\"5454\">effici\u00ebntie, betrouwbaarheid en precisie<\/strong> in \u00e9\u00e9n professioneel testpaneel.<br data-start=\"5487\" data-end=\"5490\" \/>Met de mogelijkheid om zes drugs tegelijk te detecteren, bespaar je niet alleen tijd, maar ook kosten en materiaal \u2014 zonder in te leveren op kwaliteit.<\/p>\n<p data-start=\"5645\" data-end=\"5968\">Of het nu gaat om medische screening, bedrijfsveiligheid of forensisch onderzoek: deze <strong data-start=\"5732\" data-end=\"5752\">multi-panel test<\/strong> levert <strong data-start=\"5760\" data-end=\"5809\">snelle, consistente en nauwkeurige resultaten<\/strong> wanneer het erop aankomt.<br data-start=\"5835\" data-end=\"5838\" \/>Kies voor <strong data-start=\"5848\" data-end=\"5901\">MultiLine 6 Parameter DOA Panel Test (1125 tests)<\/strong> \u2013 de slimme keuze voor grootschalige, professionele drugsdetectie.<\/p>\n<h4 data-start=\"490\" data-end=\"582\"><a href=\"https:\/\/dogpride.nl\/de\/k9\/drugs-alcohol-explosieven-tests\/doa-urine-tests\/\"><img loading=\"lazy\" decoding=\"async\" class=\"alignnone wp-image-140132 size-full\" title=\"MultiLine 6 parameter DOA Panel Test (1125tests)\" src=\"https:\/\/dogpride.nl\/wp-content\/uploads\/logo.gif\" alt=\"MultiLine 6 parameter DOA Panel Test (1125tests)\" width=\"71\" height=\"63\" srcset=\"https:\/\/dogpride.nl\/wp-content\/uploads\/logo.gif 71w, https:\/\/dogpride.nl\/wp-content\/uploads\/logo-14x12.gif 14w\" sizes=\"auto, (max-width: 71px) 100vw, 71px\" \/><\/a><\/h4>\n<\/div>","protected":false},"excerpt":{"rendered":"<p>Der <strong data-start=\"668\" data-end=\"721\">MultiLine 6 Parameter DOA Panel Test (1125tests)<\/strong> biedt een <strong data-start=\"732\" data-end=\"779\">snelle, nauwkeurige en effici\u00ebnte oplossing<\/strong> voor het gelijktijdig detecteren van zes verschillende drugs in \u00e9\u00e9n enkele urinetest.<\/p>","protected":false},"featured_media":142422,"template":"","meta":[],"product_brand":[],"product_cat":[12888],"product_tag":[13034,13031,13042,13035,13044,13037,13040,13043,13033,10115,12928,13032,13038,13041,13029,13030,12925,13039,13036],"class_list":{"0":"post-142418","1":"product","2":"type-product","3":"status-publish","4":"has-post-thumbnail","6":"product_cat-doa-urine-tests","7":"product_tag-6-in-1-drug-test","8":"product_tag-6-panel-drug-test","9":"product_tag-6-parameter-doa-test-kopen","10":"product_tag-ce-drug-test-panel","11":"product_tag-ce-gecertificeerde-multi-drug-test","12":"product_tag-cocaine-thc-amphetamine-opiates-benzodiazepines-test","13":"product_tag-doa-panel-kit","14":"product_tag-drug-test-panel-professioneel","15":"product_tag-drugs-of-abuse-panel-test","16":"product_tag-forensische-drugstest","17":"product_tag-medische-drugstest","18":"product_tag-multi-drug-urine-test","19":"product_tag-multi-panel-doa-test","20":"product_tag-multi-parameter-urine-drug-screen","21":"product_tag-multiline-6-parameter-doa-panel-test","22":"product_tag-multiline-doa-panel-test-1125","23":"product_tag-urine-drug-screening","24":"product_tag-urine-drug-test-1125","25":"product_tag-urine-multi-drug-test","26":"product_shipping_class-vast-tarief-eu-overig","28":"first","29":"instock","30":"taxable","31":"shipping-taxable","32":"product-type-simple"},"mb":[],"mfb_rest_fields":["title"],"_links":{"self":[{"href":"https:\/\/dogpride.nl\/de\/wp-json\/wp\/v2\/product\/142418","targetHints":{"allow":["GET"]}}],"collection":[{"href":"https:\/\/dogpride.nl\/de\/wp-json\/wp\/v2\/product"}],"about":[{"href":"https:\/\/dogpride.nl\/de\/wp-json\/wp\/v2\/types\/product"}],"wp:featuredmedia":[{"embeddable":true,"href":"https:\/\/dogpride.nl\/de\/wp-json\/wp\/v2\/media\/142422"}],"wp:attachment":[{"href":"https:\/\/dogpride.nl\/de\/wp-json\/wp\/v2\/media?parent=142418"}],"wp:term":[{"taxonomy":"product_brand","embeddable":true,"href":"https:\/\/dogpride.nl\/de\/wp-json\/wp\/v2\/product_brand?post=142418"},{"taxonomy":"product_cat","embeddable":true,"href":"https:\/\/dogpride.nl\/de\/wp-json\/wp\/v2\/product_cat?post=142418"},{"taxonomy":"product_tag","embeddable":true,"href":"https:\/\/dogpride.nl\/de\/wp-json\/wp\/v2\/product_tag?post=142418"}],"curies":[{"name":"wp","href":"https:\/\/api.w.org\/{rel}","templated":true}]}}