{"id":142279,"date":"2025-11-10T17:09:13","date_gmt":"2025-11-10T16:09:13","guid":{"rendered":"https:\/\/dogpride.nl\/?post_type=product&#038;p=142279"},"modified":"2025-11-10T17:17:32","modified_gmt":"2025-11-10T16:17:32","slug":"browning-extra-rits","status":"publish","type":"product","link":"https:\/\/dogpride.nl\/de\/browning-extra-rits\/","title":{"rendered":"BROWNING extra rits"},"content":{"rendered":"<h4 data-bind=\"text: ProductLabel\">BROWNING extra rits<\/h4>\n<p>Optionele uitrusting voor BROWNING Dog Safty Vests.<\/p>\n<p>Deze extra rits kan worden verwerkt in het Dog Safty Vest. Hierdoor kan de maat van het vest worden aangepast aan de wisselende fysieke fitheid en grootte van de hond.<\/p>\n<p>De breedte van de extra rits is 25 mm.<\/p>\n<p><a href=\"https:\/\/browning.eu\/\" target=\"_blank\" rel=\"noopener\"><img loading=\"lazy\" decoding=\"async\" class=\"alignnone wp-image-142289 size-medium\" title=\"BROWNING extra rits\" src=\"https:\/\/dogpride.nl\/wp-content\/uploads\/96720_2019-300x300.jpg\" alt=\"BROWNING extra rits\" width=\"300\" height=\"300\" srcset=\"https:\/\/dogpride.nl\/wp-content\/uploads\/96720_2019-300x300.jpg 300w, https:\/\/dogpride.nl\/wp-content\/uploads\/96720_2019-1024x1024.jpg 1024w, https:\/\/dogpride.nl\/wp-content\/uploads\/96720_2019-150x150.jpg 150w, https:\/\/dogpride.nl\/wp-content\/uploads\/96720_2019-768x768.jpg 768w, https:\/\/dogpride.nl\/wp-content\/uploads\/96720_2019-1536x1536.jpg 1536w, https:\/\/dogpride.nl\/wp-content\/uploads\/96720_2019-12x12.jpg 12w, https:\/\/dogpride.nl\/wp-content\/uploads\/96720_2019-250x250.jpg 250w, https:\/\/dogpride.nl\/wp-content\/uploads\/96720_2019-400x400.jpg 400w, https:\/\/dogpride.nl\/wp-content\/uploads\/96720_2019-100x100.jpg 100w, https:\/\/dogpride.nl\/wp-content\/uploads\/96720_2019.jpg 1600w\" sizes=\"auto, (max-width: 300px) 100vw, 300px\" \/><\/a><\/p>\n<p>&nbsp;<\/p>\n<p><strong>Alleen geschikt voor de volgende BROWNING Dog Safety Vests:<\/strong><\/p>\n<ul>\n<li><a title=\"Link: item no. 96714 Protect Pro (model from 2019)\" href=\"https:\/\/dogpride.nl\/de\/browning-honden-veiligheidsvest-protect-pro\/\" target=\"_blank\" rel=\"noopener\">96714 Protect Pro (model vanaf 2019)<\/a><\/li>\n<li><a title=\"Link: item no. 96713 Protect Pro Hunter (model from 2019)\" href=\"https:\/\/dogpride.nl\/de\/browning-honden-veiligheidsvest-protect-hunter\/\" target=\"_blank\" rel=\"noopener\">96713 Protect Pro Hunter (model vanaf 2019)<\/a><\/li>\n<li>96715 Protect Pro Evo (model vanaf 2019)<\/li>\n<\/ul>\n<h4>Erh\u00e4ltlich in den Gr\u00f6\u00dfen:<\/h4>\n<ul>\n<li>45<\/li>\n<li>50-55<\/li>\n<li>60-65<\/li>\n<li>70-75<\/li>\n<li>80-85<\/li>\n<\/ul>\n<p>&nbsp;<\/p>\n<p><a href=\"https:\/\/dogpride.nl\/de\/veiligheidsvesten-voor-honden\/browning-dog-safety-vests\/\"><img loading=\"lazy\" decoding=\"async\" class=\"alignnone wp-image-142211 size-full\" title=\"BROWNING extra rits\" src=\"https:\/\/dogpride.nl\/wp-content\/uploads\/Logo-Browning.jpg\" alt=\"BROWNING extra rits\" width=\"285\" height=\"90\" srcset=\"https:\/\/dogpride.nl\/wp-content\/uploads\/Logo-Browning.jpg 285w, https:\/\/dogpride.nl\/wp-content\/uploads\/Logo-Browning-18x6.jpg 18w, https:\/\/dogpride.nl\/wp-content\/uploads\/Logo-Browning-250x79.jpg 250w\" sizes=\"auto, (max-width: 285px) 100vw, 285px\" \/><\/a><\/p>","protected":false},"excerpt":{"rendered":"<p><strong>BROWNING extra rits.<\/strong> Deze extra rits kan worden verwerkt in het Dog Safty Vest. Hierdoor kan de maat van het vest worden aangepast aan de wisselende fysieke fitheid en grootte van de hond.<\/p>","protected":false},"featured_media":142289,"template":"","meta":[],"product_brand":[],"product_cat":[12681],"product_tag":[3213,12691,3223,3215,4776,7889,3212],"class_list":{"0":"post-142279","1":"product","2":"type-product","3":"status-publish","4":"has-post-thumbnail","6":"product_cat-browning-dog-safety-vests","7":"product_tag-browning","8":"product_tag-extra-rits","9":"product_tag-jachthond","10":"product_tag-jachthonden","11":"product_tag-protect-pro","12":"product_tag-veiligheidsvest","13":"product_tag-veiligheidsvest-voor-jachthonden","15":"first","16":"instock","17":"taxable","18":"shipping-taxable","19":"purchasable","20":"product-type-variable"},"mb":[],"mfb_rest_fields":["title"],"_links":{"self":[{"href":"https:\/\/dogpride.nl\/de\/wp-json\/wp\/v2\/product\/142279","targetHints":{"allow":["GET"]}}],"collection":[{"href":"https:\/\/dogpride.nl\/de\/wp-json\/wp\/v2\/product"}],"about":[{"href":"https:\/\/dogpride.nl\/de\/wp-json\/wp\/v2\/types\/product"}],"wp:featuredmedia":[{"embeddable":true,"href":"https:\/\/dogpride.nl\/de\/wp-json\/wp\/v2\/media\/142289"}],"wp:attachment":[{"href":"https:\/\/dogpride.nl\/de\/wp-json\/wp\/v2\/media?parent=142279"}],"wp:term":[{"taxonomy":"product_brand","embeddable":true,"href":"https:\/\/dogpride.nl\/de\/wp-json\/wp\/v2\/product_brand?post=142279"},{"taxonomy":"product_cat","embeddable":true,"href":"https:\/\/dogpride.nl\/de\/wp-json\/wp\/v2\/product_cat?post=142279"},{"taxonomy":"product_tag","embeddable":true,"href":"https:\/\/dogpride.nl\/de\/wp-json\/wp\/v2\/product_tag?post=142279"}],"curies":[{"name":"wp","href":"https:\/\/api.w.org\/{rel}","templated":true}]}}