{"id":1417,"date":"2019-06-07T15:38:56","date_gmt":"2019-06-07T13:38:56","guid":{"rendered":"https:\/\/dogpride1.wpengine.com\/?post_type=product&#038;p=1417"},"modified":"2025-10-29T13:06:20","modified_gmt":"2025-10-29T12:06:20","slug":"pride-lederen-gevoerde-half-strop-halsband","status":"publish","type":"product","link":"https:\/\/dogpride.nl\/de\/pride-lederen-gevoerde-half-strop-halsband\/","title":{"rendered":"PRIDE Ledergepolstertes Halbschlingenhalsband"},"content":{"rendered":"<h4>PRIDE Ledergepolstertes Halbschlingenhalsband<\/h4>\n<p>PRIDE Ledergepolstertes Halbschlingenhalsband<\/p>\n<p><span style=\"color: #000000; background-color: #ffffff; font-size: 13px; text-align: left; display: inline !important; float: none; text-decoration: none;\">Deze PRIDE Lederen gevoerde half-strop halsband is een perfecte keuze voor een betrouwbare tool voor controle over een middelgrote tot grote hond.<\/span><\/p>\n<p><span style=\"color: #000000; background-color: #ffffff; font-size: 13px; text-align: left; display: inline !important; float: none; text-decoration: none;\">Wir verwenden hochwertiges Leder, um Ihnen einen guten Service zu bieten und gleichzeitig sein Aussehen und seine Haltbarkeit zu bewahren. <\/span><br style=\"color: #000000; font-size: 13px; text-align: left; text-decoration: none;\" \/><span style=\"color: #000000; background-color: #ffffff; font-size: 13px; text-align: left; display: inline !important; float: none; text-decoration: none;\">Dieses Lederhalsband ist ein bequemes Hilfsmittel zum Spazierengehen und Trainieren von Hunden. Es ist bequem, Ihren Hund bei Bedarf zu greifen, w\u00e4hrend einer Trainingseinheit oder in der \u00d6ffentlichkeit, um ihn in der N\u00e4he zu halten.<\/span><\/p>\n<h4>Kenmerken PRIDE Lederen gevoerde half-strop halsband:<\/h4>\n<p>Einfaches, schnelles und effektives Halbschlingen-Design<br \/>\nDer Sicherheitsmechanismus zur Befestigung der Leine sch\u00fctzt den Hals des Hundes und verhindert eine Belastung des Schlosses beim Ziehen des Hundes.<br \/>\nWeiches Futter f\u00fcr h\u00f6chsten Komfort.<\/p>\n<p>Der Liner vergr\u00f6\u00dfert die Breite des Kragens auf jeder Seite um etwa 5 mm oder etwas mehr. Ein Halsband mit einer Breite von 22 mm hat also eine tats\u00e4chliche Breite von etwa 32 mm.<\/p>\n<p>Probieren Sie unser robustes Halsband f\u00fcr eine bequeme, zuverl\u00e4ssige und langlebige Nutzung und einen stilvollen Look f\u00fcr Ihren Hund. Ihr Haustier verdient die beste Qualit\u00e4t!<\/p>\n<ul>\n<li>Material: Leder<\/li>\n<li>Farbe braun<\/li>\n<li>Farbe Futter: Rot.<\/li>\n<li>Kette und Ringe aus Edelstahl<\/li>\n<\/ul>\n<p><strong>Breite: 22 mm<\/strong><\/p>\n<h4>Ma\u00dfe:<\/h4>\n<ul>\n<li>MEDIUM &#8211; 42 &#8211; 49 cm<\/li>\n<li>GRO\u00df \u2013 48 \u2013 55 cm<\/li>\n<li>XL \u2013 54 \u2013 61 cm<\/li>\n<\/ul>\n<p>&nbsp;<\/p>\n<p><a href=\"https:\/\/www.dogpride.eu\/\" target=\"_blank\" rel=\"noopener\"><img loading=\"lazy\" decoding=\"async\" class=\"alignnone wp-image-70657 size-medium\" src=\"https:\/\/dogpride.nl\/wp-content\/uploads\/Logo-Pride2-1-300x96.png\" alt=\"PRIDE\" width=\"300\" height=\"96\" srcset=\"https:\/\/dogpride.nl\/wp-content\/uploads\/Logo-Pride2-1-300x96.png 300w, https:\/\/dogpride.nl\/wp-content\/uploads\/Logo-Pride2-1-250x80.png 250w, https:\/\/dogpride.nl\/wp-content\/uploads\/Logo-Pride2-1-200x64.png 200w, https:\/\/dogpride.nl\/wp-content\/uploads\/Logo-Pride2-1.png 327w\" sizes=\"auto, (max-width: 300px) 100vw, 300px\" \/><\/a><\/p>\n<p><a href=\"https:\/\/dogpride.nl\/de\/pride-lederen-gevoerde-half-strop-halsband\/\"><img loading=\"lazy\" decoding=\"async\" class=\"alignnone wp-image-136978\" src=\"https:\/\/dogpride.nl\/wp-content\/uploads\/PRIDE-Lederen-gevoerde-half-strop-halsband.jpg\" alt=\"PRIDE Lederen gevoerde half-strop halsband\" width=\"351\" height=\"263\" srcset=\"https:\/\/dogpride.nl\/wp-content\/uploads\/PRIDE-Lederen-gevoerde-half-strop-halsband.jpg 960w, https:\/\/dogpride.nl\/wp-content\/uploads\/PRIDE-Lederen-gevoerde-half-strop-halsband-300x225.jpg 300w, https:\/\/dogpride.nl\/wp-content\/uploads\/PRIDE-Lederen-gevoerde-half-strop-halsband-768x576.jpg 768w, https:\/\/dogpride.nl\/wp-content\/uploads\/PRIDE-Lederen-gevoerde-half-strop-halsband-16x12.jpg 16w, https:\/\/dogpride.nl\/wp-content\/uploads\/PRIDE-Lederen-gevoerde-half-strop-halsband-250x188.jpg 250w, https:\/\/dogpride.nl\/wp-content\/uploads\/PRIDE-Lederen-gevoerde-half-strop-halsband-400x300.jpg 400w\" sizes=\"auto, (max-width: 351px) 100vw, 351px\" \/><\/a><\/p>\n<p>&nbsp;<\/p>","protected":false},"excerpt":{"rendered":"<p><span style=\"color: #000000; background-color: #ffffff; font-size: 13px; text-align: left; display: inline !important; float: none; text-decoration: none;\">Dieses mit Leder gepolsterte Halbriemenhalsband ist die perfekte Wahl als zuverl\u00e4ssiges Werkzeug zur Kontrolle eines mittelgro\u00dfen bis gro\u00dfen Hundes.<\/span><\/p>","protected":false},"featured_media":22947,"template":"","meta":[],"product_brand":[],"product_cat":[90],"product_tag":[8486,8254,6349,3332,10823,10759,10780,10824,4866,10825,3157,7444,3389],"class_list":{"0":"post-1417","1":"product","2":"type-product","3":"status-publish","4":"has-post-thumbnail","6":"product_cat-pride-hondenhalsbanden","7":"product_tag-comfortabel","8":"product_tag-duurzaam","9":"product_tag-hondenhalsband","10":"product_tag-hondensport","11":"product_tag-luxe-accessoire","12":"product_tag-pride-collectie","13":"product_tag-pride-halsband","14":"product_tag-robuust","15":"product_tag-sterke-halsband","16":"product_tag-stijlvol","17":"product_tag-training","18":"product_tag-verstelbaar","19":"product_tag-werkhond","21":"first","22":"instock","23":"taxable","24":"shipping-taxable","25":"purchasable","26":"product-type-variable"},"mb":[],"mfb_rest_fields":["title"],"_links":{"self":[{"href":"https:\/\/dogpride.nl\/de\/wp-json\/wp\/v2\/product\/1417","targetHints":{"allow":["GET"]}}],"collection":[{"href":"https:\/\/dogpride.nl\/de\/wp-json\/wp\/v2\/product"}],"about":[{"href":"https:\/\/dogpride.nl\/de\/wp-json\/wp\/v2\/types\/product"}],"wp:featuredmedia":[{"embeddable":true,"href":"https:\/\/dogpride.nl\/de\/wp-json\/wp\/v2\/media\/22947"}],"wp:attachment":[{"href":"https:\/\/dogpride.nl\/de\/wp-json\/wp\/v2\/media?parent=1417"}],"wp:term":[{"taxonomy":"product_brand","embeddable":true,"href":"https:\/\/dogpride.nl\/de\/wp-json\/wp\/v2\/product_brand?post=1417"},{"taxonomy":"product_cat","embeddable":true,"href":"https:\/\/dogpride.nl\/de\/wp-json\/wp\/v2\/product_cat?post=1417"},{"taxonomy":"product_tag","embeddable":true,"href":"https:\/\/dogpride.nl\/de\/wp-json\/wp\/v2\/product_tag?post=1417"}],"curies":[{"name":"wp","href":"https:\/\/api.w.org\/{rel}","templated":true}]}}