{"id":1412,"date":"2019-06-07T14:41:39","date_gmt":"2019-06-07T12:41:39","guid":{"rendered":"https:\/\/dogpride1.wpengine.com\/?post_type=product&#038;p=1412"},"modified":"2025-10-29T13:08:16","modified_gmt":"2025-10-29T12:08:16","slug":"pride-verstelbare-zwart-lederen-halsband","status":"publish","type":"product","link":"https:\/\/dogpride.nl\/de\/pride-verstelbare-zwart-lederen-halsband\/","title":{"rendered":"PRIDE Verstellbares Hundehalsband aus schwarzem Leder"},"content":{"rendered":"<h4>PRIDE Verstellbares Hundehalsband aus schwarzem Leder<\/h4>\n<p>PRIDE Verstellbares Hundehalsband aus schwarzem Leder<\/p>\n<div style=\"color: #000000; font-size: 13px; text-align: left; text-decoration: none;\">\n<p>Dieses sehr strapazierf\u00e4hige Lederhalsband besteht aus hochwertigem, starkem 2-Lagen-Leder.<\/p>\n<\/div>\n<div style=\"color: #000000; font-size: 13px; text-align: left; text-decoration: none;\">Dieses Halsband ist sehr robust und f\u00fcr alle Rassen geeignet.<\/div>\n<div style=\"color: #000000; font-size: 13px; text-align: left; text-decoration: none;\"><span style=\"color: #000000; background-color: #ffffff; font-size: 13px; text-align: left; display: inline; float: none; text-decoration: none;\">Die Leine kann am geformten D-Ring befestigt werden.<\/span><\/div>\n<div style=\"color: #000000; font-size: 13px; text-align: left; text-decoration: none;\"><\/div>\n<div style=\"color: #000000; font-size: 13px; text-align: left; text-decoration: none;\">Probieren Sie unser robustes Halsband f\u00fcr eine bequeme, zuverl\u00e4ssige und langlebige Nutzung und einen stilvollen Look f\u00fcr Ihren Hund. Ihr Haustier verdient die beste Qualit\u00e4t!<\/div>\n<div style=\"color: #000000; font-size: 13px; text-align: left; text-decoration: none;\"><\/div>\n<div style=\"color: #000000; font-size: 13px; text-align: left; text-decoration: none;\">Gutes Halsband f\u00fcr alle Hunderassen aus robustem schwarzem Leder.<\/div>\n<div style=\"color: #000000; font-size: 13px; text-align: left; text-decoration: none;\">Modell: CL-004<br \/>\nMaterial: Leder<br \/>\nKleur: zwartAfmetingen:\u00a0 MEDIUM\u00a0 4 x 54 cm<br \/>\nLARGE\u00a0 \u00a0 \u00a0 5 x 66 cm<\/div>\n<div style=\"color: #000000; font-size: 13px; text-align: left; text-decoration: none;\"><\/div>\n<div><a href=\"https:\/\/www.dogpride.eu\/\" target=\"_blank\" rel=\"noopener\"><img loading=\"lazy\" decoding=\"async\" class=\"alignnone wp-image-70657 size-medium\" src=\"https:\/\/dogpride.nl\/wp-content\/uploads\/Logo-Pride2-1-300x96.png\" alt=\"\" width=\"300\" height=\"96\" srcset=\"https:\/\/dogpride.nl\/wp-content\/uploads\/Logo-Pride2-1-300x96.png 300w, https:\/\/dogpride.nl\/wp-content\/uploads\/Logo-Pride2-1-250x80.png 250w, https:\/\/dogpride.nl\/wp-content\/uploads\/Logo-Pride2-1-200x64.png 200w, https:\/\/dogpride.nl\/wp-content\/uploads\/Logo-Pride2-1.png 327w\" sizes=\"auto, (max-width: 300px) 100vw, 300px\" \/><\/a><\/div>\n<p><a href=\"https:\/\/dogpride.nl\/de\/pride-verstelbare-zwart-lederen-halsband\/\"><img loading=\"lazy\" decoding=\"async\" class=\"alignnone wp-image-136987\" title=\"PRIDE Verstellbares Hundehalsband aus schwarzem Leder\" src=\"https:\/\/dogpride.nl\/wp-content\/uploads\/PRIDE-Verstelbare-zwart-lederen-halsband.jpg\" alt=\"PRIDE Verstelbare zwart lederen halsband\" width=\"285\" height=\"190\" srcset=\"https:\/\/dogpride.nl\/wp-content\/uploads\/PRIDE-Verstelbare-zwart-lederen-halsband.jpg 900w, https:\/\/dogpride.nl\/wp-content\/uploads\/PRIDE-Verstelbare-zwart-lederen-halsband-300x200.jpg 300w, https:\/\/dogpride.nl\/wp-content\/uploads\/PRIDE-Verstelbare-zwart-lederen-halsband-768x512.jpg 768w, https:\/\/dogpride.nl\/wp-content\/uploads\/PRIDE-Verstelbare-zwart-lederen-halsband-18x12.jpg 18w, https:\/\/dogpride.nl\/wp-content\/uploads\/PRIDE-Verstelbare-zwart-lederen-halsband-250x167.jpg 250w, https:\/\/dogpride.nl\/wp-content\/uploads\/PRIDE-Verstelbare-zwart-lederen-halsband-400x267.jpg 400w\" sizes=\"auto, (max-width: 285px) 100vw, 285px\" \/><\/a><\/p>\n<p>&nbsp;<\/p>","protected":false},"excerpt":{"rendered":"<p>PRIDE Verstelbare zwart lederen halsband. Goede halsband voor alle hondenrassen van sterk zwart leer.\u00a0Probeer onze sterke halsband voor comfortabel, betrouwbaar en langdurig gebruik en een stijlvolle uitstraling van uw hond. Uw huisdier verdient de beste kwaliteit!<\/p>\n<div style=\"color: #000000; font-size: 13px; text-align: left; text-decoration: none;\"><\/div>","protected":false},"featured_media":19967,"template":"","meta":[],"product_brand":[],"product_cat":[90],"product_tag":[8486,8254,5238,6349,3332,4919,10823,4865,10759,10780,10824,4866,10825,3157,7444,7590,3389,2969],"class_list":{"0":"post-1412","1":"product","2":"type-product","3":"status-publish","4":"has-post-thumbnail","6":"product_cat-pride-hondenhalsbanden","7":"product_tag-comfortabel","8":"product_tag-duurzaam","9":"product_tag-halsband","10":"product_tag-hondenhalsband","11":"product_tag-hondensport","12":"product_tag-lederen","13":"product_tag-luxe-accessoire","14":"product_tag-pride","15":"product_tag-pride-collectie","16":"product_tag-pride-halsband","17":"product_tag-robuust","18":"product_tag-sterke-halsband","19":"product_tag-stijlvol","20":"product_tag-training","21":"product_tag-verstelbaar","22":"product_tag-verstelbare","23":"product_tag-werkhond","24":"product_tag-zwart","26":"first","27":"instock","28":"taxable","29":"shipping-taxable","30":"purchasable","31":"product-type-variable"},"mb":[],"mfb_rest_fields":["title"],"_links":{"self":[{"href":"https:\/\/dogpride.nl\/de\/wp-json\/wp\/v2\/product\/1412","targetHints":{"allow":["GET"]}}],"collection":[{"href":"https:\/\/dogpride.nl\/de\/wp-json\/wp\/v2\/product"}],"about":[{"href":"https:\/\/dogpride.nl\/de\/wp-json\/wp\/v2\/types\/product"}],"wp:featuredmedia":[{"embeddable":true,"href":"https:\/\/dogpride.nl\/de\/wp-json\/wp\/v2\/media\/19967"}],"wp:attachment":[{"href":"https:\/\/dogpride.nl\/de\/wp-json\/wp\/v2\/media?parent=1412"}],"wp:term":[{"taxonomy":"product_brand","embeddable":true,"href":"https:\/\/dogpride.nl\/de\/wp-json\/wp\/v2\/product_brand?post=1412"},{"taxonomy":"product_cat","embeddable":true,"href":"https:\/\/dogpride.nl\/de\/wp-json\/wp\/v2\/product_cat?post=1412"},{"taxonomy":"product_tag","embeddable":true,"href":"https:\/\/dogpride.nl\/de\/wp-json\/wp\/v2\/product_tag?post=1412"}],"curies":[{"name":"wp","href":"https:\/\/api.w.org\/{rel}","templated":true}]}}