{"id":1411,"date":"2019-06-07T14:35:03","date_gmt":"2019-06-07T12:35:03","guid":{"rendered":"https:\/\/dogpride1.wpengine.com\/?post_type=product&#038;p=1411"},"modified":"2025-10-29T13:08:54","modified_gmt":"2025-10-29T12:08:54","slug":"pride-zacht-lederen-stropje","status":"publish","type":"product","link":"https:\/\/dogpride.nl\/de\/pride-zacht-lederen-stropje\/","title":{"rendered":"PRIDE Weiches Lederarmband"},"content":{"rendered":"<h4>PRIDE Weiches Lederarmband<\/h4>\n<div>Intelligentes, integriertes, weiches Lederband, geeignet f\u00fcr die meisten Hunde.<\/div>\n<div>\n<p>Aus weichem Leder.<\/p>\n<\/div>\n<div>Ein guter, sch\u00f6ner und starker Showstil. Ideal f\u00fcr Show, Hundetraining, Arbeit oder den t\u00e4glichen Gebrauch.<\/div>\n<div><\/div>\n<div>Material: weiches Leder<\/div>\n<div>Farbe braun<\/div>\n<div><\/div>\n<div>Gr\u00f6\u00dfe: 58 cm<\/div>\n<div><\/div>\n<div><a href=\"https:\/\/www.dogpride.eu\/\" target=\"_blank\" rel=\"noopener\"><img loading=\"lazy\" decoding=\"async\" class=\"alignnone wp-image-70657 size-medium\" src=\"https:\/\/dogpride.nl\/wp-content\/uploads\/Logo-Pride2-1-300x96.png\" alt=\"\" width=\"300\" height=\"96\" srcset=\"https:\/\/dogpride.nl\/wp-content\/uploads\/Logo-Pride2-1-300x96.png 300w, https:\/\/dogpride.nl\/wp-content\/uploads\/Logo-Pride2-1-250x80.png 250w, https:\/\/dogpride.nl\/wp-content\/uploads\/Logo-Pride2-1-200x64.png 200w, https:\/\/dogpride.nl\/wp-content\/uploads\/Logo-Pride2-1.png 327w\" sizes=\"auto, (max-width: 300px) 100vw, 300px\" \/><\/a><\/div>\n<div><a href=\"https:\/\/dogpride.nl\/de\/pride-zacht-lederen-stropje\/\"><img loading=\"lazy\" decoding=\"async\" class=\"alignnone wp-image-136988\" src=\"https:\/\/dogpride.nl\/wp-content\/uploads\/PRIDE-Zacht-lederen-stropje.jpg\" alt=\"PRIDE Zacht lederen stropje\" width=\"360\" height=\"270\" srcset=\"https:\/\/dogpride.nl\/wp-content\/uploads\/PRIDE-Zacht-lederen-stropje.jpg 1707w, https:\/\/dogpride.nl\/wp-content\/uploads\/PRIDE-Zacht-lederen-stropje-300x225.jpg 300w, https:\/\/dogpride.nl\/wp-content\/uploads\/PRIDE-Zacht-lederen-stropje-1024x768.jpg 1024w, https:\/\/dogpride.nl\/wp-content\/uploads\/PRIDE-Zacht-lederen-stropje-768x576.jpg 768w, https:\/\/dogpride.nl\/wp-content\/uploads\/PRIDE-Zacht-lederen-stropje-1536x1152.jpg 1536w, https:\/\/dogpride.nl\/wp-content\/uploads\/PRIDE-Zacht-lederen-stropje-16x12.jpg 16w, https:\/\/dogpride.nl\/wp-content\/uploads\/PRIDE-Zacht-lederen-stropje-250x187.jpg 250w, https:\/\/dogpride.nl\/wp-content\/uploads\/PRIDE-Zacht-lederen-stropje-400x300.jpg 400w\" sizes=\"auto, (max-width: 360px) 100vw, 360px\" \/><\/a><\/div>\n<div>\n<p>&nbsp;<\/p>\n<\/div>","protected":false},"excerpt":{"rendered":"<p>PRIDE Weiches Lederarmband. Intelligentes, integriertes, weiches Lederband, geeignet f\u00fcr die meisten Hunde.<\/p>","protected":false},"featured_media":22932,"template":"","meta":[],"product_brand":[],"product_cat":[90],"product_tag":[8486,8254,6349,3332,10823,10759,10780,10824,4866,10825,3157,7444,3389],"class_list":{"0":"post-1411","1":"product","2":"type-product","3":"status-publish","4":"has-post-thumbnail","6":"product_cat-pride-hondenhalsbanden","7":"product_tag-comfortabel","8":"product_tag-duurzaam","9":"product_tag-hondenhalsband","10":"product_tag-hondensport","11":"product_tag-luxe-accessoire","12":"product_tag-pride-collectie","13":"product_tag-pride-halsband","14":"product_tag-robuust","15":"product_tag-sterke-halsband","16":"product_tag-stijlvol","17":"product_tag-training","18":"product_tag-verstelbaar","19":"product_tag-werkhond","21":"first","22":"instock","23":"taxable","24":"shipping-taxable","25":"purchasable","26":"product-type-simple"},"mb":[],"mfb_rest_fields":["title"],"_links":{"self":[{"href":"https:\/\/dogpride.nl\/de\/wp-json\/wp\/v2\/product\/1411","targetHints":{"allow":["GET"]}}],"collection":[{"href":"https:\/\/dogpride.nl\/de\/wp-json\/wp\/v2\/product"}],"about":[{"href":"https:\/\/dogpride.nl\/de\/wp-json\/wp\/v2\/types\/product"}],"wp:featuredmedia":[{"embeddable":true,"href":"https:\/\/dogpride.nl\/de\/wp-json\/wp\/v2\/media\/22932"}],"wp:attachment":[{"href":"https:\/\/dogpride.nl\/de\/wp-json\/wp\/v2\/media?parent=1411"}],"wp:term":[{"taxonomy":"product_brand","embeddable":true,"href":"https:\/\/dogpride.nl\/de\/wp-json\/wp\/v2\/product_brand?post=1411"},{"taxonomy":"product_cat","embeddable":true,"href":"https:\/\/dogpride.nl\/de\/wp-json\/wp\/v2\/product_cat?post=1411"},{"taxonomy":"product_tag","embeddable":true,"href":"https:\/\/dogpride.nl\/de\/wp-json\/wp\/v2\/product_tag?post=1411"}],"curies":[{"name":"wp","href":"https:\/\/api.w.org\/{rel}","templated":true}]}}