{"id":1409,"date":"2019-06-07T14:19:54","date_gmt":"2019-06-07T12:19:54","guid":{"rendered":"https:\/\/dogpride1.wpengine.com\/?post_type=product&#038;p=1409"},"modified":"2025-10-29T13:10:20","modified_gmt":"2025-10-29T12:10:20","slug":"pride-lederen-comfort-halsband-met-handvat-30-mm","status":"publish","type":"product","link":"https:\/\/dogpride.nl\/de\/pride-lederen-comfort-halsband-met-handvat-30-mm\/","title":{"rendered":"PRIDE Komforthalsband aus Leder mit Griff 30 mm"},"content":{"rendered":"<h4>PRIDE Komforthalsband aus Leder mit Griff 30 mm<\/h4>\n<p><span style=\"color: #000000; font-size: 13px;\">Dieses PRIDE Leder-Komforthalsband mit Griff 30 mm ist ein sehr strapazierf\u00e4higes Leder-Komforthalsband mit Griff und besteht aus hochwertigem, starkem 2-Lagen-Leder.<\/span><\/p>\n<div style=\"color: #000000; font-size: 13px; text-align: left; text-decoration: none;\">Ein stabiler Griff hilft Ihnen, Ihren Hund \u00fcber kurze Distanzen einfach und schnell zu kontrollieren. Der Griff ist sehr stabil und f\u00fcr gro\u00dfe, kr\u00e4ftige Rassen geeignet.<\/div>\n<div style=\"color: #000000; font-size: 13px; text-align: left; text-decoration: none;\"><span style=\"color: #000000; background-color: #ffffff; font-size: 13px; text-align: left; display: inline; float: none; text-decoration: none;\">Die Leine kann am geformten D-Ring befestigt werden.<\/span><\/div>\n<div style=\"color: #000000; font-size: 13px; text-align: left; text-decoration: none;\"><\/div>\n<div style=\"color: #000000; font-size: 13px; text-align: left; text-decoration: none;\">Probieren Sie unser robustes Halsband f\u00fcr eine bequeme, zuverl\u00e4ssige und langlebige Nutzung und einen stilvollen Look f\u00fcr Ihren Hund. Ihr Haustier verdient die beste Qualit\u00e4t!<\/div>\n<div style=\"color: #000000; font-size: 13px; text-align: left; text-decoration: none;\"><\/div>\n<div style=\"color: #000000; font-size: 13px; text-align: left; text-decoration: none;\">Gutes Halsband f\u00fcr mittlere und gro\u00dfe Hunderassen aus kr\u00e4ftigem braunem Leder.<\/div>\n<div style=\"color: #000000; font-size: 13px; text-align: left; text-decoration: none;\">Material: Leder<br \/>\nFarbe: braunMa\u00dfe: <span style=\"color: #000000; background-color: #ffffff; font-size: 10pt; text-align: left; display: inline !important; float: none; text-decoration: none;\">3,0 x 55 cm<\/span><\/div>\n<div><\/div>\n<div style=\"color: #000000; font-size: 13px; text-align: left; text-decoration: none;\"><a href=\"https:\/\/www.dogpride.eu\/\" target=\"_blank\" rel=\"noopener\"><img loading=\"lazy\" decoding=\"async\" class=\"alignnone wp-image-70657 size-medium\" src=\"https:\/\/dogpride.nl\/wp-content\/uploads\/Logo-Pride2-1-300x96.png\" alt=\"\" width=\"300\" height=\"96\" srcset=\"https:\/\/dogpride.nl\/wp-content\/uploads\/Logo-Pride2-1-300x96.png 300w, https:\/\/dogpride.nl\/wp-content\/uploads\/Logo-Pride2-1-250x80.png 250w, https:\/\/dogpride.nl\/wp-content\/uploads\/Logo-Pride2-1-200x64.png 200w, https:\/\/dogpride.nl\/wp-content\/uploads\/Logo-Pride2-1.png 327w\" sizes=\"auto, (max-width: 300px) 100vw, 300px\" \/><\/a><\/div>\n<div><a href=\"https:\/\/dogpride.nl\/de\/pride-lederen-comfort-halsband-met-handvat-30-mm\/\"><img loading=\"lazy\" decoding=\"async\" class=\"alignnone wp-image-136991\" src=\"https:\/\/dogpride.nl\/wp-content\/uploads\/PRIDE-Lederen-comfort-halsband-met-handvat-30-mm.jpg\" alt=\"PRIDE Lederen comfort halsband met handvat 30 mm\" width=\"318\" height=\"238\" srcset=\"https:\/\/dogpride.nl\/wp-content\/uploads\/PRIDE-Lederen-comfort-halsband-met-handvat-30-mm.jpg 1280w, https:\/\/dogpride.nl\/wp-content\/uploads\/PRIDE-Lederen-comfort-halsband-met-handvat-30-mm-300x225.jpg 300w, https:\/\/dogpride.nl\/wp-content\/uploads\/PRIDE-Lederen-comfort-halsband-met-handvat-30-mm-1024x768.jpg 1024w, https:\/\/dogpride.nl\/wp-content\/uploads\/PRIDE-Lederen-comfort-halsband-met-handvat-30-mm-768x576.jpg 768w, https:\/\/dogpride.nl\/wp-content\/uploads\/PRIDE-Lederen-comfort-halsband-met-handvat-30-mm-16x12.jpg 16w, https:\/\/dogpride.nl\/wp-content\/uploads\/PRIDE-Lederen-comfort-halsband-met-handvat-30-mm-250x188.jpg 250w, https:\/\/dogpride.nl\/wp-content\/uploads\/PRIDE-Lederen-comfort-halsband-met-handvat-30-mm-400x300.jpg 400w\" sizes=\"auto, (max-width: 318px) 100vw, 318px\" \/><\/a><\/div>\n<div>\n<p>&nbsp;<\/p>\n<\/div>","protected":false},"excerpt":{"rendered":"<p>PRIDE Komforthalsband aus Leder mit Griff 30 mm. Gutes Halsband f\u00fcr mittlere und gro\u00dfe Hunderassen aus kr\u00e4ftigem braunem Leder.<\/p>","protected":false},"featured_media":22927,"template":"","meta":[],"product_brand":[],"product_cat":[90],"product_tag":[8486,8254,6349,3332,10823,10759,10780,10824,4866,10825,3157,7444,3389],"class_list":{"0":"post-1409","1":"product","2":"type-product","3":"status-publish","4":"has-post-thumbnail","6":"product_cat-pride-hondenhalsbanden","7":"product_tag-comfortabel","8":"product_tag-duurzaam","9":"product_tag-hondenhalsband","10":"product_tag-hondensport","11":"product_tag-luxe-accessoire","12":"product_tag-pride-collectie","13":"product_tag-pride-halsband","14":"product_tag-robuust","15":"product_tag-sterke-halsband","16":"product_tag-stijlvol","17":"product_tag-training","18":"product_tag-verstelbaar","19":"product_tag-werkhond","21":"first","22":"instock","23":"taxable","24":"shipping-taxable","25":"purchasable","26":"product-type-simple"},"mb":[],"mfb_rest_fields":["title"],"_links":{"self":[{"href":"https:\/\/dogpride.nl\/de\/wp-json\/wp\/v2\/product\/1409","targetHints":{"allow":["GET"]}}],"collection":[{"href":"https:\/\/dogpride.nl\/de\/wp-json\/wp\/v2\/product"}],"about":[{"href":"https:\/\/dogpride.nl\/de\/wp-json\/wp\/v2\/types\/product"}],"wp:featuredmedia":[{"embeddable":true,"href":"https:\/\/dogpride.nl\/de\/wp-json\/wp\/v2\/media\/22927"}],"wp:attachment":[{"href":"https:\/\/dogpride.nl\/de\/wp-json\/wp\/v2\/media?parent=1409"}],"wp:term":[{"taxonomy":"product_brand","embeddable":true,"href":"https:\/\/dogpride.nl\/de\/wp-json\/wp\/v2\/product_brand?post=1409"},{"taxonomy":"product_cat","embeddable":true,"href":"https:\/\/dogpride.nl\/de\/wp-json\/wp\/v2\/product_cat?post=1409"},{"taxonomy":"product_tag","embeddable":true,"href":"https:\/\/dogpride.nl\/de\/wp-json\/wp\/v2\/product_tag?post=1409"}],"curies":[{"name":"wp","href":"https:\/\/api.w.org\/{rel}","templated":true}]}}