{"id":1401,"date":"2019-06-07T11:47:06","date_gmt":"2019-06-07T09:47:06","guid":{"rendered":"https:\/\/dogpride1.wpengine.com\/?post_type=product&#038;p=1401"},"modified":"2025-10-29T13:20:04","modified_gmt":"2025-10-29T12:20:04","slug":"pride-elite-series-25mm-halsband","status":"publish","type":"product","link":"https:\/\/dogpride.nl\/de\/pride-elite-series-25mm-halsband\/","title":{"rendered":"25-mm-Kragen der PRIDE Elite-Serie"},"content":{"rendered":"<h4>25-mm-Kragen der PRIDE Elite-Serie<\/h4>\n<p>Starkes 25-mm-Hundehalsband aus Nylon der Elite-Serie mit COBRA-Fast-Release-Schnalle.<br \/>\nBreite 25 mm f\u00fcr Welpen oder kleine\/mittlere Hunde.<\/p>\n<p>We gebruiken hoogwaardig dubbellaags nylon om u een goede service te bieden, waarbij het uiterlijk en de duurzaamheid behouden blijven. Deze PRIDE Elite Series 25mm halsband is een comfortabel hulpmiddel voor het lopen en trainen van honden.<\/p>\n<p>Dieses robuste Halsband verf\u00fcgt \u00fcber eine starke COBRA-Schnellverschlussschnalle f\u00fcr eine einfache und bequeme Verwendung. Die L\u00e4nge des Halsbandes ist verstellbar\u00a0<span style=\"color: #000000; background-color: #ffffff; font-size: 10pt; text-align: left; display: inline !important; float: none; text-decoration: none;\">36-56cm<\/span><\/p>\n<p>1 \u201eKobra-Schnalle. 2000 Pfund \/ 9 kN<br \/>\nAustriAlpin D-Ring<br \/>\nAustriAlpin 2-Schlitz-Schnalle<\/p>\n<p>Erh\u00e4ltlich in den Farben:<\/p>\n<ul>\n<li><strong>3-farbiger Flecktarn<\/strong><\/li>\n<li><strong>Kryptec Highlander<\/strong><\/li>\n<li><strong>Ein Tacs AU<\/strong><\/li>\n<li><strong>PenCott GreenZone<\/strong><\/li>\n<li><strong>PenCott SnowDrift<\/strong><\/li>\n<\/ul>\n<p>* Die Farbe des COBRA-Verschlusses variiert je nach aktueller F\u00e4rbecharge<\/p>\n<p>Passende Linien finden Sie unter Trainingslinien<\/p>\n<p>&nbsp;<\/p>\n<p><a href=\"https:\/\/www.dogpride.eu\/\" target=\"_blank\" rel=\"noopener\"><img loading=\"lazy\" decoding=\"async\" class=\"alignnone wp-image-70657 size-medium\" src=\"https:\/\/dogpride.nl\/wp-content\/uploads\/Logo-Pride2-1-300x96.png\" alt=\"\" width=\"300\" height=\"96\" srcset=\"https:\/\/dogpride.nl\/wp-content\/uploads\/Logo-Pride2-1-300x96.png 300w, https:\/\/dogpride.nl\/wp-content\/uploads\/Logo-Pride2-1-250x80.png 250w, https:\/\/dogpride.nl\/wp-content\/uploads\/Logo-Pride2-1-200x64.png 200w, https:\/\/dogpride.nl\/wp-content\/uploads\/Logo-Pride2-1.png 327w\" sizes=\"auto, (max-width: 300px) 100vw, 300px\" \/><\/a><\/p>\n<p><a href=\"https:\/\/dogpride.nl\/de\/pride-elite-series-25mm-halsband\/\"><img loading=\"lazy\" decoding=\"async\" class=\"alignnone wp-image-137051 size-full\" src=\"https:\/\/dogpride.nl\/wp-content\/uploads\/PRIDE-Elite-Series-25mm-halsband.jpg\" alt=\"PRIDE Elite Series 25mm halsband\" width=\"400\" height=\"400\" srcset=\"https:\/\/dogpride.nl\/wp-content\/uploads\/PRIDE-Elite-Series-25mm-halsband.jpg 400w, https:\/\/dogpride.nl\/wp-content\/uploads\/PRIDE-Elite-Series-25mm-halsband-300x300.jpg 300w, https:\/\/dogpride.nl\/wp-content\/uploads\/PRIDE-Elite-Series-25mm-halsband-150x150.jpg 150w, https:\/\/dogpride.nl\/wp-content\/uploads\/PRIDE-Elite-Series-25mm-halsband-12x12.jpg 12w, https:\/\/dogpride.nl\/wp-content\/uploads\/PRIDE-Elite-Series-25mm-halsband-250x250.jpg 250w, https:\/\/dogpride.nl\/wp-content\/uploads\/PRIDE-Elite-Series-25mm-halsband-100x100.jpg 100w\" sizes=\"auto, (max-width: 400px) 100vw, 400px\" \/><\/a><\/p>\n<p>&nbsp;<\/p>","protected":false},"excerpt":{"rendered":"<p>25-mm-Kragen der PRIDE Elite-Serie. Starkes 25-mm-Hundehalsband aus Nylon der Elite-Serie mit COBRA-Fast-Release-Schnalle.<\/p>","protected":false},"featured_media":22898,"template":"","meta":[],"product_brand":[],"product_cat":[90],"product_tag":[6350,4868,8486,8254,4880,5238,6349,3332,10823,4865,10759,10780,10824,6957,4866,10825,3157,7444,3389],"class_list":{"0":"post-1401","1":"product","2":"type-product","3":"status-publish","4":"has-post-thumbnail","6":"product_cat-pride-hondenhalsbanden","7":"product_tag-25mm","8":"product_tag-cobra-sluiting","9":"product_tag-comfortabel","10":"product_tag-duurzaam","11":"product_tag-elite","12":"product_tag-halsband","13":"product_tag-hondenhalsband","14":"product_tag-hondensport","15":"product_tag-luxe-accessoire","16":"product_tag-pride","17":"product_tag-pride-collectie","18":"product_tag-pride-halsband","19":"product_tag-robuust","20":"product_tag-series","21":"product_tag-sterke-halsband","22":"product_tag-stijlvol","23":"product_tag-training","24":"product_tag-verstelbaar","25":"product_tag-werkhond","27":"first","28":"instock","29":"taxable","30":"shipping-taxable","31":"purchasable","32":"product-type-variable"},"mb":[],"mfb_rest_fields":["title"],"_links":{"self":[{"href":"https:\/\/dogpride.nl\/de\/wp-json\/wp\/v2\/product\/1401","targetHints":{"allow":["GET"]}}],"collection":[{"href":"https:\/\/dogpride.nl\/de\/wp-json\/wp\/v2\/product"}],"about":[{"href":"https:\/\/dogpride.nl\/de\/wp-json\/wp\/v2\/types\/product"}],"wp:featuredmedia":[{"embeddable":true,"href":"https:\/\/dogpride.nl\/de\/wp-json\/wp\/v2\/media\/22898"}],"wp:attachment":[{"href":"https:\/\/dogpride.nl\/de\/wp-json\/wp\/v2\/media?parent=1401"}],"wp:term":[{"taxonomy":"product_brand","embeddable":true,"href":"https:\/\/dogpride.nl\/de\/wp-json\/wp\/v2\/product_brand?post=1401"},{"taxonomy":"product_cat","embeddable":true,"href":"https:\/\/dogpride.nl\/de\/wp-json\/wp\/v2\/product_cat?post=1401"},{"taxonomy":"product_tag","embeddable":true,"href":"https:\/\/dogpride.nl\/de\/wp-json\/wp\/v2\/product_tag?post=1401"}],"curies":[{"name":"wp","href":"https:\/\/api.w.org\/{rel}","templated":true}]}}