{"id":139650,"date":"2025-11-02T11:06:00","date_gmt":"2025-11-02T10:06:00","guid":{"rendered":"https:\/\/dogpride.nl\/?post_type=product&#038;p=139650"},"modified":"2025-11-02T11:51:58","modified_gmt":"2025-11-02T10:51:58","slug":"dogs4me-hondensport-trainingsjacket-roobase","status":"publish","type":"product","link":"https:\/\/dogpride.nl\/de\/dogs4me-hondensport-trainingsjacket-roobase\/","title":{"rendered":"DOGS4ME Hondensport Trainingsjacket RooBase"},"content":{"rendered":"<h4>DOGS4ME Hondensport Trainingsjacket RooBase<\/h4>\n<p>DOGS4ME Hondensport Trainingsjacket RooBase<\/p>\n<p id=\"tw-target-text\" class=\"tw-data-text tw-text-large tw-ta\" dir=\"ltr\" tabindex=\"-1\" role=\"text\" data-placeholder=\"Vertaling\" data-ved=\"2ahUKEwisluzUndOQAxVP1AIHHb0EFnUQ3ewLegQICxAV\" aria-label=\"Vertaalde tekst: BeschrijvingRooBase JasUnisex pulloverjas (kangoeroetype) \u2013 over het hoofd te dragenVoorzien van hoogwaardige YKK-ritsenCombinatie van twee materialen voor maximale prestaties:Bovenwerk: waterafstotend (100% PES) met coating aan de binnenkantOnderste zwarte gedeelte: gemaakt van uniek, waterdicht en zeer duurzaam NoirVelour\u2122 \u2013 ideaal voor vuile of natte omgevingenFunctionele details:Zijrits \u2013 voor eenvoudig aan- en uittrekkenVerstelbare taille en zoom \u2013 voor een perfecte pasvorm en betere windbeschermingVerstelbare capuchon ge\u00efntegreerd in de kraag \u2013 beschermt tegen wind en regen, eenvoudig aan te passen naar behoefteOpbergmogelijkheden &amp; Praktisch:Bovenste kangoeroezak \u2013 met rits en afgedekt met een klep om opgeborgen spullen te beschermenGrote trainingszak aan de onderkantAchterzak over de volledige breedte \u2013 ideaal voor sport, training of trialsMouwen met verstelbare klittenbandsluitingD-ring aan de zijkant \u2013 voor Bevestiging van een riem of snoepzakjeVolledig gevoerde binnenkantPersonalisatiemogelijkheden:Borduurwerk van al onze ontwerpen of aangepaste tekst kan worden toegevoegd aan de achterkant, voorkant of zakken.Voordelen van NoirVelour\u2122 \u2013 het materiaal waarmee we ons onderscheiden:Professionele normen: NoirVelour\u2122 is ontworpen om extreme slijtage te weerstaan \u200b\u200b\u2013 bestand tegen herhaald gebruik, intense beweging, vuil en vocht.\"><span class=\"Y2IQFc\" lang=\"nl\">RooBase Jas Unisex pulloverjas (kangoeroetype) \u2013 over het hoofd te dragen Voorzien van hoogwaardige YKK-ritsen<\/span><\/p>\n<p id=\"tw-target-text\" class=\"tw-data-text tw-text-large tw-ta\" dir=\"ltr\" tabindex=\"-1\" role=\"text\" data-placeholder=\"Vertaling\" data-ved=\"2ahUKEwisluzUndOQAxVP1AIHHb0EFnUQ3ewLegQICxAV\" aria-label=\"Vertaalde tekst: BeschrijvingRooBase JasUnisex pulloverjas (kangoeroetype) \u2013 over het hoofd te dragenVoorzien van hoogwaardige YKK-ritsenCombinatie van twee materialen voor maximale prestaties:Bovenwerk: waterafstotend (100% PES) met coating aan de binnenkantOnderste zwarte gedeelte: gemaakt van uniek, waterdicht en zeer duurzaam NoirVelour\u2122 \u2013 ideaal voor vuile of natte omgevingenFunctionele details:Zijrits \u2013 voor eenvoudig aan- en uittrekkenVerstelbare taille en zoom \u2013 voor een perfecte pasvorm en betere windbeschermingVerstelbare capuchon ge\u00efntegreerd in de kraag \u2013 beschermt tegen wind en regen, eenvoudig aan te passen naar behoefteOpbergmogelijkheden &amp; Praktisch:Bovenste kangoeroezak \u2013 met rits en afgedekt met een klep om opgeborgen spullen te beschermenGrote trainingszak aan de onderkantAchterzak over de volledige breedte \u2013 ideaal voor sport, training of trialsMouwen met verstelbare klittenbandsluitingD-ring aan de zijkant \u2013 voor Bevestiging van een riem of snoepzakjeVolledig gevoerde binnenkantPersonalisatiemogelijkheden:Borduurwerk van al onze ontwerpen of aangepaste tekst kan worden toegevoegd aan de achterkant, voorkant of zakken.Voordelen van NoirVelour\u2122 \u2013 het materiaal waarmee we ons onderscheiden:Professionele normen: NoirVelour\u2122 is ontworpen om extreme slijtage te weerstaan \u200b\u200b\u2013 bestand tegen herhaald gebruik, intense beweging, vuil en vocht.\"><span class=\"Y2IQFc\" lang=\"nl\">Combinatie van twee materialen voor maximale prestaties.<\/span><\/p>\n<p class=\"tw-data-text tw-text-large tw-ta\" dir=\"ltr\" tabindex=\"-1\" role=\"text\" data-placeholder=\"Vertaling\" data-ved=\"2ahUKEwisluzUndOQAxVP1AIHHb0EFnUQ3ewLegQICxAV\" aria-label=\"Vertaalde tekst: BeschrijvingRooBase JasUnisex pulloverjas (kangoeroetype) \u2013 over het hoofd te dragenVoorzien van hoogwaardige YKK-ritsenCombinatie van twee materialen voor maximale prestaties:Bovenwerk: waterafstotend (100% PES) met coating aan de binnenkantOnderste zwarte gedeelte: gemaakt van uniek, waterdicht en zeer duurzaam NoirVelour\u2122 \u2013 ideaal voor vuile of natte omgevingenFunctionele details:Zijrits \u2013 voor eenvoudig aan- en uittrekkenVerstelbare taille en zoom \u2013 voor een perfecte pasvorm en betere windbeschermingVerstelbare capuchon ge\u00efntegreerd in de kraag \u2013 beschermt tegen wind en regen, eenvoudig aan te passen naar behoefteOpbergmogelijkheden &amp; Praktisch:Bovenste kangoeroezak \u2013 met rits en afgedekt met een klep om opgeborgen spullen te beschermenGrote trainingszak aan de onderkantAchterzak over de volledige breedte \u2013 ideaal voor sport, training of trialsMouwen met verstelbare klittenbandsluitingD-ring aan de zijkant \u2013 voor Bevestiging van een riem of snoepzakjeVolledig gevoerde binnenkantPersonalisatiemogelijkheden:Borduurwerk van al onze ontwerpen of aangepaste tekst kan worden toegevoegd aan de achterkant, voorkant of zakken.Voordelen van NoirVelour\u2122 \u2013 het materiaal waarmee we ons onderscheiden:Professionele normen: NoirVelour\u2122 is ontworpen om extreme slijtage te weerstaan \u200b\u200b\u2013 bestand tegen herhaald gebruik, intense beweging, vuil en vocht.\"><span class=\"Y2IQFc\" lang=\"nl\"> Bovenwerk: waterafstotend (100% PES) met coating aan de binnenkant Onderste zwarte gedeelte. Gemaakt van uniek, waterdicht en zeer duurzaam NoirVelour\u2122 \u2013 ideaal voor vuile of natte omgevingen Functionele details.<\/span><\/p>\n<p class=\"tw-data-text tw-text-large tw-ta\" dir=\"ltr\" tabindex=\"-1\" role=\"text\" data-placeholder=\"Vertaling\" data-ved=\"2ahUKEwisluzUndOQAxVP1AIHHb0EFnUQ3ewLegQICxAV\" aria-label=\"Vertaalde tekst: BeschrijvingRooBase JasUnisex pulloverjas (kangoeroetype) \u2013 over het hoofd te dragenVoorzien van hoogwaardige YKK-ritsenCombinatie van twee materialen voor maximale prestaties:Bovenwerk: waterafstotend (100% PES) met coating aan de binnenkantOnderste zwarte gedeelte: gemaakt van uniek, waterdicht en zeer duurzaam NoirVelour\u2122 \u2013 ideaal voor vuile of natte omgevingenFunctionele details:Zijrits \u2013 voor eenvoudig aan- en uittrekkenVerstelbare taille en zoom \u2013 voor een perfecte pasvorm en betere windbeschermingVerstelbare capuchon ge\u00efntegreerd in de kraag \u2013 beschermt tegen wind en regen, eenvoudig aan te passen naar behoefteOpbergmogelijkheden &amp; Praktisch:Bovenste kangoeroezak \u2013 met rits en afgedekt met een klep om opgeborgen spullen te beschermenGrote trainingszak aan de onderkantAchterzak over de volledige breedte \u2013 ideaal voor sport, training of trialsMouwen met verstelbare klittenbandsluitingD-ring aan de zijkant \u2013 voor Bevestiging van een riem of snoepzakjeVolledig gevoerde binnenkantPersonalisatiemogelijkheden:Borduurwerk van al onze ontwerpen of aangepaste tekst kan worden toegevoegd aan de achterkant, voorkant of zakken.Voordelen van NoirVelour\u2122 \u2013 het materiaal waarmee we ons onderscheiden:Professionele normen: NoirVelour\u2122 is ontworpen om extreme slijtage te weerstaan \u200b\u200b\u2013 bestand tegen herhaald gebruik, intense beweging, vuil en vocht.\"><span class=\"Y2IQFc\" lang=\"nl\">Zijrits \u2013 voor eenvoudig aan- en uittrekken Verstelbare taille en zoom \u2013 voor een perfecte pasvorm en betere windbescherming Verstelbare capuchon ge\u00efntegreerd in de kraag \u2013 beschermt tegen wind en regen, eenvoudig aan te passen naar behoefte.<\/span><\/p>\n<p class=\"tw-data-text tw-text-large tw-ta\" dir=\"ltr\" tabindex=\"-1\" role=\"text\" data-placeholder=\"Vertaling\" data-ved=\"2ahUKEwisluzUndOQAxVP1AIHHb0EFnUQ3ewLegQICxAV\" aria-label=\"Vertaalde tekst: BeschrijvingRooBase JasUnisex pulloverjas (kangoeroetype) \u2013 over het hoofd te dragenVoorzien van hoogwaardige YKK-ritsenCombinatie van twee materialen voor maximale prestaties:Bovenwerk: waterafstotend (100% PES) met coating aan de binnenkantOnderste zwarte gedeelte: gemaakt van uniek, waterdicht en zeer duurzaam NoirVelour\u2122 \u2013 ideaal voor vuile of natte omgevingenFunctionele details:Zijrits \u2013 voor eenvoudig aan- en uittrekkenVerstelbare taille en zoom \u2013 voor een perfecte pasvorm en betere windbeschermingVerstelbare capuchon ge\u00efntegreerd in de kraag \u2013 beschermt tegen wind en regen, eenvoudig aan te passen naar behoefteOpbergmogelijkheden &amp; Praktisch:Bovenste kangoeroezak \u2013 met rits en afgedekt met een klep om opgeborgen spullen te beschermenGrote trainingszak aan de onderkantAchterzak over de volledige breedte \u2013 ideaal voor sport, training of trialsMouwen met verstelbare klittenbandsluitingD-ring aan de zijkant \u2013 voor Bevestiging van een riem of snoepzakjeVolledig gevoerde binnenkantPersonalisatiemogelijkheden:Borduurwerk van al onze ontwerpen of aangepaste tekst kan worden toegevoegd aan de achterkant, voorkant of zakken.Voordelen van NoirVelour\u2122 \u2013 het materiaal waarmee we ons onderscheiden:Professionele normen: NoirVelour\u2122 is ontworpen om extreme slijtage te weerstaan \u200b\u200b\u2013 bestand tegen herhaald gebruik, intense beweging, vuil en vocht.\"><span class=\"Y2IQFc\" lang=\"nl\">Opbergmogelijkheden &amp; Praktisch: Bovenste kangoeroezak \u2013 met rits en afgedekt met een klep om opgeborgen spullen te beschermen Grote trainingszak aan de onderkant Achterzak over de volledige breedte \u2013 ideaal voor sport, training of trials Mouwen met verstelbare klittenbandsluiting D-ring aan de zijkant \u2013 voor Bevestiging van een riem of snoepzakje Volledig gevoerde binnenkant Personalisatiemogelijkheden.<\/span><\/p>\n<p class=\"tw-data-text tw-text-large tw-ta\" dir=\"ltr\" tabindex=\"-1\" role=\"text\" data-placeholder=\"Vertaling\" data-ved=\"2ahUKEwisluzUndOQAxVP1AIHHb0EFnUQ3ewLegQICxAV\" aria-label=\"Vertaalde tekst: BeschrijvingRooBase JasUnisex pulloverjas (kangoeroetype) \u2013 over het hoofd te dragenVoorzien van hoogwaardige YKK-ritsenCombinatie van twee materialen voor maximale prestaties:Bovenwerk: waterafstotend (100% PES) met coating aan de binnenkantOnderste zwarte gedeelte: gemaakt van uniek, waterdicht en zeer duurzaam NoirVelour\u2122 \u2013 ideaal voor vuile of natte omgevingenFunctionele details:Zijrits \u2013 voor eenvoudig aan- en uittrekkenVerstelbare taille en zoom \u2013 voor een perfecte pasvorm en betere windbeschermingVerstelbare capuchon ge\u00efntegreerd in de kraag \u2013 beschermt tegen wind en regen, eenvoudig aan te passen naar behoefteOpbergmogelijkheden &amp; Praktisch:Bovenste kangoeroezak \u2013 met rits en afgedekt met een klep om opgeborgen spullen te beschermenGrote trainingszak aan de onderkantAchterzak over de volledige breedte \u2013 ideaal voor sport, training of trialsMouwen met verstelbare klittenbandsluitingD-ring aan de zijkant \u2013 voor Bevestiging van een riem of snoepzakjeVolledig gevoerde binnenkantPersonalisatiemogelijkheden:Borduurwerk van al onze ontwerpen of aangepaste tekst kan worden toegevoegd aan de achterkant, voorkant of zakken.Voordelen van NoirVelour\u2122 \u2013 het materiaal waarmee we ons onderscheiden:Professionele normen: NoirVelour\u2122 is ontworpen om extreme slijtage te weerstaan \u200b\u200b\u2013 bestand tegen herhaald gebruik, intense beweging, vuil en vocht.\"><span class=\"Y2IQFc\" lang=\"nl\"> Borduurwerk van al onze ontwerpen of aangepaste tekst kan worden toegevoegd aan de achterkant, voorkant of zakken. Voordelen van NoirVelour\u2122 \u2013 het materiaal waarmee we ons onderscheiden: Professionele normen: NoirVelour\u2122 is ontworpen om extreme slijtage te weerstaan \u200b\u200b\u2013 bestand tegen herhaald gebruik, intense beweging, vuil en vocht.<\/span><\/p>\n<p id=\"tw-target-text\" class=\"tw-data-text tw-text-large tw-ta\" dir=\"ltr\" tabindex=\"-1\" role=\"text\" data-placeholder=\"Vertaling\" data-ved=\"2ahUKEwisluzUndOQAxVP1AIHHb0EFnUQ3ewLegQICxAV\" aria-label=\"Vertaalde tekst: Ontwikkeld door hondenprofessionals: Als actieve hondenbegeleiders weten we wat werkt in de praktijk. Het materiaal combineert duurzaamheid en comfort, past zich aan bewegingen aan en is gemakkelijk te onderhouden.Innovatieve technologie: Het lamineringsproces geeft NoirVelour\u2122 zijn water- en winddichte eigenschappen zonder afbreuk te doen aan het ademend vermogen of de zachtheid van het oppervlak.Comfortabel om te dragen: Ondanks de duurzaamheid voelt het materiaal zacht en aangenaam aan dankzij een speciale oppervlaktebehandeling, wat het draagcomfort de hele dag verhoogt.Uniek design: Diepzwarte kleur met een elegante fluweelachtige glans geeft een professionele uitstraling en is praktisch voor dagelijks gebruik.Afgestemd op de werkelijke behoeften: Dit materiaal past perfect en biedt precies wat hondentrainers en atleten echt nodig hebben.\"><span class=\"Y2IQFc\" lang=\"nl\">DOGS4ME Hondensport Trainingsjacket RooBase is ontwikkeld door hondenprofessionals. <\/span><\/p>\n<p class=\"tw-data-text tw-text-large tw-ta\" dir=\"ltr\" tabindex=\"-1\" role=\"text\" data-placeholder=\"Vertaling\" data-ved=\"2ahUKEwisluzUndOQAxVP1AIHHb0EFnUQ3ewLegQICxAV\" aria-label=\"Vertaalde tekst: Ontwikkeld door hondenprofessionals: Als actieve hondenbegeleiders weten we wat werkt in de praktijk. Het materiaal combineert duurzaamheid en comfort, past zich aan bewegingen aan en is gemakkelijk te onderhouden.Innovatieve technologie: Het lamineringsproces geeft NoirVelour\u2122 zijn water- en winddichte eigenschappen zonder afbreuk te doen aan het ademend vermogen of de zachtheid van het oppervlak.Comfortabel om te dragen: Ondanks de duurzaamheid voelt het materiaal zacht en aangenaam aan dankzij een speciale oppervlaktebehandeling, wat het draagcomfort de hele dag verhoogt.Uniek design: Diepzwarte kleur met een elegante fluweelachtige glans geeft een professionele uitstraling en is praktisch voor dagelijks gebruik.Afgestemd op de werkelijke behoeften: Dit materiaal past perfect en biedt precies wat hondentrainers en atleten echt nodig hebben.\"><span class=\"Y2IQFc\" lang=\"nl\">Als actieve hondenbegeleiders weten we wat werkt in de praktijk. <\/span><\/p>\n<p class=\"tw-data-text tw-text-large tw-ta\" dir=\"ltr\" tabindex=\"-1\" role=\"text\" data-placeholder=\"Vertaling\" data-ved=\"2ahUKEwisluzUndOQAxVP1AIHHb0EFnUQ3ewLegQICxAV\" aria-label=\"Vertaalde tekst: Ontwikkeld door hondenprofessionals: Als actieve hondenbegeleiders weten we wat werkt in de praktijk. Het materiaal combineert duurzaamheid en comfort, past zich aan bewegingen aan en is gemakkelijk te onderhouden.Innovatieve technologie: Het lamineringsproces geeft NoirVelour\u2122 zijn water- en winddichte eigenschappen zonder afbreuk te doen aan het ademend vermogen of de zachtheid van het oppervlak.Comfortabel om te dragen: Ondanks de duurzaamheid voelt het materiaal zacht en aangenaam aan dankzij een speciale oppervlaktebehandeling, wat het draagcomfort de hele dag verhoogt.Uniek design: Diepzwarte kleur met een elegante fluweelachtige glans geeft een professionele uitstraling en is praktisch voor dagelijks gebruik.Afgestemd op de werkelijke behoeften: Dit materiaal past perfect en biedt precies wat hondentrainers en atleten echt nodig hebben.\"><span class=\"Y2IQFc\" lang=\"nl\">Het materiaal combineert duurzaamheid en comfort, past zich aan bewegingen aan en is gemakkelijk te onderhouden. Innovatieve technologie: Het lamineringsproces geeft NoirVelour\u2122 zijn water- en winddichte eigenschappen zonder afbreuk te doen aan het ademend vermogen of de zachtheid van het oppervlak. Comfortabel om te dragen.<\/span><\/p>\n<p class=\"tw-data-text tw-text-large tw-ta\" dir=\"ltr\" tabindex=\"-1\" role=\"text\" data-placeholder=\"Vertaling\" data-ved=\"2ahUKEwisluzUndOQAxVP1AIHHb0EFnUQ3ewLegQICxAV\" aria-label=\"Vertaalde tekst: Ontwikkeld door hondenprofessionals: Als actieve hondenbegeleiders weten we wat werkt in de praktijk. Het materiaal combineert duurzaamheid en comfort, past zich aan bewegingen aan en is gemakkelijk te onderhouden.Innovatieve technologie: Het lamineringsproces geeft NoirVelour\u2122 zijn water- en winddichte eigenschappen zonder afbreuk te doen aan het ademend vermogen of de zachtheid van het oppervlak.Comfortabel om te dragen: Ondanks de duurzaamheid voelt het materiaal zacht en aangenaam aan dankzij een speciale oppervlaktebehandeling, wat het draagcomfort de hele dag verhoogt.Uniek design: Diepzwarte kleur met een elegante fluweelachtige glans geeft een professionele uitstraling en is praktisch voor dagelijks gebruik.Afgestemd op de werkelijke behoeften: Dit materiaal past perfect en biedt precies wat hondentrainers en atleten echt nodig hebben.\"><span class=\"Y2IQFc\" lang=\"nl\">Ondanks de duurzaamheid voelt het materiaal zacht en aangenaam aan dankzij een speciale oppervlaktebehandeling, wat het draagcomfort de hele dag verhoogt. Uniek design: Diepzwarte kleur met een elegante fluweelachtige glans geeft een professionele uitstraling en is praktisch voor dagelijks gebruik. Afgestemd op de werkelijke behoeften: Dit materiaal past perfect en biedt precies wat hondentrainers en atleten echt nodig hebben.<\/span><\/p>\n<p><strong>Diese Jacke hat standardm\u00e4\u00dfig einen normalen Rei\u00dfverschluss. Die Lieferzeit f\u00fcr eine Jacke mit Zwei-Wege-Rei\u00dfverschluss betr\u00e4gt 2-3 Wochen.<\/strong><\/p>\n<p>GR\u00d6SSENTABELLE ANZEIGEN<\/p>\n<p><img loading=\"lazy\" decoding=\"async\" class=\"alignnone wp-image-69739 size-full\" src=\"https:\/\/www.dogpride.nl\/wp-content\/uploads\/Spider-Therm.jpg\" alt=\"\" width=\"583\" height=\"317\" srcset=\"https:\/\/dogpride.nl\/wp-content\/uploads\/Spider-Therm.jpg 583w, https:\/\/dogpride.nl\/wp-content\/uploads\/Spider-Therm-250x136.jpg 250w, https:\/\/dogpride.nl\/wp-content\/uploads\/Spider-Therm-400x217.jpg 400w, https:\/\/dogpride.nl\/wp-content\/uploads\/Spider-Therm-300x163.jpg 300w, https:\/\/dogpride.nl\/wp-content\/uploads\/Spider-Therm-200x109.jpg 200w\" sizes=\"auto, (max-width: 583px) 100vw, 583px\" \/><\/p>\n<p><a href=\"https:\/\/dogpride.nl\/de\/kleding\/jassen\/dogs4me-jassen\/\"><img loading=\"lazy\" decoding=\"async\" class=\"alignnone\" title=\"DOGS4ME Hondensport Trainingsjacket RooBase\" src=\"https:\/\/dogpride.nl\/wp-content\/uploads\/DOGS4ME-Hondensport-Trainingsjacket-RooBase-paars-150x150.jpg\" alt=\"DOGS4ME Hondensport Trainingsjacket RooBase\" width=\"150\" height=\"150\" \/><\/a><\/p>\n<p>&nbsp;<\/p>\n<p><a href=\"https:\/\/d4m.eu\/en\/\" target=\"_blank\" rel=\"noopener\"><img loading=\"lazy\" decoding=\"async\" class=\"alignnone wp-image-139645 size-thumbnail\" src=\"https:\/\/dogpride.nl\/wp-content\/uploads\/Logo-Dogs4me-150x150.jpg\" alt=\"Logo\" width=\"150\" height=\"150\" srcset=\"https:\/\/dogpride.nl\/wp-content\/uploads\/Logo-Dogs4me-150x150.jpg 150w, https:\/\/dogpride.nl\/wp-content\/uploads\/Logo-Dogs4me-100x100.jpg 100w\" sizes=\"auto, (max-width: 150px) 100vw, 150px\" \/><\/a><\/p>","protected":false},"excerpt":{"rendered":"<p>DOGS4ME Hondensport Trainingsjacket RooBase. <span class=\"Y2IQFc\" lang=\"nl\">RooBase Jas Unisex pulloverjas (kangoeroetype) \u2013 over het hoofd te dragen Voorzien van hoogwaardige YKK-ritsen<\/span><\/p>","protected":false},"featured_media":139675,"template":"","meta":[],"product_brand":[],"product_cat":[3859],"product_tag":[5343,8221,3332,11678,5345],"class_list":{"0":"post-139650","1":"product","2":"type-product","3":"status-publish","4":"has-post-thumbnail","6":"product_cat-dogs4me-jassen","7":"product_tag-dogs4me","8":"product_tag-dogsports","9":"product_tag-hondensport","10":"product_tag-roobase","11":"product_tag-trainingsjacket","13":"first","14":"instock","15":"taxable","16":"shipping-taxable","17":"purchasable","18":"product-type-variable"},"mb":[],"mfb_rest_fields":["title"],"_links":{"self":[{"href":"https:\/\/dogpride.nl\/de\/wp-json\/wp\/v2\/product\/139650","targetHints":{"allow":["GET"]}}],"collection":[{"href":"https:\/\/dogpride.nl\/de\/wp-json\/wp\/v2\/product"}],"about":[{"href":"https:\/\/dogpride.nl\/de\/wp-json\/wp\/v2\/types\/product"}],"wp:featuredmedia":[{"embeddable":true,"href":"https:\/\/dogpride.nl\/de\/wp-json\/wp\/v2\/media\/139675"}],"wp:attachment":[{"href":"https:\/\/dogpride.nl\/de\/wp-json\/wp\/v2\/media?parent=139650"}],"wp:term":[{"taxonomy":"product_brand","embeddable":true,"href":"https:\/\/dogpride.nl\/de\/wp-json\/wp\/v2\/product_brand?post=139650"},{"taxonomy":"product_cat","embeddable":true,"href":"https:\/\/dogpride.nl\/de\/wp-json\/wp\/v2\/product_cat?post=139650"},{"taxonomy":"product_tag","embeddable":true,"href":"https:\/\/dogpride.nl\/de\/wp-json\/wp\/v2\/product_tag?post=139650"}],"curies":[{"name":"wp","href":"https:\/\/api.w.org\/{rel}","templated":true}]}}