{"id":139029,"date":"2025-10-24T08:50:03","date_gmt":"2025-10-24T06:50:03","guid":{"rendered":"https:\/\/dogpride.nl\/?post_type=product&#038;p=139029"},"modified":"2025-10-24T10:00:08","modified_gmt":"2025-10-24T08:00:08","slug":"pride-bijtworst-triangle","status":"publish","type":"product","link":"https:\/\/dogpride.nl\/de\/pride-bijtworst-triangle\/","title":{"rendered":"Pride Bijtworst Triangle"},"content":{"rendered":"<h4>Pride Bijtworst Triangle<\/h4>\n<ul>\n<li>Mit zwei Griffen<\/li>\n<li>Gr\u00f6\u00dfe: 28 x 13 x 14 cm<\/li>\n<li>Stabiles Nycot<\/li>\n<li>Weiches Design<\/li>\n<li>Ideal f\u00fcr Gehorsams- und Schutzarbeiten<\/li>\n<li>Hund kann das Bei\u00dfkissen \u00fcberall bei\u00dfen<\/li>\n<li>Doppelt gen\u00e4ht<\/li>\n<\/ul>\n<p><a href=\"https:\/\/dogpride.nl\/de\/pakwerk\/bijtkussens-voor-honden\/\"><img loading=\"lazy\" decoding=\"async\" class=\"alignnone wp-image-139031 size-thumbnail\" title=\"Pride Bijtworst Triangle\" src=\"https:\/\/dogpride.nl\/wp-content\/uploads\/Pride-Triangle-150x150.jpg\" alt=\"Pride Bijtworst Triangle\" width=\"150\" height=\"150\" srcset=\"https:\/\/dogpride.nl\/wp-content\/uploads\/Pride-Triangle-150x150.jpg 150w, https:\/\/dogpride.nl\/wp-content\/uploads\/Pride-Triangle-11x12.jpg 11w, https:\/\/dogpride.nl\/wp-content\/uploads\/Pride-Triangle-100x100.jpg 100w\" sizes=\"auto, (max-width: 150px) 100vw, 150px\" \/><\/a><a href=\"https:\/\/dogpride.nl\/de\/pakwerk\/bijtkussens-voor-honden\/\"><img loading=\"lazy\" decoding=\"async\" class=\"alignnone wp-image-139031 size-thumbnail\" title=\"Pride Bijtworst Triangle\" src=\"https:\/\/dogpride.nl\/wp-content\/uploads\/Pride-Triangle-150x150.jpg\" alt=\"Pride Bijtworst Triangle\" width=\"150\" height=\"150\" srcset=\"https:\/\/dogpride.nl\/wp-content\/uploads\/Pride-Triangle-150x150.jpg 150w, https:\/\/dogpride.nl\/wp-content\/uploads\/Pride-Triangle-11x12.jpg 11w, https:\/\/dogpride.nl\/wp-content\/uploads\/Pride-Triangle-100x100.jpg 100w\" sizes=\"auto, (max-width: 150px) 100vw, 150px\" \/><\/a><\/p>\n<p>&nbsp;<\/p>\n<p><a href=\"https:\/\/www.dogpride.eu\/store\/tugs-rugs\/\" target=\"_blank\" rel=\"noopener\"><img loading=\"lazy\" decoding=\"async\" class=\"alignnone wp-image-139030 size-full\" src=\"https:\/\/dogpride.nl\/wp-content\/uploads\/Logo-Pride2-2-3.png\" alt=\"Pride logo\" width=\"327\" height=\"105\" srcset=\"https:\/\/dogpride.nl\/wp-content\/uploads\/Logo-Pride2-2-3.png 327w, https:\/\/dogpride.nl\/wp-content\/uploads\/Logo-Pride2-2-3-300x96.png 300w, https:\/\/dogpride.nl\/wp-content\/uploads\/Logo-Pride2-2-3-18x6.png 18w, https:\/\/dogpride.nl\/wp-content\/uploads\/Logo-Pride2-2-3-250x80.png 250w\" sizes=\"auto, (max-width: 327px) 100vw, 327px\" \/><\/a><\/p>","protected":false},"excerpt":{"rendered":"<p>Bei\u00dfwurst-Dreieck. Mit zwei Griffen. Gr\u00f6\u00dfe: 28 x 13 x 14 cm. Stabiles Nycot. Ideal f\u00fcr Gehorsams- und Schutzarbeiten. Der Hund kann das Bei\u00dfkissen \u00fcberall bei\u00dfen.<\/p>","protected":false},"featured_media":139032,"template":"","meta":[],"product_brand":[],"product_cat":[352],"product_tag":[],"class_list":{"0":"post-139029","1":"product","2":"type-product","3":"status-publish","4":"has-post-thumbnail","6":"product_cat-bijtworsten-voor-honden","8":"first","9":"instock","10":"taxable","11":"shipping-taxable","12":"purchasable","13":"product-type-simple"},"mb":[],"mfb_rest_fields":["title"],"_links":{"self":[{"href":"https:\/\/dogpride.nl\/de\/wp-json\/wp\/v2\/product\/139029","targetHints":{"allow":["GET"]}}],"collection":[{"href":"https:\/\/dogpride.nl\/de\/wp-json\/wp\/v2\/product"}],"about":[{"href":"https:\/\/dogpride.nl\/de\/wp-json\/wp\/v2\/types\/product"}],"wp:featuredmedia":[{"embeddable":true,"href":"https:\/\/dogpride.nl\/de\/wp-json\/wp\/v2\/media\/139032"}],"wp:attachment":[{"href":"https:\/\/dogpride.nl\/de\/wp-json\/wp\/v2\/media?parent=139029"}],"wp:term":[{"taxonomy":"product_brand","embeddable":true,"href":"https:\/\/dogpride.nl\/de\/wp-json\/wp\/v2\/product_brand?post=139029"},{"taxonomy":"product_cat","embeddable":true,"href":"https:\/\/dogpride.nl\/de\/wp-json\/wp\/v2\/product_cat?post=139029"},{"taxonomy":"product_tag","embeddable":true,"href":"https:\/\/dogpride.nl\/de\/wp-json\/wp\/v2\/product_tag?post=139029"}],"curies":[{"name":"wp","href":"https:\/\/api.w.org\/{rel}","templated":true}]}}