{"id":1389,"date":"2019-06-06T15:04:45","date_gmt":"2019-06-06T13:04:45","guid":{"rendered":"https:\/\/dogpride1.wpengine.com\/?post_type=product&#038;p=1389"},"modified":"2025-10-27T15:18:38","modified_gmt":"2025-10-27T14:18:38","slug":"pride-verstelbare-nylon-puppy-halsband-met-voering","status":"publish","type":"product","link":"https:\/\/dogpride.nl\/de\/pride-verstelbare-nylon-puppy-halsband-met-voering\/","title":{"rendered":"PRIDE Verstelbare nylon puppy halsband met voering"},"content":{"rendered":"<h4>PRIDE Verstelbare nylon puppy halsband met voering<\/h4>\n<p>Dieses Nylon-Welpenhalsband harmoniert mit der Nylon-Super-Grip-Leine. Siehe Trainingslinien.<\/p>\n<p>Dieses vollst\u00e4ndig verstellbare Halsband ist f\u00fcr Welpen und kleine bis mittelgro\u00dfe Hunde geeignet.<\/p>\n<p>Modell: CL-059<br \/>\nMaterial: Nylon<br \/>\nBreite: 25 mm<br \/>\nAbmessungen: 47 cm<br \/>\nFarbe: gr\u00fcn, rosa, gelb, schwarz<\/p>\n<p>&nbsp;<\/p>\n<p><a href=\"https:\/\/www.dogpride.eu\/\" target=\"_blank\" rel=\"noopener\"><img loading=\"lazy\" decoding=\"async\" class=\"alignnone wp-image-70657 size-medium\" src=\"https:\/\/dogpride.nl\/wp-content\/uploads\/Logo-Pride2-1-300x96.png\" alt=\"\" width=\"300\" height=\"96\" srcset=\"https:\/\/dogpride.nl\/wp-content\/uploads\/Logo-Pride2-1-300x96.png 300w, https:\/\/dogpride.nl\/wp-content\/uploads\/Logo-Pride2-1-250x80.png 250w, https:\/\/dogpride.nl\/wp-content\/uploads\/Logo-Pride2-1-200x64.png 200w, https:\/\/dogpride.nl\/wp-content\/uploads\/Logo-Pride2-1.png 327w\" sizes=\"auto, (max-width: 300px) 100vw, 300px\" \/><\/a><\/p>\n<p><a href=\"https:\/\/dogpride.nl\/de\/pride-verstelbare-nylon-puppy-halsband-met-voering\/\"><img loading=\"lazy\" decoding=\"async\" class=\"alignnone wp-image-137070\" title=\"PRIDE Verstelbare nylon puppy halsband met voering\" src=\"https:\/\/dogpride.nl\/wp-content\/uploads\/PRIDE-Verstelbare-nylon-puppy-halsband-met-voering.jpg\" alt=\"PRIDE Verstelbare nylon puppy halsband met voering\" width=\"302\" height=\"201\" srcset=\"https:\/\/dogpride.nl\/wp-content\/uploads\/PRIDE-Verstelbare-nylon-puppy-halsband-met-voering.jpg 900w, https:\/\/dogpride.nl\/wp-content\/uploads\/PRIDE-Verstelbare-nylon-puppy-halsband-met-voering-300x200.jpg 300w, https:\/\/dogpride.nl\/wp-content\/uploads\/PRIDE-Verstelbare-nylon-puppy-halsband-met-voering-768x512.jpg 768w, https:\/\/dogpride.nl\/wp-content\/uploads\/PRIDE-Verstelbare-nylon-puppy-halsband-met-voering-18x12.jpg 18w, https:\/\/dogpride.nl\/wp-content\/uploads\/PRIDE-Verstelbare-nylon-puppy-halsband-met-voering-250x167.jpg 250w, https:\/\/dogpride.nl\/wp-content\/uploads\/PRIDE-Verstelbare-nylon-puppy-halsband-met-voering-400x267.jpg 400w\" sizes=\"auto, (max-width: 302px) 100vw, 302px\" \/><\/a><\/p>\n<p>&nbsp;<\/p>","protected":false},"excerpt":{"rendered":"<p>PRIDE Verstelbare nylon puppy halsband met voering. Deze nylon puppy-halsband harmonieert met de nylon super-gripriem. Zie trainingslijnen.<\/p>","protected":false},"featured_media":22866,"template":"","meta":[],"product_brand":[],"product_cat":[90],"product_tag":[8486,8254,6349,3332,10823,10759,10780,10824,4866,10825,3157,7444,3389],"class_list":{"0":"post-1389","1":"product","2":"type-product","3":"status-publish","4":"has-post-thumbnail","6":"product_cat-pride-hondenhalsbanden","7":"product_tag-comfortabel","8":"product_tag-duurzaam","9":"product_tag-hondenhalsband","10":"product_tag-hondensport","11":"product_tag-luxe-accessoire","12":"product_tag-pride-collectie","13":"product_tag-pride-halsband","14":"product_tag-robuust","15":"product_tag-sterke-halsband","16":"product_tag-stijlvol","17":"product_tag-training","18":"product_tag-verstelbaar","19":"product_tag-werkhond","21":"first","22":"instock","23":"taxable","24":"shipping-taxable","25":"purchasable","26":"product-type-variable"},"mb":[],"mfb_rest_fields":["title"],"_links":{"self":[{"href":"https:\/\/dogpride.nl\/de\/wp-json\/wp\/v2\/product\/1389","targetHints":{"allow":["GET"]}}],"collection":[{"href":"https:\/\/dogpride.nl\/de\/wp-json\/wp\/v2\/product"}],"about":[{"href":"https:\/\/dogpride.nl\/de\/wp-json\/wp\/v2\/types\/product"}],"wp:featuredmedia":[{"embeddable":true,"href":"https:\/\/dogpride.nl\/de\/wp-json\/wp\/v2\/media\/22866"}],"wp:attachment":[{"href":"https:\/\/dogpride.nl\/de\/wp-json\/wp\/v2\/media?parent=1389"}],"wp:term":[{"taxonomy":"product_brand","embeddable":true,"href":"https:\/\/dogpride.nl\/de\/wp-json\/wp\/v2\/product_brand?post=1389"},{"taxonomy":"product_cat","embeddable":true,"href":"https:\/\/dogpride.nl\/de\/wp-json\/wp\/v2\/product_cat?post=1389"},{"taxonomy":"product_tag","embeddable":true,"href":"https:\/\/dogpride.nl\/de\/wp-json\/wp\/v2\/product_tag?post=1389"}],"curies":[{"name":"wp","href":"https:\/\/api.w.org\/{rel}","templated":true}]}}