{"id":1385,"date":"2019-06-06T13:13:32","date_gmt":"2019-06-06T11:13:32","guid":{"rendered":"https:\/\/dogpride1.wpengine.com\/?post_type=product&#038;p=1385"},"modified":"2025-10-27T15:15:39","modified_gmt":"2025-10-27T14:15:39","slug":"pride-zacht-nylon-halsband-met-voering-3-ringen-40-mm","status":"publish","type":"product","link":"https:\/\/dogpride.nl\/de\/pride-zacht-nylon-halsband-met-voering-3-ringen-40-mm\/","title":{"rendered":"PRIDE Weiches Nylonhalsband mit Futter 3 Ringe 40 mm"},"content":{"rendered":"<h4>PRIDE Weiches Nylonhalsband mit Futter 3 Ringe 40 mm<\/h4>\n<p>PRIDE Weiches Nylonhalsband mit Futter 3 Ringe 40 mm<\/p>\n<p>Dieses weiche und starke 4 cm breite Nylonhalsband mit Futter hat 3 Ringe.<br \/>\nGeeignet f\u00fcr Belgischer Sch\u00e4ferhund\/Malinois, Deutscher Sch\u00e4ferhund und andere mittelgro\u00dfe Hunderassen.<\/p>\n<p>Deze PRIDE Zacht nylon halsband met voering 3 ringen 40 mm is een perfecte keuze voor een betrouwbare tool voor controle over een middelgrote tot grote hond.<\/p>\n<p>Wir verwenden hochwertiges Nylon, um Ihnen einen guten Service zu bieten und dabei das Aussehen und die Haltbarkeit beizubehalten.<br \/>\nDieses Nylonhalsband ist ein bequemes Hilfsmittel zum Spazierengehen und Trainieren von Hunden. Es ist bequem, Ihren Hund bei Bedarf zu greifen, w\u00e4hrend einer Trainingseinheit oder in der \u00d6ffentlichkeit, um ihn in der N\u00e4he zu halten.<\/p>\n<p>Dieses Nylonhalsband ist eines der beliebtesten Accessoires unserer Kunden. W\u00e4hlen Sie dieses meistverkaufte Nylonhalsband f\u00fcr Ihren Hund und testen Sie seine Funktionalit\u00e4t, Haltbarkeit und Qualit\u00e4t.<br \/>\nDer Liner vergr\u00f6\u00dfert die Breite des Kragens auf jeder Seite um etwa 5 mm oder etwas mehr. Ein Kragen mit einer Breite von 40 mm hat also eine tats\u00e4chliche Breite von etwa 50 mm.<\/p>\n<p>Probieren Sie unser robustes Halsband f\u00fcr eine bequeme, zuverl\u00e4ssige und langlebige Nutzung und einen stilvollen Look f\u00fcr Ihren Hund. Ihr Haustier verdient die beste Qualit\u00e4t!<\/p>\n<p>Modell: CL-052<br \/>\nMaterial: Weiches Nylon<br \/>\nBreite: 40 mm<br \/>\nAbmessungen: MITTEL 4,0 x 55 cm<br \/>\nGROSS 4,0 x 62 cm<\/p>\n<p>Verf\u00fcgbare Farben: Schwarz und Rot \/ Schwarz und Gr\u00fcn \/ Schwarz und Blau \/ Schwarz und Gelb \/ Schwarz und Neon \/ Schwarz und Orange \/ Schwarz und Himmelblau<\/p>\n<p>&nbsp;<\/p>\n<p><a href=\"https:\/\/www.dogpride.eu\/\" target=\"_blank\" rel=\"noopener\"><img loading=\"lazy\" decoding=\"async\" class=\"alignnone wp-image-70657 size-medium\" src=\"https:\/\/dogpride.nl\/wp-content\/uploads\/Logo-Pride2-1-300x96.png\" alt=\"\" width=\"300\" height=\"96\" srcset=\"https:\/\/dogpride.nl\/wp-content\/uploads\/Logo-Pride2-1-300x96.png 300w, https:\/\/dogpride.nl\/wp-content\/uploads\/Logo-Pride2-1-250x80.png 250w, https:\/\/dogpride.nl\/wp-content\/uploads\/Logo-Pride2-1-200x64.png 200w, https:\/\/dogpride.nl\/wp-content\/uploads\/Logo-Pride2-1.png 327w\" sizes=\"auto, (max-width: 300px) 100vw, 300px\" \/><\/a><\/p>\n<p><a href=\"https:\/\/dogpride.nl\/de\/pride-zacht-nylon-halsband-met-voering-3-ringen\/\"><img loading=\"lazy\" decoding=\"async\" class=\"alignnone wp-image-137079\" src=\"https:\/\/dogpride.nl\/wp-content\/uploads\/PRIDE-Zacht-nylon-halsband-met-voering-3-ringen-40-mm.png\" alt=\"PRIDE Zacht nylon halsband met voering 3 ringen 40 mm\" width=\"262\" height=\"174\" srcset=\"https:\/\/dogpride.nl\/wp-content\/uploads\/PRIDE-Zacht-nylon-halsband-met-voering-3-ringen-40-mm.png 1820w, https:\/\/dogpride.nl\/wp-content\/uploads\/PRIDE-Zacht-nylon-halsband-met-voering-3-ringen-40-mm-300x200.png 300w, https:\/\/dogpride.nl\/wp-content\/uploads\/PRIDE-Zacht-nylon-halsband-met-voering-3-ringen-40-mm-1024x681.png 1024w, https:\/\/dogpride.nl\/wp-content\/uploads\/PRIDE-Zacht-nylon-halsband-met-voering-3-ringen-40-mm-768x511.png 768w, https:\/\/dogpride.nl\/wp-content\/uploads\/PRIDE-Zacht-nylon-halsband-met-voering-3-ringen-40-mm-1536x1022.png 1536w, https:\/\/dogpride.nl\/wp-content\/uploads\/PRIDE-Zacht-nylon-halsband-met-voering-3-ringen-40-mm-18x12.png 18w, https:\/\/dogpride.nl\/wp-content\/uploads\/PRIDE-Zacht-nylon-halsband-met-voering-3-ringen-40-mm-250x166.png 250w, https:\/\/dogpride.nl\/wp-content\/uploads\/PRIDE-Zacht-nylon-halsband-met-voering-3-ringen-40-mm-400x266.png 400w\" sizes=\"auto, (max-width: 262px) 100vw, 262px\" \/><\/a><\/p>\n<p>&nbsp;<\/p>","protected":false},"excerpt":{"rendered":"<p>PRIDE Weiches Nylonhalsband mit Futter 3 Ringe 40 mm. Geeignet f\u00fcr Belgischer Sch\u00e4ferhund\/Malinois, Deutscher Sch\u00e4ferhund und andere mittelgro\u00dfe Hunderassen.<\/p>","protected":false},"featured_media":22848,"template":"","meta":[],"product_brand":[],"product_cat":[90],"product_tag":[8486,8254,6349,3332,10823,10759,10780,10824,4866,10825,3157,7444,3389],"class_list":{"0":"post-1385","1":"product","2":"type-product","3":"status-publish","4":"has-post-thumbnail","6":"product_cat-pride-hondenhalsbanden","7":"product_tag-comfortabel","8":"product_tag-duurzaam","9":"product_tag-hondenhalsband","10":"product_tag-hondensport","11":"product_tag-luxe-accessoire","12":"product_tag-pride-collectie","13":"product_tag-pride-halsband","14":"product_tag-robuust","15":"product_tag-sterke-halsband","16":"product_tag-stijlvol","17":"product_tag-training","18":"product_tag-verstelbaar","19":"product_tag-werkhond","21":"first","22":"instock","23":"taxable","24":"shipping-taxable","25":"purchasable","26":"product-type-variable"},"mb":[],"mfb_rest_fields":["title"],"_links":{"self":[{"href":"https:\/\/dogpride.nl\/de\/wp-json\/wp\/v2\/product\/1385","targetHints":{"allow":["GET"]}}],"collection":[{"href":"https:\/\/dogpride.nl\/de\/wp-json\/wp\/v2\/product"}],"about":[{"href":"https:\/\/dogpride.nl\/de\/wp-json\/wp\/v2\/types\/product"}],"wp:featuredmedia":[{"embeddable":true,"href":"https:\/\/dogpride.nl\/de\/wp-json\/wp\/v2\/media\/22848"}],"wp:attachment":[{"href":"https:\/\/dogpride.nl\/de\/wp-json\/wp\/v2\/media?parent=1385"}],"wp:term":[{"taxonomy":"product_brand","embeddable":true,"href":"https:\/\/dogpride.nl\/de\/wp-json\/wp\/v2\/product_brand?post=1385"},{"taxonomy":"product_cat","embeddable":true,"href":"https:\/\/dogpride.nl\/de\/wp-json\/wp\/v2\/product_cat?post=1385"},{"taxonomy":"product_tag","embeddable":true,"href":"https:\/\/dogpride.nl\/de\/wp-json\/wp\/v2\/product_tag?post=1385"}],"curies":[{"name":"wp","href":"https:\/\/api.w.org\/{rel}","templated":true}]}}