{"id":1379,"date":"2019-06-06T10:41:30","date_gmt":"2019-06-06T08:41:30","guid":{"rendered":"https:\/\/dogpride1.wpengine.com\/?post_type=product&#038;p=1379"},"modified":"2025-10-29T15:34:54","modified_gmt":"2025-10-29T14:34:54","slug":"pride-military-line-nylon-halsband-met-voering","status":"publish","type":"product","link":"https:\/\/dogpride.nl\/de\/pride-military-line-nylon-halsband-met-voering\/","title":{"rendered":"PRIDE Military Line Nylonhalsband mit Futter"},"content":{"rendered":"<h4>PRIDE Military Line Nylonhalsband mit Futter<\/h4>\n<p>PRIDE Military Line Nylonhalsband mit Futter<\/p>\n<p>Eigenschaften:<\/p>\n<p>Einfaches, schnelles und effektives Semi-Stretch-Design in Tarnfarbe.<\/p>\n<p>Der Sicherheitsmechanismus zur Befestigung der Leine sch\u00fctzt den Hals des Hundes und verhindert eine Belastung des Schlosses beim Ziehen des Hundes.<\/p>\n<p>Starke, stabile Schnallen<\/p>\n<p>Weiche Polsterung f\u00fcr h\u00f6chsten Komfort<\/p>\n<p>Die Polsterung erh\u00f6ht die Breite des Kragens auf jeder Seite um etwa 5 mm oder etwas mehr. Ein Kragen mit einer Breite von 25 mm hat also eine tats\u00e4chliche Breite von etwa 35 mm.<\/p>\n<p>Probieren Sie unser robustes Halsband f\u00fcr eine bequeme, zuverl\u00e4ssige und langlebige Nutzung und einen stilvollen Look f\u00fcr Ihren Hund. Ihr Haustier verdient die beste Qualit\u00e4t!<\/p>\n<p>Farbe: Gr\u00fcnes Tarnmuster<\/p>\n<p>Modell: CL-040 M<\/p>\n<p>Material: Weiches Nylon<\/p>\n<p>Gr\u00f6\u00dfe: S - 36 - 45 cm<\/p>\n<p>M-42-49cm<\/p>\n<p>L \u2013 46 \u2013 54 cm<\/p>\n<p>&nbsp;<\/p>\n<p><a href=\"https:\/\/www.dogpride.eu\/\" target=\"_blank\" rel=\"noopener\"><img loading=\"lazy\" decoding=\"async\" class=\"alignnone wp-image-70657 size-medium\" src=\"https:\/\/dogpride.nl\/wp-content\/uploads\/Logo-Pride2-1-300x96.png\" alt=\"\" width=\"300\" height=\"96\" srcset=\"https:\/\/dogpride.nl\/wp-content\/uploads\/Logo-Pride2-1-300x96.png 300w, https:\/\/dogpride.nl\/wp-content\/uploads\/Logo-Pride2-1-250x80.png 250w, https:\/\/dogpride.nl\/wp-content\/uploads\/Logo-Pride2-1-200x64.png 200w, https:\/\/dogpride.nl\/wp-content\/uploads\/Logo-Pride2-1.png 327w\" sizes=\"auto, (max-width: 300px) 100vw, 300px\" \/><\/a><\/p>\n<p><a href=\"https:\/\/dogpride.nl\/de\/pride-military-line-nylon-halsband-met-voering\/\"><img loading=\"lazy\" decoding=\"async\" class=\"alignnone wp-image-137084\" src=\"https:\/\/dogpride.nl\/wp-content\/uploads\/PRIDE-Military-Line-Nylon-halsband-met-voering.jpg\" alt=\"PRIDE Military Line Nylon halsband met voering\" width=\"318\" height=\"251\" srcset=\"https:\/\/dogpride.nl\/wp-content\/uploads\/PRIDE-Military-Line-Nylon-halsband-met-voering.jpg 1146w, https:\/\/dogpride.nl\/wp-content\/uploads\/PRIDE-Military-Line-Nylon-halsband-met-voering-300x236.jpg 300w, https:\/\/dogpride.nl\/wp-content\/uploads\/PRIDE-Military-Line-Nylon-halsband-met-voering-1024x807.jpg 1024w, https:\/\/dogpride.nl\/wp-content\/uploads\/PRIDE-Military-Line-Nylon-halsband-met-voering-768x605.jpg 768w, https:\/\/dogpride.nl\/wp-content\/uploads\/PRIDE-Military-Line-Nylon-halsband-met-voering-15x12.jpg 15w, https:\/\/dogpride.nl\/wp-content\/uploads\/PRIDE-Military-Line-Nylon-halsband-met-voering-250x197.jpg 250w, https:\/\/dogpride.nl\/wp-content\/uploads\/PRIDE-Military-Line-Nylon-halsband-met-voering-400x315.jpg 400w\" sizes=\"auto, (max-width: 318px) 100vw, 318px\" \/><\/a><\/p>\n<p>&nbsp;<\/p>","protected":false},"excerpt":{"rendered":"<p>PRIDE Military Line Nylonhalsband mit Futter. Einfaches, schnelles und effektives Semi-Stretch-Design in Tarnfarbe.<\/p>","protected":false},"featured_media":70723,"template":"","meta":[],"product_brand":[],"product_cat":[90],"product_tag":[8486,8254,6349,3332,10823,10759,10780,10824,4866,10825,3157,7444,3389],"class_list":{"0":"post-1379","1":"product","2":"type-product","3":"status-publish","4":"has-post-thumbnail","6":"product_cat-pride-hondenhalsbanden","7":"product_tag-comfortabel","8":"product_tag-duurzaam","9":"product_tag-hondenhalsband","10":"product_tag-hondensport","11":"product_tag-luxe-accessoire","12":"product_tag-pride-collectie","13":"product_tag-pride-halsband","14":"product_tag-robuust","15":"product_tag-sterke-halsband","16":"product_tag-stijlvol","17":"product_tag-training","18":"product_tag-verstelbaar","19":"product_tag-werkhond","21":"first","22":"instock","23":"taxable","24":"shipping-taxable","25":"purchasable","26":"product-type-variable"},"mb":[],"mfb_rest_fields":["title"],"_links":{"self":[{"href":"https:\/\/dogpride.nl\/de\/wp-json\/wp\/v2\/product\/1379","targetHints":{"allow":["GET"]}}],"collection":[{"href":"https:\/\/dogpride.nl\/de\/wp-json\/wp\/v2\/product"}],"about":[{"href":"https:\/\/dogpride.nl\/de\/wp-json\/wp\/v2\/types\/product"}],"wp:featuredmedia":[{"embeddable":true,"href":"https:\/\/dogpride.nl\/de\/wp-json\/wp\/v2\/media\/70723"}],"wp:attachment":[{"href":"https:\/\/dogpride.nl\/de\/wp-json\/wp\/v2\/media?parent=1379"}],"wp:term":[{"taxonomy":"product_brand","embeddable":true,"href":"https:\/\/dogpride.nl\/de\/wp-json\/wp\/v2\/product_brand?post=1379"},{"taxonomy":"product_cat","embeddable":true,"href":"https:\/\/dogpride.nl\/de\/wp-json\/wp\/v2\/product_cat?post=1379"},{"taxonomy":"product_tag","embeddable":true,"href":"https:\/\/dogpride.nl\/de\/wp-json\/wp\/v2\/product_tag?post=1379"}],"curies":[{"name":"wp","href":"https:\/\/api.w.org\/{rel}","templated":true}]}}